{"id":2070,"date":"2020-07-23T18:09:18","date_gmt":"2020-07-23T16:09:18","guid":{"rendered":"https:\/\/userblogs.fu-berlin.de\/genome-editing\/?page_id=2070"},"modified":"2021-01-31T09:39:31","modified_gmt":"2021-01-31T08:39:31","slug":"was-kannst-du-dir-von-anderen-abgucken","status":"publish","type":"page","link":"https:\/\/userblogs.fu-berlin.de\/genome-editing\/lernen\/urteilen\/was-kannst-du-dir-von-anderen-abgucken\/","title":{"rendered":"Was kannst du dir von anderen abgucken?"},"content":{"rendered":"\n<div style=\"height:20px\" aria-hidden=\"true\" class=\"wp-block-spacer\"><\/div>\n\n\n\n<p class=\"has-small-font-size\"><a href=\"https:\/\/userblogs.fu-berlin.de\/genome-editing\/\"><span style=\"color:#2c89a0\" class=\"has-inline-color\">Startseite<\/span><\/a> &gt; <span style=\"color:#2c89a0\" class=\"has-inline-color\"><a href=\"https:\/\/userblogs.fu-berlin.de\/genome-editing\/lernen\/urteilen\/\">Wie komme ich zu einem Urteil?<\/a> <\/span>&gt; <strong>Was kannst du dir von anderen abgucken<\/strong><\/p>\n\n\n\n<div class=\"wp-block-cover aligncenter has-background-dim\" style=\"background-color:#a02c5a;min-height:150px;aspect-ratio:unset;\"><div class=\"wp-block-cover__inner-container is-layout-flow wp-block-cover-is-layout-flow\">\n<h1 class=\"has-text-align-center wp-block-heading\">Gucke dir was von anderen ab!<\/h1>\n\n\n\n<p><\/p>\n<\/div><\/div>\n\n\n\n<div style=\"height:20px\" aria-hidden=\"true\" class=\"wp-block-spacer\"><\/div>\n\n\n\n<div class=\"wp-block-columns is-layout-flex wp-container-core-columns-is-layout-28f84493 wp-block-columns-is-layout-flex\">\n<div class=\"wp-block-column is-layout-flow wp-block-column-is-layout-flow\">\n<figure class=\"wp-block-image size-large\"><a href=\"https:\/\/userblogs.fu-berlin.de\/genome-editing\/?page_id=6248\"><img loading=\"lazy\" decoding=\"async\" width=\"627\" height=\"418\" src=\"https:\/\/userblogs.fu-berlin.de\/genome-editing\/files\/2021\/01\/Zaunpf\u00e4hle-1.jpg\" alt=\"\" class=\"wp-image-6993\" srcset=\"https:\/\/userblogs.fu-berlin.de\/genome-editing\/files\/2021\/01\/Zaunpf\u00e4hle-1.jpg 627w, https:\/\/userblogs.fu-berlin.de\/genome-editing\/files\/2021\/01\/Zaunpf\u00e4hle-1-300x200.jpg 300w, https:\/\/userblogs.fu-berlin.de\/genome-editing\/files\/2021\/01\/Zaunpf\u00e4hle-1-230x153.jpg 230w, https:\/\/userblogs.fu-berlin.de\/genome-editing\/files\/2021\/01\/Zaunpf\u00e4hle-1-350x233.jpg 350w, https:\/\/userblogs.fu-berlin.de\/genome-editing\/files\/2021\/01\/Zaunpf\u00e4hle-1-480x320.jpg 480w, https:\/\/userblogs.fu-berlin.de\/genome-editing\/files\/2021\/01\/Zaunpf\u00e4hle-1-250x167.jpg 250w, https:\/\/userblogs.fu-berlin.de\/genome-editing\/files\/2021\/01\/Zaunpf\u00e4hle-1-550x367.jpg 550w, https:\/\/userblogs.fu-berlin.de\/genome-editing\/files\/2021\/01\/Zaunpf\u00e4hle-1-270x180.jpg 270w, https:\/\/userblogs.fu-berlin.de\/genome-editing\/files\/2021\/01\/Zaunpf\u00e4hle-1-450x300.jpg 450w\" sizes=\"auto, (max-width: 627px) 100vw, 627px\" \/><\/a><\/figure>\n\n\n\n<h4 class=\"has-text-align-center wp-block-heading\"><a href=\"https:\/\/userblogs.fu-berlin.de\/genome-editing\/?page_id=6248\">Stellungnahmen von Wissenschaftsorganisationen<\/a><\/h4>\n\n\n\n<p><em>Ein Beitrag von Julia Dietrich<\/em><\/p>\n\n\n\n<p>F\u00fcr die Bildung eines eigenen Urteils ist es h\u00e4ufig hilfreich, sich die Argumentationen und Positionen anderer anzuschauen. Eine Auswahl von Stellungnahmen von Wissenschaftsorganisationen&nbsp;<a href=\"https:\/\/userblogs.fu-berlin.de\/genome-editing\/?page_id=6248\">findest du hier.<\/a><\/p>\n<\/div>\n\n\n\n<div class=\"wp-block-column is-layout-flow wp-block-column-is-layout-flow\">\n<figure class=\"wp-block-image size-large\"><a href=\"https:\/\/userblogs.fu-berlin.de\/genome-editing\/dein-pfad-durch-den-entscheidungsbaum-des-deutschen-ethikrates\/\"><img loading=\"lazy\" decoding=\"async\" width=\"536\" height=\"357\" src=\"https:\/\/userblogs.fu-berlin.de\/genome-editing\/files\/2021\/01\/stephanie-mulrooney-_-tn-YTOIU-unsplash-e1611244388607.jpg\" alt=\"\" class=\"wp-image-5899\" srcset=\"https:\/\/userblogs.fu-berlin.de\/genome-editing\/files\/2021\/01\/stephanie-mulrooney-_-tn-YTOIU-unsplash-e1611244388607.jpg 536w, https:\/\/userblogs.fu-berlin.de\/genome-editing\/files\/2021\/01\/stephanie-mulrooney-_-tn-YTOIU-unsplash-e1611244388607-300x200.jpg 300w, https:\/\/userblogs.fu-berlin.de\/genome-editing\/files\/2021\/01\/stephanie-mulrooney-_-tn-YTOIU-unsplash-e1611244388607-230x153.jpg 230w, https:\/\/userblogs.fu-berlin.de\/genome-editing\/files\/2021\/01\/stephanie-mulrooney-_-tn-YTOIU-unsplash-e1611244388607-350x233.jpg 350w, https:\/\/userblogs.fu-berlin.de\/genome-editing\/files\/2021\/01\/stephanie-mulrooney-_-tn-YTOIU-unsplash-e1611244388607-480x320.jpg 480w, https:\/\/userblogs.fu-berlin.de\/genome-editing\/files\/2021\/01\/stephanie-mulrooney-_-tn-YTOIU-unsplash-e1611244388607-250x167.jpg 250w, https:\/\/userblogs.fu-berlin.de\/genome-editing\/files\/2021\/01\/stephanie-mulrooney-_-tn-YTOIU-unsplash-e1611244388607-270x180.jpg 270w, https:\/\/userblogs.fu-berlin.de\/genome-editing\/files\/2021\/01\/stephanie-mulrooney-_-tn-YTOIU-unsplash-e1611244388607-450x300.jpg 450w\" sizes=\"auto, (max-width: 536px) 100vw, 536px\" \/><\/a><\/figure>\n\n\n\n<h4 class=\"has-text-align-center wp-block-heading\"><a href=\"https:\/\/userblogs.fu-berlin.de\/genome-editing\/dein-pfad-durch-den-entscheidungsbaum-des-deutschen-ethikrates\/\">Entscheidungsbaum<\/a><\/h4>\n\n\n\n<p><em>Ein Beitrag von Nora Schultz<\/em><\/p>\n\n\n\n<p>Der Deutsche Ethikrat hat wichtige Fragen, Argumente und Positionen zum Genome Editing an der menschlichen Keimbahn in einem Entscheidungsbaum zusammengef\u00fchrt. Hier kannst du den <a href=\"https:\/\/userblogs.fu-berlin.de\/genome-editing\/dein-pfad-durch-den-entscheidungsbaum-des-deutschen-ethikrates\/\">verschiedenen Argumentationswegen nachgehen<\/a>.<\/p>\n\n\n\n<p><\/p>\n<\/div>\n\n\n\n<div class=\"wp-block-column is-layout-flow wp-block-column-is-layout-flow\">\n<figure class=\"wp-block-image size-large\"><a href=\"https:\/\/userblogs.fu-berlin.de\/genome-editing\/lernen\/handeln\/alternativen-uberlegen\/einspruch-gegen-die-erste-frage-des-kurses-entscheidungsbaum\/\"><img loading=\"lazy\" decoding=\"async\" width=\"537\" height=\"358\" src=\"https:\/\/userblogs.fu-berlin.de\/genome-editing\/files\/2021\/01\/mila-tovar-Ph-F-Iz4vGY-unsplash1-e1611244347357.jpg\" alt=\"\" class=\"wp-image-5896\" srcset=\"https:\/\/userblogs.fu-berlin.de\/genome-editing\/files\/2021\/01\/mila-tovar-Ph-F-Iz4vGY-unsplash1-e1611244347357.jpg 537w, https:\/\/userblogs.fu-berlin.de\/genome-editing\/files\/2021\/01\/mila-tovar-Ph-F-Iz4vGY-unsplash1-e1611244347357-300x200.jpg 300w, https:\/\/userblogs.fu-berlin.de\/genome-editing\/files\/2021\/01\/mila-tovar-Ph-F-Iz4vGY-unsplash1-e1611244347357-230x153.jpg 230w, https:\/\/userblogs.fu-berlin.de\/genome-editing\/files\/2021\/01\/mila-tovar-Ph-F-Iz4vGY-unsplash1-e1611244347357-350x233.jpg 350w, https:\/\/userblogs.fu-berlin.de\/genome-editing\/files\/2021\/01\/mila-tovar-Ph-F-Iz4vGY-unsplash1-e1611244347357-480x320.jpg 480w, https:\/\/userblogs.fu-berlin.de\/genome-editing\/files\/2021\/01\/mila-tovar-Ph-F-Iz4vGY-unsplash1-e1611244347357-250x167.jpg 250w, https:\/\/userblogs.fu-berlin.de\/genome-editing\/files\/2021\/01\/mila-tovar-Ph-F-Iz4vGY-unsplash1-e1611244347357-270x180.jpg 270w, https:\/\/userblogs.fu-berlin.de\/genome-editing\/files\/2021\/01\/mila-tovar-Ph-F-Iz4vGY-unsplash1-e1611244347357-450x300.jpg 450w\" sizes=\"auto, (max-width: 537px) 100vw, 537px\" \/><\/a><\/figure>\n\n\n\n<h4 class=\"has-text-align-center wp-block-heading\"><a href=\"https:\/\/userblogs.fu-berlin.de\/genome-editing\/lernen\/handeln\/alternativen-uberlegen\/einspruch-gegen-die-erste-frage-des-kurses-entscheidungsbaum\/\">Kommentar Entscheidungsbaum <\/a><\/h4>\n\n\n\n<p><em>Ein Beitrag von Margret Iversen<\/em><\/p>\n\n\n\n<p>Der Deutsche Ethikrat fragt in seinem Entscheidungsbaum zum Genome Editing: &#8222;Ist die menschliche Keimbahn unantastbar?&#8220; <a href=\"https:\/\/userblogs.fu-berlin.de\/genome-editing\/lernen\/handeln\/alternativen-uberlegen\/einspruch-gegen-die-erste-frage-des-kurses-entscheidungsbaum\/\">Ethikes findet, dass diese Frage so nicht gestellt werden sollte. Erfahre warum&#8230;<\/a><\/p>\n<\/div>\n<\/div>\n\n\n\n<div class=\"wp-block-columns is-layout-flex wp-container-core-columns-is-layout-28f84493 wp-block-columns-is-layout-flex\">\n<div class=\"wp-block-column is-layout-flow wp-block-column-is-layout-flow\">\n<figure class=\"wp-block-image size-large\"><a href=\"https:\/\/userblogs.fu-berlin.de\/genome-editing\/orientierungsmassstaebe\/\"><img loading=\"lazy\" decoding=\"async\" width=\"640\" height=\"426\" src=\"https:\/\/userblogs.fu-berlin.de\/genome-editing\/files\/2021\/01\/jamie-street-_94HLr_QXo8-unsplash-1.jpg\" alt=\"\" class=\"wp-image-7000\" srcset=\"https:\/\/userblogs.fu-berlin.de\/genome-editing\/files\/2021\/01\/jamie-street-_94HLr_QXo8-unsplash-1.jpg 640w, https:\/\/userblogs.fu-berlin.de\/genome-editing\/files\/2021\/01\/jamie-street-_94HLr_QXo8-unsplash-1-300x200.jpg 300w, https:\/\/userblogs.fu-berlin.de\/genome-editing\/files\/2021\/01\/jamie-street-_94HLr_QXo8-unsplash-1-230x153.jpg 230w, https:\/\/userblogs.fu-berlin.de\/genome-editing\/files\/2021\/01\/jamie-street-_94HLr_QXo8-unsplash-1-350x233.jpg 350w, https:\/\/userblogs.fu-berlin.de\/genome-editing\/files\/2021\/01\/jamie-street-_94HLr_QXo8-unsplash-1-480x320.jpg 480w, https:\/\/userblogs.fu-berlin.de\/genome-editing\/files\/2021\/01\/jamie-street-_94HLr_QXo8-unsplash-1-250x166.jpg 250w, https:\/\/userblogs.fu-berlin.de\/genome-editing\/files\/2021\/01\/jamie-street-_94HLr_QXo8-unsplash-1-550x366.jpg 550w, https:\/\/userblogs.fu-berlin.de\/genome-editing\/files\/2021\/01\/jamie-street-_94HLr_QXo8-unsplash-1-270x180.jpg 270w, https:\/\/userblogs.fu-berlin.de\/genome-editing\/files\/2021\/01\/jamie-street-_94HLr_QXo8-unsplash-1-451x300.jpg 451w\" sizes=\"auto, (max-width: 640px) 100vw, 640px\" \/><\/a><\/figure>\n\n\n\n<h4 class=\"has-text-align-center wp-block-heading\"><a href=\"https:\/\/userblogs.fu-berlin.de\/genome-editing\/orientierungsmassstaebe\/\">Orientierungsma\u00dfst\u00e4be<\/a><\/h4>\n\n\n\n<p><em>Ein Beitrag von Nora Schultz<\/em><\/p>\n\n\n\n<p>Bei der Frage um die ethische Bewertung des Genome Editing beim Menschen spielen viele verschiedene Normen und Werte eine Rolle. Um etwas Licht in dieses Dickicht zu bringen, hat der Deutsche Ethikrat acht Prinzipien vorgeschlagen, die uns als Orientierungsma\u00dfst\u00e4be dienen k\u00f6nnen. Lerne sie&nbsp;<a href=\"https:\/\/userblogs.fu-berlin.de\/genome-editing\/orientierungsmassstaebe\/\">hier kennen!<\/a><\/p>\n<\/div>\n\n\n\n<div class=\"wp-block-column is-layout-flow wp-block-column-is-layout-flow\"><\/div>\n\n\n\n<div class=\"wp-block-column is-layout-flow wp-block-column-is-layout-flow\"><\/div>\n<\/div>\n\n\n\n<hr class=\"wp-block-separator\" \/>\n\n\n\n<div class=\"wp-block-columns are-vertically-aligned-center is-layout-flex wp-container-core-columns-is-layout-28f84493 wp-block-columns-is-layout-flex\">\n<div class=\"wp-block-column is-vertically-aligned-center is-layout-flow wp-block-column-is-layout-flow\">\n<p><strong>Zur\u00fcck:<\/strong> <a data-jzz-gui-player=\"true\" href=\"https:\/\/userblogs.fu-berlin.de\/genome-editing\/lernen\/urteilen\/bau-dir-ein-modell\/\"><span style=\"color:#2c89a0\" class=\"has-inline-color\"><strong>Bau dir ein Modell!<\/strong><\/span><\/a><a data-jzz-gui-player=\"true\" href=\"https:\/\/userblogs.fu-berlin.de\/genome-editing\/lernen\/urteilen\/bau-dir-ein-modell\/\"><\/a><\/p>\n<\/div>\n\n\n\n<div class=\"wp-block-column is-vertically-aligned-center is-layout-flow wp-block-column-is-layout-flow\">\n<p class=\"has-text-align-right\"><strong>Weiter:<\/strong><span style=\"color:#2c89a0\" class=\"has-inline-color\"><strong> <a data-jzz-gui-player=\"true\" href=\"https:\/\/userblogs.fu-berlin.de\/genome-editing\/lernen\/urteilen\/schwierige-entscheidungen\/\">Akzeptiere schwierige Entscheidungen!<\/a><\/strong><\/span><\/p>\n<\/div>\n<\/div>\n\n\n\n<hr class=\"wp-block-separator\" \/>\n\n\n\n<div class=\"wp-block-group\"><div class=\"wp-block-group__inner-container is-layout-flow wp-block-group-is-layout-flow\">\n<p><strong>Was dich auch interessieren k\u00f6nnte:<\/strong><\/p>\n\n\n\n<div class=\"wp-block-columns is-layout-flex wp-container-core-columns-is-layout-28f84493 wp-block-columns-is-layout-flex\">\n<div class=\"wp-block-column is-layout-flow wp-block-column-is-layout-flow\">\n<p><a href=\"https:\/\/userblogs.fu-berlin.de\/genome-editing\/lernen\/situation-analysieren\/perspektiven-einnehmen\/\"><strong><span style=\"color:#2c89a0\" class=\"has-inline-color\">Perspektiven Einnehmen<\/span><\/strong><\/a><\/p>\n<\/div>\n\n\n\n<div class=\"wp-block-column is-layout-flow wp-block-column-is-layout-flow\">\n<p><\/p>\n<\/div>\n\n\n\n<div class=\"wp-block-column is-layout-flow wp-block-column-is-layout-flow\">\n<p><\/p>\n<\/div>\n<\/div>\n<\/div><\/div>\n\n\n\n<p><\/p>\n","protected":false},"excerpt":{"rendered":"<p>Startseite &gt; Wie komme ich zu einem Urteil? &gt; Was [&hellip;]<\/p>\n","protected":false},"author":4281,"featured_media":0,"parent":188,"menu_order":3,"comment_status":"closed","ping_status":"closed","template":"page-templates\/page_front-page.php","meta":{"footnotes":""},"class_list":["post-2070","page","type-page","status-publish","hentry"],"_links":{"self":[{"href":"https:\/\/userblogs.fu-berlin.de\/genome-editing\/wp-json\/wp\/v2\/pages\/2070","targetHints":{"allow":["GET"]}}],"collection":[{"href":"https:\/\/userblogs.fu-berlin.de\/genome-editing\/wp-json\/wp\/v2\/pages"}],"about":[{"href":"https:\/\/userblogs.fu-berlin.de\/genome-editing\/wp-json\/wp\/v2\/types\/page"}],"author":[{"embeddable":true,"href":"https:\/\/userblogs.fu-berlin.de\/genome-editing\/wp-json\/wp\/v2\/users\/4281"}],"replies":[{"embeddable":true,"href":"https:\/\/userblogs.fu-berlin.de\/genome-editing\/wp-json\/wp\/v2\/comments?post=2070"}],"version-history":[{"count":63,"href":"https:\/\/userblogs.fu-berlin.de\/genome-editing\/wp-json\/wp\/v2\/pages\/2070\/revisions"}],"predecessor-version":[{"id":8419,"href":"https:\/\/userblogs.fu-berlin.de\/genome-editing\/wp-json\/wp\/v2\/pages\/2070\/revisions\/8419"}],"up":[{"embeddable":true,"href":"https:\/\/userblogs.fu-berlin.de\/genome-editing\/wp-json\/wp\/v2\/pages\/188"}],"wp:attachment":[{"href":"https:\/\/userblogs.fu-berlin.de\/genome-editing\/wp-json\/wp\/v2\/media?parent=2070"}],"curies":[{"name":"wp","href":"https:\/\/api.w.org\/{rel}","templated":true}]}}