{"id":2105,"date":"2020-07-24T10:15:55","date_gmt":"2020-07-24T08:15:55","guid":{"rendered":"https:\/\/userblogs.fu-berlin.de\/genome-editing\/?page_id=2105"},"modified":"2021-01-31T11:40:00","modified_gmt":"2021-01-31T10:40:00","slug":"zwischen-alternativen-entscheiden","status":"publish","type":"page","link":"https:\/\/userblogs.fu-berlin.de\/genome-editing\/lernen\/handeln\/zwischen-alternativen-entscheiden\/","title":{"rendered":"Entscheide dich f\u00fcr eine Alternative"},"content":{"rendered":"\n<div style=\"height:20px\" aria-hidden=\"true\" class=\"wp-block-spacer\"><\/div>\n\n\n\n<p class=\"has-small-font-size\"><a href=\"https:\/\/userblogs.fu-berlin.de\/genome-editing\/\">Startseite<\/a> &gt; <a href=\"https:\/\/userblogs.fu-berlin.de\/genome-editing\/lernen\/handeln\/\"><span style=\"color:#2c89a0\" class=\"has-inline-color\">Was kann ich tun?<\/span><\/a> &gt; <strong>Entscheide dich f\u00fcr eine Alternative!<\/strong><\/p>\n\n\n\n<div class=\"wp-block-cover has-background-dim\" style=\"background-color:#6f6f91;min-height:150px;aspect-ratio:unset;\"><div class=\"wp-block-cover__inner-container is-layout-flow wp-block-cover-is-layout-flow\">\n<h1 class=\"has-text-align-center wp-block-heading\">Entscheide dich f\u00fcr eine Alternative!<\/h1>\n<\/div><\/div>\n\n\n\n<div style=\"height:20px\" aria-hidden=\"true\" class=\"wp-block-spacer\"><\/div>\n\n\n\n<div class=\"wp-block-columns are-vertically-aligned-top is-layout-flex wp-container-core-columns-is-layout-28f84493 wp-block-columns-is-layout-flex\">\n<div class=\"wp-block-column is-vertically-aligned-top is-layout-flow wp-block-column-is-layout-flow\">\n<div class=\"wp-block-image\"><figure class=\"aligncenter size-full\"><a href=\"https:\/\/userblogs.fu-berlin.de\/genome-editing\/lernen\/urteilen\/\"><img loading=\"lazy\" decoding=\"async\" width=\"459\" height=\"305\" src=\"https:\/\/userblogs.fu-berlin.de\/genome-editing\/files\/2021\/01\/doors-1767563_640-e1610623825284.jpg\" alt=\"\" class=\"wp-image-6608\" srcset=\"https:\/\/userblogs.fu-berlin.de\/genome-editing\/files\/2021\/01\/doors-1767563_640-e1610623825284.jpg 459w, https:\/\/userblogs.fu-berlin.de\/genome-editing\/files\/2021\/01\/doors-1767563_640-e1610623825284-300x199.jpg 300w, https:\/\/userblogs.fu-berlin.de\/genome-editing\/files\/2021\/01\/doors-1767563_640-e1610623825284-230x153.jpg 230w, https:\/\/userblogs.fu-berlin.de\/genome-editing\/files\/2021\/01\/doors-1767563_640-e1610623825284-350x233.jpg 350w, https:\/\/userblogs.fu-berlin.de\/genome-editing\/files\/2021\/01\/doors-1767563_640-e1610623825284-250x166.jpg 250w, https:\/\/userblogs.fu-berlin.de\/genome-editing\/files\/2021\/01\/doors-1767563_640-e1610623825284-271x180.jpg 271w, https:\/\/userblogs.fu-berlin.de\/genome-editing\/files\/2021\/01\/doors-1767563_640-e1610623825284-451x300.jpg 451w\" sizes=\"auto, (max-width: 459px) 100vw, 459px\" \/><\/a><\/figure><\/div>\n\n\n\n<h4 class=\"has-text-align-center wp-block-heading\"><a href=\"https:\/\/userblogs.fu-berlin.de\/genome-editing\/lernen\/urteilen\/\">Komme zu einem Urteil<\/a><\/h4>\n\n\n\n<p><em>Ein Querverweis<\/em><\/p>\n\n\n\n<p>Um sich f\u00fcr eine Alternative entscheiden zu k\u00f6nnen, musst du zu einem Urteil kommen,  wohin die Reise gehen soll. Wie stehst du zum Problem und was ist es, das du erreichen m\u00f6chtest? Wie Du zu einem Urteil kommen kannst, zeigen wir Dir <a href=\"https:\/\/userblogs.fu-berlin.de\/genome-editing\/lernen\/urteilen\/\">hier<\/a>.<\/p>\n<\/div>\n\n\n\n<div class=\"wp-block-column is-vertically-aligned-top is-layout-flow wp-block-column-is-layout-flow\">\n<div class=\"wp-block-image\"><figure class=\"aligncenter size-large\"><a href=\"https:\/\/userblogs.fu-berlin.de\/genome-editing\/stehe-zu-deinem-urteil\/\"><img loading=\"lazy\" decoding=\"async\" width=\"441\" height=\"294\" src=\"https:\/\/userblogs.fu-berlin.de\/genome-editing\/files\/2020\/07\/one-against-all-1744093_640-e1596007922305.jpg\" alt=\"\" class=\"wp-image-2139\" srcset=\"https:\/\/userblogs.fu-berlin.de\/genome-editing\/files\/2020\/07\/one-against-all-1744093_640-e1596007922305.jpg 441w, https:\/\/userblogs.fu-berlin.de\/genome-editing\/files\/2020\/07\/one-against-all-1744093_640-e1596007922305-300x200.jpg 300w, https:\/\/userblogs.fu-berlin.de\/genome-editing\/files\/2020\/07\/one-against-all-1744093_640-e1596007922305-230x153.jpg 230w, https:\/\/userblogs.fu-berlin.de\/genome-editing\/files\/2020\/07\/one-against-all-1744093_640-e1596007922305-350x233.jpg 350w, https:\/\/userblogs.fu-berlin.de\/genome-editing\/files\/2020\/07\/one-against-all-1744093_640-e1596007922305-250x167.jpg 250w, https:\/\/userblogs.fu-berlin.de\/genome-editing\/files\/2020\/07\/one-against-all-1744093_640-e1596007922305-270x180.jpg 270w\" sizes=\"auto, (max-width: 441px) 100vw, 441px\" \/><\/a><\/figure><\/div>\n\n\n\n<h4 class=\"has-text-align-center wp-block-heading\"><a href=\"https:\/\/userblogs.fu-berlin.de\/genome-editing\/lernen\/handeln\/zwischen-alternativen-entscheiden\/stehe-zu-deinem-urteil\/\">Stehe zu deinem Urteil<\/a><\/h4>\n\n\n\n<p><em>Ein Beitrag von Christoph Fritze<\/em><\/p>\n\n\n\n<p>Du bist zu einem Urteil gekommen &#8211; und jetzt? Oft h\u00f6rt man die Aufforderung: &#8222;Steh dazu!&#8220; Aber was genau bedeutet es \u00fcberhaupt, <span style=\"color:#2c89a0\" class=\"has-inline-color\"><a href=\"https:\/\/userblogs.fu-berlin.de\/genome-editing\/lernen\/handeln\/zwischen-alternativen-entscheiden\/stehe-zu-deinem-urteil\/\">zu seinem Urteil zu stehen?<\/a><\/span><\/p>\n<\/div>\n\n\n\n<div class=\"wp-block-column is-layout-flow wp-block-column-is-layout-flow\">\n<div class=\"wp-block-image\"><figure class=\"aligncenter size-large\"><a href=\"https:\/\/userblogs.fu-berlin.de\/genome-editing\/sei-standfest-und-bleibe-flexibel\/\"><img loading=\"lazy\" decoding=\"async\" width=\"640\" height=\"428\" src=\"https:\/\/userblogs.fu-berlin.de\/genome-editing\/files\/2021\/01\/rainbow-963328_640.jpg\" alt=\"\" class=\"wp-image-5559\" srcset=\"https:\/\/userblogs.fu-berlin.de\/genome-editing\/files\/2021\/01\/rainbow-963328_640.jpg 640w, https:\/\/userblogs.fu-berlin.de\/genome-editing\/files\/2021\/01\/rainbow-963328_640-300x201.jpg 300w, https:\/\/userblogs.fu-berlin.de\/genome-editing\/files\/2021\/01\/rainbow-963328_640-230x154.jpg 230w, https:\/\/userblogs.fu-berlin.de\/genome-editing\/files\/2021\/01\/rainbow-963328_640-350x234.jpg 350w, https:\/\/userblogs.fu-berlin.de\/genome-editing\/files\/2021\/01\/rainbow-963328_640-480x321.jpg 480w, https:\/\/userblogs.fu-berlin.de\/genome-editing\/files\/2021\/01\/rainbow-963328_640-250x167.jpg 250w, https:\/\/userblogs.fu-berlin.de\/genome-editing\/files\/2021\/01\/rainbow-963328_640-550x368.jpg 550w, https:\/\/userblogs.fu-berlin.de\/genome-editing\/files\/2021\/01\/rainbow-963328_640-269x180.jpg 269w, https:\/\/userblogs.fu-berlin.de\/genome-editing\/files\/2021\/01\/rainbow-963328_640-449x300.jpg 449w\" sizes=\"auto, (max-width: 640px) 100vw, 640px\" \/><\/a><\/figure><\/div>\n\n\n\n<h4 class=\"has-text-align-center wp-block-heading\"><a href=\"https:\/\/userblogs.fu-berlin.de\/genome-editing\/lernen\/handeln\/zwischen-alternativen-entscheiden\/sei-standfest-und-bleibe-flexibel\/\">Sei standfest und bleibe flexibel <\/a><\/h4>\n\n\n\n<p><em>Ein Beitrag von Florian B\u00f6gner<\/em> <em>und Ronja Buschek<\/em><\/p>\n\n\n\n<p>Ein fester Stand und doch in der Lage, flexibel auf \u00e4u\u00dfere Einfl\u00fcsse reagieren zu k\u00f6nnen &#8211; erfahre hier, was wir im Umgang mit unseren Urteilen von der Akrobatik <a href=\"https:\/\/userblogs.fu-berlin.de\/genome-editing\/lernen\/handeln\/zwischen-alternativen-entscheiden\/sei-standfest-und-bleibe-flexibel\/\"><span style=\"color:#2c89a0\" class=\"has-inline-color\">lernen k\u00f6nnen!<\/span><\/a><\/p>\n<\/div>\n<\/div>\n\n\n\n<hr class=\"wp-block-separator is-style-wide\" \/>\n\n\n\n<div class=\"wp-block-columns are-vertically-aligned-center is-layout-flex wp-container-core-columns-is-layout-28f84493 wp-block-columns-is-layout-flex\">\n<div class=\"wp-block-column is-vertically-aligned-center is-layout-flow wp-block-column-is-layout-flow\">\n<p><strong>Zur\u00fcck:<\/strong> <a data-jzz-gui-player=\"true\" href=\"https:\/\/userblogs.fu-berlin.de\/genome-editing\/lernen\/handeln\/alternativen-uberlegen\/\"><span style=\"color:#2c89a0\" class=\"has-inline-color\">Bestimme die Alternativen!<\/span><\/a><\/p>\n<\/div>\n\n\n\n<div class=\"wp-block-column is-vertically-aligned-center is-layout-flow wp-block-column-is-layout-flow\">\n<p class=\"has-text-align-right\"><strong>Weiter:<\/strong> <a data-jzz-gui-player=\"true\" href=\"https:\/\/userblogs.fu-berlin.de\/genome-editing\/lernen\/handeln\/aktiv-werden\/\"><span style=\"color:#2c89a0\" class=\"has-inline-color\">Werde aktiv!<\/span><\/a><\/p>\n<\/div>\n<\/div>\n\n\n\n<hr class=\"wp-block-separator is-style-wide\" \/>\n\n\n\n<div class=\"wp-block-group\"><div class=\"wp-block-group__inner-container is-layout-flow wp-block-group-is-layout-flow\">\n<p><strong>Was dich auch interessieren k\u00f6nnte:<\/strong><\/p>\n\n\n\n<div class=\"wp-block-columns is-layout-flex wp-container-core-columns-is-layout-28f84493 wp-block-columns-is-layout-flex\">\n<div class=\"wp-block-column is-layout-flow wp-block-column-is-layout-flow\">\n<p><a href=\"https:\/\/userblogs.fu-berlin.de\/genome-editing\/lernen\/urteilen\/schwierige-entscheidungen\/\">Akzeptiere schwierige Entscheidungen!<\/a><\/p>\n<\/div>\n\n\n\n<div class=\"wp-block-column is-layout-flow wp-block-column-is-layout-flow\">\n<p class=\"has-text-align-center\"><a href=\"https:\/\/userblogs.fu-berlin.de\/genome-editing\/lernen\/situation-analysieren\/perspektiven-einnehmen\/\">Nimm verschiedene Perspektiven ein!<\/a><\/p>\n<\/div>\n\n\n\n<div class=\"wp-block-column is-layout-flow wp-block-column-is-layout-flow\">\n<p class=\"has-text-align-right\"><a href=\"https:\/\/userblogs.fu-berlin.de\/genome-editing\/lernen\/normen-und-werte\/was-sagt-die-ethik\/\">Was sagt die Ethik zum Genome Editing?<\/a><\/p>\n<\/div>\n<\/div>\n<\/div><\/div>\n","protected":false},"excerpt":{"rendered":"<p>Startseite &gt; Was kann ich tun? &gt; Entscheide dich f\u00fcr [&hellip;]<\/p>\n","protected":false},"author":4241,"featured_media":0,"parent":189,"menu_order":1,"comment_status":"closed","ping_status":"closed","template":"page-templates\/page_front-page.php","meta":{"footnotes":""},"class_list":["post-2105","page","type-page","status-publish","hentry"],"_links":{"self":[{"href":"https:\/\/userblogs.fu-berlin.de\/genome-editing\/wp-json\/wp\/v2\/pages\/2105","targetHints":{"allow":["GET"]}}],"collection":[{"href":"https:\/\/userblogs.fu-berlin.de\/genome-editing\/wp-json\/wp\/v2\/pages"}],"about":[{"href":"https:\/\/userblogs.fu-berlin.de\/genome-editing\/wp-json\/wp\/v2\/types\/page"}],"author":[{"embeddable":true,"href":"https:\/\/userblogs.fu-berlin.de\/genome-editing\/wp-json\/wp\/v2\/users\/4241"}],"replies":[{"embeddable":true,"href":"https:\/\/userblogs.fu-berlin.de\/genome-editing\/wp-json\/wp\/v2\/comments?post=2105"}],"version-history":[{"count":80,"href":"https:\/\/userblogs.fu-berlin.de\/genome-editing\/wp-json\/wp\/v2\/pages\/2105\/revisions"}],"predecessor-version":[{"id":8450,"href":"https:\/\/userblogs.fu-berlin.de\/genome-editing\/wp-json\/wp\/v2\/pages\/2105\/revisions\/8450"}],"up":[{"embeddable":true,"href":"https:\/\/userblogs.fu-berlin.de\/genome-editing\/wp-json\/wp\/v2\/pages\/189"}],"wp:attachment":[{"href":"https:\/\/userblogs.fu-berlin.de\/genome-editing\/wp-json\/wp\/v2\/media?parent=2105"}],"curies":[{"name":"wp","href":"https:\/\/api.w.org\/{rel}","templated":true}]}}