{"id":2434,"date":"2020-07-29T18:14:44","date_gmt":"2020-07-29T16:14:44","guid":{"rendered":"https:\/\/userblogs.fu-berlin.de\/genome-editing\/?page_id=2434"},"modified":"2021-02-03T09:50:51","modified_gmt":"2021-02-03T08:50:51","slug":"hoere-auf-dein-bauchgefuehl","status":"publish","type":"page","link":"https:\/\/userblogs.fu-berlin.de\/genome-editing\/hoere-auf-dein-bauchgefuehl\/","title":{"rendered":"H\u00f6re auf dein Bauchgef\u00fchl!"},"content":{"rendered":"\n<div style=\"height:80px\" aria-hidden=\"true\" class=\"wp-block-spacer\"><\/div>\n\n\n\n<h2 class=\"wp-block-heading\">H\u00f6re auf dein Bauchgef\u00fchl!<\/h2>\n\n\n\n<div style=\"height:30px\" aria-hidden=\"true\" class=\"wp-block-spacer\"><\/div>\n\n\n\n<p><em>Ein Beitrag von Annett Wienmeister<\/em><\/p>\n\n\n\n<div class=\"wp-block-columns is-layout-flex wp-container-core-columns-is-layout-28f84493 wp-block-columns-is-layout-flex\">\n<div class=\"wp-block-column is-layout-flow wp-block-column-is-layout-flow\" style=\"flex-basis:66.66%\">\n<p>Es gibt viele verschiedene Meinungen zur ethischen Vertretbarkeit des Genome Editing am Menschen. Einige sind f\u00fcr Eingriffe mit dieser Biotechnologie, andere sind dagegen. Oftmals haben wir dabei zu Beginn erst einmal nur eine grobe Meinung oder ein Bauchgef\u00fchl, von dem wir ausgehen. Mit diesem Bauchgef\u00fchl k\u00f6nnen und sollten wir arbeiten, um unsere Meinung zu festigen, zu relativieren oder aber um sie gar zur\u00fcckzunehmen. Welche erste Meinung hast du zum Genome Editing am Menschen? (Falls du dich noch einmal informieren willst, was das ist, dann schaue unser <a href=\"https:\/\/userblogs.fu-berlin.de\/genome-editing\/lernen\/argumentieren\/mache-dir-ein-erstes-bild\/\">Startvideo hier<\/a>.)  <\/p>\n\n\n\n<p>Wenn du dich f\u00fcr eine der drei Aussagen unten entscheiden m\u00fcsstest, welche w\u00fcrdest du am ehesten ausw\u00e4hlen? Es geht uns an dieser Stelle nicht so sehr darum, dass du dich auf eine Meinung festlegst (du kannst sie jederzeit \u00e4ndern). Vielleicht hast du auch eine ganz andere erste Meinung oder kennst dich schon gut aus im Thema. Wir m\u00f6chten dir vielmehr auf den nachfolgenden Seiten zeigen, wie wichtig es ist, das eigene Bauchgef\u00fchl zu begr\u00fcnden und es somit zu einem <a href=\"https:\/\/userblogs.fu-berlin.de\/genome-editing\/lernen\/argumentieren\/stuetze-deine-meinung-mit-einem-argument\/\">Argument auszubauen<\/a>. Danach wollen wir dir zeigen, wie du dein <a href=\"https:\/\/userblogs.fu-berlin.de\/genome-editing\/lernen\/argumentieren\/stuetze-deine-meinung-mit-einem-argument\/\">Argument kritisch hinterfragen<\/a> kannst.<\/p>\n<\/div>\n\n\n\n<div class=\"wp-block-column is-layout-flow wp-block-column-is-layout-flow\" style=\"flex-basis:33.33%\">\n<figure class=\"wp-block-image size-large is-resized\"><img loading=\"lazy\" decoding=\"async\" src=\"https:\/\/userblogs.fu-berlin.de\/genome-editing\/files\/2020\/07\/bauchfigur.jpg\" alt=\"\" class=\"wp-image-2431\" width=\"221\" height=\"376\" srcset=\"https:\/\/userblogs.fu-berlin.de\/genome-editing\/files\/2020\/07\/bauchfigur.jpg 377w, https:\/\/userblogs.fu-berlin.de\/genome-editing\/files\/2020\/07\/bauchfigur-177x300.jpg 177w, https:\/\/userblogs.fu-berlin.de\/genome-editing\/files\/2020\/07\/bauchfigur-230x390.jpg 230w, https:\/\/userblogs.fu-berlin.de\/genome-editing\/files\/2020\/07\/bauchfigur-350x594.jpg 350w, https:\/\/userblogs.fu-berlin.de\/genome-editing\/files\/2020\/07\/bauchfigur-250x424.jpg 250w, https:\/\/userblogs.fu-berlin.de\/genome-editing\/files\/2020\/07\/bauchfigur-106x180.jpg 106w, https:\/\/userblogs.fu-berlin.de\/genome-editing\/files\/2020\/07\/bauchfigur-295x500.jpg 295w\" sizes=\"auto, (max-width: 221px) 100vw, 221px\" \/><\/figure>\n<\/div>\n<\/div>\n\n\n\n<div style=\"height:20px\" aria-hidden=\"true\" class=\"wp-block-spacer\"><\/div>\n\n\n<h4 style=\"text-align: center\"><span style=\"color: #339966\">Bef\u00fcrwortung<\/span> &#8211; <span style=\"color: #0000ff\">Zur\u00fcckhaltung<\/span> &#8211; <span style=\"color: #ff0000\">Ablehnung <\/span><\/h4>\n<p style=\"text-align: center\"><strong>Wof\u00fcr w\u00fcrdest du dich am ehesten entscheiden?<\/strong><\/p>\n\n\n<div style=\"height:20px\" aria-hidden=\"true\" class=\"wp-block-spacer\"><\/div>\n\n\n<div class=\"h5p-iframe-wrapper\"><iframe id=\"h5p-iframe-27\" class=\"h5p-iframe\" data-content-id=\"27\" style=\"height:1px\" src=\"about:blank\" frameBorder=\"0\" scrolling=\"no\" title=\"Hast du eine erste Meinung?\"><\/iframe><\/div>\n\n\n\n<div style=\"height:46px\" aria-hidden=\"true\" class=\"wp-block-spacer\"><\/div>\n\n\n\n<div style=\"height:20px\" aria-hidden=\"true\" class=\"wp-block-spacer\"><\/div>\n","protected":false},"excerpt":{"rendered":"<p>H\u00f6re auf dein Bauchgef\u00fchl! Ein Beitrag von Annett Wienmeister Es [&hellip;]<\/p>\n","protected":false},"author":4281,"featured_media":0,"parent":0,"menu_order":0,"comment_status":"closed","ping_status":"closed","template":"page-templates\/page_front-page.php","meta":{"footnotes":""},"class_list":["post-2434","page","type-page","status-publish","hentry"],"_links":{"self":[{"href":"https:\/\/userblogs.fu-berlin.de\/genome-editing\/wp-json\/wp\/v2\/pages\/2434","targetHints":{"allow":["GET"]}}],"collection":[{"href":"https:\/\/userblogs.fu-berlin.de\/genome-editing\/wp-json\/wp\/v2\/pages"}],"about":[{"href":"https:\/\/userblogs.fu-berlin.de\/genome-editing\/wp-json\/wp\/v2\/types\/page"}],"author":[{"embeddable":true,"href":"https:\/\/userblogs.fu-berlin.de\/genome-editing\/wp-json\/wp\/v2\/users\/4281"}],"replies":[{"embeddable":true,"href":"https:\/\/userblogs.fu-berlin.de\/genome-editing\/wp-json\/wp\/v2\/comments?post=2434"}],"version-history":[{"count":39,"href":"https:\/\/userblogs.fu-berlin.de\/genome-editing\/wp-json\/wp\/v2\/pages\/2434\/revisions"}],"predecessor-version":[{"id":8533,"href":"https:\/\/userblogs.fu-berlin.de\/genome-editing\/wp-json\/wp\/v2\/pages\/2434\/revisions\/8533"}],"wp:attachment":[{"href":"https:\/\/userblogs.fu-berlin.de\/genome-editing\/wp-json\/wp\/v2\/media?parent=2434"}],"curies":[{"name":"wp","href":"https:\/\/api.w.org\/{rel}","templated":true}]}}