{"id":3393,"date":"2020-10-29T08:11:45","date_gmt":"2020-10-29T07:11:45","guid":{"rendered":"https:\/\/userblogs.fu-berlin.de\/genome-editing\/?page_id=3393"},"modified":"2020-12-17T16:01:49","modified_gmt":"2020-12-17T15:01:49","slug":"hinterfrage-bildsprache","status":"publish","type":"page","link":"https:\/\/userblogs.fu-berlin.de\/genome-editing\/lernen\/situation-analysieren\/inszenierung-hinterfragen\/hinterfrage-bildsprache\/","title":{"rendered":"Hinterfrage die Bildsprache"},"content":{"rendered":"\n<div style=\"height:20px\" aria-hidden=\"true\" class=\"wp-block-spacer\"><\/div>\n\n\n\n<div class=\"wp-block-cover has-background-dim\" style=\"background-image:url(https:\/\/userblogs.fu-berlin.de\/genome-editing\/files\/2020\/11\/wooden-mannequin-791720_640.jpg);min-height:300px;aspect-ratio:unset;\"><div class=\"wp-block-cover__inner-container is-layout-flow wp-block-cover-is-layout-flow\">\n<h1 class=\"has-text-align-center wp-block-heading\">Hinterfrage die Bildsprache<\/h1>\n\n\n\n<p><\/p>\n<\/div><\/div>\n\n\n\n<div style=\"height:25px\" aria-hidden=\"true\" class=\"wp-block-spacer\"><\/div>\n\n\n\n<p><em>Ein Beitrag von Margret Iversen<\/em><\/p>\n\n\n\n<div style=\"height:50px\" aria-hidden=\"true\" class=\"wp-block-spacer\"><\/div>\n\n\n\n<p>Bilder beeinflussen unsere Urteilsbildung auf andere Weise als  Argumente. In dem folgenden Filmausschnitt geht es um den Kinderwunsch eines Ehepaares. Du sollst untersuchen, mit welchen Mitteln hier deine  Meinungsbildung beeinflusst wird. Schaue dir das Video an (Hinweis: Beim Abspielen des Videos werden Daten an YouTube \u00fcbertragen). Das Video wird ab und zu durch Fragen unterbrochen. Diese Fragen  fordern dich zun\u00e4chst auf, dir deine Gef\u00fchle bewusst zu machen, um dann  zu beurteilen, ob es sich hier um gezielte Manipulation der  Zuschauermeinung handelt.<\/p>\n\n\n\n<div style=\"height:30px\" aria-hidden=\"true\" class=\"wp-block-spacer\"><\/div>\n\n\n<div class=\"h5p-iframe-wrapper\"><iframe id=\"h5p-iframe-29\" class=\"h5p-iframe\" data-content-id=\"29\" style=\"height:1px\" src=\"about:blank\" frameBorder=\"0\" scrolling=\"no\" title=\"Hinterfrage die Bildsprache\"><\/iframe><\/div>\n\n\n\n<p><strong>Achtung: <\/strong>Bei dem Abspielen des Videos werden Daten an YouTube \u00fcbertragen.<\/p>\n\n\n\n<div style=\"height:20px\" aria-hidden=\"true\" class=\"wp-block-spacer\"><\/div>\n\n\n\n<div style=\"height:100px\" aria-hidden=\"true\" class=\"wp-block-spacer\"><\/div>\n\n\n\n<h3 class=\"wp-block-heading\">1. \u00dcbung: Das ethische Problem erkennen<\/h3>\n\n\n\n<p class=\"has-medium-font-size\">Welches ethische Problem oder welche ethischen Probleme stellen sich dir in diesem Filmausschnitt?<br>Schreibe mindestens eine ethische Problemfrage auf.<\/p>\n\n\n\n<details>\n<summary style=\"color:#2c89a0\">\nInfo-Text: Kriterien f\u00fcr ethische Problemfragen\n<\/summary>\n<p><\/p>\n<ul>\n<li>Kontrovers: Es gibt verschiedenen Meinungen dazu.<\/li>\n<li>Grundlegend: Es geht um grundlegende Werte wie Freundschaft, Gerechtigkeit, Fairness, Gleichheit, Leben \u2026<\/li>\n<li>Nicht empirisch: Die Frage kann nicht allein durch Erfahrungstatsachen beantwortet werden.<\/li>\n<li>Wertend: Die Frage kann mit \u201egut\u201c oder \u201eschlecht\u201c oder mit \u201esollen\u201c oder \u201ed\u00fcrfen\u201c formuliert werden.<\/li>\n<li>Fundamental: Die Antwort wird mit einer moralischen \u00dcberzeugung oder einem Glaubenssatz begr\u00fcndet.<\/li>\n<\/ul>\n<\/details>\n\n\n\n<details>\n<summary style=\"color:#2c89a0\">\nM\u00f6gliche L\u00f6sungen findest du hier\n<\/summary>\n<p><\/p>\n<ul>\n<li>Darf man k\u00e4ufliche Waren \/ Konsumartikel mit einer menschlichen Eizelle gleichsetzen?<\/li>\n<li>Darf man menschliches Leben kaufen?<\/li>\n<li>Inwieweit ist es angemessen, den Wunsch nach einem Kind durch Geld auszudr\u00fccken?<\/li>\n<li>Schadet es dem Kind, wenn die Eltern es vor seiner Geburt nach bestimmten Merkmalen ausgew\u00e4hlt haben?<\/li>\n<li>Ist ein Kind daf\u00fcr da, die W\u00fcnsche der Eltern zu erf\u00fcllen?<\/li>\n<\/ul>\n<\/details>\n\n\n\n<div style=\"height:50px\" aria-hidden=\"true\" class=\"wp-block-spacer\"><\/div>\n\n\n\n<h3 class=\"wp-block-heading\">2. \u00dcbung: Manipulationstechniken erkennen<\/h3>\n\n\n\n<p class=\"has-medium-font-size\">Tanyas Kinderwunsch wirft viele grundlegende ethische Probleme auf. Die Filmemacher haben es in der Hand, die Zuschauer auf diese Probleme hinzuweisen oder diese zu \u00fcberdecken. Sie haben also Mittel zur Manipulation unserer Meinung.<\/p>\n\n\n\n<p class=\"has-medium-font-size\">Nenne Mittel, die zum Mitgef\u00fchl mit Tanya anregen und solche, die zum Nachdenken und zur Distanzierung anregen. Nimm den Info-Text zu Manipulationstechniken im Film zur Hilfe.<\/p>\n\n\n\n<details>\n<summary style=\"color:#2c89a0\"> Info-Text: Manipulationstechniken\n<\/summary>\n<p><\/p>\n<ul>\n<li>einseitiger Blick (z. B. wird nur Positives im Bild festgehalten)<\/li>\n<li>Darstellung von starken Gef\u00fchlen, die instinktiv unser Mitgef\u00fchl erregen<\/li>\n<li>nachgestellte, arrangierte Szenen<\/li>\n<li>Vergr\u00f6\u00dferung von Detailausschnitten<\/li>\n<li>irref\u00fchrender Kommentar zum Bild<\/li>\n<li>Unterschlagen von Bildern<\/li>\n<li>H\u00e4ufung von Bildern\/W\u00f6rtern mit bestimmter Tendenz<\/li>\n<li>verzerrende Perspektive (von oben bzw. von unten)<\/li>\n<\/ul>\n<\/details>\n\n\n\n<details>\n<summary style=\"color:#2c89a0\">\n   M\u00f6gliche L\u00f6sungen findest du hier\n<\/summary>\n<p>Unser Mitgef\u00fchl wird angeregt durch:<\/p>\n<ul>\n<li>Tanya ist sympathisch und gepflegt und wirkt warmherzig\n<\/li>\n<li>Tanya weint vor Erleichterung, weil ihr Wunsch erf\u00fcllt wurde<\/li>\n<li>Tanya&#8217;s Mann Ty hat ein gro\u00dfes (Geld-)opfer f\u00fcr den Wunsch geleistet<\/li>\n<li>Tanya und ihr Mann Ty hatten viele Fehlschl\u00e4ge zu verkraften<\/li>\n<li>Bekr\u00e4ftigung des Wunsches durch Tanya macht ihn noch glaubhafter<\/li>\n<\/ul>\n<p><\/p>\n<p>Zum Nachdenken regt an<p>\n<ul>\n<li>Detailaufnahme Kleinanzeigen, dazu irritierender Kommentar: Autokauf und weibliche Eizelle gleichgesetzt<\/li>\n<\/ul>\n<\/details>\n\n\n\n<div style=\"height:50px\" aria-hidden=\"true\" class=\"wp-block-spacer\"><\/div>\n\n\n\n<h3 class=\"wp-block-heading\">3. \u00dcbung: Beurteilung<\/h3>\n\n\n\n<p class=\"has-medium-font-size\">Urteile abschlie\u00dfend selbst: H\u00e4ltst du diese Szene f\u00fcr manipulativ oder f\u00fcr eher sachlich aufkl\u00e4rend? Begr\u00fcnde deine Meinung mit den gefundenen Beispielen im Filmausschnitt. Nimm den Infoblock &#8222;Was Manipulation ist&#8220; zur Hilfe.<\/p>\n\n\n\n<details>\n<summary style=\"color:#2c89a0\">\n   Info-Text: Was Manipulation ist\n<\/summary>\n<p><\/p>\n<blockquote>In dem Begriff <strong>Manipulation<\/strong> steckt das lateinische Wort <strong>\u201emanus\u201c<\/strong> f\u00fcr Hand. Manipulation  bedeutet eigentlich \u201e<strong>Handhabung<\/strong>\u201c und war zun\u00e4chst ein technischer Begriff. Heute beziehen wir es auf die Handhabung von eigenen Absichten.\n<br>\n<br>\nUnter Manipulation versteht man die Kunst, die eigenen Absichten zu verstecken und die Adressaten \u2013 Zuh\u00f6rer, Zuschauer, Leser \u2013 auf verdeckte Weise zu beeinflussen. Es geht darum, die eigenen Ziele durchzusetzen, ohne dass der Andere dieses merkt.\n<br>\n<br>\nAm meisten verbreitet ist in der Politik und der Werbung das Mittel der emotionalen Manipulation. Andere zu seinem eigenen Vorteil emotional zu beeinflussen widerspricht unserem freiheitlichen Menschenbild. Wir achten die freie und autonome Entscheidung des Menschen.\n<br>\n<br>\nBesonders die bildgebenden Medien eignen sich f\u00fcr die emotionale Beeinflussung. Bilder wirken unmittelbarer als Worte. Wenn man z.B. einen weinenden Menschen sieht, reagiert man instinktiv empathisch, also man leidet mit. Aufgrund der Eigenschaften der Spiegelneuronen beim Menschen geht eine mitf\u00fchlende Reaktion dem Nachdenken voraus. Deshalb ist es wichtig, manipulatives Vorgehen zu erkennen und sich davor zu sch\u00fctzen.<\/blockquote>\n<\/details>\n\n\n\n<div style=\"height:53px\" aria-hidden=\"true\" class=\"wp-block-spacer\"><\/div>\n\n\n\n<div style=\"height:40px\" aria-hidden=\"true\" class=\"wp-block-spacer\"><\/div>\n\n\n\n<div style=\"height:100px\" aria-hidden=\"true\" class=\"wp-block-spacer\"><\/div>\n","protected":false},"excerpt":{"rendered":"<p>Ein Beitrag von Margret Iversen Bilder beeinflussen unsere Urteilsbildung auf [&hellip;]<\/p>\n","protected":false},"author":4241,"featured_media":0,"parent":1186,"menu_order":3,"comment_status":"closed","ping_status":"closed","template":"page-templates\/page_front-page.php","meta":{"footnotes":""},"class_list":["post-3393","page","type-page","status-publish","hentry"],"_links":{"self":[{"href":"https:\/\/userblogs.fu-berlin.de\/genome-editing\/wp-json\/wp\/v2\/pages\/3393","targetHints":{"allow":["GET"]}}],"collection":[{"href":"https:\/\/userblogs.fu-berlin.de\/genome-editing\/wp-json\/wp\/v2\/pages"}],"about":[{"href":"https:\/\/userblogs.fu-berlin.de\/genome-editing\/wp-json\/wp\/v2\/types\/page"}],"author":[{"embeddable":true,"href":"https:\/\/userblogs.fu-berlin.de\/genome-editing\/wp-json\/wp\/v2\/users\/4241"}],"replies":[{"embeddable":true,"href":"https:\/\/userblogs.fu-berlin.de\/genome-editing\/wp-json\/wp\/v2\/comments?post=3393"}],"version-history":[{"count":129,"href":"https:\/\/userblogs.fu-berlin.de\/genome-editing\/wp-json\/wp\/v2\/pages\/3393\/revisions"}],"predecessor-version":[{"id":4820,"href":"https:\/\/userblogs.fu-berlin.de\/genome-editing\/wp-json\/wp\/v2\/pages\/3393\/revisions\/4820"}],"up":[{"embeddable":true,"href":"https:\/\/userblogs.fu-berlin.de\/genome-editing\/wp-json\/wp\/v2\/pages\/1186"}],"wp:attachment":[{"href":"https:\/\/userblogs.fu-berlin.de\/genome-editing\/wp-json\/wp\/v2\/media?parent=3393"}],"curies":[{"name":"wp","href":"https:\/\/api.w.org\/{rel}","templated":true}]}}