{"id":4189,"date":"2020-12-03T13:56:39","date_gmt":"2020-12-03T12:56:39","guid":{"rendered":"https:\/\/userblogs.fu-berlin.de\/genome-editing\/?page_id=4189"},"modified":"2021-01-13T20:28:32","modified_gmt":"2021-01-13T19:28:32","slug":"enhancement","status":"publish","type":"page","link":"https:\/\/userblogs.fu-berlin.de\/genome-editing\/lernen\/situation-analysieren\/verstehe-was-genome-editing-ist\/enhancement\/","title":{"rendered":"Enhancement &#8211; den Menschen verbessern"},"content":{"rendered":"\n<p><em>Ein Beitrag von Edgar Caspari<\/em><\/p>\n\n\n\n<div style=\"height:20px\" aria-hidden=\"true\" class=\"wp-block-spacer\"><\/div>\n\n\n\n<figure class=\"wp-block-video\"><video controls src=\"https:\/\/medien.cedis.fu-berlin.de\/genomedit\/enhancement_video_1.mp4\"><\/video><\/figure>\n\n\n\n<div style=\"height:50px\" aria-hidden=\"true\" class=\"wp-block-spacer\"><\/div>\n\n\n\n<p><br>Unsere beiden Freude sind auf dem richtigen Weg. Schon Mitte der 80ziger Jahre gab es eine Philosophin, die nat\u00fcrlich keine Hellseherin war, aber die zuk\u00fcnftige Entwicklung gut vorhersah. Lest euch den nachfolgenden kurzen Text einmal durch:<br><\/p>\n\n\n\n<p style=\"background-color:#c6deed\" class=\"has-background\"><em>\u201eIn der modernen Biologie l\u00e4\u00dft sich an Disziplinen wie der Molekulargenetik, der \u00d6kologie, der soziobiologischen Evolutionstheorie oder der Immunbiologie die \u00dcbersetzung der gesamten Welt in ein Problem der Kodierung ablesen. Was fr\u00fcher als Organismus betrachtet wurde, ist heute ein Problem genetischer Kodierung und des Zugriffs auf Information. Die Biotechnologie ist Schreibtechnologie schlechthin, die aus der Forschungspraxis nicht mehr wegzudenken ist.\u201c <a href=\"https:\/\/userblogs.fu-berlin.de\/genome-editing\/lernen\/situation-analysieren\/verstehe-was-genome-editing-ist\/enhancement#quellen\">(Haraway 1985)<\/a> <\/em><br><\/p>\n\n\n\n<div style=\"height:50px\" aria-hidden=\"true\" class=\"wp-block-spacer\"><\/div>\n\n\n<div class=\"h5p-iframe-wrapper\"><iframe id=\"h5p-iframe-49\" class=\"h5p-iframe\" data-content-id=\"49\" style=\"height:1px\" src=\"about:blank\" frameBorder=\"0\" scrolling=\"no\" title=\"Grundgedanke Haraway\"><\/iframe><\/div>\n\n\n\n<div style=\"height:70px\" aria-hidden=\"true\" class=\"wp-block-spacer\"><\/div>\n\n\n\n<figure class=\"wp-block-video\"><video controls src=\"https:\/\/medien.cedis.fu-berlin.de\/genomedit\/enhancement_video_2.mp4\"><\/video><\/figure>\n\n\n\n<div style=\"height:50px\" aria-hidden=\"true\" class=\"wp-block-spacer\"><\/div>\n\n\n\n<h4 class=\"wp-block-heading\" id=\"quellen\">Quellen<\/h4>\n\n\n\n<p>Haraway, Donna: Manifesto for Cyborgs: Science, Technology, and Socialist Feminism in the 1980&#8217;s. In: Socialist Review 80. 1985. S. 65-108<\/p>\n","protected":false},"excerpt":{"rendered":"<p>Ein Beitrag von Edgar Caspari Unsere beiden Freude sind auf [&hellip;]<\/p>\n","protected":false},"author":4366,"featured_media":0,"parent":1176,"menu_order":4,"comment_status":"closed","ping_status":"closed","template":"page-templates\/page_fullwidth.php","meta":{"footnotes":""},"class_list":["post-4189","page","type-page","status-publish","hentry"],"_links":{"self":[{"href":"https:\/\/userblogs.fu-berlin.de\/genome-editing\/wp-json\/wp\/v2\/pages\/4189","targetHints":{"allow":["GET"]}}],"collection":[{"href":"https:\/\/userblogs.fu-berlin.de\/genome-editing\/wp-json\/wp\/v2\/pages"}],"about":[{"href":"https:\/\/userblogs.fu-berlin.de\/genome-editing\/wp-json\/wp\/v2\/types\/page"}],"author":[{"embeddable":true,"href":"https:\/\/userblogs.fu-berlin.de\/genome-editing\/wp-json\/wp\/v2\/users\/4366"}],"replies":[{"embeddable":true,"href":"https:\/\/userblogs.fu-berlin.de\/genome-editing\/wp-json\/wp\/v2\/comments?post=4189"}],"version-history":[{"count":28,"href":"https:\/\/userblogs.fu-berlin.de\/genome-editing\/wp-json\/wp\/v2\/pages\/4189\/revisions"}],"predecessor-version":[{"id":6347,"href":"https:\/\/userblogs.fu-berlin.de\/genome-editing\/wp-json\/wp\/v2\/pages\/4189\/revisions\/6347"}],"up":[{"embeddable":true,"href":"https:\/\/userblogs.fu-berlin.de\/genome-editing\/wp-json\/wp\/v2\/pages\/1176"}],"wp:attachment":[{"href":"https:\/\/userblogs.fu-berlin.de\/genome-editing\/wp-json\/wp\/v2\/media?parent=4189"}],"curies":[{"name":"wp","href":"https:\/\/api.w.org\/{rel}","templated":true}]}}