{"id":4600,"date":"2020-12-16T11:29:06","date_gmt":"2020-12-16T10:29:06","guid":{"rendered":"https:\/\/userblogs.fu-berlin.de\/genome-editing\/?page_id=4600"},"modified":"2021-01-12T20:04:10","modified_gmt":"2021-01-12T19:04:10","slug":"dein-pfad-durch-den-entscheidungsbaum-des-deutschen-ethikrates","status":"publish","type":"page","link":"https:\/\/userblogs.fu-berlin.de\/genome-editing\/dein-pfad-durch-den-entscheidungsbaum-des-deutschen-ethikrates\/","title":{"rendered":"Dein Pfad durch den Entscheidungsbaum des Deutschen Ethikrates"},"content":{"rendered":"\n<p>Ein Beitrag von Nora Schultz<\/p>\n\n\n\n<p>Der Deutsche Ethikrat hat in seiner <a href=\"https:\/\/www.ethikrat.org\/publikationen\/publikationsdetail\/?tx_wwt3shop_detail%5Bproduct%5D=119&amp;tx_wwt3shop_detail%5Baction%5D=index&amp;tx_wwt3shop_detail%5Bcontroller%5D=Products&amp;cHash=25e88ad52f8b75d311510a9bf7a8dc86\" target=\"_blank\" rel=\"noreferrer noopener\">Stellungnahme<\/a> zum Thema Eingriffe in die menschliche Keimbahn wichtige Fragen, Argumente und Positionen zum Genome Editing an der menschlichen Keimbahn in einem Entscheidungsbaum zusammengef\u00fchrt. Hier kannst du den verschiedenen Argumentationswegen nachgehen!<\/p>\n\n\n\n<p>Zu einem m\u00f6glichen Einsatz von Genome Editing mit dem Ziel, das Genom von Keimzellen oder Embryonen zu ver\u00e4ndern, stellen sich viele ethische Fragen. Sollte so etwas \u00fcberhaupt in Betracht kommen? Darf man zur Erforschung und Entwicklung solcher Anwendungen menschliche Embryonen zerst\u00f6ren? Und welche Anwendungen k\u00f6nnten ethisch vertretbar sein, und warum? Diese Fragen kann man mit verschiedenen Argumenten (auch) sehr unterschiedlich beantworten \u2013 und landet dann je nachdem bei weiteren Fragen.<\/p>\n\n\n\n<p>Um Orientierung in diesem Dschungel aus Fragen und Argumenten anzubieten, hat der Deutsche Ethikrat einen Entscheidungsbaum entworfen. Er gibt dir die M\u00f6glichkeit, dich nacheinander mit einigen der wichtigsten Fragen rund um Keimbahneingriffe auseinanderzusetzen. Wenn Du den Mauszeiger auf die kleinen wei\u00dfen Kreise bewegst, die bei<br>jeder m\u00f6glichen Antwort auf den Pfeilen zu sehen sind, geht ein Fenster<br>auf, dass die Argumente hinter dieser Antwort zeigt.<\/p>\n\n\n\n<p>Dabei kannst du pr\u00fcfen, welche Argumente du zur Begr\u00fcndung deiner Antworten \u00fcberzeugend findest \u2013 und welche <a rel=\"noreferrer noopener\" href=\"https:\/\/userblogs.fu-berlin.de\/genome-editing\/orientierungsmassstabe\/\" target=\"_blank\">Orientierungsma\u00dfst\u00e4be<\/a> bei diesen Argumenten eine Rolle spielen. Vielleicht fallen dir auch noch weitere Fragen oder Argumente ein?<\/p>\n\n\n\n\n<div class=\"h5p-content\" data-content-id=\"59\"><\/div>\n","protected":false},"excerpt":{"rendered":"<p>Ein Beitrag von Nora Schultz Der Deutsche Ethikrat hat in [&hellip;]<\/p>\n","protected":false},"author":4281,"featured_media":0,"parent":0,"menu_order":0,"comment_status":"closed","ping_status":"closed","template":"","meta":{"footnotes":""},"class_list":["post-4600","page","type-page","status-publish","hentry"],"_links":{"self":[{"href":"https:\/\/userblogs.fu-berlin.de\/genome-editing\/wp-json\/wp\/v2\/pages\/4600","targetHints":{"allow":["GET"]}}],"collection":[{"href":"https:\/\/userblogs.fu-berlin.de\/genome-editing\/wp-json\/wp\/v2\/pages"}],"about":[{"href":"https:\/\/userblogs.fu-berlin.de\/genome-editing\/wp-json\/wp\/v2\/types\/page"}],"author":[{"embeddable":true,"href":"https:\/\/userblogs.fu-berlin.de\/genome-editing\/wp-json\/wp\/v2\/users\/4281"}],"replies":[{"embeddable":true,"href":"https:\/\/userblogs.fu-berlin.de\/genome-editing\/wp-json\/wp\/v2\/comments?post=4600"}],"version-history":[{"count":11,"href":"https:\/\/userblogs.fu-berlin.de\/genome-editing\/wp-json\/wp\/v2\/pages\/4600\/revisions"}],"predecessor-version":[{"id":7051,"href":"https:\/\/userblogs.fu-berlin.de\/genome-editing\/wp-json\/wp\/v2\/pages\/4600\/revisions\/7051"}],"wp:attachment":[{"href":"https:\/\/userblogs.fu-berlin.de\/genome-editing\/wp-json\/wp\/v2\/media?parent=4600"}],"curies":[{"name":"wp","href":"https:\/\/api.w.org\/{rel}","templated":true}]}}