{"id":4877,"date":"2021-01-08T15:39:18","date_gmt":"2021-01-08T14:39:18","guid":{"rendered":"https:\/\/userblogs.fu-berlin.de\/genome-editing\/?page_id=4877"},"modified":"2021-02-01T19:30:41","modified_gmt":"2021-02-01T18:30:41","slug":"tom-wellmann-wie-weit-darf-der-mensch-fuer-seine-zwecke-in-die-natur-eingreifen","status":"publish","type":"page","link":"https:\/\/userblogs.fu-berlin.de\/genome-editing\/ethik-vermitteln\/materialien-lehre\/tom-wellmann-wie-weit-darf-der-mensch-fuer-seine-zwecke-in-die-natur-eingreifen\/","title":{"rendered":"Tom Wellmann: Wie weit darf der Mensch f\u00fcr seine Zwecke in die Natur eingreifen?"},"content":{"rendered":"\n<h4 class=\"wp-block-heading\">Handelt es sich&#8230;<\/h4>\n\n\n\n<h6 class=\"wp-block-heading\">a) um eine Unterrichtsreihe, <\/h6>\n\n\n\n<h6 class=\"wp-block-heading\">b) Bausteine zu einer Unterrichtsreihe, <\/h6>\n\n\n\n<h6 class=\"wp-block-heading\">c) einen kleineren Arbeitsauftrag?<\/h6>\n\n\n\n<p>Das Arbeitsblatt ist als Einstieg in eine Unterrichtsreihe zum Thema Gentechnik im Fach Ethik konzipiert und enth\u00e4lt einen kleineren Arbeitsauftrag c). <\/p>\n\n\n\n<h4 class=\"wp-block-heading\">Worum geht es (inhaltlicher Gegenstand)?<\/h4>\n\n\n\n<p>Das Arbeitsblatt dient der Entwicklung der Leitfrage \u201eWie weit darf der Mensch f\u00fcr seine Zwecke in die Natur eingreifen?\u201c im Hinblick auf eine Unterrichtsreihe zum Thema Gentechnik im Fach Ethik, indem es zun\u00e4chst von einer anderen Art von Eingriffen in die Natur ausgeht: Diskutiert werden vier Beispiele menschlicher Bauwerke, deren Errichtung jeweils mit weitreichenden Ver\u00e4nderungen von Landschaften und deren \u00d6kosystemen einherging (der Assuan-Staudamm, der Euro-Tunnel, ein Offshore-Windpark und das Palm-Island-Resort in Dubai). Anhand dieser Beispiele werden Gr\u00fcnde f\u00fcr oder gegen diese und vergleichbare menschliche Eingriffe in die Natur erarbeitet, wobei sowohl auf m\u00f6gliche Zielsetzungen als auch m\u00f6gliche Folgen solcher Eingriffe eingegangen werden soll. Schlie\u00dflich werden die Beispiele mit einer in Zukunft m\u00f6glicherweise durchf\u00fchrbaren&nbsp; Anwendung von Genome Editing in der Humanmedizin verglichen und er\u00f6rtert, ob die zuvor erarbeiteten Bef\u00fcrwortungs- oder Ablehnungsgr\u00fcnde auf diesen Fall \u00fcbertragbar sind.<\/p>\n\n\n\n<h4 class=\"wp-block-heading\">Welche Methoden wurden eingesetzt und warum?<\/h4>\n\n\n\n<p>Das Material ist f\u00fcr eine Bearbeitung in Partner- oder Gruppenarbeit konzipiert, trifft ansonsten aber keine methodisch-didaktischen Festlegungen.<\/p>\n\n\n\n<h4 class=\"wp-block-heading\">Was sind die Lehr-Lernziele?<\/h4>\n\n\n\n<p>Durch Auseinandersetzung mit visuell leicht zug\u00e4nglichen Beispielen problematisieren die Sch\u00fclerinnen und Sch\u00fcler weitreichende menschliche Eingriffe in die Natur und formulieren selbst\u00e4ndig Gr\u00fcnde, die f\u00fcr und gegen solche Eingriffe sprechen k\u00f6nnten. Ferner er\u00f6rtern sie die Vergleichbarkeit der betrachteten F\u00e4lle mit einem Anwendungsbeispiel f\u00fcr Genome Editing in der Humanmedizin und nehmen auf dieser Grundlage eine erste Positionierung zur Vertretbarkeit der betrachteten Beispiele vor.<\/p>\n\n\n\n<h4 class=\"wp-block-heading\">Wurde das Material ausprobiert? Falls ja, welche Erfahrungswerte gibt es?<\/h4>\n\n\n\n<p>ja<\/p>\n\n\n\n<h4 class=\"wp-block-heading\">Wie darf das Material verwendet werden?<\/h4>\n\n\n\n<p>F\u00fcr den von dem Autor verfassten Text des Arbeitsblattes gilt, dass dieser entsprechend der&nbsp;<strong><a rel=\"noreferrer noopener\" href=\"https:\/\/creativecommons.org\/licenses\/by-sa\/4.0\/deed.de\" target=\"_blank\">Creative-Commons-Lizenz CC BY-SA 4.0<\/a><\/strong> <a href=\"https:\/\/creativecommons.org\/licenses\/by\/4.0\/deed.de\"><\/a>verwendet werden darf. Die Quellen und geltenden Lizenzen der verwendeten Bilder sind im Arbeitsblatt unten angegeben.<\/p>\n\n\n\n<h4 class=\"wp-block-heading\">Das Arbeitsblatt zum Download<\/h4>\n\n\n\n<div class=\"wp-block-buttons is-layout-flex wp-block-buttons-is-layout-flex\">\n<div class=\"wp-block-button\"><a class=\"wp-block-button__link\" href=\"https:\/\/medien.cedis.fu-berlin.de\/genomedit\/AB_Eingriffe_in_die_Natur.pdf\" target=\"_blank\" rel=\"noreferrer noopener\"><span style=\"color:#ffffff\" class=\"has-inline-color\">PDF herunterladen<\/span><\/a><\/div>\n<\/div>\n\n\n\n<div style=\"height:20px\" aria-hidden=\"true\" class=\"wp-block-spacer\"><\/div>\n\n\n\n<h5 class=\"wp-block-heading\">Bildquellen zum Arbeitsblatt: \u201eWie weit darf der Mensch f\u00fcr seine Zwecke in die Natur eingreifen\u201c<\/h5>\n\n\n\n<p class=\"has-small-font-size\">Abrufdatum jeweils 23.11. 2020<\/p>\n\n\n\n<p class=\"has-small-font-size\">Bild 1 (Hajor: Assuan-Hochdamm CC BY-SA 3.0): <\/p>\n\n\n\n<p class=\"has-small-font-size\">https:\/\/de.wikipedia.org\/wiki\/Assuan-Staudamm#\/media\/Datei:AswanHighDam_Egypt.jpg<\/p>\n\n\n\n<p class=\"has-small-font-size\">Bild 2 (public domain): https:\/\/en.wikipedia.org\/wiki\/Palm_Jumeirah#\/media\/File:Palm_Island_Resort.jpg<\/p>\n\n\n\n<p class=\"has-small-font-size\">Bild 3 (Commander Keane, Channel Tunnel geological profile 1, CC BY-SA 4.0): https:\/\/upload.wikimedia.org\/wikipedia\/commons\/5\/59\/Channel_Tunnel_geological_profile_1.svg<\/p>\n\n\n\n<p class=\"has-small-font-size\">Bild 4 (Ad Meskens, Princess Amalia Wind Farm&nbsp;in the North Sea CC BY-SA 3.0): <a href=\"https:\/\/en.wikipedia.org\/wiki\/Wind_power_in_the_Netherlands#\/media\/File:Prinses_Amalia_windmolenpark_4.jpg\">https:\/\/en.wikipedia.org\/wiki\/Wind_power_in_the_Netherlands#\/media\/File:Prinses_Amalia_windmolenpark_4.jpg<\/a><\/p>\n","protected":false},"excerpt":{"rendered":"<p>Handelt es sich&#8230; a) um eine Unterrichtsreihe, b) Bausteine zu [&hellip;]<\/p>\n","protected":false},"author":5784,"featured_media":0,"parent":1521,"menu_order":0,"comment_status":"closed","ping_status":"closed","template":"","meta":{"footnotes":""},"class_list":["post-4877","page","type-page","status-publish","hentry"],"_links":{"self":[{"href":"https:\/\/userblogs.fu-berlin.de\/genome-editing\/wp-json\/wp\/v2\/pages\/4877","targetHints":{"allow":["GET"]}}],"collection":[{"href":"https:\/\/userblogs.fu-berlin.de\/genome-editing\/wp-json\/wp\/v2\/pages"}],"about":[{"href":"https:\/\/userblogs.fu-berlin.de\/genome-editing\/wp-json\/wp\/v2\/types\/page"}],"author":[{"embeddable":true,"href":"https:\/\/userblogs.fu-berlin.de\/genome-editing\/wp-json\/wp\/v2\/users\/5784"}],"replies":[{"embeddable":true,"href":"https:\/\/userblogs.fu-berlin.de\/genome-editing\/wp-json\/wp\/v2\/comments?post=4877"}],"version-history":[{"count":35,"href":"https:\/\/userblogs.fu-berlin.de\/genome-editing\/wp-json\/wp\/v2\/pages\/4877\/revisions"}],"predecessor-version":[{"id":8519,"href":"https:\/\/userblogs.fu-berlin.de\/genome-editing\/wp-json\/wp\/v2\/pages\/4877\/revisions\/8519"}],"up":[{"embeddable":true,"href":"https:\/\/userblogs.fu-berlin.de\/genome-editing\/wp-json\/wp\/v2\/pages\/1521"}],"wp:attachment":[{"href":"https:\/\/userblogs.fu-berlin.de\/genome-editing\/wp-json\/wp\/v2\/media?parent=4877"}],"curies":[{"name":"wp","href":"https:\/\/api.w.org\/{rel}","templated":true}]}}