{"id":5022,"date":"2020-12-22T16:18:31","date_gmt":"2020-12-22T15:18:31","guid":{"rendered":"https:\/\/userblogs.fu-berlin.de\/genome-editing\/?page_id=5022"},"modified":"2021-01-06T08:25:19","modified_gmt":"2021-01-06T07:25:19","slug":"praeimplantationsdiagnostik-als-alternative-zur-keimbahntherapie","status":"publish","type":"page","link":"https:\/\/userblogs.fu-berlin.de\/genome-editing\/lernen\/situation-analysieren\/verstehe-was-genome-editing-ist\/praeimplantationsdiagnostik-als-alternative-zur-keimbahntherapie\/","title":{"rendered":"Pr\u00e4implantationsdiagnostik als Alternative zur Keimbahntherapie?"},"content":{"rendered":"\n<div style=\"height:30px\" aria-hidden=\"true\" class=\"wp-block-spacer\"><\/div>\n\n\n\n<h2 class=\"wp-block-heading\">Pr\u00e4implantationsdiagnostik als Alternative zur Keimbahntherapie?<\/h2>\n\n\n\n<p>Beim Abw\u00e4gen des F\u00fcr und Wider von Genome Editing in der Keimbahn spielt die Frage der <em>medizinischen Notwendigkeit <\/em>eine gro\u00dfe Rolle: Ist der Eingriff in die Keimbahn die einzige M\u00f6glichkeit, etwa bestimmte Krankheiten zu verhindern? Oder gibt es vielleicht noch andere Wege? Eine m\u00f6gliche Alternative k\u00f6nnte die Pr\u00e4implantationsdiagnostik sein.<\/p>\n\n\n<div class=\"h5p-iframe-wrapper\"><iframe id=\"h5p-iframe-70\" class=\"h5p-iframe\" data-content-id=\"70\" style=\"height:1px\" src=\"about:blank\" frameBorder=\"0\" scrolling=\"no\" title=\"Pr\u00e4implantationsdiagnostik als Alternative zur Keimbahntherapie?\"><\/iframe><\/div>\n\n\n\n<p class=\"has-normal-font-size\">Diese Pr\u00e4sentation von Dr. Lilian Marx-St\u00f6lting ist ihrer Pr\u00e4sentation <a data-jzz-gui-player=\"true\" href=\"https:\/\/userblogs.fu-berlin.de\/genome-editing\/lernen\/normen-und-werte\/ethik-positionen\/ethik-und-naturwissenschaft\/\">&#8222;Ethik und Naturwissenschaft&#8220;<\/a> entnommen.<\/p>\n","protected":false},"excerpt":{"rendered":"<p>Pr\u00e4implantationsdiagnostik als Alternative zur Keimbahntherapie? Beim Abw\u00e4gen des F\u00fcr und [&hellip;]<\/p>\n","protected":false},"author":5777,"featured_media":0,"parent":1176,"menu_order":4,"comment_status":"closed","ping_status":"closed","template":"page-templates\/page_front-page.php","meta":{"footnotes":""},"class_list":["post-5022","page","type-page","status-publish","hentry"],"_links":{"self":[{"href":"https:\/\/userblogs.fu-berlin.de\/genome-editing\/wp-json\/wp\/v2\/pages\/5022","targetHints":{"allow":["GET"]}}],"collection":[{"href":"https:\/\/userblogs.fu-berlin.de\/genome-editing\/wp-json\/wp\/v2\/pages"}],"about":[{"href":"https:\/\/userblogs.fu-berlin.de\/genome-editing\/wp-json\/wp\/v2\/types\/page"}],"author":[{"embeddable":true,"href":"https:\/\/userblogs.fu-berlin.de\/genome-editing\/wp-json\/wp\/v2\/users\/5777"}],"replies":[{"embeddable":true,"href":"https:\/\/userblogs.fu-berlin.de\/genome-editing\/wp-json\/wp\/v2\/comments?post=5022"}],"version-history":[{"count":12,"href":"https:\/\/userblogs.fu-berlin.de\/genome-editing\/wp-json\/wp\/v2\/pages\/5022\/revisions"}],"predecessor-version":[{"id":7761,"href":"https:\/\/userblogs.fu-berlin.de\/genome-editing\/wp-json\/wp\/v2\/pages\/5022\/revisions\/7761"}],"up":[{"embeddable":true,"href":"https:\/\/userblogs.fu-berlin.de\/genome-editing\/wp-json\/wp\/v2\/pages\/1176"}],"wp:attachment":[{"href":"https:\/\/userblogs.fu-berlin.de\/genome-editing\/wp-json\/wp\/v2\/media?parent=5022"}],"curies":[{"name":"wp","href":"https:\/\/api.w.org\/{rel}","templated":true}]}}