{"id":5430,"date":"2021-01-06T08:11:32","date_gmt":"2021-01-06T07:11:32","guid":{"rendered":"https:\/\/userblogs.fu-berlin.de\/genome-editing\/?page_id=5430"},"modified":"2021-01-30T18:04:17","modified_gmt":"2021-01-30T17:04:17","slug":"geschichte-genom-editierung","status":"publish","type":"page","link":"https:\/\/userblogs.fu-berlin.de\/genome-editing\/lernen\/situation-analysieren\/verstehe-was-genome-editing-ist\/geschichte-genom-editierung\/","title":{"rendered":"Eine Geschichte der Genom-Editierung"},"content":{"rendered":"\n<p><em>Ein Beitrag von Laila Benz<\/em><\/p>\n\n\n\n<p>Von den Anf\u00e4ngen der modernen Genetik im 19. Jahrhundert, als Gregor Mendel die Vererbung entdeckte, bis zur Anwendung von Genome Editing mit CRISPR Cas9 im 21. Jahrhundert ist viel passiert. <\/p>\n\n\n\n<p>Wichtige Meilensteine in der Geschichte des Genome Editings zeigt Dir dieser Zeitstrahl.<\/p>\n\n\n\n<p>So klar und immer nach vorne gerichtet, wie der Zeitstrahl wirkt, ist Forschung jedoch nicht. Vieles wird zuf\u00e4llig entdeckt und manchmal erkennen erst Andere sp\u00e4ter in der Forschung etwas N\u00fctzliches. In anderen F\u00e4llen werden erst r\u00fcckblickend Probleme wissenschaftlicher Forschung bekannt. <\/p>\n\n\n\n<p>Besonders beim Thema Genome Editing gibt es auch unter Wissenschaftler*innen viele, die Forschung an Menschen sehr kritisch sehen. Besuche doch auch unsere Einheit <a href=\"https:\/\/userblogs.fu-berlin.de\/genome-editing\/lernen\/situation-analysieren\/inszenierung-hinterfragen\/\">Hinterfrage die Inszenierung<\/a>, um mehr \u00fcber die Wirkung einer Darstellungsweise zu erfahren! Aber erst einmal schaue sie Dir an:<\/p>\n\n\n\n<div style=\"height:20px\" aria-hidden=\"true\" class=\"wp-block-spacer\"><\/div>\n\n\n<div class=\"h5p-iframe-wrapper\"><iframe id=\"h5p-iframe-17\" class=\"h5p-iframe\" data-content-id=\"17\" style=\"height:1px\" src=\"about:blank\" frameBorder=\"0\" scrolling=\"no\" title=\"Zeitliche \u00dcbersicht GE\"><\/iframe><\/div>\n","protected":false},"excerpt":{"rendered":"<p>Ein Beitrag von Laila Benz Von den Anf\u00e4ngen der modernen [&hellip;]<\/p>\n","protected":false},"author":4241,"featured_media":0,"parent":1176,"menu_order":5,"comment_status":"closed","ping_status":"closed","template":"page-templates\/page_fullwidth.php","meta":{"footnotes":""},"class_list":["post-5430","page","type-page","status-publish","hentry"],"_links":{"self":[{"href":"https:\/\/userblogs.fu-berlin.de\/genome-editing\/wp-json\/wp\/v2\/pages\/5430","targetHints":{"allow":["GET"]}}],"collection":[{"href":"https:\/\/userblogs.fu-berlin.de\/genome-editing\/wp-json\/wp\/v2\/pages"}],"about":[{"href":"https:\/\/userblogs.fu-berlin.de\/genome-editing\/wp-json\/wp\/v2\/types\/page"}],"author":[{"embeddable":true,"href":"https:\/\/userblogs.fu-berlin.de\/genome-editing\/wp-json\/wp\/v2\/users\/4241"}],"replies":[{"embeddable":true,"href":"https:\/\/userblogs.fu-berlin.de\/genome-editing\/wp-json\/wp\/v2\/comments?post=5430"}],"version-history":[{"count":18,"href":"https:\/\/userblogs.fu-berlin.de\/genome-editing\/wp-json\/wp\/v2\/pages\/5430\/revisions"}],"predecessor-version":[{"id":8355,"href":"https:\/\/userblogs.fu-berlin.de\/genome-editing\/wp-json\/wp\/v2\/pages\/5430\/revisions\/8355"}],"up":[{"embeddable":true,"href":"https:\/\/userblogs.fu-berlin.de\/genome-editing\/wp-json\/wp\/v2\/pages\/1176"}],"wp:attachment":[{"href":"https:\/\/userblogs.fu-berlin.de\/genome-editing\/wp-json\/wp\/v2\/media?parent=5430"}],"curies":[{"name":"wp","href":"https:\/\/api.w.org\/{rel}","templated":true}]}}