{"id":5480,"date":"2021-01-06T11:18:14","date_gmt":"2021-01-06T10:18:14","guid":{"rendered":"https:\/\/userblogs.fu-berlin.de\/genome-editing\/?page_id=5480"},"modified":"2021-02-01T20:23:06","modified_gmt":"2021-02-01T19:23:06","slug":"5480-2","status":"publish","type":"page","link":"https:\/\/userblogs.fu-berlin.de\/genome-editing\/lernen\/urteilen\/bau-dir-ein-modell\/5480-2\/","title":{"rendered":"Urteilsbildungsmodelle"},"content":{"rendered":"\n<div style=\"height:20px\" aria-hidden=\"true\" class=\"wp-block-spacer\"><\/div>\n\n\n\n<p class=\"has-small-font-size\"><a data-jzz-gui-player=\"true\" href=\"https:\/\/userblogs.fu-berlin.de\/genome-editing\/\"><span style=\"color:#2c89a0\" class=\"has-inline-color\">Startseite<\/span><\/a> &gt; <span style=\"color:#2c89a0\" class=\"has-inline-color\"><a data-jzz-gui-player=\"true\" href=\"https:\/\/userblogs.fu-berlin.de\/genome-editing\/lernen\/urteilen\/\">Wie komme ich zu einem Urteil? <\/a><\/span><a data-jzz-gui-player=\"true\" href=\"https:\/\/userblogs.fu-berlin.de\/genome-editing\/lernen\/urteilen\/\"><span style=\"color:#2c89a0\" class=\"has-inline-color\"><\/span><span style=\"color:#2c89a0\" class=\"has-inline-color\"><\/span><\/a>&gt; <a data-jzz-gui-player=\"true\" href=\"https:\/\/userblogs.fu-berlin.de\/genome-editing\/lernen\/urteilen\/bau-dir-ein-modell\/\">Bau dir ein Modell!<\/a> &gt; <strong>Urteilsbildungsmodelle<\/strong><\/p>\n\n\n\n<div class=\"wp-block-cover has-background-dim\" style=\"background-color:#164450;min-height:150px;aspect-ratio:unset;\"><div class=\"wp-block-cover__inner-container is-layout-flow wp-block-cover-is-layout-flow\">\n<h1 class=\"has-text-align-center wp-block-heading\">Urteilsbildungsmodelle <\/h1>\n\n\n\n<h1 class=\"has-text-align-center wp-block-heading\">als &#8222;Checklisten&#8220;<\/h1>\n<\/div><\/div>\n\n\n\n<div style=\"height:30px\" aria-hidden=\"true\" class=\"wp-block-spacer\"><\/div>\n\n\n\n<p class=\"has-text-align-left\"><em>Ein Beitrag von Julia Dietrich<\/em><\/p>\n\n\n\n<div style=\"height:30px\" aria-hidden=\"true\" class=\"wp-block-spacer\"><\/div>\n\n\n\n<ol class=\"wp-block-list\" start=\"1\"><li><strong>Epikur<\/strong> fand es sehr wichtig, dass man Unangenehmes vermeidet und Angenehmes anstrebt. Dabei ist es aber klug, so seine \u00dcberlegung, sich nicht allzu sehr aus der Fassung bringen zu lassen, damit das Leben nicht zu anstrengend wird.<br>Auf seiner Checkliste stehen<strong> 3 Punkte.<\/strong><\/li><\/ol>\n\n\n\n<ol class=\"wp-block-list\" start=\"2\"><li><strong>Aristoteles<\/strong> war der Ansicht, dass Menschen sich dadurch auszeichnen, dass sie sich selber Ziele setzen und diese dann auch klug umsetzen k\u00f6nnen. Allerdings m\u00fcssen sie dies erst \u00fcben und das Ziel ist es dabei, auf jede Herausforderung eine angemessene Antwort zu finden, die weder unter- noch \u00fcbertrieben ist. Hierf\u00fcr kann es helfen, sich zu \u00fcberlegen, was genau denn die Umst\u00e4nde der Situation sind und ob man schon einmal in derselben Situation war und wie man da gehandelt hat. Au\u00dferdem kann man sich an denjenigen orientieren, die schon mehr Erfahrung haben.<br>Auf seiner Checkliste stehen<strong> 4 Punkte.<\/strong><\/li><\/ol>\n\n\n\n<ol class=\"wp-block-list\" start=\"3\"><li><strong>Bentham<\/strong> und <strong>Mill<\/strong> hatten die Vision, dass man die Antwort auf ethische Fragen unabh\u00e4ngig von weltanschaulichen Fragen objektiv und f\u00fcr alle \u201eausrechnen\u201c kann. Dies stellten sie sich so vor, dass man schaut, welche Handlungsm\u00f6glichkeiten man hat, welche Folgen aus ihnen jeweils entstehen w\u00fcrden, ob diese Folgen gut oder schlecht w\u00e4ren und welche Gesamtbilanz sich daraus erg\u00e4be. Die Handlungsm\u00f6glichkeit, welche die beste Gesamtbilanz h\u00e4tte, setzt man dann um.<br>Auf ihrer Checkliste stehen <strong>5 Punkte.<\/strong><\/li><\/ol>\n\n\n\n<ol class=\"wp-block-list\" start=\"4\"><li><strong>Kant<\/strong> war es sehr wichtig, dass man, wenn man vorhat etwas zu tun (oder zu unterlassen), das nicht einfach blindlings macht, sondern sich daf\u00fcr eine Regel gibt. Diese Regel muss man dann daraufhin pr\u00fcfen, ob sie wirklich stimmig und verallgemeinerbar, das hei\u00dft, f\u00fcr alle in derselben Situation g\u00fcltig ist. Wenn ja, muss man dann aber auch machen, was man sich vorgenommen hat!<br>Auf seiner Checkliste stehen<strong> 3 Punkte.<\/strong><\/li><\/ol>\n\n\n\n<ol class=\"wp-block-list\" start=\"5\"><li><strong>Rawls<\/strong> stand vermutlich mal auf einer Party mit seiner Clique in der K\u00fcche und alle hatten Angst, dass er, wenn er den Kuchen verteilt, sich selbst ein gr\u00f6\u00dferes St\u00fcck abzweigen k\u00f6nnte. Sie verabredeten daher mit ihm, dass er den Kuchen zwar aufschneiden und auf die Teller verteilen darf, die anderen aber selber w\u00e4hlen k\u00f6nnen, welche Teller sie bekommen und welchen Teller er bekommt.<br>Auf seiner Checkliste steht<strong> 1 Punkt.<\/strong><\/li><\/ol>\n\n\n\n<p>Leider sind die Checklisten-Punkte durcheinander geraten und die Ethiker_innen haben sie sich auch etwas anders notiert, als sie oben beschrieben wurden.<\/p>\n\n\n\n<p><strong>Kannst Du sie wieder richtig zuordnen?<\/strong> (Manchmal sollte man auf die Reihenfolge innerhalb der Checkliste achten.)<\/p>\n\n\n\n<p>Das kann man auch mit anderen zusammen spielen: Wer f\u00fcllt die meisten Checklisten am schnellsten richtig aus?<\/p>\n\n\n<div class=\"h5p-iframe-wrapper\"><iframe id=\"h5p-iframe-78\" class=\"h5p-iframe\" data-content-id=\"78\" style=\"height:1px\" src=\"about:blank\" frameBorder=\"0\" scrolling=\"no\" title=\"Setze die Checklisten wieder richtig zusammen!\"><\/iframe><\/div>\n\n\n\n<div style=\"height:30px\" aria-hidden=\"true\" class=\"wp-block-spacer\"><\/div>\n\n\n\n<div class=\"wp-block-columns is-layout-flex wp-container-core-columns-is-layout-28f84493 wp-block-columns-is-layout-flex\">\n<div class=\"wp-block-column is-layout-flow wp-block-column-is-layout-flow\" style=\"flex-basis:66.66%\">\n<p>Fertig? Alles richtig? Super!<\/p>\n\n\n\n<p>\u27a4 Versuch doch einmal, jede Checkliste auf die Frage anzuwenden, ob das Genome Editing beim Menschen eingef\u00fchrt werden soll &#8211; zu welchem Ergebnis kommst Du? (In einer Gruppe kann man das auch aufteilen und jede_r bearbeitet eine Checkliste und stellt das Ergebnis zur Diskussion.)<\/p>\n\n\n\n<p>\u27a4 Welche Checkliste ist die beste? Und warum?<br>Oder hat jede Checkliste Vor- und Nachteile? Welche?<\/p>\n\n\n\n<p>Du findest alle Checklisten irgendwie hilfreich? Auf der n\u00e4chsten Seite erf\u00e4hrst Du unter dem Titel &#8222;Ethische Vielfalt&#8220;, wie man mit der Vielfalt verschiedener Modelle umgehen kann.<\/p>\n\n\n\n<p>Wenn Du mehr \u00fcber die Ethiker_innen erfahren m\u00f6chtest und wie sie auf ihre Checklisten gekommen sind, dann kannst Du die Einf\u00fchrungen dazu lesen oder anh\u00f6ren, welche Dir erkl\u00e4ren, wie man <a data-jzz-gui-player=\"true\" href=\"https:\/\/userblogs.fu-berlin.de\/genome-editing\/lernen\/normen-und-werte\/normen-und-werte-begruenden\/\">Normen und Werte begr\u00fcnden kann<\/a>. Damit Du schnell die richtige findest, hier noch ein Tipp: Epikur findest Du unter dem Stichwort <a href=\"https:\/\/userblogs.fu-berlin.de\/genome-editing\/hedonismus\/\">Lust<\/a>, Aristoteles bei <a href=\"https:\/\/userblogs.fu-berlin.de\/genome-editing\/das-prinzip-des-gluecks-eudaemonismus\/\">Gl\u00fcck<\/a>, Bentham und Mill bei <a href=\"https:\/\/userblogs.fu-berlin.de\/genome-editing\/das-prinzip-des-nutzens-utilitarismus\/\">Nutzen<\/a>, Kant bei <a href=\"https:\/\/userblogs.fu-berlin.de\/genome-editing\/das-prinzip-der-pflicht-deontologische-moraltheorie\/\">Pflicht <\/a>und Rawls bei <a href=\"https:\/\/userblogs.fu-berlin.de\/genome-editing\/das-prinzip-des-vertrags-kontraktualismus\/\">Vertrag<\/a>. Hier findest Du am Ende auch immer einige Ideen, welche Bedeutung der jeweilige Ansatz f\u00fcr das Genome Editing haben k\u00f6nnte.<\/p>\n<\/div>\n\n\n\n<div class=\"wp-block-column is-layout-flow wp-block-column-is-layout-flow\" style=\"flex-basis:33.33%\"><\/div>\n<\/div>\n","protected":false},"excerpt":{"rendered":"<p>Startseite &gt; Wie komme ich zu einem Urteil? &gt; Bau [&hellip;]<\/p>\n","protected":false},"author":5777,"featured_media":0,"parent":5458,"menu_order":0,"comment_status":"closed","ping_status":"closed","template":"page-templates\/page_front-page.php","meta":{"footnotes":""},"class_list":["post-5480","page","type-page","status-publish","hentry"],"_links":{"self":[{"href":"https:\/\/userblogs.fu-berlin.de\/genome-editing\/wp-json\/wp\/v2\/pages\/5480","targetHints":{"allow":["GET"]}}],"collection":[{"href":"https:\/\/userblogs.fu-berlin.de\/genome-editing\/wp-json\/wp\/v2\/pages"}],"about":[{"href":"https:\/\/userblogs.fu-berlin.de\/genome-editing\/wp-json\/wp\/v2\/types\/page"}],"author":[{"embeddable":true,"href":"https:\/\/userblogs.fu-berlin.de\/genome-editing\/wp-json\/wp\/v2\/users\/5777"}],"replies":[{"embeddable":true,"href":"https:\/\/userblogs.fu-berlin.de\/genome-editing\/wp-json\/wp\/v2\/comments?post=5480"}],"version-history":[{"count":50,"href":"https:\/\/userblogs.fu-berlin.de\/genome-editing\/wp-json\/wp\/v2\/pages\/5480\/revisions"}],"predecessor-version":[{"id":8521,"href":"https:\/\/userblogs.fu-berlin.de\/genome-editing\/wp-json\/wp\/v2\/pages\/5480\/revisions\/8521"}],"up":[{"embeddable":true,"href":"https:\/\/userblogs.fu-berlin.de\/genome-editing\/wp-json\/wp\/v2\/pages\/5458"}],"wp:attachment":[{"href":"https:\/\/userblogs.fu-berlin.de\/genome-editing\/wp-json\/wp\/v2\/media?parent=5480"}],"curies":[{"name":"wp","href":"https:\/\/api.w.org\/{rel}","templated":true}]}}