{"id":5567,"date":"2021-01-06T17:57:06","date_gmt":"2021-01-06T16:57:06","guid":{"rendered":"https:\/\/userblogs.fu-berlin.de\/genome-editing\/?page_id=5567"},"modified":"2021-02-01T09:23:21","modified_gmt":"2021-02-01T08:23:21","slug":"grenzen-der-normalitaet-ueberschreiten","status":"publish","type":"page","link":"https:\/\/userblogs.fu-berlin.de\/genome-editing\/lernen\/normen-und-werte\/ethische-grundbegriffe\/grenzen-der-normalitaet-ueberschreiten\/","title":{"rendered":"Grenzen der Normalit\u00e4t \u00fcberschreiten"},"content":{"rendered":"\n<div style=\"height:30px\" aria-hidden=\"true\" class=\"wp-block-spacer\"><\/div>\n\n\n\n<h2 class=\"wp-block-heading\"><strong>Grenzen der Normalit\u00e4t \u00fcberschreiten<\/strong>?<br><\/h2>\n\n\n\n<p><em>Ein Beitrag von Florian B\u00f6gner<\/em><\/p>\n\n\n\n<p><\/p>\n\n\n\n<figure class=\"wp-block-video\"><video controls src=\"http:\/\/medien.cedis.fu-berlin.de\/genomedit\/normalitaet_ueberschreiten.mp4\"><\/video><\/figure>\n\n\n\n<p><br>Der Text zum Video:<br><\/p>\n\n\n\n<h2 class=\"wp-block-heading\"><strong>Norm und Normalit\u00e4t?<\/strong><br><\/h2>\n\n\n\n<p>In vielen Lebensbereichen \u00fcberschreiten wir Grenzen des f\u00fcr uns Normalen und zeigen dadurch, dass Dinge auch anders sein k\u00f6nnen. Die Fragen, die sich dadurch auftun, sind oft ethischer Natur: Was genau wollen wir ver\u00e4ndern? Was soll gleich bleiben? Und auf welche Art und Weise \u00fcberschreiten wir am Besten die Grenzen des bisher Normalen?<\/p>\n\n\n\n<p><\/p>\n\n\n\n<div class=\"wp-block-columns is-layout-flex wp-container-core-columns-is-layout-28f84493 wp-block-columns-is-layout-flex\">\n<div class=\"wp-block-column is-layout-flow wp-block-column-is-layout-flow\" style=\"flex-basis:25.1%\">\n<div class=\"wp-block-image is-style-default\"><figure class=\"alignright size-large is-resized\"><img loading=\"lazy\" decoding=\"async\" src=\"https:\/\/userblogs.fu-berlin.de\/genome-editing\/files\/2021\/01\/possible-953169_1920-1024x683.jpg\" alt=\"\" class=\"wp-image-5819\" width=\"288\" height=\"191\" srcset=\"https:\/\/userblogs.fu-berlin.de\/genome-editing\/files\/2021\/01\/possible-953169_1920-1024x683.jpg 1024w, https:\/\/userblogs.fu-berlin.de\/genome-editing\/files\/2021\/01\/possible-953169_1920-300x200.jpg 300w, https:\/\/userblogs.fu-berlin.de\/genome-editing\/files\/2021\/01\/possible-953169_1920-768x512.jpg 768w, https:\/\/userblogs.fu-berlin.de\/genome-editing\/files\/2021\/01\/possible-953169_1920-1536x1024.jpg 1536w, https:\/\/userblogs.fu-berlin.de\/genome-editing\/files\/2021\/01\/possible-953169_1920-830x553.jpg 830w, https:\/\/userblogs.fu-berlin.de\/genome-editing\/files\/2021\/01\/possible-953169_1920-230x153.jpg 230w, https:\/\/userblogs.fu-berlin.de\/genome-editing\/files\/2021\/01\/possible-953169_1920-350x233.jpg 350w, https:\/\/userblogs.fu-berlin.de\/genome-editing\/files\/2021\/01\/possible-953169_1920-480x320.jpg 480w, https:\/\/userblogs.fu-berlin.de\/genome-editing\/files\/2021\/01\/possible-953169_1920-250x167.jpg 250w, https:\/\/userblogs.fu-berlin.de\/genome-editing\/files\/2021\/01\/possible-953169_1920-550x367.jpg 550w, https:\/\/userblogs.fu-berlin.de\/genome-editing\/files\/2021\/01\/possible-953169_1920-800x533.jpg 800w, https:\/\/userblogs.fu-berlin.de\/genome-editing\/files\/2021\/01\/possible-953169_1920-270x180.jpg 270w, https:\/\/userblogs.fu-berlin.de\/genome-editing\/files\/2021\/01\/possible-953169_1920-450x300.jpg 450w, https:\/\/userblogs.fu-berlin.de\/genome-editing\/files\/2021\/01\/possible-953169_1920-750x500.jpg 750w, https:\/\/userblogs.fu-berlin.de\/genome-editing\/files\/2021\/01\/possible-953169_1920.jpg 1920w\" sizes=\"auto, (max-width: 288px) 100vw, 288px\" \/><\/figure><\/div>\n<\/div>\n\n\n\n<div class=\"wp-block-column is-layout-flow wp-block-column-is-layout-flow\">\n<p>Auch im Zirkus geht es darum, Grenzen des Normalen zu \u00fcbersteigen. Was k\u00f6rperlich zun\u00e4chst nicht machbar erscheint, k\u00f6nnen wir dennoch umsetzen\/machen. Wir, die Artisten, zeigen au\u00dfergew\u00f6hnliche Tricks und Fertigkeiten. W\u00e4re da Genome Editing nicht eine gute M\u00f6glichkeit, noch au\u00dfergew\u00f6hnlicher zu werden, indem ich meine biologischen Grundlagen ver\u00e4ndere? Vielleicht k\u00f6nnte ich dadurch auf einfache Weise&nbsp; besonders flexibel oder besonders stark werden, um noch krassere Tricks zu k\u00f6nnen?<\/p>\n<\/div>\n<\/div>\n\n\n\n<p><\/p>\n\n\n\n<p>Aus meiner Perspektive, der ich nicht nur Artist, sondern auch Zirkusp\u00e4dagoge bin, stellt sich die Situation so dar: Im stetigen Ein\u00fcben und Lernen der verschiedenen Zirkusdisziplinen steckt viel Reichtum \u2013 so eignen wir uns viele, auch ganz unterschiedliche Fertigkeiten an:&nbsp; Nur das Aufsetzen einer roten Nase macht uns noch nicht lustig. Aber w\u00e4hrend des \u00dcbens, entdecken wir neue Tricks, verinnerlichen deren Abfolge und erweitern und st\u00e4rken somit unsere k\u00f6rperlichen und geistigen F\u00e4higkeiten. Auch lernen wir damit umzugehen, wenn etwas mal nicht gleich klappt. Nicht zu vergessen ist: Auf diese Weise werden wir kreativ und&nbsp; das ist nat\u00fcrlich f\u00fcr uns wichtig, um immer wieder etwas neues zu kreieren.<\/p>\n\n\n\n<p>Als Zirkusp\u00e4dagoge achte ich darauf, dass ich, gem\u00e4\u00df den Fertigkeiten der lernenden Person, eine Art \u00dcbungsger\u00fcst baue, sodass neue Tricks sicher gelernt werden k\u00f6nnen, zum Beispiel ein Salto. Das Ger\u00fcst, also meine Hilfe, bauen wir dann gemeinsam immer weiter ab, bis die Person den Trick verinnerlicht hat und ohne fremde Unterst\u00fctzung selbstst\u00e4ndig vorf\u00fchren kann. Zusehende denken dann, das ist nicht mehr normal, was diese Person kann. Allerdings waren bis dahin viele kleine Schritte n\u00f6tig, bis der Trick verbl\u00fcfft.&nbsp;<\/p>\n\n\n\n<p>Was w\u00e4ren beim Genome Editing sinnvolle\u00a0 Kriterien f\u00fcr Verschiebungen des Normalen? W\u00e4re auch eine Verbesserung des K\u00f6rpers f\u00fcr die Artistik erw\u00fcnscht?<br><\/p>\n\n\n\n<p>P.S. von Julia Dietrich: Wenn Du wissen willst, was Zirkusartist_innen mit Philosoph_innen gemeinsam haben, dann klicke <a href=\"https:\/\/userblogs.fu-berlin.de\/genome-editing\/lernen\/urteilen\/bau-dir-ein-modell\/ethische-vielfalt\/\">hier<\/a>!<br><br><br><\/p>\n","protected":false},"excerpt":{"rendered":"<p>Grenzen der Normalit\u00e4t \u00fcberschreiten? Ein Beitrag von Florian B\u00f6gner Der [&hellip;]<\/p>\n","protected":false},"author":4281,"featured_media":0,"parent":1288,"menu_order":4,"comment_status":"closed","ping_status":"closed","template":"page-templates\/page_front-page.php","meta":{"footnotes":""},"class_list":["post-5567","page","type-page","status-publish","hentry"],"_links":{"self":[{"href":"https:\/\/userblogs.fu-berlin.de\/genome-editing\/wp-json\/wp\/v2\/pages\/5567","targetHints":{"allow":["GET"]}}],"collection":[{"href":"https:\/\/userblogs.fu-berlin.de\/genome-editing\/wp-json\/wp\/v2\/pages"}],"about":[{"href":"https:\/\/userblogs.fu-berlin.de\/genome-editing\/wp-json\/wp\/v2\/types\/page"}],"author":[{"embeddable":true,"href":"https:\/\/userblogs.fu-berlin.de\/genome-editing\/wp-json\/wp\/v2\/users\/4281"}],"replies":[{"embeddable":true,"href":"https:\/\/userblogs.fu-berlin.de\/genome-editing\/wp-json\/wp\/v2\/comments?post=5567"}],"version-history":[{"count":13,"href":"https:\/\/userblogs.fu-berlin.de\/genome-editing\/wp-json\/wp\/v2\/pages\/5567\/revisions"}],"predecessor-version":[{"id":8463,"href":"https:\/\/userblogs.fu-berlin.de\/genome-editing\/wp-json\/wp\/v2\/pages\/5567\/revisions\/8463"}],"up":[{"embeddable":true,"href":"https:\/\/userblogs.fu-berlin.de\/genome-editing\/wp-json\/wp\/v2\/pages\/1288"}],"wp:attachment":[{"href":"https:\/\/userblogs.fu-berlin.de\/genome-editing\/wp-json\/wp\/v2\/media?parent=5567"}],"curies":[{"name":"wp","href":"https:\/\/api.w.org\/{rel}","templated":true}]}}