{"id":7294,"date":"2021-01-14T09:50:33","date_gmt":"2021-01-14T08:50:33","guid":{"rendered":"https:\/\/userblogs.fu-berlin.de\/genome-editing\/?page_id=7294"},"modified":"2021-01-29T18:38:02","modified_gmt":"2021-01-29T17:38:02","slug":"die-plattform-im-ueberblick","status":"publish","type":"page","link":"https:\/\/userblogs.fu-berlin.de\/genome-editing\/die-plattform-im-ueberblick\/","title":{"rendered":"Die Lernplattform im \u00dcberblick"},"content":{"rendered":"\n<p>Die Selbstlernmodule der Plattform sind in drei Ebenen gegliedert. Auf der obersten Ebene wurden die verschiedenen Schritte einer Fallanalyse zu 6 Fragen umformuliert, die als solche themenunabh\u00e4ngig sind (eine kleine Anleitung zum Transfer findet sich<a href=\"https:\/\/userblogs.fu-berlin.de\/genome-editing\/stell-dir-die-richtigen-fragen\/\"> hier<\/a>). Auf der n\u00e4chst tieferen Ebene wurde eine systematische Steigerung der Komplexit\u00e4t angezielt. Auch die Struktur dieser Ebene kann auf andere Themenstellungen \u00fcbertragen werden. Damit dies einfacher m\u00f6glich ist, werden hier die Fragen und Arbeitsschritte der Selbstlernmodelle noch einmal im \u00dcberblick dargestellt (siehe auch <a href=\"https:\/\/userblogs.fu-berlin.de\/genome-editing\/projekt\/konzeption-der-lp\/\">zur Konzeption der Lernplattform<\/a>).<\/p>\n\n\n\n<div class=\"wp-block-columns is-layout-flex wp-container-core-columns-is-layout-28f84493 wp-block-columns-is-layout-flex\">\n<div class=\"wp-block-column is-layout-flow wp-block-column-is-layout-flow\" style=\"flex-basis:33.33%\">\n<p style=\"font-size:17px\"><a href=\"https:\/\/userblogs.fu-berlin.de\/genome-editing\/lernen\/argumentieren\/\"><strong>Was ist hier los?<\/strong><\/a><\/p>\n<\/div>\n\n\n\n<div class=\"wp-block-column is-layout-flow wp-block-column-is-layout-flow\" style=\"flex-basis:66.66%\">\n<ul class=\"wp-block-list\"><li><a href=\"https:\/\/userblogs.fu-berlin.de\/genome-editing\/lernen\/argumentieren\/mache-dir-ein-erstes-bild\/\">Mache Dir ein erstes Bild!<\/a><\/li><li><a href=\"https:\/\/userblogs.fu-berlin.de\/genome-editing\/lernen\/argumentieren\/erste-meinung\/\">Formuliere eine erste Meinung!<\/a><\/li><li><a href=\"https:\/\/userblogs.fu-berlin.de\/genome-editing\/lernen\/argumentieren\/stuetze-deine-meinung-mit-einem-argument\/\">St\u00fctze deine Meinung mit einem Argument!<\/a><\/li><li><a href=\"https:\/\/userblogs.fu-berlin.de\/genome-editing\/lernen\/argumentieren\/hinterfrage-dein-argument\/\">Hinterfrage dein Argument!<\/a><\/li><\/ul>\n<\/div>\n<\/div>\n\n\n\n<div class=\"wp-block-columns is-layout-flex wp-container-core-columns-is-layout-28f84493 wp-block-columns-is-layout-flex\">\n<div class=\"wp-block-column is-layout-flow wp-block-column-is-layout-flow\" style=\"flex-basis:33.33%\">\n<p style=\"font-size:17px\"><a href=\"https:\/\/userblogs.fu-berlin.de\/genome-editing\/lernen\/situation-analysieren\/\"><strong>Worum geht es \u00fcberhaupt?<\/strong><\/a><\/p>\n<\/div>\n\n\n\n<div class=\"wp-block-column is-layout-flow wp-block-column-is-layout-flow\" style=\"flex-basis:66.66%\">\n<ul class=\"wp-block-list\"><li><a href=\"https:\/\/userblogs.fu-berlin.de\/genome-editing\/lernen\/situation-analysieren\/verstehe-was-genome-editing-ist\/\">Verstehe, was Genome Editing ist und was wir damit machen k\u00f6nnten!<\/a><\/li><li><a href=\"https:\/\/userblogs.fu-berlin.de\/genome-editing\/lernen\/situation-analysieren\/perspektiven-einnehmen\/\">Nimm\u2018 verschiedene Perspektiven ein!<\/a><\/li><li><a href=\"https:\/\/userblogs.fu-berlin.de\/genome-editing\/lernen\/situation-analysieren\/inszenierung-hinterfragen\/\">Hinterfrage die Inszenierung!<\/a><\/li><\/ul>\n<\/div>\n<\/div>\n\n\n\n<div class=\"wp-block-columns is-layout-flex wp-container-core-columns-is-layout-28f84493 wp-block-columns-is-layout-flex\">\n<div class=\"wp-block-column is-layout-flow wp-block-column-is-layout-flow\" style=\"flex-basis:33.33%\">\n<p style=\"font-size:17px\"><a href=\"https:\/\/userblogs.fu-berlin.de\/genome-editing\/lernen\/normen-und-werte\/\"><strong>Welche Normen und Werte sind wichtig?<\/strong><\/a><\/p>\n<\/div>\n\n\n\n<div class=\"wp-block-column is-layout-flow wp-block-column-is-layout-flow\" style=\"flex-basis:66.66%\">\n<ul class=\"wp-block-list\"><li><a href=\"https:\/\/userblogs.fu-berlin.de\/genome-editing\/lernen\/normen-und-werte\/ethische-grundbegriffe\/\">Lerne ethische Grundbegriffe kennen!<\/a><\/li><li><a href=\"https:\/\/userblogs.fu-berlin.de\/genome-editing\/lernen\/normen-und-werte\/normen-und-werte-begruenden\/\">Lerne, wie Du Normen und Werte begr\u00fcnden kannst!<\/a><\/li><li><a href=\"https:\/\/userblogs.fu-berlin.de\/genome-editing\/lernen\/normen-und-werte\/was-sagt-die-ethik\/\">Was sagt die Ethik zum Genome Editing?<\/a><\/li><\/ul>\n\n\n\n<p><\/p>\n<\/div>\n<\/div>\n\n\n\n<div class=\"wp-block-columns is-layout-flex wp-container-core-columns-is-layout-28f84493 wp-block-columns-is-layout-flex\">\n<div class=\"wp-block-column is-layout-flow wp-block-column-is-layout-flow\" style=\"flex-basis:33.33%\">\n<p style=\"font-size:17px\"><a href=\"https:\/\/userblogs.fu-berlin.de\/genome-editing\/lernen\/urteilen\/\"><strong>Wie komme ich zu einem Urteil?<\/strong><\/a><\/p>\n<\/div>\n\n\n\n<div class=\"wp-block-column is-layout-flow wp-block-column-is-layout-flow\" style=\"flex-basis:66.66%\">\n<ul class=\"wp-block-list\"><li><a href=\"https:\/\/userblogs.fu-berlin.de\/genome-editing\/lernen\/urteilen\/bau-dir-ein-modell\/\">Bau Dir ein Modell!<\/a><\/li><li><a href=\"https:\/\/userblogs.fu-berlin.de\/genome-editing\/lernen\/urteilen\/was-kannst-du-dir-von-anderen-abgucken\/\">Gucke Dir was von Anderen ab!<\/a><\/li><li><a href=\"https:\/\/userblogs.fu-berlin.de\/genome-editing\/lernen\/urteilen\/schwierige-entscheidungen\/\">Akzeptiere schwierige Entscheidungen!<\/a><\/li><\/ul>\n<\/div>\n<\/div>\n\n\n\n<div class=\"wp-block-columns is-layout-flex wp-container-core-columns-is-layout-28f84493 wp-block-columns-is-layout-flex\">\n<div class=\"wp-block-column is-layout-flow wp-block-column-is-layout-flow\" style=\"flex-basis:33.33%\">\n<p style=\"font-size:17px\"><a href=\"https:\/\/userblogs.fu-berlin.de\/genome-editing\/lernen\/handeln\/\"><strong>Was soll ich tun?<\/strong><\/a><\/p>\n<\/div>\n\n\n\n<div class=\"wp-block-column is-layout-flow wp-block-column-is-layout-flow\" style=\"flex-basis:66.66%\">\n<ul class=\"wp-block-list\"><li><a href=\"https:\/\/userblogs.fu-berlin.de\/genome-editing\/lernen\/handeln\/alternativen-uberlegen\/\">Bestimme die Alternativen!<\/a><\/li><li><a href=\"https:\/\/userblogs.fu-berlin.de\/genome-editing\/lernen\/handeln\/zwischen-alternativen-entscheiden\/\">Entscheide Dich f\u00fcr eine Alternative!<\/a><\/li><li><a href=\"https:\/\/userblogs.fu-berlin.de\/genome-editing\/lernen\/handeln\/aktiv-werden\/\">Werde aktiv!<\/a><\/li><\/ul>\n<\/div>\n<\/div>\n\n\n\n<div class=\"wp-block-columns is-layout-flex wp-container-core-columns-is-layout-28f84493 wp-block-columns-is-layout-flex\">\n<div class=\"wp-block-column is-layout-flow wp-block-column-is-layout-flow\" style=\"flex-basis:33.33%\">\n<p style=\"font-size:17px\"><a href=\"https:\/\/userblogs.fu-berlin.de\/genome-editing\/lernen\/method-reflexion\/\"><strong>Was ist hier zu lernen?<\/strong><\/a><\/p>\n<\/div>\n\n\n\n<div class=\"wp-block-column is-layout-flow wp-block-column-is-layout-flow\" style=\"flex-basis:66.66%\">\n<ul class=\"wp-block-list\"><li><a href=\"https:\/\/userblogs.fu-berlin.de\/genome-editing\/lernen\/method-reflexion\/du-hast-viel-gelernt\/\">Was Genome Editing mit Ethik zu tun hat!<\/a><\/li><li><a href=\"https:\/\/userblogs.fu-berlin.de\/genome-editing\/wie-du-einen-ethischen-fall-analysieren-kannst\/\">Wie Du einen ethischen Fall analysieren kannst!<\/a><\/li><li><a href=\"https:\/\/userblogs.fu-berlin.de\/genome-editing\/lernen\/method-reflexion\/ein-reflektiertes-leben-ist-schoen\/zum-zwecke-der-philosophie\/\">Wozu Philosophie gut ist!<\/a><\/li><li><a href=\"https:\/\/userblogs.fu-berlin.de\/genome-editing\/ethik-vermitteln\/konzepte-die-ethik-des-genome-editing-im-fachdidaktischen-kontext\/\">Etwas \u00fcber\u2019s Lernen.<\/a><\/li><\/ul>\n<\/div>\n<\/div>\n","protected":false},"excerpt":{"rendered":"<p>Die Selbstlernmodule der Plattform sind in drei Ebenen gegliedert. Auf [&hellip;]<\/p>\n","protected":false},"author":5784,"featured_media":0,"parent":0,"menu_order":0,"comment_status":"closed","ping_status":"closed","template":"","meta":{"footnotes":""},"class_list":["post-7294","page","type-page","status-publish","hentry"],"_links":{"self":[{"href":"https:\/\/userblogs.fu-berlin.de\/genome-editing\/wp-json\/wp\/v2\/pages\/7294","targetHints":{"allow":["GET"]}}],"collection":[{"href":"https:\/\/userblogs.fu-berlin.de\/genome-editing\/wp-json\/wp\/v2\/pages"}],"about":[{"href":"https:\/\/userblogs.fu-berlin.de\/genome-editing\/wp-json\/wp\/v2\/types\/page"}],"author":[{"embeddable":true,"href":"https:\/\/userblogs.fu-berlin.de\/genome-editing\/wp-json\/wp\/v2\/users\/5784"}],"replies":[{"embeddable":true,"href":"https:\/\/userblogs.fu-berlin.de\/genome-editing\/wp-json\/wp\/v2\/comments?post=7294"}],"version-history":[{"count":11,"href":"https:\/\/userblogs.fu-berlin.de\/genome-editing\/wp-json\/wp\/v2\/pages\/7294\/revisions"}],"predecessor-version":[{"id":8089,"href":"https:\/\/userblogs.fu-berlin.de\/genome-editing\/wp-json\/wp\/v2\/pages\/7294\/revisions\/8089"}],"wp:attachment":[{"href":"https:\/\/userblogs.fu-berlin.de\/genome-editing\/wp-json\/wp\/v2\/media?parent=7294"}],"curies":[{"name":"wp","href":"https:\/\/api.w.org\/{rel}","templated":true}]}}