{"id":2,"date":"2017-01-13T13:01:14","date_gmt":"2017-01-13T12:01:14","guid":{"rendered":""},"modified":"2017-01-13T13:56:57","modified_gmt":"2017-01-13T12:56:57","slug":"impressum","status":"publish","type":"page","link":"https:\/\/userblogs.fu-berlin.de\/gree\/impressum\/","title":{"rendered":"Impressum"},"content":{"rendered":"<h2>Dienstanbieter:<\/h2>\n<p>Freie Universit\u00e4t Berlin, vertreten durch den <a href=\"https:\/\/www.fu-berlin.de\/einrichtungen\/organe\/praesidium\/praesident\/index.html\" target=\"_self\">Pr\u00e4sidenten<\/a>.<\/p>\n<h2>Anschrift:<\/h2>\n<p>Freie Universit\u00e4t Berlin<br \/>\nPr\u00e4sidium<br \/>\nKaiserswerther Str. 16\/18<br \/>\n14195 Berlin<\/p>\n<h2><strong>Umsatzsteueridentifikationsnummer:<\/strong><\/h2>\n<p>DE 811304768<\/p>\n<h2>Inhaltliche Verantwortung nach \u00a7 55 RfStV:<\/h2>\n<p>Dr. Teresa Orozco Mart\u00ednez<\/p>\n<p>ZI Lateinamerika Institut<br \/>\nR\u00fcdesheimer Str. 54-56, 14197 Berlin<br \/>\nE-Mail: <a title=\"E-Mail an Teresa Orozco Mart\u00ednez senden\" href=\"mailto:t.orozco@fu-berlin.de\">t.orozco@fu-berlin.de<\/a><\/p>\n<h2>Rechtsform:<\/h2>\n<p>Die Freie Universit\u00e4t Berlin ist eine K\u00f6rperschaft des \u00f6ffentlichen Rechts gem. \u00a7\u00a7 1 und 2 Berliner Hochschulgesetz (BerlHG). Das Webangebot der Freien Universit\u00e4t Berlin unterliegt dem geltenden <a title=\"Freie Universit\u00e4t Berlin: Urheberrecht\/Copyright\" href=\"https:\/\/www.fu-berlin.de\/redaktion\/copyright\/index.html\">Urheberrecht<\/a>. Beachten Sie bitte auch unseren <a title=\"Haftungsausschluss - Disclaimer, FU Berlin\" href=\"https:\/\/www.fu-berlin.de\/redaktion\/disclaimer\/index.html\">Haftungsausschluss\/Disclaimer.<\/a><\/p>\n<h2>Aufsichtsbeh\u00f6rde<\/h2>\n<p>Aufsichtsbeh\u00f6rde ist die nach \u00a7 89 BerlHG zust\u00e4ndige Berliner Senatsverwaltung f\u00fcr Bildung, Wissenschaft und Forschung.<\/p>\n","protected":false},"excerpt":{"rendered":"<p>Dienstanbieter: Freie Universit\u00e4t Berlin, vertreten durch den Pr\u00e4sidenten. Anschrift: Freie Universit\u00e4t Berlin Pr\u00e4sidium Kaiserswerther Str. 16\/18 14195 Berlin Umsatzsteueridentifikationsnummer: DE 811304768 Inhaltliche Verantwortung nach \u00a7 55 RfStV: Dr. Teresa Orozco Mart\u00ednez ZI Lateinamerika Institut R\u00fcdesheimer Str. 54-56, 14197 Berlin E-Mail: &hellip; <a href=\"https:\/\/userblogs.fu-berlin.de\/gree\/impressum\/\">Weiterlesen <span class=\"meta-nav\">&rarr;<\/span><\/a><\/p>\n","protected":false},"author":2822,"featured_media":0,"parent":0,"menu_order":0,"comment_status":"open","ping_status":"open","template":"","meta":{"footnotes":""},"class_list":["post-2","page","type-page","status-publish","hentry"],"_links":{"self":[{"href":"https:\/\/userblogs.fu-berlin.de\/gree\/wp-json\/wp\/v2\/pages\/2","targetHints":{"allow":["GET"]}}],"collection":[{"href":"https:\/\/userblogs.fu-berlin.de\/gree\/wp-json\/wp\/v2\/pages"}],"about":[{"href":"https:\/\/userblogs.fu-berlin.de\/gree\/wp-json\/wp\/v2\/types\/page"}],"author":[{"embeddable":true,"href":"https:\/\/userblogs.fu-berlin.de\/gree\/wp-json\/wp\/v2\/users\/2822"}],"replies":[{"embeddable":true,"href":"https:\/\/userblogs.fu-berlin.de\/gree\/wp-json\/wp\/v2\/comments?post=2"}],"version-history":[{"count":1,"href":"https:\/\/userblogs.fu-berlin.de\/gree\/wp-json\/wp\/v2\/pages\/2\/revisions"}],"predecessor-version":[{"id":13,"href":"https:\/\/userblogs.fu-berlin.de\/gree\/wp-json\/wp\/v2\/pages\/2\/revisions\/13"}],"wp:attachment":[{"href":"https:\/\/userblogs.fu-berlin.de\/gree\/wp-json\/wp\/v2\/media?parent=2"}],"curies":[{"name":"wp","href":"https:\/\/api.w.org\/{rel}","templated":true}]}}