{"id":57,"date":"2017-01-13T15:30:46","date_gmt":"2017-01-13T14:30:46","guid":{"rendered":"https:\/\/userblogs.fu-berlin.de\/gree\/?page_id=57"},"modified":"2017-02-09T20:41:09","modified_gmt":"2017-02-09T19:41:09","slug":"invitadxsgaeste","status":"publish","type":"page","link":"https:\/\/userblogs.fu-berlin.de\/gree\/invitadxsgaeste\/","title":{"rendered":"Invitadxs\/G\u00e4ste"},"content":{"rendered":"<div class=\"page\" title=\"Page 1\">\n<div class=\"layoutArea\">\n<div class=\"column\">\n<h1><a href=\"https:\/\/userblogs.fu-berlin.de\/gree\/bloque-1schwerpunkt-1\/\"><span style=\"color: #008000\">1. Territorios en resistencia. La apropiacio\u0301n\/expropiacio\u0301n de recursos naturales desde una perspectiva de ge\u0301nero \/\/ Widersta\u0308ndige Territorien: An- und Enteignung natu\u0308rlicher Ressourcen aus einer Genderperspektive<\/span><\/a><\/h1>\n<p><strong><img loading=\"lazy\" decoding=\"async\" class=\"alignleft wp-image-165 size-thumbnail\" src=\"https:\/\/userblogs.fu-berlin.de\/gree\/files\/2017\/01\/Edna-Martinez_Foto-150x150.jpg\" alt=\"Edna Martinez_Foto\" width=\"150\" height=\"150\" \/><\/strong><\/p>\n<p><strong>Edna Mart\u00ednez<\/strong><\/p>\n<p style=\"text-align: justify\">es mujer afrocolombiana, activista pol\u00edtica, madre y doctora en sociolog\u00eda. Estudia y lucha para construir una sociedad donde todas las formas de explotaci\u00f3n, despojo y exclusi\u00f3n sean erradicadas. La humanidad no tiene futuro mientras sigue existiendo la propiedad privada de los medios de produci\u00f3n, de los recursos naturales y el trabajo individual y colectivo de los seres humanos sea apropiado y explotado para beneficio de unos pocos.<\/p>\n<p><strong>Alke Jenss<\/strong><\/p>\n<p style=\"text-align: justify\">&#8222;Mi trabajo acad\u00e9mico se sit\u00faa en la intersecci\u00f3n de pol\u00edtica econ\u00f3mica, teor\u00edas de estado, (in)seguridad y estudios de desigualdad global, con referencia particular a Am\u00e9rica Latina. Me ha interesado la reestructuraci\u00f3n agraria desde una perspectiva space\/scale. Incluye el papel de inversiones financieras en transformar espacios rurales. Mi tesis de doctorado, por la cual recib\u00ed el premio ADLAF 2016, es un an\u00e1lisis de relaciones entre estado y configuraciones violentas perpetuadas, comparando los casos de las guerras en Colombia y M\u00e9xico en base de datos cualitativos, y desde una perspectiva te\u00f3rica cr\u00edtica.&#8220;<br \/>\n<a href=\"https:\/\/uni-bielefeld.academia.edu\/AlkeJenss\" target=\"_blank\" rel=\"noreferrer\">https:\/\/uni-bielefeld.academia.edu\/AlkeJenss<\/a><\/p>\n<p><strong><img loading=\"lazy\" decoding=\"async\" class=\"alignleft size-thumbnail wp-image-154\" src=\"https:\/\/userblogs.fu-berlin.de\/gree\/files\/2017\/01\/Foto-Marina.-Workshop-Berlin-150x150.jpg\" alt=\"Foto Marina. Workshop Berlin\" width=\"150\" height=\"150\" \/>Marina Morales P\u00e9rez<\/strong><\/p>\n<p style=\"text-align: justify\">Licenciada en Ciencias Pol\u00edticas por la Universidad Aut\u00f3noma en Barcelona y Master en Pol\u00edtica Internacional por la Universidad Complutense de Madrid (UCM). Actualmente realizando su tesis doctoral en el Programa de Doctorado de Relaciones Internacionales de la UCM sobre Movimientos Sociales Latinoamericanos de Defensa de la Soberan\u00eda Alimentaria. Ha colaboradora con el Instituto Universitario de Desarrollo y Cooperaci\u00f3n de la UCM en proyectos sobre el Derecho a la Alimentaci\u00f3n. Tambi\u00e9n ha sido cooperante en el Norte de Argentina con el Movimiento Campesino de Santiago del Estero (MOCASE- Via Campesina). Sus activismo se centra en la promoci\u00f3n de la Soberan\u00eda Alimentaria, el feminismo, el ecologismo y la solidaridad<br \/>\ninternacional.<\/p>\n<p style=\"text-align: justify\"><strong>Giulia Fellin<br \/>\n<\/strong><\/p>\n<p style=\"text-align: justify\">Participa activamente en la Delegaci\u00f3n de Honduras (hondurasdelegation.blogspot.de): Se trata de una red de activistas, la cual fue creada como reacci\u00f3n al golpe de Estado en el a\u00f1o 2009 en Honduras. El trabajo de la Delegaci\u00f3n se enfoca en informar de manera cr\u00edtica desde y sobre Honduras. Se trata de un trabajo de difusi\u00f3n de informaci\u00f3n pol\u00edtica en Alemania, el cual se enfoca en las empresas europeas que ignoran los Derechos Humanos en Honduras. En abril de 2016 viaj\u00f3 a Honduras con la Delegaci\u00f3n para participar en un encuentro internacional bajo el nombre \u201eBerta C\u00e1ceres Vive!\u201c. El encuentro fue organizado en honor a Berta C\u00e1ceres, Co-creadora y Coordinadora de la Organizaci\u00f3n Ind\u00edgena COPINH.<\/p>\n<p style=\"text-align: justify\"><strong>Renata Campos Motta<\/strong><\/p>\n<p style=\"text-align: justify\">es soci\u00f3loga y docente en el Instituto de Estudios Latino-Americanos de la FU Berlin. En su tesis doctoral investig\u00f3 las mobilizaciones sociales de campesinos, ambientalistas, consumidores, defensores de derechos humanos, movimientos agroecol\u00f3gicos y grupos de vecinos contaminados por agrot\u00f3xicos frente a la expansi\u00f3n de cultivos transg\u00e9nicos en Argentina y Brasil. Renata se interesa por las relaciones estado y sociedad, las dimensiones globales de din\u00e1micas capitalistas y las luchas anti-capitalistas, las relaciones entre g\u00e9nero y medioambiente. Su nuevo proyecto es sobre colaboraciones ecol\u00f3gicas por la alimentaci\u00f3n.<\/p>\n<\/div>\n<div class=\"column\">\n<h1><span style=\"color: #993300\">2. Apropiacio\u0301n\/Expropiacio\u0301n del espacio pu\u0301blico\/privado \/\/ An- und Enteignung o\u0308ffentlicher und privater Ra\u0308ume<\/span><\/h1>\n<p><strong>Anke Schwarz<\/strong><\/p>\n<p style=\"text-align: justify\">studied Urban Planning in Hamburg and Vienna, and holds a PhD in Urban Geography from University of Hamburg. She was a guest doctoral researcher at Universidad Nacional Aut\u00f3noma de M\u00e9xico (UNAM), and the Heinrich B\u00f6ll Foundation supported her extensive research on Mexico City through scholarships between 2006 and 2014. Anke specializes in the social production of space and territory, the spatialization of social inequalities, urban infrastructures, domestic water use, and everyday practices. She develops novel methodological approaches and empirically grounded theoretical concepts on processes of urban transformation. <a href=\"https:\/\/www.ankeschwarz.net\/\">https:\/\/www.ankeschwarz.net\/<\/a><\/p>\n<\/div>\n<div class=\"column\">\n<p><strong>Manuel Lutz<\/strong><\/p>\n<p style=\"text-align: justify\"><span class=\"il\">Manuel<\/span> <span class=\"il\">Lutz<\/span> has studied in Dortmund (GER), Rostov on Don (RU), and Toronto (CA) and graduated in 2008 at the Technical University of Dortmund in interdisciplinary studies of spatial planning (Dipl.-Ing. Raumplanung). In 2009 he received a fellowship by DFG (Deutsche Forschungsgesellschaft) to commence his doctoral studies in political mgeography at the Center for Metropolitan Studies, Technical University Berlin. His dissertation examines informal settlements of homeless people in the USA and their local state regulation in the context of the restructuring of the welfare state. He has teached on urban movements at Free University Berlin and is currently part of a research team at the Urban Futures Institute at the University of Applied Sciences Potsdam exploring new forms of collective cluster housing. Current research interests include: restructuring of urban governance, transformations of housing, governing of urban informality and poverty, theories of the state and hegemony, and the role of urban movements.<\/p>\n<p style=\"text-align: justify\"><strong>Nassim Mehran<\/strong><\/p>\n<p style=\"text-align: justify\">Nassim is an architect and urban designer based in Berlin. From 2000 to 2009 Nassim studied architecture at Art University of Isfahan (Bachelor degree) and Art University of Tehran (Master degree) in Iran. During the course of her study, she got involved in several architecture and urban design projects in different cities (e.g. Isfahan and Ahvaz) for almost seven years. From 2010 to 2012 she broaden her knowledge on social subjects in respect to architecture and urban planning and earned a master&#8217;s degree in architecture from Dessau Institute of Architecture. She is currently PhD candidate at the department of Social Sciences, Humboldt University of Berlin. She is researching the subject of mental health and migration in the city of Berlin under the supervision of Prof. Dr. Naika Foroutan and Prof. Dr. Med. Dr. Phil. Andreas Heinz at the Berliner Institut f\u00fcr empirische Integrations- und Migrationsforschung (BIM).<\/p>\n<p style=\"text-align: justify\">For more information see: <a href=\"https:\/\/www.bim.hu-berlin.de\/en\/persons\/nassim-mehran\/\">https:\/\/www.bim.hu-berlin.de\/en\/persons\/nassim-mehran\/<\/a><\/p>\n<h1><a href=\"https:\/\/userblogs.fu-berlin.de\/gree\/bloque-3schwerpunkt-3\/\"><span style=\"color: #800080\">3. En defensa de los bienes comunes: perspectivas feministas contra la expropiacio\u0301n \/\/ Die Verteidigung von Gemeingu\u0308tern: Feministische Perspektiven gegen Enteignung<\/span><\/a><\/h1>\n<p><img loading=\"lazy\" decoding=\"async\" class=\"alignleft wp-image-101 size-thumbnail\" src=\"https:\/\/userblogs.fu-berlin.de\/gree\/files\/2017\/01\/vor-Elmau-150x150.jpg\" alt=\"vor Elmau\" width=\"150\" height=\"150\" \/><\/p>\n<p><strong>Friederike Habermann<\/strong><\/p>\n<p style=\"text-align: justify\">ist Autorin, Aktivistin und freie Akademikerin, zudem Volkswirtin, Historikerin und Dr. phil. in politischer Wissenschaft. Ihr besonderes Interesse gilt dem Verwobensein von \u00d6konomie mit anderen Herrschaftsverh\u00e4ltnissen sowie nichtkapitalistischem Wirtschaften. Dass es eine Welt ohne Kapitalismus geben kann, hat sie in der von den Zapatistas inspirierten weltweiten Vernetzung von Basisbewegungen Peoples Global Action gelernt, wor\u00fcber sie mit am Aufbau der<br \/>\nGlobalisierungsbewegung beteiligt war. Ihre j\u00fcngsten B\u00fccher: Geschichte wird gemacht. Etappen des Globalen Widerstands, Laika-Verlag 2015 sowie Ecommony. UmCare zum Miteinander, Ulrike Helmer-Verlag 2016.<\/p>\n<p><img loading=\"lazy\" decoding=\"async\" class=\"alignleft wp-image-142 size-thumbnail\" src=\"https:\/\/userblogs.fu-berlin.de\/gree\/files\/2017\/01\/Foto-Raquel-e1484930159599-150x150.jpg\" alt=\"Foto Raquel\" width=\"150\" height=\"150\" \/><strong>Raquel Ram\u00edrez Salgado<\/strong><\/p>\n<p style=\"text-align: justify\">Maestra y licenciada en Comunicaci\u00f3n por la UNAM. Ha sido docente, tallerista y conferencista bajo la tem\u00e1tica de los derechos humanos de las mujeres, la perspectiva feminista de g\u00e9nero y los medios de comunicaci\u00f3n. Ha colaborado con el Instituto Nacional de las Mujeres, el Instituto Federal Electoral (hoy INE) y el Instituto de Administraci\u00f3n P\u00fablica del Estado de Hidalgo (IAPH) en procesos de capacitaci\u00f3n y sensibilizaci\u00f3n a servidoras y servidores p\u00fablicos. Fue integrante del Proyecto PAPIIT UNAM \u201cAcceso y participaci\u00f3n de las mujeres a las industrias de medios\u201d. Actualmente, realiza una estancia de investigaci\u00f3n en la Universidad Libre de Berl\u00edn. Es parte de la RED ALEC \u201cRelaciones de g\u00e9nero y pr\u00e1cticas sociales en Am\u00e9rica Latina, Europa, as\u00ed como colaboradora del sitio mujeresnet.info y candidata a doctora en Comunicaci\u00f3n por la Facultad de Ciencias Pol\u00edticas de la UNAM.<\/p>\n<p style=\"text-align: justify\"><strong><img loading=\"lazy\" decoding=\"async\" class=\"alignleft wp-image-163 size-thumbnail\" src=\"https:\/\/userblogs.fu-berlin.de\/gree\/files\/2017\/01\/Birgit-Hoinle_Foto-150x150.jpg\" alt=\"Birgit Hoinle_Foto\" width=\"150\" height=\"150\" \/>Birgit Hoinle<\/strong><\/p>\n<p style=\"text-align: justify\">promoviert zu Empowermentprozessen in Projekten (peri-)urbaner Landwirtschaft in Kolumbien an der Uni Hamburg und der Universidad Externado de Colombia. Au\u00dferdem ist sie Teil des Netzwerks <em>GeoRaizAL \u2013 Red de Geograf\u00edas Cr\u00edticas de Ra\u00edz Latinoam\u00e9ricana<\/em> (Kritische Geographie Lateinamerikas), mit dem sie 2016 in Bogot\u00e1 eine transdisziplin\u00e4re Veranstaltungsreihe zu Urbanen Agrar\u00f6kologien und Territorien des Friedens organisiert hat (<a href=\"https:\/\/www.georaizal.com\" target=\"_blank\">www.georaizal.com<\/a>). Ihre Forschungsschwerpunkte liegen in der Urbanen und Feministischen Politischen \u00d6kologie, Postkolonialismus, Kritischer Kartographie und Commons. Neben dem Forschen zu urbanen G\u00e4rten in Bogot\u00e1 ist sie auch selbst aktiv in einem Gemeinschaftsgarten in T\u00fcbingen sowie in dem Diskussionsforum Pensamiento Latino in T\u00fcbingen. Als Bildungsreferentin im Programm \u201eBildung trifft Entwicklung\u201c gibt sie au\u00dferdem Workshops zu Themen der Ern\u00e4hrungssouver\u00e4nit\u00e4t, Buen Vivir und Kritischem Konsum.<\/p>\n<p>Mehr \u00fcber Birgit Hoinle: <a href=\"https:\/\/www.cluster-transformation.org\/mitglieder-2\/birgit-hoinle\" target=\"_blank\">https:\/\/www.cluster-transformation.org\/mitglieder-2\/birgit-hoinle<\/a><\/p>\n<p><strong>Veronica Schild &#8211; <span style=\"color: #ff0000\">lamentablemente ha cancelado su asistencia y esperamos que nos pueda ac<strong class=\"headword\">ompa\u00f1ar en un proyecto en el futuro <\/strong>\/\u00a0hat leider abgesagt, wird aber hoffentlich bei einem zuk\u00fcnftigen Projekt dabei sein<\/span><\/strong><\/p>\n<p>as a professor in the University of Toronto she specializes in Latin American and Comparative politics, and in contemporary critical theory, with an emphasis on feminist issues, neoliberal governmentality, and citizenship<\/p>\n<p>For more information see: <a href=\"https:\/\/politicalscience.uwo.ca\/people\/faculty\/full-time_faculty\/veronica_schild.html\">https:\/\/politicalscience.uwo.ca\/people\/faculty\/full-time_faculty\/veronica_schild.html<\/a><\/p>\n<p>&nbsp;<\/p>\n<\/div>\n<\/div>\n<\/div>\n","protected":false},"excerpt":{"rendered":"<p>1. Territorios en resistencia. La apropiacio\u0301n\/expropiacio\u0301n de recursos naturales desde una perspectiva de ge\u0301nero \/\/ Widersta\u0308ndige Territorien: An- und Enteignung natu\u0308rlicher Ressourcen aus einer Genderperspektive Edna Mart\u00ednez es mujer afrocolombiana, activista pol\u00edtica, madre y doctora en sociolog\u00eda. Estudia y lucha &hellip; <a href=\"https:\/\/userblogs.fu-berlin.de\/gree\/invitadxsgaeste\/\">Weiterlesen <span class=\"meta-nav\">&rarr;<\/span><\/a><\/p>\n","protected":false},"author":2822,"featured_media":0,"parent":0,"menu_order":0,"comment_status":"closed","ping_status":"closed","template":"","meta":{"footnotes":""},"class_list":["post-57","page","type-page","status-publish","hentry"],"_links":{"self":[{"href":"https:\/\/userblogs.fu-berlin.de\/gree\/wp-json\/wp\/v2\/pages\/57","targetHints":{"allow":["GET"]}}],"collection":[{"href":"https:\/\/userblogs.fu-berlin.de\/gree\/wp-json\/wp\/v2\/pages"}],"about":[{"href":"https:\/\/userblogs.fu-berlin.de\/gree\/wp-json\/wp\/v2\/types\/page"}],"author":[{"embeddable":true,"href":"https:\/\/userblogs.fu-berlin.de\/gree\/wp-json\/wp\/v2\/users\/2822"}],"replies":[{"embeddable":true,"href":"https:\/\/userblogs.fu-berlin.de\/gree\/wp-json\/wp\/v2\/comments?post=57"}],"version-history":[{"count":58,"href":"https:\/\/userblogs.fu-berlin.de\/gree\/wp-json\/wp\/v2\/pages\/57\/revisions"}],"predecessor-version":[{"id":230,"href":"https:\/\/userblogs.fu-berlin.de\/gree\/wp-json\/wp\/v2\/pages\/57\/revisions\/230"}],"wp:attachment":[{"href":"https:\/\/userblogs.fu-berlin.de\/gree\/wp-json\/wp\/v2\/media?parent=57"}],"curies":[{"name":"wp","href":"https:\/\/api.w.org\/{rel}","templated":true}]}}