{"id":30,"date":"2020-01-24T12:33:37","date_gmt":"2020-01-24T11:33:37","guid":{"rendered":"https:\/\/userblogs.fu-berlin.de\/ik_qk\/?page_id=30"},"modified":"2020-02-26T11:56:45","modified_gmt":"2020-02-26T10:56:45","slug":"startseite","status":"publish","type":"page","link":"https:\/\/userblogs.fu-berlin.de\/ik_qk\/","title":{"rendered":"\u00dcber dieses Lernangebot"},"content":{"rendered":"<p>Erg\u00e4nzend zum Kurs <a href=\"https:\/\/www.fu-berlin.de\/sites\/ub\/lernangebote\/literaturrecherche\/qualitaetskriterien\/index.html\">Qualit\u00e4tskriterien f\u00fcr die Literaturauswahl<\/a> der Universit\u00e4tsbibliothek k\u00f6nnen Sie sich mit diesem Lernangebot selbst zeit- und ortsunabh\u00e4ngig mit einigen der Inhalte vertraut machen.<\/p>\n<p><a href=\"https:\/\/userblogs.fu-berlin.de\/ik_qk\/files\/2020\/01\/qk_ueber_1.jpg\"><img loading=\"lazy\" decoding=\"async\" class=\"size-full wp-image-60 alignleft\" src=\"https:\/\/userblogs.fu-berlin.de\/ik_qk\/files\/2020\/01\/qk_ueber_1.jpg\" alt=\"\" width=\"960\" height=\"600\" srcset=\"https:\/\/userblogs.fu-berlin.de\/ik_qk\/files\/2020\/01\/qk_ueber_1.jpg 960w, https:\/\/userblogs.fu-berlin.de\/ik_qk\/files\/2020\/01\/qk_ueber_1-300x188.jpg 300w, https:\/\/userblogs.fu-berlin.de\/ik_qk\/files\/2020\/01\/qk_ueber_1-768x480.jpg 768w\" sizes=\"auto, (max-width: 709px) 85vw, (max-width: 909px) 67vw, (max-width: 1362px) 62vw, 840px\" \/><\/a><\/p>\n<p>\u00dcber die Kategorien in der oberen Navigationsleiste k\u00f6nnen Sie das Lernangebote systematisch durcharbeiten. \u00dcber die Schlagwortwolke auf der rechten Seite k\u00f6nnen Sie aber auch gezielt einzelne Informationen aufrufen.<\/p>\n<p>Neben den Inhalten finden Sie zum Teil kleine Lernaufgaben, mit denen Sie das Gelernte \u00fcberpr\u00fcfen k\u00f6nnen.<\/p>\n","protected":false},"excerpt":{"rendered":"<p>Erg\u00e4nzend zum Kurs Qualit\u00e4tskriterien f\u00fcr die Literaturauswahl der Universit\u00e4tsbibliothek k\u00f6nnen Sie sich mit diesem Lernangebot selbst zeit- und ortsunabh\u00e4ngig mit einigen der Inhalte vertraut machen. \u00dcber die Kategorien in der oberen Navigationsleiste k\u00f6nnen Sie das Lernangebote systematisch durcharbeiten. \u00dcber die Schlagwortwolke auf der rechten Seite k\u00f6nnen Sie aber auch gezielt einzelne Informationen aufrufen. Neben den &hellip; <a href=\"https:\/\/userblogs.fu-berlin.de\/ik_qk\/\" class=\"more-link\"><span class=\"screen-reader-text\">\u201e\u00dcber dieses Lernangebot\u201c<\/span> weiterlesen<\/a><\/p>\n","protected":false},"author":4668,"featured_media":0,"parent":0,"menu_order":0,"comment_status":"closed","ping_status":"closed","template":"","meta":{"footnotes":""},"class_list":["post-30","page","type-page","status-publish","hentry"],"_links":{"self":[{"href":"https:\/\/userblogs.fu-berlin.de\/ik_qk\/wp-json\/wp\/v2\/pages\/30","targetHints":{"allow":["GET"]}}],"collection":[{"href":"https:\/\/userblogs.fu-berlin.de\/ik_qk\/wp-json\/wp\/v2\/pages"}],"about":[{"href":"https:\/\/userblogs.fu-berlin.de\/ik_qk\/wp-json\/wp\/v2\/types\/page"}],"author":[{"embeddable":true,"href":"https:\/\/userblogs.fu-berlin.de\/ik_qk\/wp-json\/wp\/v2\/users\/4668"}],"replies":[{"embeddable":true,"href":"https:\/\/userblogs.fu-berlin.de\/ik_qk\/wp-json\/wp\/v2\/comments?post=30"}],"version-history":[{"count":12,"href":"https:\/\/userblogs.fu-berlin.de\/ik_qk\/wp-json\/wp\/v2\/pages\/30\/revisions"}],"predecessor-version":[{"id":134,"href":"https:\/\/userblogs.fu-berlin.de\/ik_qk\/wp-json\/wp\/v2\/pages\/30\/revisions\/134"}],"wp:attachment":[{"href":"https:\/\/userblogs.fu-berlin.de\/ik_qk\/wp-json\/wp\/v2\/media?parent=30"}],"curies":[{"name":"wp","href":"https:\/\/api.w.org\/{rel}","templated":true}]}}