{"id":11,"date":"2009-06-03T16:49:07","date_gmt":"2009-06-03T15:49:07","guid":{"rendered":"https:\/\/userblogs.fu-berlin.de\/?page_id=11"},"modified":"2022-07-19T09:05:51","modified_gmt":"2022-07-19T07:05:51","slug":"kontakt","status":"publish","type":"page","link":"https:\/\/userblogs.fu-berlin.de\/?page_id=11","title":{"rendered":"Kontakt"},"content":{"rendered":"<div class=\"entry\">\n<p>Dieser Blogdienst wird von CeDiS, dem Center f\u00fcr Digitale Systeme, betrieben.<br \/>\nBei den Blogs handelt es sich ausschlie\u00dflich um private Ver\u00f6ffentlichungen.<br \/>\nDer Dienstanbieter ist f\u00fcr diese nicht verantwortlich.<\/p>\n<p>Freie Universit\u00e4t Berlin<br \/>\nUniversit\u00e4tsbibliothek<br \/>\nCenter f\u00fcr Digitale Systeme (CeDiS)<br \/>\nE-Learning, E-Research und Multimedia<br \/>\nIhnestra\u00dfe 24<br \/>\n14195 Berlin<\/p>\n<p>E-Mail: <a href=\"mailto:digitale-lehre@fu-berlin.de\">digitale-lehre@fu-berlin.de<\/a><\/p>\n<\/div>\n","protected":false},"excerpt":{"rendered":"<p>Dieser Blogdienst wird von CeDiS, dem Center f\u00fcr Digitale Systeme, betrieben. Bei den Blogs handelt es sich ausschlie\u00dflich um private Ver\u00f6ffentlichungen. Der Dienstanbieter ist f\u00fcr diese nicht verantwortlich. Freie Universit\u00e4t Berlin Universit\u00e4tsbibliothek Center f\u00fcr Digitale Systeme (CeDiS) E-Learning, E-Research und Multimedia Ihnestra\u00dfe 24 14195 Berlin E-Mail: digitale-lehre@fu-berlin.de<\/p>\n","protected":false},"author":10,"featured_media":0,"parent":0,"menu_order":3,"comment_status":"closed","ping_status":"closed","template":"","meta":{"footnotes":""},"class_list":["post-11","page","type-page","status-publish","hentry"],"_links":{"self":[{"href":"https:\/\/userblogs.fu-berlin.de\/index.php?rest_route=\/wp\/v2\/pages\/11","targetHints":{"allow":["GET"]}}],"collection":[{"href":"https:\/\/userblogs.fu-berlin.de\/index.php?rest_route=\/wp\/v2\/pages"}],"about":[{"href":"https:\/\/userblogs.fu-berlin.de\/index.php?rest_route=\/wp\/v2\/types\/page"}],"author":[{"embeddable":true,"href":"https:\/\/userblogs.fu-berlin.de\/index.php?rest_route=\/wp\/v2\/users\/10"}],"replies":[{"embeddable":true,"href":"https:\/\/userblogs.fu-berlin.de\/index.php?rest_route=%2Fwp%2Fv2%2Fcomments&post=11"}],"version-history":[{"count":12,"href":"https:\/\/userblogs.fu-berlin.de\/index.php?rest_route=\/wp\/v2\/pages\/11\/revisions"}],"predecessor-version":[{"id":1856,"href":"https:\/\/userblogs.fu-berlin.de\/index.php?rest_route=\/wp\/v2\/pages\/11\/revisions\/1856"}],"wp:attachment":[{"href":"https:\/\/userblogs.fu-berlin.de\/index.php?rest_route=%2Fwp%2Fv2%2Fmedia&parent=11"}],"curies":[{"name":"wp","href":"https:\/\/api.w.org\/{rel}","templated":true}]}}