{"id":13,"date":"2009-06-03T16:50:06","date_gmt":"2009-06-03T15:50:06","guid":{"rendered":"https:\/\/userblogs.fu-berlin.de\/?page_id=13"},"modified":"2018-11-06T13:44:46","modified_gmt":"2018-11-06T12:44:46","slug":"info","status":"publish","type":"page","link":"https:\/\/userblogs.fu-berlin.de\/?page_id=13","title":{"rendered":"Informationen"},"content":{"rendered":"<h2>Blogs an der Freien Universit\u00e4t Berlin<\/h2>\n<h3><img decoding=\"async\" src=\"https:\/\/www.cedis.fu-berlin.de\/web20\/media\/banner_blogs.gif\" alt=\"\" align=\"right\" \/><\/h3>\n<p>Das Blogsystem der Freien Universit\u00e4t Berlin steht allen Angeh\u00f6rigen (Studierenden, Lehrenden, Personal, Gastdozenten\/innen, Alumni) der Universit\u00e4t zur Verf\u00fcgung. Die Anmeldung und Konfiguration eines Blogs ist denkbar einfach. Alle Inhaber\/innen eines FU Accounts (ehemals ZEDAT Account) k\u00f6nnen sich automatisiert ein Blog registrieren bzw. am Blogsystem anmelden.<br \/>\nNutzer\/innen ohne FU Account k\u00f6nnen leider nicht am Blogsystem der Freien Universit\u00e4t Berlin teilnehmen.<\/p>\n<p>Das Blogsystem der Freien Universit\u00e4t unterscheidet grunds\u00e4tzlich zwei Arten der Publikation:<\/p>\n<ol>\n<li>offizielle Blogs<\/li>\n<li>inoffizielle Blogs<\/li>\n<\/ol>\n<p>Einzelheiten entnehmen Sie bitte den<a href=\"https:\/\/www.fu-berlin.de\/service\/zuvdocs\/fu-rundschreiben\/2008\/V0608.pdf\" target=\"_blank\" rel=\"noopener\"> &#8222;Grundregeln zum Einsatz von Online-Diensten der Freien Universit\u00e4t Berlin zur Information, Kommunikation oder Publikation im Internet&#8220;<\/a> sowie den <a href=\"https:\/\/www.cedis.fu-berlin.de\/services\/systeme\/blogs\/downloads\/Nutzungsbedingungen_Blog.pdf\" target=\"_blank\" rel=\"noopener\">Nutzungsbedingungen<\/a> f\u00fcr das Blogsystem.<a href=\"https:\/\/www.fit.fu-berlin.de\/it-richtlinien\/online-dienste\/index.html\" target=\"_blank\" rel=\"noopener\"><br \/>\n<\/a><\/p>\n<p>Studierende finden den Zugang zum inoffiziellen Blogsystem der FU unter:<\/p>\n<p><a href=\"https:\/\/userblogs.fu-berlin.de\/\">https:\/\/userblogs.fu-berlin.de<\/a><\/p>\n<p>Lehrende und Mitarbeiter der FU, die ein offizielles Blog einrichten m\u00f6chten (etwa im Rahmen einer Lehrveranstaltung) starten unter:<\/p>\n<p><a href=\"https:\/\/blogs.fu-berlin.de\/\">https:\/\/blogs.fu-berlin.de<\/a><\/p>\n<div> <a href=\"http:\/\/australiaessays.info\/\">AustralianWritings.com.au paper writing<\/a><\/div>\n<p>Los gehts!<\/p>\n<p><!--more--><\/p>\n<h2>Grundlagen des Bloggens<\/h2>\n<p>Universit\u00e4ten und andere Bildungsinstitutionen leben nicht zuletzt von vielf\u00e4ltigen internationalen Kontakten zu anderen Hochschulen und Organisationen, die der Forschung und Lehre entscheidende Impulse geben. Blogs bieten in diesem Zusammenhang eine zeitgem\u00e4\u00dfe M\u00f6glichkeit, Kontakte auf wissenschaftlicher und individueller Ebene zu pflegen, zu intensivieren und zu erweitern.<br \/>\nDie neuen Web 2.0-Technologien und \u201cSocial Software\u201d liefern hier neue Ideen f\u00fcr ein Lernen und Kooperieren in Netzwerken, das die Grenzen des Seminarraums weit \u00fcberschreitet. Mit Blogs kann die Arbeit dieser Netzwerk-Communities transparenter gestaltet werden und Forschungstrends k\u00f6nnen schneller aufgesp\u00fcrt und sichtbar gemacht werden. In der Lehre bieten Blogs die M\u00f6glichkeit, die Studierenden auf das Arbeiten in thematisch fokussierten, auch interdisziplin\u00e4r zusammengesetzten Teams vorzubereiten. Blogs im Bildungskontext sind dar\u00fcber hinaus ideale Werkzeuge f\u00fcr Studierende, um einen eigenen Standpunkt zu formulieren und diesen im \u00f6ffentlichen Wissenschaftsdiskurs oder im akademischen Leben zu reflektieren.<br \/>\nDer Blog-Service der Freien Universit\u00e4t Berlin ist ein Angebot, das es allen Angeh\u00f6rigen der Institution erm\u00f6glicht, eigenverantwortlich im Internet zu publizieren. Im oben beschriebenen Sinne ist das als M\u00f6glichkeit zu verstehen, sich mit anderen Akteuren im Wissenschaftsbetrieb fachlich auszutauschen. Grunds\u00e4tzlich k\u00f6nnen alle Themen des akademischen Lebens Inhalte von Blogeintr\u00e4gen sein. Die Blogs der Freien Universit\u00e4t k\u00f6nnen dabei das weite Feld des universit\u00e4ren Lebens abbilden und erm\u00f6glichen schlie\u00dflich \u2013 nicht nur Au\u00dfenstehenden \u2013 einen tieferen Einblick in das Campus-Leben an der Hochschule.<\/p>\n<h2>Weitere Informationen<\/h2>\n<p>Aktuelle Szenarien und Hinweise aus und \u00fcber die \u201cBlogosph\u00e4re\u201d finden Sie in diesem Support-Blog.<br \/>\nErg\u00e4nzende und erl\u00e4uternde Informationen (FAQ, Tipps &amp; Tricks etc.) zum neuen Web 2.0-Dienst der Freien Universit\u00e4t finden Sie hier:<br \/>\n<a href=\"https:\/\/www.cedis.fu-berlin.de\/web20\/blogs\/index.html\" target=\"_blank\" rel=\"noopener\">Weitere Informationen zum Blog-System \u00bb<\/a><\/p>\n","protected":false},"excerpt":{"rendered":"<p>Blogs an der Freien Universit\u00e4t Berlin Das Blogsystem der Freien Universit\u00e4t Berlin steht allen Angeh\u00f6rigen (Studierenden, Lehrenden, Personal, Gastdozenten\/innen, Alumni) der Universit\u00e4t zur Verf\u00fcgung. Die Anmeldung und Konfiguration eines Blogs ist denkbar einfach. Alle Inhaber\/innen eines FU Accounts (ehemals ZEDAT Account) k\u00f6nnen sich automatisiert ein Blog registrieren bzw. am Blogsystem anmelden. Nutzer\/innen ohne FU Account &hellip; <a href=\"https:\/\/userblogs.fu-berlin.de\/?page_id=13\" class=\"more-link\"><span class=\"screen-reader-text\">\u201eInformationen\u201c<\/span> weiterlesen<\/a><\/p>\n","protected":false},"author":10,"featured_media":0,"parent":0,"menu_order":2,"comment_status":"closed","ping_status":"closed","template":"","meta":{"footnotes":""},"class_list":["post-13","page","type-page","status-publish","hentry"],"_links":{"self":[{"href":"https:\/\/userblogs.fu-berlin.de\/index.php?rest_route=\/wp\/v2\/pages\/13","targetHints":{"allow":["GET"]}}],"collection":[{"href":"https:\/\/userblogs.fu-berlin.de\/index.php?rest_route=\/wp\/v2\/pages"}],"about":[{"href":"https:\/\/userblogs.fu-berlin.de\/index.php?rest_route=\/wp\/v2\/types\/page"}],"author":[{"embeddable":true,"href":"https:\/\/userblogs.fu-berlin.de\/index.php?rest_route=\/wp\/v2\/users\/10"}],"replies":[{"embeddable":true,"href":"https:\/\/userblogs.fu-berlin.de\/index.php?rest_route=%2Fwp%2Fv2%2Fcomments&post=13"}],"version-history":[{"count":19,"href":"https:\/\/userblogs.fu-berlin.de\/index.php?rest_route=\/wp\/v2\/pages\/13\/revisions"}],"predecessor-version":[{"id":1367,"href":"https:\/\/userblogs.fu-berlin.de\/index.php?rest_route=\/wp\/v2\/pages\/13\/revisions\/1367"}],"wp:attachment":[{"href":"https:\/\/userblogs.fu-berlin.de\/index.php?rest_route=%2Fwp%2Fv2%2Fmedia&parent=13"}],"curies":[{"name":"wp","href":"https:\/\/api.w.org\/{rel}","templated":true}]}}