{"id":1377,"date":"2018-11-21T10:53:03","date_gmt":"2018-11-21T09:53:03","guid":{"rendered":"https:\/\/userblogs.fu-berlin.de\/?page_id=1377"},"modified":"2022-10-31T12:18:13","modified_gmt":"2022-10-31T11:18:13","slug":"userblogsfu-berlin","status":"publish","type":"page","link":"https:\/\/userblogs.fu-berlin.de\/","title":{"rendered":""},"content":{"rendered":"\r\n<p>Das FU-Blog System steht allen Angeh\u00f6rigen der Freien Universit\u00e4t zur Verf\u00fcgung. Sie ben\u00f6tigen zur Registrierung lediglich Ihren FU-Account. CeDiS bietet Ihnen zwei Blogsysteme an.<\/p>\r\n\r\n\r\n\r\n<p>Neben <a href=\"https:\/\/www.cedis.fu-berlin.de\/services\/systeme\/blogs\/index.html\"><strong>offiziellen FU-Blogs<\/strong><\/a> (f\u00fcr Lehrende, Mitarbeiterinnen und Mitarbeiter der Universit\u00e4t) stehen insbesondere Studierenden die <a href=\"https:\/\/www.cedis.fu-berlin.de\/services\/systeme\/blogs\/index.html\"><strong>FU-Userblogs<\/strong><\/a> zur Verf\u00fcgung. Die FU-Userblogs haben einen inoffiziellen Charakter und k\u00f6nnen in diesem Kontext von allen Mitgliedern der Universit\u00e4t genutzt werden.<\/p>\r\n\r\n\r\n<hr class=\"wp-block-separator\" \/>\r\n\r\n\r\n<div class=\"wp-block-columns is-layout-flex wp-container-core-columns-is-layout-9d6595d7 wp-block-columns-is-layout-flex\">\r\n<div class=\"wp-block-column is-layout-flow wp-block-column-is-layout-flow\">\r\n<figure class=\"wp-block-image size-large\"><a href=\"https:\/\/userblogs.fu-berlin.de\/Shibboleth.sso\/Login?target=https:\/\/userblogs.fu-berlin.de\/wp-login.php?action=shibboleth\" target=\"_blank\" rel=\"noopener noreferrer\"><img decoding=\"async\" class=\"wp-image-1493\" src=\"https:\/\/userblogs.fu-berlin.de\/files\/2022\/10\/FU_UserBlogs3_u-1200x949-1.png\" alt=\"\" \/><\/a><\/figure>\r\n<\/div>\r\n\r\n\r\n\r\n<div class=\"wp-block-column is-layout-flow wp-block-column-is-layout-flow\">\r\n<figure class=\"wp-block-image size-large\"><a href=\"https:\/\/blogs.fu-berlin.de\/Shibboleth.sso\/Login?target=https:\/\/blogs.fu-berlin.de\/wp-login.php?action=shibboleth\" target=\"_blank\" rel=\"noopener noreferrer\"><img decoding=\"async\" class=\"wp-image-1492\" src=\"https:\/\/userblogs.fu-berlin.de\/files\/2022\/10\/FU_Blogs3_u-1200x949-1.png\" alt=\"\" \/><\/a><\/figure>\r\n<\/div>\r\n<\/div>\r\n","protected":false},"excerpt":{"rendered":"<p>Das FU-Blog System steht allen Angeh\u00f6rigen der Freien Universit\u00e4t zur Verf\u00fcgung. Sie ben\u00f6tigen zur Registrierung lediglich Ihren FU-Account. CeDiS bietet Ihnen zwei Blogsysteme an. Neben offiziellen FU-Blogs (f\u00fcr Lehrende, Mitarbeiterinnen und Mitarbeiter der Universit\u00e4t) stehen insbesondere Studierenden die FU-Userblogs zur Verf\u00fcgung. Die FU-Userblogs haben einen inoffiziellen Charakter und k\u00f6nnen in diesem Kontext von allen Mitgliedern &hellip; <a href=\"https:\/\/userblogs.fu-berlin.de\/\" class=\"more-link\"><span class=\"screen-reader-text\">\u201e\u201c<\/span> weiterlesen<\/a><\/p>\n","protected":false},"author":10,"featured_media":0,"parent":0,"menu_order":0,"comment_status":"closed","ping_status":"closed","template":"","meta":{"footnotes":""},"class_list":["post-1377","page","type-page","status-publish","hentry"],"_links":{"self":[{"href":"https:\/\/userblogs.fu-berlin.de\/index.php?rest_route=\/wp\/v2\/pages\/1377","targetHints":{"allow":["GET"]}}],"collection":[{"href":"https:\/\/userblogs.fu-berlin.de\/index.php?rest_route=\/wp\/v2\/pages"}],"about":[{"href":"https:\/\/userblogs.fu-berlin.de\/index.php?rest_route=\/wp\/v2\/types\/page"}],"author":[{"embeddable":true,"href":"https:\/\/userblogs.fu-berlin.de\/index.php?rest_route=\/wp\/v2\/users\/10"}],"replies":[{"embeddable":true,"href":"https:\/\/userblogs.fu-berlin.de\/index.php?rest_route=%2Fwp%2Fv2%2Fcomments&post=1377"}],"version-history":[{"count":19,"href":"https:\/\/userblogs.fu-berlin.de\/index.php?rest_route=\/wp\/v2\/pages\/1377\/revisions"}],"predecessor-version":[{"id":1868,"href":"https:\/\/userblogs.fu-berlin.de\/index.php?rest_route=\/wp\/v2\/pages\/1377\/revisions\/1868"}],"wp:attachment":[{"href":"https:\/\/userblogs.fu-berlin.de\/index.php?rest_route=%2Fwp%2Fv2%2Fmedia&parent=1377"}],"curies":[{"name":"wp","href":"https:\/\/api.w.org\/{rel}","templated":true}]}}