{"id":16,"date":"2009-06-03T16:56:12","date_gmt":"2009-06-03T15:56:12","guid":{"rendered":"https:\/\/userblogs.fu-berlin.de\/?page_id=16"},"modified":"2022-07-19T09:07:22","modified_gmt":"2022-07-19T07:07:22","slug":"impressum","status":"publish","type":"page","link":"https:\/\/userblogs.fu-berlin.de\/?page_id=16","title":{"rendered":"Impressum"},"content":{"rendered":"<table border=\"1\" width=\"200\" cellspacing=\"0\" cellpadding=\"3\" align=\"right\" bgcolor=\"#f0fff0\">\n<tbody>\n<tr>\n<td valign=\"top\"><strong>Telefonauskunft<br \/>\nder Freien Universit\u00e4t Berlin<\/strong><strong>Tel: (030) 838-0<\/strong><\/td>\n<\/tr>\n<\/tbody>\n<\/table>\n<h2>Dienstanbieter:<\/h2>\n<p>Freie Universit\u00e4t Berlin,vertreten durch den <a href=\"https:\/\/www.fu-berlin.de\/einrichtungen\/organe\/praesidium\/praesident\/index.html\" target=\"_self\" rel=\"noopener noreferrer\">Pr\u00e4sidenten<\/a>.<\/p>\n<h2>Anschrift:<\/h2>\n<p>Freie Universit\u00e4t Berlin<br \/>\nPr\u00e4sidium<br \/>\nKaiserswerther Str. 16\/18<br \/>\n14195 Berlin<\/p>\n<h2><strong>Umsatzsteueridentifikationsnummer:<\/strong><\/h2>\n<p>DE 811304768<\/p>\n<h2>Inhaltliche Verantwortung nach \u00a7 55 RfStV:<\/h2>\n<p>Freie Universit\u00e4t Berlin<br \/>\nUniversit\u00e4tsbibliothek<br \/>\nCenter f\u00fcr Digitale Systeme (CeDiS)<br \/>\nE-Learning, E-Research und Multimedia<br \/>\nIhnestra\u00dfe 24<br \/>\n14195 Berlin<\/p>\n<p>E-Mail: <a href=\"mailto:digitale-lehre@fu-berlin.de\">digitale-lehre@fu-berlin.de<\/a><\/p>\n<h2>Rechtsform:<\/h2>\n<p>Die Freie Universit\u00e4t Berlin ist eine K\u00f6rperschaft des \u00f6ffentlichen Rechts gem. \u00a7\u00a7 1 und 2 Berliner Hochschulgesetz (BerlHG). Das Webangebot der Freien Universit\u00e4t Berlin unterliegt dem geltenden <a title=\"Freie Universit\u00e4t Berlin:Urheberrecht\/Copyright\" href=\"https:\/\/www.fu-berlin.de\/redaktion\/copyright\/index.html\">Urheberrecht<\/a>. Beachten Sie bitte auch unseren <a title=\"Haftungsausschluss - Disclaimer, FU Berlin\" href=\"https:\/\/www.fu-berlin.de\/redaktion\/disclaimer\/index.html\">Haftungsausschluss\/Disclaimer.<\/a><\/p>\n<h2>Aufsichtsbeh\u00f6rde<\/h2>\n<p>Aufsichtsbeh\u00f6rde ist die nach \u00a7 89 BerlHG zust\u00e4ndige Berliner Senatsverwaltungf\u00fcr Bildung, Wissenschaft und Forschung.<\/p>\n","protected":false},"excerpt":{"rendered":"<p>Telefonauskunft der Freien Universit\u00e4t BerlinTel: (030) 838-0 Dienstanbieter: Freie Universit\u00e4t Berlin,vertreten durch den Pr\u00e4sidenten. Anschrift: Freie Universit\u00e4t Berlin Pr\u00e4sidium Kaiserswerther Str. 16\/18 14195 Berlin Umsatzsteueridentifikationsnummer: DE 811304768 Inhaltliche Verantwortung nach \u00a7 55 RfStV: Freie Universit\u00e4t Berlin Universit\u00e4tsbibliothek Center f\u00fcr Digitale Systeme (CeDiS) E-Learning, E-Research und Multimedia Ihnestra\u00dfe 24 14195 Berlin E-Mail: digitale-lehre@fu-berlin.de Rechtsform: Die Freie &hellip; <a href=\"https:\/\/userblogs.fu-berlin.de\/?page_id=16\" class=\"more-link\"><span class=\"screen-reader-text\">\u201eImpressum\u201c<\/span> weiterlesen<\/a><\/p>\n","protected":false},"author":10,"featured_media":0,"parent":0,"menu_order":4,"comment_status":"closed","ping_status":"closed","template":"","meta":{"footnotes":""},"class_list":["post-16","page","type-page","status-publish","hentry"],"_links":{"self":[{"href":"https:\/\/userblogs.fu-berlin.de\/index.php?rest_route=\/wp\/v2\/pages\/16","targetHints":{"allow":["GET"]}}],"collection":[{"href":"https:\/\/userblogs.fu-berlin.de\/index.php?rest_route=\/wp\/v2\/pages"}],"about":[{"href":"https:\/\/userblogs.fu-berlin.de\/index.php?rest_route=\/wp\/v2\/types\/page"}],"author":[{"embeddable":true,"href":"https:\/\/userblogs.fu-berlin.de\/index.php?rest_route=\/wp\/v2\/users\/10"}],"replies":[{"embeddable":true,"href":"https:\/\/userblogs.fu-berlin.de\/index.php?rest_route=%2Fwp%2Fv2%2Fcomments&post=16"}],"version-history":[{"count":16,"href":"https:\/\/userblogs.fu-berlin.de\/index.php?rest_route=\/wp\/v2\/pages\/16\/revisions"}],"predecessor-version":[{"id":1857,"href":"https:\/\/userblogs.fu-berlin.de\/index.php?rest_route=\/wp\/v2\/pages\/16\/revisions\/1857"}],"wp:attachment":[{"href":"https:\/\/userblogs.fu-berlin.de\/index.php?rest_route=%2Fwp%2Fv2%2Fmedia&parent=16"}],"curies":[{"name":"wp","href":"https:\/\/api.w.org\/{rel}","templated":true}]}}