{"id":15,"date":"2015-04-11T14:52:33","date_gmt":"2015-04-11T14:52:33","guid":{"rendered":"https:\/\/userblogs.fu-berlin.de\/jschupp\/?page_id=15"},"modified":"2024-01-20T17:59:34","modified_gmt":"2024-01-20T17:59:34","slug":"2015-2","status":"publish","type":"page","link":"https:\/\/userblogs.fu-berlin.de\/jschupp\/veroeffentlichungen\/2015-2\/","title":{"rendered":"2015"},"content":{"rendered":"<ul>\n<li>L\u00e4ssig, Simone, Haslinger, Peter &amp; <strong>J\u00fcrgen Schupp<\/strong> (2015): Forschungsinfrastrukturen im Wissenschaftssystem. Qualit\u00e4t &#8211; Reputation &#8211; Nachhaltigkeit. Brosch\u00fcre der Projektgruppe im Strategiefondsprojekt &#8222;Forschungsinfrastrukturen und Wissenstransfer in der Leibniz-Gemeinschaft &#8211; Best Practice Modelle und Strategien&#8220;. Berlin: Leibniz-Gemeinschaft.<\/li>\n<\/ul>\n<ul>\n<li>Richter, David &amp;<strong> Schupp, J\u00fcrgen<\/strong> (2015): The SOEP Innovation Sample (SOEP-IS).&nbsp;<a href=\"https:\/\/ejournals.duncker-humblot.de\/doi\/abs\/10.3790\/schm.135.3.389\"><em>Schmollers Jahrbuch<\/em><\/a>, 135(3), 389-399.<\/li>\n<\/ul>\n<ul>\n<li><span style=\"font-family: Arial;font-size: medium\"><span style=\"font-family: Arial;font-size: medium\">Priem, Maximilian, <strong>J\u00fcrgen Schupp&nbsp;<\/strong> &amp; Gert G. Wagner (2015): Lebenszufriedenheit in Ostdeutschland im Vergleich zu Westdeutschland. <em><a href=\"https:\/\/www.cesifo-group.de\/DocDL\/sd-2015-22-symposium-wiedervereinigung-2015-11-26.pdf\" target=\"_blank\" rel=\"noopener noreferrer\">ifo-Schnelldienst<\/a>,<\/em> 68(22), 8-13.<br \/>\n<\/span><\/span><\/li>\n<\/ul>\n<ul>\n<li><span style=\"font-family: Arial;font-size: medium\"><span style=\"font-family: Arial;font-size: medium\"><span style=\"font-family: Arial;font-size: medium\"><strong>Schupp, J\u00fcrgen<\/strong> &amp; Christof Wolf (Hrsg.) (2015): Nonresponse Bias. Qualit\u00e4tssicherung sozialwissenschaftlicher Umfragen. Wiesbaden: <a href=\"https:\/\/link.springer.com\/book\/10.1007%2F978-3-658-10459-7\" target=\"_blank\" rel=\"noopener noreferrer\">Springer VS<\/a>.<\/span><\/span><\/span><\/li>\n<\/ul>\n<ul>\n<li><span style=\"font-family: Arial;font-size: medium\"><span style=\"font-family: Arial;font-size: medium\"><span style=\"font-family: Arial;font-size: medium\"><span style=\"font-family: Arial;font-size: medium\"><span style=\"font-family: Arial;font-size: medium\"><span style=\"font-family: Arial;font-size: medium\"><span style=\"font-family: Arial;font-size: medium\">Gerstorf, Sandra &amp; <strong>J\u00fcrgen Schupp<\/strong> (Hrsg.) (2015): <a href=\"https:\/\/soep-sc.diw.de\/wp-content\/uploads\/2015\/05\/SOEP_Wave_Report_2014_final-08-2015.pdf\" target=\"_blank\" rel=\"noopener noreferrer\">SOEP Wave Report 2014<\/a>. Berlin. DIW Berlin.<\/span><\/span><\/span><\/span><\/span><\/span><\/span><\/li>\n<\/ul>\n<ul>\n<li><span style=\"font-family: Arial;font-size: medium\">Priem, Maximilian &amp;<strong> J\u00fcrgen Schupp<\/strong> (2015): Die Nutzung des Kulturangebots in Deutschland. <a href=\"https:\/\/www.diw.de\/documents\/publikationen\/73\/diw_01.c.504608.de\/15-20-3.pdf\"><em>Wochenbericht des DIW Berlin<\/em><\/a>, 82(20):487-497.<\/span><br \/>\n<span style=\"font-family: Arial;font-size: medium\"><br \/>\n<\/span><\/li>\n<li><span style=\"font-family: Arial;font-size: medium\"><strong>Schupp, J\u00fcrgen<\/strong> (2015): \u00dcberf\u00e4llige Debatte zur Armutsmessung? (Kommentar) <em>Wochenbericht des DIW Berlin<\/em>, <a href=\"https:\/\/www.diw.de\/documents\/publikationen\/73\/diw_01.c.502537.de\/15-17-3.pdf\" target=\"_blank\" rel=\"noopener noreferrer\">82(17):440-440<\/a>.<\/span><\/li>\n<\/ul>\n<div align=\"left\">\n<ul>\n<li><span style=\"font-family: Arial;font-size: medium\"><strong>Schupp, J\u00fcrgen<\/strong> (2015): Die Nutzung des Kulturangebots in Deutschland &#8211; unter besonderer Ber\u00fccksichtigung von Berlin. In: J\u00f6rg R\u00f6ssel und Jochen Roose (Hrsg.), <a href=\"https:\/\/link.springer.com\/book\/10.1007\/978-3-658-08733-3\" target=\"_blank\" rel=\"noopener noreferrer\">Empirische Kultursoziologie<\/a> &#8211; Festschrift f\u00fcr J\u00fcrgen Gerhards zum 60. Geburtstag. Wiesbaden: Springer, 103-128.&nbsp;<\/span><\/li>\n<\/ul>\n<\/div>\n<ul>\n<li><span style=\"font-family: Arial;font-size: medium\"><strong>Schupp, J\u00fcrgen<\/strong> (2015): Forty Years of Social Reporting and Quality of Life Reserach in Germany. A Look Back and Prospects for the Future. In: Trommsdorff, Gisela und Wolfgang R. Assmann (Hrsg.), <a href=\"https:\/\/www.uvk.de\/buecher\/alle\/db\/titel\/details\/forschung-foerdern\/\/ch\/03ea14ffb0ec35a17d7cb0f8918a85f7\/\" target=\"_blank\" rel=\"noopener noreferrer\">Forschung f\u00f6rdern<\/a>. Am Beispiel von Lebensqualit\u00e4t im Kulturkontext. Konstanz und M\u00fcnchen: UVK, 107-126.<\/span><\/li>\n<\/ul>\n<ul>\n<li><span style=\"font-family: Arial;font-size: medium\">Virtanen, Marianna, Markus Jokela, Solja T. Nyberg, Ida EH Madsen, Tea Lallukka, Kirsi Ahola, Lars Alfredsson, G. David Batty, Jakob B. Bjorner, Marianne Borritz, Hermann Burr, Annalisa Casini, Els Clays, Dirk DeBacquer, Nico Dragano, Raimund Erbel, Jane E. Ferrie, Eleaonr I. Fransson, Mark Hamer, Katriina Heikkil\u00e4, Karl-Heinz J\u00f6ckel, France Kittel, Anders Knutsson, Markku Koskenvuo, Karl-Heinz Ladwig, Martin L. Nielsen, Maria Nordin, Tuula Oksanen, Jan H. Pejtersen, Jaana Pentti, Reiner Rugulies, Paula Salo, <strong>J\u00fcrgen Schupp,<\/strong> Johannes Siegrist, Archana Singh-Manoux, Andrew Steptoe, Sakari B. Suominen, T\u00f6res Theorell, Jussi Vahtera, Gert G. Wagner, Peter JM Westerholm, Hugo Westerlund, and Mika Kivim\u00e4ki (2015): Long working hours and alcohol use: systematic review and meta-analysis of published studie and unpublished individual participant data. <a href=\"https:\/\/www.bmj.com\/content\/350\/bmj.g7772\" target=\"_blank\" rel=\"noopener noreferrer\">British Medical Journal (BMJ) 350:g7772<\/a>.<\/span><\/li>\n<\/ul>\n<div align=\"left\">\n<ul>\n<li><span style=\"font-family: Arial;font-size: medium\"><span style=\"font-family: Arial;font-size: medium\">Hille, Adrian &amp; <strong>J\u00fcrgen Schupp<\/strong> (2015): <a href=\"https:\/\/www.econstor.eu\/dspace\/bitstream\/10419\/105863\/1\/Hille_2015_How-Learning-Musical.pdf\" target=\"_blank\" rel=\"noopener noreferrer\">How Learning a Musical Instrument Affects the Development of Skills<\/a>. <a href=\"https:\/\/www.sciencedirect.com\/science\/article\/pii\/S0272775714000995#\" target=\"_blank\" rel=\"noopener noreferrer\">Economics of Education Review<\/a>, 44, 56-82.<\/span><\/span><\/li>\n<\/ul>\n<ul>\n<li><span class=\"S_C_ddDoi\"><span class=\"S_C_ddDoi\"><span style=\"font-family: Arial;font-size: medium\"><strong>Schupp, J\u00fcrgen<\/strong> &nbsp;&amp; Gert G. Wagner (2015): Die Folgen des Mindestlohns als Forschungsaufgabe. <a href=\"https:\/\/www.jschupp.privat.t-online.de\/papers\/Schupp_Wagner_2015.pdf\" target=\"_blank\" rel=\"noopener noreferrer\">VdF-Newsletter<\/a>, 20(1), 8-8.<\/span><\/span><\/span><\/li>\n<\/ul>\n<\/div>\n","protected":false},"excerpt":{"rendered":"<p>L\u00e4ssig, Simone, Haslinger, Peter &amp; J\u00fcrgen Schupp (2015): Forschungsinfrastrukturen im Wissenschaftssystem. Qualit\u00e4t &#8211; Reputation &#8211; Nachhaltigkeit. Brosch\u00fcre der Projektgruppe im Strategiefondsprojekt &#8222;Forschungsinfrastrukturen und Wissenstransfer in der Leibniz-Gemeinschaft &#8211; Best Practice Modelle und Strategien&#8220;. Berlin: Leibniz-Gemeinschaft. Richter, David &amp; Schupp, J\u00fcrgen &hellip; <a href=\"https:\/\/userblogs.fu-berlin.de\/jschupp\/veroeffentlichungen\/2015-2\/\">Weiterlesen <span class=\"meta-nav\">&rarr;<\/span><\/a><\/p>\n","protected":false},"author":2039,"featured_media":0,"parent":8,"menu_order":13,"comment_status":"open","ping_status":"open","template":"","meta":{"footnotes":""},"class_list":["post-15","page","type-page","status-publish","hentry"],"_links":{"self":[{"href":"https:\/\/userblogs.fu-berlin.de\/jschupp\/wp-json\/wp\/v2\/pages\/15","targetHints":{"allow":["GET"]}}],"collection":[{"href":"https:\/\/userblogs.fu-berlin.de\/jschupp\/wp-json\/wp\/v2\/pages"}],"about":[{"href":"https:\/\/userblogs.fu-berlin.de\/jschupp\/wp-json\/wp\/v2\/types\/page"}],"author":[{"embeddable":true,"href":"https:\/\/userblogs.fu-berlin.de\/jschupp\/wp-json\/wp\/v2\/users\/2039"}],"replies":[{"embeddable":true,"href":"https:\/\/userblogs.fu-berlin.de\/jschupp\/wp-json\/wp\/v2\/comments?post=15"}],"version-history":[{"count":44,"href":"https:\/\/userblogs.fu-berlin.de\/jschupp\/wp-json\/wp\/v2\/pages\/15\/revisions"}],"predecessor-version":[{"id":1730,"href":"https:\/\/userblogs.fu-berlin.de\/jschupp\/wp-json\/wp\/v2\/pages\/15\/revisions\/1730"}],"up":[{"embeddable":true,"href":"https:\/\/userblogs.fu-berlin.de\/jschupp\/wp-json\/wp\/v2\/pages\/8"}],"wp:attachment":[{"href":"https:\/\/userblogs.fu-berlin.de\/jschupp\/wp-json\/wp\/v2\/media?parent=15"}],"curies":[{"name":"wp","href":"https:\/\/api.w.org\/{rel}","templated":true}]}}