{"id":1725,"date":"2024-01-20T17:53:08","date_gmt":"2024-01-20T17:53:08","guid":{"rendered":"https:\/\/userblogs.fu-berlin.de\/jschupp\/?page_id=1725"},"modified":"2025-04-12T08:36:56","modified_gmt":"2025-04-12T08:36:56","slug":"__trashed","status":"publish","type":"page","link":"https:\/\/userblogs.fu-berlin.de\/jschupp\/veroeffentlichungen\/__trashed\/","title":{"rendered":"2024"},"content":{"rendered":"\n<p><\/p>\n\n\n\n<ul class=\"wp-block-list\"><li><strong>Rolf G. Heinze &amp; <strong>J\u00fcrgen Schupp<\/strong> (2024): <\/strong><a rel=\"noreferrer noopener\" href=\"https:\/\/www.nomos-elibrary.de\/10.5771\/9783748915751-231\/klimageld-als-transformationshebel-gestaltungspotenziale-und-umsetzungsblockaden?page=3\" target=\"_blank\">Klimageld als Transformationshebel \u2013 Gestaltungspotenziale und Umsetzungsblockaden<\/a>. In: Kai-Uwe Hellmann (Hg.), <em>Verbrauchersozialpolitik.<\/em> Baden-Baden: Nomos, S. 231-250.<br><\/li><li><strong>J\u00fcrgen Schupp<\/strong> (2024): 40 Jahre SOEP und DIW Berlin &#8211; Ein Blick zur\u00fcck. <a href=\"https:\/\/www.diw.de\/documents\/publikationen\/73\/diw_01.c.908186.de\/diw_ssp1320.pdf\" data-type=\"URL\" data-id=\"https:\/\/www.diw.de\/documents\/publikationen\/73\/diw_01.c.908186.de\/diw_ssp1320.pdf\">SOEP Survey Papers 1320<\/a>: Series G. Berlin: DIW Berlin\/SOEP.<br><\/li><li>Rolf G. Heinze &amp; <strong>J\u00fcrgen Schupp<\/strong> (2024): Klimasozialpolitik als Pfeiler der Nachhaltigkeitswende. <em><a href=\"https:\/\/elibrary.duncker-humblot.com\/journal\/21\/sozialer-fortschritt#\">Sozialer Fortschritt<\/a><\/em><a rel=\"noreferrer noopener\" href=\"https:\/\/elibrary.duncker-humblot.com\/journal\/21\/sozialer-fortschritt\" target=\"_blank\"> <\/a> Schwerpunktheft: Sozialpolitische Aspekte der \u00f6kologischen Transformation 73 (6\/7):<a href=\"https:\/\/elibrary.duncker-humblot.com\/article\/74383\/klimasozialpolitik-als-pfeiler-der-nachhaltigkeitswende\">443-460<\/a>.<br><\/li><li>Fabian Beckmann, Fabian, Rolf G. Heinze, Dominik Schad &amp; <strong>J\u00fcrgen Schupp<\/strong> (2024): Erfahrungsbilanz B\u00fcrgergeld: Jobcenterbesch\u00e4ftigte sehen kaum Verbesserungen. <a href=\"https:\/\/www.diw.de\/documents\/publikationen\/73\/diw_01.c.900231.de\/24-17.pdf\"><em>DIW Wochenbericht<\/em> <\/a>91 (17):252-259.<br><\/li><li>Behrens, Johann &amp; <strong>J\u00fcrgen Schupp<\/strong> (2024): In memoriam Gert G. Wagner. <a href=\"https:\/\/www.campus.de\/produkt-detail\/soziologie_02_2024-18237.html\">Soziologie<\/a> 53 (2):236-242.<br><\/li><li><strong>J\u00fcrgen Schupp<\/strong> (2024): Sanktionsversch\u00e4rfung beim B\u00fcrgergeld f\u00fcr wissenschaftliche Evaluation nutzen (Kommentar). <a rel=\"noreferrer noopener\" href=\"https:\/\/doi.org\/10.18723\/diw_wb:2024-5-3\" target=\"_blank\">DIW Wochenbericht<\/a>, 91(5), 80-80.<\/li><\/ul>\n","protected":false},"excerpt":{"rendered":"<p>Rolf G. Heinze &amp; J\u00fcrgen Schupp (2024): Klimageld als Transformationshebel \u2013 Gestaltungspotenziale und Umsetzungsblockaden. In: Kai-Uwe Hellmann (Hg.), Verbrauchersozialpolitik. Baden-Baden: Nomos, S. 231-250. J\u00fcrgen Schupp (2024): 40 Jahre SOEP und DIW Berlin &#8211; Ein Blick zur\u00fcck. SOEP Survey Papers 1320: &hellip; <a href=\"https:\/\/userblogs.fu-berlin.de\/jschupp\/veroeffentlichungen\/__trashed\/\">Weiterlesen <span class=\"meta-nav\">&rarr;<\/span><\/a><\/p>\n","protected":false},"author":2039,"featured_media":0,"parent":8,"menu_order":2,"comment_status":"closed","ping_status":"closed","template":"","meta":{"footnotes":""},"class_list":["post-1725","page","type-page","status-publish","hentry"],"_links":{"self":[{"href":"https:\/\/userblogs.fu-berlin.de\/jschupp\/wp-json\/wp\/v2\/pages\/1725","targetHints":{"allow":["GET"]}}],"collection":[{"href":"https:\/\/userblogs.fu-berlin.de\/jschupp\/wp-json\/wp\/v2\/pages"}],"about":[{"href":"https:\/\/userblogs.fu-berlin.de\/jschupp\/wp-json\/wp\/v2\/types\/page"}],"author":[{"embeddable":true,"href":"https:\/\/userblogs.fu-berlin.de\/jschupp\/wp-json\/wp\/v2\/users\/2039"}],"replies":[{"embeddable":true,"href":"https:\/\/userblogs.fu-berlin.de\/jschupp\/wp-json\/wp\/v2\/comments?post=1725"}],"version-history":[{"count":25,"href":"https:\/\/userblogs.fu-berlin.de\/jschupp\/wp-json\/wp\/v2\/pages\/1725\/revisions"}],"predecessor-version":[{"id":1839,"href":"https:\/\/userblogs.fu-berlin.de\/jschupp\/wp-json\/wp\/v2\/pages\/1725\/revisions\/1839"}],"up":[{"embeddable":true,"href":"https:\/\/userblogs.fu-berlin.de\/jschupp\/wp-json\/wp\/v2\/pages\/8"}],"wp:attachment":[{"href":"https:\/\/userblogs.fu-berlin.de\/jschupp\/wp-json\/wp\/v2\/media?parent=1725"}],"curies":[{"name":"wp","href":"https:\/\/api.w.org\/{rel}","templated":true}]}}