{"id":18,"date":"2015-04-11T15:03:42","date_gmt":"2015-04-11T15:03:42","guid":{"rendered":"https:\/\/userblogs.fu-berlin.de\/jschupp\/?page_id=18"},"modified":"2024-01-20T17:58:57","modified_gmt":"2024-01-20T17:58:57","slug":"2014-2","status":"publish","type":"page","link":"https:\/\/userblogs.fu-berlin.de\/jschupp\/veroeffentlichungen\/2014-2\/","title":{"rendered":"2014"},"content":{"rendered":"<ul>\n<li>Beatrice Rammstedt, Constanze Beierlein, Elmar Br\u00e4hler, Michael Eid, Johannes Hartig, Martin Kersting, Stefan Liebig, Josef Lukas, Anne-Kathrin Mayer, Natalja Menold, <strong>J\u00fcrgen Schupp<\/strong> &amp; Erich Weichselgartner (2014): Qualit\u00e4tsstandards zur Entwicklung, Anwendung und Bewertung von Messinstrumenten in der sozialwissenschaftlichen Umfrageforschung.<span class=\"Apple-converted-space\">&nbsp;<\/span><span lang=\"EN-GB\"><span lang=\"EN-GB\"><span lang=\"EN-GB\"><span class=\"SpellE\"><span style=\"font-family: Arial;font-size: medium\"><a href=\"https:\/\/dx.doi.org\/10.3790\/schm.134.4.517\" target=\"_blank\" rel=\"noopener noreferrer\">Schmollers<\/a><\/span><\/span><span style=\"font-family: Arial;font-size: medium\"><a href=\"https:\/\/dx.doi.org\/10.3790\/schm.134.4.517\" target=\"_blank\" rel=\"noopener noreferrer\"><span class=\"Apple-converted-space\">&nbsp;<\/span><\/a><\/span><span class=\"SpellE\"><span style=\"font-family: Arial;font-size: medium\"><a href=\"https:\/\/dx.doi.org\/10.3790\/schm.134.4.517\" target=\"_blank\" rel=\"noopener noreferrer\">Jahrbuch, <\/a><\/span><\/span>Vol. 134(4), 517-546.<\/span><\/span><\/span><\/li>\n<li>Herbert Br\u00fccker, Ingrid Tucci, Simone Bartsch, Martin Kroh, Parvati Tr\u00fcbswetter, <strong>J\u00fcrgen Schupp<\/strong> (2014): Neue Muster der Migration.&nbsp;<a href=\"https:\/\/www.diw.de\/documents\/publikationen\/73\/diw_01.c.485494.de\/14-43-2.pdf\">Wochenbericht des DIW Berlin<\/a>, Jg. 81, Heft 42,&nbsp;1126-1135. [zugleich:&nbsp;Br\u00fccker, Herbert; Tucci, Ingrid; Bartsch, Simone; Kroh, Martin; Tr\u00fcbswetter, Parvati; Schupp, J\u00fcrgen (2014): Auf dem Weg nach Deutschland: Neue Muster der Migration. In: Die IAB-SOEP-Migrationsstichprobe: Leben, lernen, arbeiten &#8211; wie es Migranten in Deutschland geht, (<a href=\"https:\/\/doku.iab.de\/kurzber\/2014\/kb2114_1.pdf\">IAB-Kurzbericht, 21.1\/2014<\/a>), N\u00fcrnberg, S. 3-12].<\/li>\n<\/ul>\n<ul>\n<li>Herbert Br\u00fccker, Martin Kroh, Simone Bartsch, Jan Goebel, Simon K\u00fchne, Elisabeth Liebau, Parvati Tr\u00fcbswetter, Ingrid Tucci, <strong>J\u00fcrgen Schupp<\/strong> (2014): The New IAB-SOEP Migration Sample: An Introduction into the Methodology and the Contents.&nbsp;<a href=\"https:\/\/panel.gsoep.de\/soep-docs\/surveypapers\/diw_ssp0216.pdf\">SOEP Survey Papers Nr. 216<\/a>, DIW Berlin.<\/li>\n<li><strong>Schupp, J\u00fcrgen<\/strong> (2014):&nbsp;<a href=\"https:\/\/link.springer.com\/chapter\/10.1007%2F978-3-531-18939-0_73\">Paneldaten f\u00fcr die Sozialforschung<\/a>. In: Nina Baur &amp; J\u00f6rg Blasius (Hrsg.),<em><a href=\"https:\/\/www.springer.com\/springer+vs\/soziologie\/book\/978-3-531-17809-7\">Handbuch Methoden der empirischen Sozialforschung<\/a><\/em>. Wiesbaden: Springer VS, S. 925-939.<\/li>\n<\/ul>\n<ul>\n<li>Priem, Maximilan &amp; <strong>J\u00fcrgen Schupp<\/strong> (2014): Alle zufrieden &#8211; Lebensverh\u00e4ltnisse in Deutschland.<a href=\"https:\/\/www.diw.de\/documents\/publikationen\/73\/diw_01.c.483786.de\/14-40-9.pdf\">Wochenbericht des DIW Berlin<\/a>, Jg. 81, Heft 40, 1001-1008 [in Englisch erschienen als:&nbsp;Everyone Happy &#8211; Living Standards in Germany 25 Years after Reunification. DIW-Economic Bulletin,&nbsp;<a href=\"https:\/\/www.diw.de\/documents\/publikationen\/73\/diw_01.c.491969.de\/diw_econ_bull_2014-11-9.pdf\">4(11<\/a>), 65-71].<\/li>\n<li>Schneider, Simone &amp; <strong>J\u00fcrgen Schupp<\/strong> (2014): Individual Differences in Social Comparison and its Consequences for Life Satisfaction &#8211; Introducing a Short Scale&nbsp;of the Iowa-Netherlands Comparison Orientation Measure,&nbsp;<a href=\"https:\/\/link.springer.com\/article\/10.1007\/s11205-012-0227-1\">Social Indicators Research<\/a>.115(2), 767-789.<em>&nbsp;<\/em><\/li>\n<\/ul>\n<ul>\n<li>Liebig, Stefan, H\u00fclle, Sebastian &amp; <strong>J\u00fcrgen Schupp<\/strong> (2014): L\u00f6hne werden in Ostdeutschland weiterhin als ungerechter empfunden als im Westen.&nbsp;<a href=\"https:\/\/www.diw.de\/documents\/publikationen\/73\/diw_01.c.483784.de\/14-40-8.pdf\">Wochenbericht des DIW Berlin<\/a>, Jg. 81, Heft 40, 995-1000 [in Englisch erschienen als:&nbsp;<a href=\"https:\/\/www.econstor.eu\/dspace\/bitstream\/10419\/105453\/1\/812633326.pdf\">Wages in Eastern Germany Still Considered More Unjust Than in the West<\/a>.DIW-Economic Bulletin,&nbsp;<a href=\"https:\/\/www.diw.de\/documents\/publikationen\/73\/diw_01.c.491966.de\/diw_econ_bull_2014-11-8.pdf\">4(11)<\/a>, 59-64].<\/li>\n<li>Gerstorf, Denis, Jutta Heckhausen, Nilam Ram, Frank J. Infurna, J\u00fcrgen Schupp &amp; Gert G. Wagner (2014): Perceived Personal Control Buffers Terminal Decline in Well-Being.&nbsp;<em><a href=\"https:\/\/psycnet.apa.org\/journals\/pag\/29\/3\/612\/\">Psychology and Aging<\/a>,<\/em>29(3):612-625).<\/li>\n<li>Schupp, J\u00fcrgen (2014):&nbsp;<a href=\"https:\/\/www.econstor.eu\/dspace\/bitstream\/10419\/103394\/1\/796314772.pdf\">40 Jahre Sozialberichterstattung und Lebensqualit\u00e4tsforschung in Deutschland &#8211; R\u00fcckblick und Perspektiven<\/a>.&nbsp;<a href=\"https:\/\/www.diw.de\/documents\/publikationen\/73\/diw_01.c.480934.de\/diw_sp0680.pdf\">SOEPpapers on Multidisciplinary Panel Data Research No. 680<\/a><a href=\"https:\/\/www.diw.de\/documents\/publikationen\/73\/diw_01.c.432405.de\/diw_sp0603.pdf\">,<\/a>&nbsp;Berlin.<\/li>\n<li>Sandra Gerstorf &amp; J\u00fcrgen Schupp (Hrsg.) (2014):&nbsp; <a href=\"https:\/\/www.diw.de\/documents\/publikationen\/73\/diw_01.c.470126.de\/wave_report_2013.pdf\" target=\"_blank\" rel=\"noopener noreferrer\">SOEP Wave Report 2013<\/a>. Berlin: DIW Berlin.<\/li>\n<\/ul>\n<ul>\n<li>Gert G. Wagner, Michaela Engelmann, Jan Goebel, Florian Griese, Marcel Hebing, Janine Napieraj, Marius Pahl, Carolin Stolpe, Monika Wimmer, Alexander Eickelpasch &amp; <strong>J\u00fcrgen Schupp<\/strong> (2014): &#8222;Citizen Science&#8220; auf Basis des SOEP: Entwicklung und erste Anwendung eines Software-Tools f\u00fcr &#8222;B\u00fcrgerdialoge&#8220; [<a href=\"https:\/\/www.diw.de\/documents\/publikationen\/73\/diw_01.c.466806.de\/diw_sp0666.pdf\">SOEPpapers on Multidisciplinary Panel Data Research No. 666<\/a><a href=\"https:\/\/www.diw.de\/documents\/publikationen\/73\/diw_01.c.432405.de\/diw_sp0603.pdf\">,<\/a>&nbsp;Berlin<\/li>\n<\/ul>\n<ul>\n<li>Infurna, Frank J., Denis Gerstorf, Nilam Ram, <strong>J\u00fcrgen Schupp<\/strong>, Mirjam A. Sprangers, and Gert G. Wagner (2014): Self- and Proxy-Reports about Late-Life-Satisfaction.&nbsp;<em><a href=\"https:\/\/psychsocgerontology.oxfordjournals.org\/content\/early\/2013\/06\/12\/geronb.gbt055.abstract\">Journal of Gerontology: Psychological Sciences<\/a>,&nbsp;<\/em>69(5), 695-709.<\/li>\n<\/ul>\n<ul>\n<li>Siegrist, Johannes, Nico Dragano, Solja T. Nyberg, Thorsten Lunau, Lars Alfredsson, Raimund Erbel, G\u00f6ran Fahlen, Marcel&nbsp;Goldberg, Karl-Heinz J\u00f6ckel, Anders Knutsson, Constanze Leineweber,&nbsp;Linda&nbsp;L. Magnusson Hanson, Maria Nordin, Reiner Rugulies, <strong>J\u00fcrgen Schupp,<\/strong> Archana Singh-Manoux, T\u00f6res Thorell, Gert G. Wagner, Hugo Westerlund, Marie Zins, Katriina Heikkil\u00e4, Eleaonr I. Fransson, and Mika Kivim\u00e4ki (2014): Validating abbreviated measures of effort-reward imbalance at work in Europe cohort studies: the IPD-Work consortium.&nbsp;<em><a href=\"https:\/\/link.springer.com\/article\/10.1007%2Fs00420-013-0855-z\">International Archives &nbsp;Occupational Environmental Health<\/a>,<\/em>87(3):249-256.<\/li>\n<\/ul>\n<ul>\n<li>Kr\u00f6ger, Hannes <strong>J\u00fcrgen Schupp<\/strong> &amp; Johann Behrens (2014): Unlocking further potential in the National Cohort study (NaKo) through comparability with the &nbsp;German Socio-Economic Panel.<a href=\"https:\/\/www.ratswd.de\/dl\/RatSWD_WP_237.pdf\">&nbsp;RatSWD Working Paper No. 237<\/a>. [<a href=\"https:\/\/www.diw.de\/documents\/publikationen\/73\/diw_01.c.464467.de\/diw_sp0651.pdf\">SOEPpapers on Multidisciplinary Panel Data Research No. 651<\/a><a href=\"https:\/\/www.diw.de\/documents\/publikationen\/73\/diw_01.c.432405.de\/diw_sp0603.pdf\">,<\/a>&nbsp;Berlin].<\/li>\n<\/ul>\n<ul>\n<li><strong>Schupp, J\u00fcrgen<\/strong> (2014):&nbsp;<a href=\"https:\/\/www.diw.de\/documents\/publikationen\/73\/diw_01.c.462402.de\/14-18-3.pdf\">Will die Mehrheit der Jungrentner zur\u00fcck in den Beruf<\/a>? (Kommentar)<a href=\"https:\/\/www.diw.de\/sixcms\/detail.php?id=diw_01.c.436923.de\">Wochenbericht des DIW Berlin<\/a>, 81(18):428&#8211;428.<\/li>\n<li><strong>Schupp, J\u00fcrgen<\/strong> (2014):&nbsp;<a href=\"https:\/\/www.diw.de\/documents\/publikationen\/73\/diw_01.c.436818.de\/14-6-3.pdf\">Wer profitiert vom Mindestlohn?<\/a>&nbsp;(Kommentar)&nbsp;<a href=\"https:\/\/www.diw.de\/sixcms\/detail.php?id=diw_01.c.436923.de\">Wochenbericht des DIW Berlin<\/a>, 81(6):112&#8211;112.<\/li>\n<\/ul>\n<ul>\n<li><strong>Schupp, J\u00fcrgen<\/strong> &amp; Wolfgang Glatzer (2014): Indikatoren, soziale. In: G\u00fcnter Endruweit, Gisela Trommsdorff &amp; Nicole Burzan (Hrsg.),&nbsp;<em><a href=\"https:\/\/www.amazon.de\/W%C3%B6rterbuch-Soziologie-G%C3%BCnter-Endruweit\/dp\/3825285669\/ref=sr_1_5?ie=UTF8&amp;qid=1391635452&amp;sr=8-5&amp;keywords=g%C3%BCnter+endruweit\">W\u00f6rterbuch der Soziologie<\/a><\/em>. Konstanz und M\u00fcnchen: UVK\/Lucius, S. 177-179.<\/li>\n<\/ul>\n<ul>\n<li><strong>Schupp, J\u00fcrgen<\/strong> &amp; Heiner Meulemann (2014): L\u00e4ngsschnittuntersuchung. In: G\u00fcnter Endruweit, Gisela Trommsdorff &amp; Nicole Burzan (Hrsg.),&nbsp;<em><a href=\"https:\/\/www.amazon.de\/W%C3%B6rterbuch-Soziologie-G%C3%BCnter-Endruweit\/dp\/3825285669\/ref=sr_1_5?ie=UTF8&amp;qid=1391635452&amp;sr=8-5&amp;keywords=g%C3%BCnter+endruweit\">W\u00f6rterbuch der Soziologie<\/a><\/em>. Konstanz und M\u00fcnchen: UVK\/Lucius, S. 265-266.<\/li>\n<\/ul>\n<ul>\n<li>Richter, David &amp; <strong>J\u00fcrgen Schupp<\/strong> (2014) : SOEP 2006 &#8211; TIMEPREF: Dataset on the economic behavior experiment on time preferences in the 2006 SOEP Survey,&nbsp;<a href=\"https:\/\/www.econstor.eu\/dspace\/bitstream\/10419\/105002\/1\/812774361.pdf\">SOEP Survey Papers, No. 224<\/a>.<\/li>\n<\/ul>\n<ul>\n<li>Weinhardt, Michael &amp; <strong>J\u00fcrgen Schupp<\/strong> (2014) : Multi-Itemskalen im SOEP Jugendfragebogen,&nbsp;<a href=\"https:\/\/www.econstor.eu\/dspace\/bitstream\/10419\/106410\/1\/815578083.pdf\">SOEP Survey Papers<\/a>, No. 234<\/li>\n<\/ul>\n<ul>\n<li>Hille, Adrian, Annegret Arnold &amp; J\u00fcrgen Schupp (2014):&nbsp;<a href=\"https:\/\/www.econstor.eu\/dspace\/bitstream\/10419\/91599\/1\/777075997.pdf\">Leisure Behavior of Young People: Education-Oriented Activities Becoming Increasingly Prevalent<\/a>.&nbsp;<a href=\"https:\/\/www.diw.de\/documents\/publikationen\/73\/diw_01.c.435973.de\/diw_econ_bull_2014-01-4.pdf\">DIW Economic Bulletin<\/a>, 4(1), 26-36.<\/li>\n<\/ul>\n","protected":false},"excerpt":{"rendered":"<p>Beatrice Rammstedt, Constanze Beierlein, Elmar Br\u00e4hler, Michael Eid, Johannes Hartig, Martin Kersting, Stefan Liebig, Josef Lukas, Anne-Kathrin Mayer, Natalja Menold, J\u00fcrgen Schupp &amp; Erich Weichselgartner (2014): Qualit\u00e4tsstandards zur Entwicklung, Anwendung und Bewertung von Messinstrumenten in der sozialwissenschaftlichen Umfrageforschung.&nbsp;Schmollers&nbsp;Jahrbuch, Vol. 134(4), &hellip; <a href=\"https:\/\/userblogs.fu-berlin.de\/jschupp\/veroeffentlichungen\/2014-2\/\">Weiterlesen <span class=\"meta-nav\">&rarr;<\/span><\/a><\/p>\n","protected":false},"author":2039,"featured_media":0,"parent":8,"menu_order":16,"comment_status":"open","ping_status":"closed","template":"","meta":{"footnotes":""},"class_list":["post-18","page","type-page","status-publish","hentry"],"_links":{"self":[{"href":"https:\/\/userblogs.fu-berlin.de\/jschupp\/wp-json\/wp\/v2\/pages\/18","targetHints":{"allow":["GET"]}}],"collection":[{"href":"https:\/\/userblogs.fu-berlin.de\/jschupp\/wp-json\/wp\/v2\/pages"}],"about":[{"href":"https:\/\/userblogs.fu-berlin.de\/jschupp\/wp-json\/wp\/v2\/types\/page"}],"author":[{"embeddable":true,"href":"https:\/\/userblogs.fu-berlin.de\/jschupp\/wp-json\/wp\/v2\/users\/2039"}],"replies":[{"embeddable":true,"href":"https:\/\/userblogs.fu-berlin.de\/jschupp\/wp-json\/wp\/v2\/comments?post=18"}],"version-history":[{"count":10,"href":"https:\/\/userblogs.fu-berlin.de\/jschupp\/wp-json\/wp\/v2\/pages\/18\/revisions"}],"predecessor-version":[{"id":1918,"href":"https:\/\/userblogs.fu-berlin.de\/jschupp\/wp-json\/wp\/v2\/pages\/18\/revisions\/1918"}],"up":[{"embeddable":true,"href":"https:\/\/userblogs.fu-berlin.de\/jschupp\/wp-json\/wp\/v2\/pages\/8"}],"wp:attachment":[{"href":"https:\/\/userblogs.fu-berlin.de\/jschupp\/wp-json\/wp\/v2\/media?parent=18"}],"curies":[{"name":"wp","href":"https:\/\/api.w.org\/{rel}","templated":true}]}}