{"id":31,"date":"2015-04-11T15:21:23","date_gmt":"2015-04-11T15:21:23","guid":{"rendered":"https:\/\/userblogs.fu-berlin.de\/jschupp\/?page_id=31"},"modified":"2024-01-20T17:57:35","modified_gmt":"2024-01-20T17:57:35","slug":"2011-2","status":"publish","type":"page","link":"https:\/\/userblogs.fu-berlin.de\/jschupp\/veroeffentlichungen\/2011-2\/","title":{"rendered":"2011"},"content":{"rendered":"<ul type=\"disc\">\n<li><span class=\"SpellE\"><span style=\"font-family: Arial;font-size: medium\">Sch\u00f6neck, Nadine M., Steffen Mau&nbsp;&nbsp;&amp;<span class=\"Apple-converted-space\">&nbsp;<\/span><\/span><\/span><span style=\"font-family: Arial;font-size: medium\"><strong>J\u00fcrgen Schupp&nbsp;<\/strong> (2011): Gef\u00fchlte Unsicherheit &#8211; Deprivationsangst und Abstiegssorgen der Bev\u00f6lkerung in Deutschland. SOEPpapers on Multidisciplinary Panel Data Research, <a href=\"https:\/\/www.diw.de\/documents\/publikationen\/73\/diw_01.c.392115.de\/diw_sp0428.pdf\">N<\/a><\/span><span style=\"font-family: Arial;font-size: medium\">o. 428<\/span><span style=\"font-family: Arial;font-size: medium\"><br \/>\n<\/span><\/li>\n<li><span style=\"font-family: Arial;font-size: medium\"><span style=\"font-family: Arial;font-size: medium\"><strong>Schupp, J\u00fcrgen<\/strong> (2011). Zur Relevanz der Umfrageforschung als Entscheidungsgrundlage f\u00fcr Politik und Wirtschaft. In: Christian K\u00f6nig, Matthias Stahl und Erich Wiegand (Hrsg.), Umfrageforschung: Entscheidungsgrundlage f\u00fcr Politik und Wissenschaft,<span class=\"Apple-converted-space\">&nbsp;<\/span><a href=\"https:\/\/www.etracker.de\/lnkcnt.php?et=qPKGYV&amp;url=https:\/\/www.ssoar.info\/ssoar\/bitstream\/handle\/document\/32592\/ssoar-2011-konig_et_al-Umfrageforschung__Entscheidungsgrundlage_fur_Politik.pdf?sequence=1&amp;lnkname=ssoar-2011-konig_et_al-Umfrageforschung__Entscheidungsgrundlage_fur_Politik.pdf&amp;20170501145902824\">GESIS Schriftenreihe Band 8<\/a>, Bonn,&nbsp;S. 13-22.<\/span><\/span><\/li>\n<li><span style=\"font-family: Arial;font-size: medium\"><span style=\"font-family: Arial;font-size: medium\"><strong>Schupp, J\u00fcrgen<\/strong> (2011). Armut in Europa &#8211; Ist die ambitionierte Zielgr\u00f6\u00dfe noch zeitgem\u00e4\u00df?<a href=\"https:\/\/www.diw.de\/documents\/publikationen\/73\/diw_01.c.388899.de\/11-46-4.pdf\" target=\"_blank\" rel=\"noopener noreferrer\">(Kommentar)<\/a><span class=\"Apple-converted-space\">&nbsp;<\/span><i>Wochenbericht des DIW Berlin,<\/i><span class=\"Apple-converted-space\">&nbsp;<\/span>78(46):20-20.<\/span><\/span><\/li>\n<li><span style=\"font-family: Arial;font-size: medium\">Priller, Eckhard &amp; <strong>J\u00fcrgen Schupp<\/strong> (2011): Verm\u00f6gende verm\u00f6gen eigentlich mehr. Trotz wachsendem Wohlstands stagniert das Spendenvolumen.<span class=\"Apple-converted-space\">&nbsp;<\/span><\/span><span style=\"font-family: Arial;font-size: medium\"><span style=\"font-family: Arial;font-size: medium\"><i><a href=\"https:\/\/www.wzb.eu\/sites\/default\/files\/publikationen\/wzb_mitteilungen\/wm134.34-37.pdf\" target=\"_blank\" rel=\"noopener noreferrer\">WZB Mitteilungen,<span class=\"Apple-converted-space\">&nbsp;<\/span><\/a>Jg. 134<\/i>, S. 34-17.<\/span><\/span><\/li>\n<li><span style=\"font-family: Arial;font-size: medium\">Priller, Eckhard &amp; <strong>J\u00fcrgen Schupp<\/strong> (2011): Soziale und \u00f6konomische Merkmale von Geld- und Blutspendern in Deutschland.<span class=\"Apple-converted-space\">&nbsp;<\/span><\/span><span style=\"font-family: Arial;font-size: medium\"><i><a href=\"https:\/\/www.diw.de\/de\/diw_01.c.376537.de\/themen_nachrichten\/akademiker_spenden_mehr_geld_aber_nicht_mehr_blut.html\" target=\"_blank\" rel=\"noopener noreferrer\">Wochenbericht des DIW Berlin<span class=\"Apple-converted-space\">&nbsp;<\/span><\/a>Jg.<span class=\"Apple-converted-space\">&nbsp;<\/span><\/i>78, Heft 29, S. 3-11.&nbsp;<\/span><span style=\"font-family: Arial;font-size: medium\">[in Englisch erschienen als: Social and Economic Characteristics of Financial and Blood Donors in Germany<\/span><span style=\"font-family: Arial;font-size: medium\">, DIW Economic Bulletin,<span class=\"Apple-converted-space\">&nbsp;<\/span><a href=\"https:\/\/www.diw.de\/sixcms\/detail.php?id=diw_01.c.389654.de\" target=\"_blank\" rel=\"noopener noreferrer\">Vol. 1(6)<\/a>, pp. 23-30]<\/span><span style=\"font-family: Arial;font-size: medium\">.<\/span><\/li>\n<li><span style=\"font-family: Arial;font-size: medium\">Holst, Elke &amp; <strong>J\u00fcrgen Schupp<\/strong> (2011): Situation und Erwartungen auf dem Arbeitsmarkt. In: Statistische Bundesamt (Hrsg.):<span class=\"Apple-converted-space\">&nbsp;<\/span><\/span><a href=\"https:\/\/www.jschupp.privat.t-online.de\/papers\/datenreport_2011_Schupp-Holst.pdf\" target=\"_blank\" rel=\"noopener noreferrer\"><span style=\"font-family: Arial;font-size: medium\">Datenreport 2011.<\/span><\/a><span style=\"font-family: Arial;font-size: medium\"><span style=\"font-family: Arial;font-size: medium\"><span class=\"Apple-converted-space\">&nbsp;<\/span>Schriftenreihe der Bundeszentrale f\u00fcr politische Bildung. Bonn, S. 109-116.<\/span><\/span><\/li>\n<li><span style=\"font-family: Arial;font-size: medium\">Weinhardt, Michael &amp;<strong> J\u00fcrgen Schupp<\/strong> (2011):<span class=\"Apple-converted-space\">&nbsp;<\/span><\/span><span style=\"font-family: Arial;font-size: medium\">Multi-Itemskalen im SOEP Jugendfragebogen<\/span><span style=\"font-family: Arial;font-size: medium\">.<span class=\"Apple-converted-space\">&nbsp;<\/span><\/span><a href=\"https:\/\/www.diw.de\/documents\/publikationen\/73\/diw_01.c.386621.de\/diw_datadoc_2011-060.pdf\" target=\"_blank\" rel=\"noopener noreferrer\"><span style=\"font-family: Arial;font-size: medium\">DIW-Data Documentation<\/span><\/a><span style=\"font-family: Arial;font-size: medium\"><span style=\"font-family: Arial;font-size: medium\"><span class=\"Apple-converted-space\">&nbsp;<\/span>No. 60.<\/span><\/span><\/li>\n<li><span class=\"SpellE\"><span lang=\"EN-GB\"><span style=\"font-family: Arial;font-size: medium\">Infurna<\/span><\/span><\/span><span lang=\"EN-GB\"><span style=\"font-family: Arial;font-size: medium\">, Frank J., Denis<span class=\"Apple-converted-space\">&nbsp;<\/span><\/span><span class=\"SpellE\"><span style=\"font-family: Arial;font-size: medium\">Gerstorf<\/span><\/span><span style=\"font-family: Arial;font-size: medium\">,<span class=\"Apple-converted-space\">&nbsp;<\/span><\/span><span class=\"SpellE\"><span style=\"font-family: Arial;font-size: medium\">Nilam<\/span><\/span><span style=\"font-family: Arial;font-size: medium\"><span class=\"Apple-converted-space\">&nbsp;<\/span>Ram, <strong>J\u00fcrgen Schupp<\/strong> &amp;<span class=\"Apple-converted-space\">&nbsp;<\/span><\/span><span class=\"SpellE\"><span style=\"font-family: Arial;font-size: medium\">Gert<\/span><\/span><span style=\"font-family: Arial;font-size: medium\"><span class=\"Apple-converted-space\">&nbsp;<\/span>G. Wagner (2011):&nbsp;Antecedents and Outcomes of Perceived Control.<span class=\"Apple-converted-space\">&nbsp;<\/span><\/span><\/span><i><span class=\"SpellE\"><a href=\"https:\/\/psycnet.apa.org\/journals\/pag\/26\/3\/559\/\" target=\"_blank\" rel=\"noopener noreferrer\"><span style=\"font-family: Arial;font-size: medium\">Psychology<\/span><\/a><\/span><a href=\"https:\/\/psycnet.apa.org\/journals\/pag\/26\/3\/559\/\" target=\"_blank\" rel=\"noopener noreferrer\"><span style=\"font-family: Arial;font-size: medium\"><span class=\"Apple-converted-space\">&nbsp;<\/span>and<span class=\"Apple-converted-space\">&nbsp;<\/span><\/span><\/a><span class=\"SpellE\"><a href=\"https:\/\/psycnet.apa.org\/journals\/pag\/26\/3\/559\/\" target=\"_blank\" rel=\"noopener noreferrer\"><span style=\"font-family: Arial;font-size: medium\">Aging<\/span><\/a><\/span><\/i><span style=\"font-family: Arial;font-size: medium\">,<span class=\"Apple-converted-space\">&nbsp;<\/span><\/span><span style=\"font-family: Arial;font-size: medium\">Vol. 26(3), 559-575<span class=\"Apple-converted-space\">&nbsp;<\/span><\/span><span style=\"font-family: Arial;font-size: medium\">[<\/span><span class=\"SpellE\"><span style=\"font-family: Arial;font-size: medium\">preprint<\/span><\/span><span style=\"font-family: Arial;font-size: medium\"><span class=\"Apple-converted-space\">&nbsp;<\/span>als:<\/span><span class=\"SpellE\"><span style=\"font-family: Arial;font-size: medium\">SOEPpapers<\/span><\/span><span style=\"font-family: Arial;font-size: medium\"><span class=\"Apple-converted-space\">&nbsp;<\/span>on<span class=\"Apple-converted-space\">&nbsp;<\/span><\/span><span class=\"SpellE\"><span style=\"font-family: Arial;font-size: medium\">Multidisciplinary<\/span><\/span><span style=\"font-family: Arial;font-size: medium\"><span class=\"Apple-converted-space\">&nbsp;<\/span>Panel Data Research<\/span><a href=\"https:\/\/www.diw.de\/sixcms\/detail.php?id=diw_01.c.358478.de\" target=\"_blank\" rel=\"noopener noreferrer\"><span style=\"font-family: Arial;font-size: medium\"><span class=\"Apple-converted-space\">&nbsp;<\/span><\/span><\/a><a href=\"https:\/\/www.diw.de\/sixcms\/detail.php?id=diw_01.c.367171.de\" target=\"_blank\" rel=\"noopener noreferrer\"><span style=\"font-family: Arial;font-size: medium\">No. 355<\/span><\/a><span class=\"SpellE\">].<\/span><\/li>\n<li><span class=\"SpellE\"><span style=\"font-family: Arial;font-size: medium\">Ambrasat<\/span><\/span><span style=\"font-family: Arial;font-size: medium\">, Jens, <strong>J\u00fcrgen Schupp<\/strong> &amp; Gert G. Wagner (2011):<span class=\"Apple-converted-space\">&nbsp;<\/span><\/span><span style=\"font-family: Arial;font-size: medium\">Comparing the Predicitive Power of Subjective and Objective Health Indicators: Changes in Hand Grip Strength and Overall Satisfaction with Life as Predictors of Mortality<\/span><span style=\"font-family: Arial;font-size: medium\">. SOEPpapers on Multidisciplinary Panel Data Research,<span class=\"Apple-converted-space\">&nbsp;<\/span><\/span><a href=\"https:\/\/www.diw.de\/documents\/publikationen\/73\/diw_01.c.378114.de\/diw_sp0398.pdf\"><span style=\"font-family: Arial;font-size: medium\">No. 398<\/span><\/a><a href=\"https:\/\/www.diw.de\/sixcms\/detail.php?id=378116\" target=\"_blank\" rel=\"noopener noreferrer\"><span class=\"SpellE\"><span style=\"font-family: Arial;font-size: medium\"><span class=\"Apple-converted-space\"><br \/>\n<\/span><\/span><\/span><\/a><\/li>\n<li><span style=\"font-family: Arial;font-size: medium\">Weinhardt, Michael &amp; <strong>J\u00fcrgen Schupp<\/strong> (2011): Die Messung individueller Vergebungstendenz im SOEP: Skaleneigenschaften der deutschen Version der Tendency-to-Forgive-Scale.<span class=\"Apple-converted-space\">&nbsp;<\/span><\/span><a href=\"https:\/\/www.diw.de\/sixcms\/detail.php?id=diw_01.c.375912.de\" target=\"_blank\" rel=\"noopener noreferrer\"><span style=\"font-family: Arial;font-size: medium\">DIW-Data Documentation<\/span><\/a><span style=\"font-family: Arial;font-size: medium\"><span style=\"font-family: Arial;font-size: medium\"><span class=\"Apple-converted-space\">&nbsp;<\/span>No. 56.<\/span><\/span><\/li>\n<li><span style=\"font-family: Arial;font-size: medium\">Kroh, Martin &amp; <strong>J\u00fcrgen Schupp<\/strong> (2011): B\u00fcndnis 90\/Die Gr\u00fcnen auf dem Weg zur Volkspartei?<i><a href=\"https:\/\/www.diw.de\/documents\/publikationen\/73\/diw_01.c.369952.de\/11-12-1.pdf\" target=\"_blank\" rel=\"noopener noreferrer\">Wochenbericht des DIW Berlin<\/a><span class=\"Apple-converted-space\">&nbsp;<\/span>Jg.<span class=\"Apple-converted-space\">&nbsp;<\/span><\/i>78, Heft 12, S. 2-9. &nbsp;<\/span><span style=\"font-family: Arial;font-size: medium\">[in Englisch erschienen als:<span class=\"Apple-converted-space\">&nbsp;<\/span><\/span><span style=\"font-family: Arial;font-size: medium\">Alliance `90\/The Greens at the Crossroads: On Their Way to Becoming a Mainstream Party?<\/span><span style=\"font-family: Arial;font-size: medium\">, DIW Economic Bulletin,<a href=\"https:\/\/www.diw.de\/de\/diw_01.c.375799.de\/publikationen_veranstaltungen\/publikationen\/diw_economic_bulletin.html\" target=\"_blank\" rel=\"noopener noreferrer\">Vol. 1(3)<\/a>, pp. 25-32]<\/span><span style=\"font-family: Arial;font-size: medium\">.<\/span> <span style=\"font-family: Arial;font-size: medium\"><br \/>\n<\/span><\/li>\n<li><span style=\"font-family: Arial;font-size: medium\"><span style=\"font-family: Arial;font-size: medium\"><strong>Schupp, J\u00fcrgen<\/strong> (2011). F\u00fchrt eine Frauenquote zu mehr Gerechtigkeit?<span class=\"Apple-converted-space\">&nbsp;<\/span><a href=\"https:\/\/www.jschupp.privat.t-online.de\/papers\/Kommentar_DIW_WB_10_2011.pdf\" target=\"_blank\" rel=\"noopener noreferrer\">(Kommentar)<\/a><i>Wochenbericht des DIW Berlin,<\/i><span class=\"Apple-converted-space\">&nbsp;<\/span>78(10):20-20.<\/span><\/span><\/li>\n<li><span style=\"font-family: Arial;font-size: medium\">Lang, Frieder R., John, Dennis, L\u00fcdtke, Oliver, <strong>Schpp, J\u00fcrgen<\/strong> &amp; Wagner, Gert G. (2011): Short Assessment of the Big Five: Roboust Across Survey Methods Except Telephone Interviewing.<\/span><tt><span style=\"font-family: Arial,Courier;font-size: medium\">&nbsp;<a href=\"https:\/\/www.springerlink.com\/content\/y74264hw21vp1q41\/\" target=\"_blank\" rel=\"noopener noreferrer\">Behavior Research Methods<\/a>,<span class=\"Apple-converted-space\">&nbsp;<\/span><\/span><\/tt><span lang=\"EN-GB\"><span style=\"font-family: Arial;font-size: medium\">43(2),<span class=\"Apple-converted-space\">&nbsp;<\/span><\/span><\/span><span lang=\"EN-GB\"><span class=\"pagination\"><span style=\"font-family: Arial;font-size: medium\">548-567<\/span><\/span><\/span><tt><tt><span style=\"font-family: Arial,Courier;font-size: medium\">.<\/span><\/tt><\/tt><\/li>\n<li><span lang=\"EN-GB\"><span style=\"font-family: Arial;font-size: medium\">Thomas<span class=\"Apple-converted-space\">&nbsp;<\/span><\/span><span class=\"SpellE\"><span style=\"font-family: Arial;font-size: medium\">Dohmen<\/span><\/span><span style=\"font-family: Arial;font-size: medium\">; Armin Falk; David Huffman;<span class=\"Apple-converted-space\">&nbsp;<\/span><\/span><span class=\"SpellE\"><span style=\"font-family: Arial;font-size: medium\">Uwe<\/span><\/span><span style=\"font-family: Arial;font-size: medium\"><span class=\"Apple-converted-space\">&nbsp;<\/span><\/span><span class=\"SpellE\"><span style=\"font-family: Arial;font-size: medium\">Sunde<\/span><\/span><span style=\"font-family: Arial;font-size: medium\">; <strong>J\u00fcrgen Schupp<\/strong> &amp;<span class=\"Apple-converted-space\">&nbsp;<\/span><\/span><span class=\"SpellE\"><span style=\"font-family: Arial;font-size: medium\">Gert<\/span><\/span><span style=\"font-family: Arial;font-size: medium\"><span class=\"Apple-converted-space\">&nbsp;<\/span>G. Wagner (2011):<span class=\"Apple-converted-space\">&nbsp;<\/span><\/span><\/span><a href=\"https:\/\/www.eeassoc.org\/doc\/upload\/Abstract-Dohmen-etal20100421184525.pdf\" target=\"_blank\" rel=\"noopener noreferrer\"><span lang=\"EN-GB\"><span style=\"font-family: Arial;font-size: medium\">Individual Risk Attitudes<\/span><\/span><\/a><span lang=\"EN-GB\"><span style=\"font-family: Arial;font-size: medium\">: New Evidence from a Large, Representative Experimentally-Validated Survey<a href=\"https:\/\/www.jstor.org\/discover\/10.2307\/25836078?uid=3737864&amp;uid=2&amp;uid=4&amp;sid=21103374478727\" target=\"_blank\" rel=\"noopener noreferrer\">.<\/a><\/span><\/span><span style=\"font-family: Arial;font-size: medium\"><a href=\"https:\/\/www.jstor.org\/discover\/10.2307\/25836078?uid=3737864&amp;uid=2&amp;uid=4&amp;sid=21103374478727\" target=\"_blank\" rel=\"noopener noreferrer\"><span class=\"Apple-converted-space\">&nbsp;<\/span><\/a><\/span><tt><i><span style=\"font-family: Arial;font-size: medium\"><a href=\"https:\/\/www.jstor.org\/discover\/10.2307\/25836078?uid=3737864&amp;uid=2&amp;uid=4&amp;sid=21103374478727\" target=\"_blank\" rel=\"noopener noreferrer\">Journal of<span class=\"Apple-converted-space\">&nbsp;<\/span><\/a><\/span><span class=\"SpellE\"><span style=\"font-family: Arial;font-size: medium\"><a href=\"https:\/\/www.jstor.org\/discover\/10.2307\/25836078?uid=3737864&amp;uid=2&amp;uid=4&amp;sid=21103374478727\" target=\"_blank\" rel=\"noopener noreferrer\">the<\/a><\/span><\/span><span style=\"font-family: Arial;font-size: medium\"><a href=\"https:\/\/www.jstor.org\/discover\/10.2307\/25836078?uid=3737864&amp;uid=2&amp;uid=4&amp;sid=21103374478727\" target=\"_blank\" rel=\"noopener noreferrer\"><span class=\"Apple-converted-space\">&nbsp;<\/span>European<span class=\"Apple-converted-space\">&nbsp;<\/span><\/a><\/span><span class=\"SpellE\"><span style=\"font-family: Arial;font-size: medium\"><a href=\"https:\/\/www.jstor.org\/discover\/10.2307\/25836078?uid=3737864&amp;uid=2&amp;uid=4&amp;sid=21103374478727\" target=\"_blank\" rel=\"noopener noreferrer\">Economic<\/a><\/span><\/span><span style=\"font-family: Arial;font-size: medium\"><a href=\"https:\/\/www.jstor.org\/discover\/10.2307\/25836078?uid=3737864&amp;uid=2&amp;uid=4&amp;sid=21103374478727\" target=\"_blank\" rel=\"noopener noreferrer\"><span class=\"Apple-converted-space\">&nbsp;<\/span>Association, &nbsp;<\/a>Vol<span class=\"Apple-converted-space\">&nbsp;<\/span><\/span><\/i><\/tt><span lang=\"EN-US\"><span style=\"font-family: Arial;font-size: medium\">9(3), 522-550<\/span><\/span><tt><i><span style=\"font-family: Arial;font-size: medium\"><br \/>\n<\/span><\/i><\/tt><\/li>\n<li><span lang=\"EN-GB\"><span style=\"font-family: Arial;font-size: medium\">Schneider, Simone &amp; <strong>J\u00fcrgen Schupp<\/strong> (2011):<span class=\"Apple-converted-space\">&nbsp;<\/span><\/span><\/span><span style=\"font-family: Arial;font-size: medium\">The Social Comparison Scale: Testing the Validity, Reliability, and Applicability of the Iowa-Netherlands Comparison Orientation Measure (INCOM) on the German Population<\/span><span lang=\"EN-GB\"><span style=\"font-family: Arial;font-size: medium\">.<span class=\"Apple-converted-space\">&nbsp;<\/span><\/span><\/span><span style=\"font-family: Arial;font-size: medium\">SOEPpapers on Multidisciplinary Panel Data Research<\/span><a href=\"https:\/\/www.diw.de\/documents\/publikationen\/73\/diw_01.c.368747.de\/diw_sp0360.pdf\"><span style=\"font-family: Arial;font-size: medium\">No. 360<\/span><\/a><span style=\"font-family: Arial;font-size: medium\"><span class=\"Apple-converted-space\">&nbsp;<\/span>[<\/span><span lang=\"EN-GB\"><span style=\"font-family: Arial;font-size: medium\">zugleich:<\/span><\/span><a href=\"https:\/\/www.diw.de\/documents\/publikationen\/73\/diw_01.c.368789.de\/diw_datadoc_2011-055.pdf\"><span style=\"font-family: Arial;font-size: medium\">DIW-Data Documentation<\/span><\/a><span style=\"font-family: Arial;font-size: medium\"><span style=\"font-family: Arial;font-size: medium\"><span class=\"Apple-converted-space\">&nbsp;<\/span>No. 55]<\/span><\/span><\/li>\n<li><span style=\"font-family: Arial;font-size: medium\">Liebig, Stefan, Carsten Sauer &amp; <strong>J\u00fcrgen Schupp<\/strong> (2011): Die wahrgenommene Gerechtigkeit des eigenen Erwerbseinkommens: Geschlechtstypische Muster und die Bedeutung des Haushaltskontextes.<span class=\"Apple-converted-space\">&nbsp;<\/span><\/span><i><a href=\"https:\/\/www.vsjournals.de\/index.php;do=archiv\/sid=7c6b43288773d83dbf770fcbc367852b\/site=kzfss\/lng=de\/area=soz\/id=\/alloc=\" target=\"_blank\" rel=\"noopener noreferrer\"><span style=\"font-family: Arial;font-size: medium\">K\u00f6lner Zeitschrift f\u00fcr Soziologie und Sozialpsychologie<\/span><\/a><\/i><span style=\"font-family: Arial;font-size: medium\">, Jg. 63(1), 33-59. [<\/span><span class=\"SpellE\"><span style=\"font-family: Arial;font-size: medium\">preprint<\/span><\/span><span style=\"font-family: Arial;font-size: medium\"><span class=\"Apple-converted-space\">&nbsp;<\/span>als:<span class=\"Apple-converted-space\">&nbsp;<\/span><\/span><span class=\"SpellE\"><span style=\"font-family: Arial;font-size: medium\">SOEPpapers<\/span><\/span><span style=\"font-family: Arial;font-size: medium\"><span class=\"Apple-converted-space\">&nbsp;<\/span>on<span class=\"Apple-converted-space\">&nbsp;<\/span><\/span><span class=\"SpellE\"><span style=\"font-family: Arial;font-size: medium\">Multidisciplinary<\/span><\/span><span style=\"font-family: Arial;font-size: medium\"><span class=\"Apple-converted-space\">&nbsp;<\/span>Panel Data Research<\/span><a href=\"https:\/\/www.diw.de\/sixcms\/detail.php?id=diw_01.c.358478.de\" target=\"_blank\" rel=\"noopener noreferrer\"><span style=\"font-family: Arial;font-size: medium\"><span class=\"Apple-converted-space\">&nbsp;<\/span>No. 309<\/span><\/a><span style=\"font-family: Arial;font-size: medium\"><span style=\"font-family: Arial;font-size: medium\">].<\/span><\/span><\/li>\n<li><span class=\"SpellE\"><span style=\"font-family: Arial;font-size: medium\">Ambrasat<\/span><\/span><span style=\"font-family: Arial;font-size: medium\">, Jens &amp; <strong>J\u00fcrgen Schupp<\/strong> (2011): Handgreifkraftmessung im Sozio-oekonomischen Panel (SOEP) 2006 und 2008 .<span class=\"Apple-converted-space\">&nbsp;<\/span><\/span><a href=\"https:\/\/www.diw.de\/de\/diw_01.c.100407.de\/publikationen_veranstaltungen\/publikationen\/data_documentation\/data_documentation.html\" target=\"_blank\" rel=\"noopener noreferrer\"><span class=\"SpellE\"><span style=\"font-family: Arial;font-size: medium\">DIW-Data<\/span><\/span><span style=\"font-family: Arial;font-size: medium\"><span class=\"Apple-converted-space\">&nbsp;<\/span><\/span><span class=\"SpellE\"><span style=\"font-family: Arial;font-size: medium\">Documentation<\/span><\/span><\/a><span style=\"font-family: Arial;font-size: medium\"><span style=\"font-family: Arial;font-size: medium\"><span class=\"Apple-converted-space\">&nbsp;<\/span>No. 54.<\/span><\/span><\/li>\n<li><span class=\"SpellE\"><span lang=\"EN-GB\"><span style=\"font-family: Arial;font-size: medium\">Liebau<\/span><\/span><\/span><span lang=\"EN-GB\"><span style=\"font-family: Arial;font-size: medium\">, Elisabeth &amp; <strong>J\u00fcrgen Schupp<\/strong> (2011): Considering Emigration: German University graduates Are Moving Abroad &#8211; But Only Temporarily.<span class=\"Apple-converted-space\">&nbsp;<\/span><\/span><\/span><i><a href=\"https:\/\/www.diw.de\/sixcms\/detail.php?id=diw_01.c.366710.de\" target=\"_blank\" rel=\"noopener noreferrer\"><span class=\"SpellE\"><span style=\"font-family: Arial;font-size: medium\">Weekly<\/span><\/span><span style=\"font-family: Arial;font-size: medium\"><span class=\"Apple-converted-space\">&nbsp;<\/span>Report<\/span><\/a><\/i><span style=\"font-family: Arial;font-size: medium\"><span class=\"Apple-converted-space\">&nbsp;<\/span>7(1):1-8.<span class=\"Apple-converted-space\">&nbsp;<\/span><\/span><\/li>\n<li><span class=\"SpellE\"><span lang=\"EN-GB\"><span style=\"font-family: Arial;font-size: medium\">Siedler<\/span><\/span><\/span><span lang=\"EN-GB\"><span style=\"font-family: Arial;font-size: medium\">, Thomas, <strong>J\u00fcrgen Schupp<\/strong> &amp; <\/span><span class=\"SpellE\"><span style=\"font-family: Arial;font-size: medium\">Gert<\/span><\/span><span style=\"font-family: Arial;font-size: medium\"><span class=\"Apple-converted-space\">&nbsp;<\/span>G. Wagner (2011): &#8222;Innovative Methods within the Context of Secondary Data Analysis: Examples from Household Panel Surveys.&#8220; In:<span class=\"Apple-converted-space\">&nbsp;<\/span><\/span><\/span><a href=\"https:\/\/www.amazon.de\/Secondary-Data-Analysis-Introduction-Psychologists\/dp\/1433808765\/ref=sr_1_1?ie=UTF8&amp;s=books-intl-de&amp;qid=1284675218&amp;sr=8-1\" target=\"_blank\" rel=\"noopener noreferrer\"><span lang=\"EN-GB\"><span style=\"font-family: Arial;font-size: medium\">Kali H.<\/span><span class=\"SpellE\"><span style=\"font-family: Arial;font-size: medium\">Trzesniewski<\/span><\/span><span style=\"font-family: Arial;font-size: medium\">, M. Brent<span class=\"Apple-converted-space\">&nbsp;<\/span><\/span><span class=\"SpellE\"><span style=\"font-family: Arial;font-size: medium\">Donnellan<\/span><\/span><span style=\"font-family: Arial;font-size: medium\"><span class=\"Apple-converted-space\">&nbsp;<\/span>and Richard E Lucas<span class=\"Apple-converted-space\">&nbsp;<\/span><\/span><\/span><\/a><span lang=\"EN-GB\"><span style=\"font-family: Arial;font-size: medium\">(Eds.), Secondary Data Analysis. An Introduction to Psychologists.<span class=\"Apple-converted-space\">&nbsp;<\/span><\/span><\/span><span style=\"font-family: Arial;font-size: medium\">Washington, DC: American<span class=\"Apple-converted-space\">&nbsp;<\/span><\/span><span class=\"SpellE\"><span style=\"font-family: Arial;font-size: medium\">Psychological<\/span><\/span><span style=\"font-family: Arial;font-size: medium\"><span class=\"Apple-converted-space\">&nbsp;<\/span>Association, pp. 103-118.<br \/>\n<\/span><\/li>\n<\/ul>\n","protected":false},"excerpt":{"rendered":"<p>Sch\u00f6neck, Nadine M., Steffen Mau&nbsp;&nbsp;&amp;&nbsp;J\u00fcrgen Schupp&nbsp; (2011): Gef\u00fchlte Unsicherheit &#8211; Deprivationsangst und Abstiegssorgen der Bev\u00f6lkerung in Deutschland. SOEPpapers on Multidisciplinary Panel Data Research, No. 428 Schupp, J\u00fcrgen (2011). Zur Relevanz der Umfrageforschung als Entscheidungsgrundlage f\u00fcr Politik und Wirtschaft. In: Christian &hellip; <a href=\"https:\/\/userblogs.fu-berlin.de\/jschupp\/veroeffentlichungen\/2011-2\/\">Weiterlesen <span class=\"meta-nav\">&rarr;<\/span><\/a><\/p>\n","protected":false},"author":2039,"featured_media":0,"parent":8,"menu_order":19,"comment_status":"open","ping_status":"open","template":"","meta":{"footnotes":""},"class_list":["post-31","page","type-page","status-publish","hentry"],"_links":{"self":[{"href":"https:\/\/userblogs.fu-berlin.de\/jschupp\/wp-json\/wp\/v2\/pages\/31","targetHints":{"allow":["GET"]}}],"collection":[{"href":"https:\/\/userblogs.fu-berlin.de\/jschupp\/wp-json\/wp\/v2\/pages"}],"about":[{"href":"https:\/\/userblogs.fu-berlin.de\/jschupp\/wp-json\/wp\/v2\/types\/page"}],"author":[{"embeddable":true,"href":"https:\/\/userblogs.fu-berlin.de\/jschupp\/wp-json\/wp\/v2\/users\/2039"}],"replies":[{"embeddable":true,"href":"https:\/\/userblogs.fu-berlin.de\/jschupp\/wp-json\/wp\/v2\/comments?post=31"}],"version-history":[{"count":12,"href":"https:\/\/userblogs.fu-berlin.de\/jschupp\/wp-json\/wp\/v2\/pages\/31\/revisions"}],"predecessor-version":[{"id":1421,"href":"https:\/\/userblogs.fu-berlin.de\/jschupp\/wp-json\/wp\/v2\/pages\/31\/revisions\/1421"}],"up":[{"embeddable":true,"href":"https:\/\/userblogs.fu-berlin.de\/jschupp\/wp-json\/wp\/v2\/pages\/8"}],"wp:attachment":[{"href":"https:\/\/userblogs.fu-berlin.de\/jschupp\/wp-json\/wp\/v2\/media?parent=31"}],"curies":[{"name":"wp","href":"https:\/\/api.w.org\/{rel}","templated":true}]}}