{"id":403,"date":"2016-12-06T10:24:33","date_gmt":"2016-12-06T10:24:33","guid":{"rendered":"https:\/\/userblogs.fu-berlin.de\/jschupp\/?page_id=403"},"modified":"2024-01-20T18:01:00","modified_gmt":"2024-01-20T18:01:00","slug":"2017-2","status":"publish","type":"page","link":"https:\/\/userblogs.fu-berlin.de\/jschupp\/veroeffentlichungen\/2017-2\/","title":{"rendered":"2017"},"content":{"rendered":"<ul>\n<li>Burauel, Patrick, Marco Caliendo, Alexandra Fedorets, Markus G. Grabka, Carsten Schr\u00f6der, <strong>J\u00fcrgen Schupp <\/strong>&amp;&nbsp;Linda Wittbrodt (2017) Mindestlohn noch l\u00e4ngst nicht f\u00fcr alle &#8211; Zur Entlohnung anspruchsberechtigter Erwerbst\u00e4tiger vor und nach der Mindestlohnreform aus der Perspektive Besch\u00e4ftigter.<a href=\"https:\/\/www.diw.de\/documents\/publikationen\/73\/diw_01.c.572651.de\/17-49-1.pdf\"> <em>DIW Wochenbericht<\/em> <\/a>84(49): 1109-1123 [Minimum wage not yet for everyone: On the compensation of eligible workers before and after the minimum wage reform from the perspective of employees.&nbsp;<a href=\"https:\/\/www.diw.de\/documents\/publikationen\/73\/diw_01.c.572796.de\/diw_econ_bull_2017-49-1.pdf\"><em>DIW Economic Bulletin<\/em><\/a><a href=\"https:\/\/www.diw.de\/documents\/publikationen\/73\/diw_01.c.572651.de\/17-49-1.pdf\">,<\/a> 7(49), 509-522].<\/li>\n<li>Jannes Jacobsen, Julius Klikar &amp; <strong>J\u00fcrgen Schupp<\/strong> (2017) Scales Manual IAB-BAMF-SOEP Survey of Refugees in Germany, <a href=\"https:\/\/www.diw.de\/documents\/publikationen\/73\/diw_01.c.572342.de\/diw_ssp0475.pdf\">SOEP Survey Papers 475<\/a>, Series C, Berlin.<\/li>\n<li>Giesselmann, Marco, Mila Staneva, <strong>J\u00fcrgen Schupp &amp;<\/strong>&nbsp;David Richter (2017): Arbeitsmarktposition und Arbeitszufriedenheit: Quer- und la\u0308ngsschnittliche Befunde auf Basis des Sozio-oekonomischen Panels (SOEP). <em>SOEP Papers on Multidisciplinary Panel Data Research<\/em>, <a href=\"https:\/\/www.diw.de\/documents\/publikationen\/73\/diw_01.c.564240.de\/diw_sp0929.pdf\">No 929<\/a>, Berlin.<\/li>\n<li>Br\u00fccker, Herbert, Nina Rother,<strong>&nbsp;J\u00fcrgen Schupp<\/strong>&nbsp;(Hrsg.) (2017). IAB-BAMF-SOEP-Befragung von Gefl\u00fcchteten 2016: Studiendesign, Feldergebnisse sowie Analysen zu schulischer wie beruflicher Qualifikation, Sprachkenntnisse sowie kognitiven Potenzialen .&nbsp;DIW <a href=\"https:\/\/www.diw.de\/documents\/publikationen\/73\/diw_01.c.563710.de\/diwkompakt_2017-123.pdf\">Berlin \u2013 Politikberatung kompakt 123<\/a>. Berlin: DIW Berlin. [zugleich als <a href=\"https:\/\/doku.iab.de\/forschungsbericht\/2017\/fb1317.pdf\">IAB-Forschungsbericht Nr. 13 <\/a>sowie als BAMF <a href=\"https:\/\/www.bamf.de\/SharedDocs\/Anlagen\/DE\/Publikationen\/Forschungsberichte\/fb30-iab-bamf-soep-befragung-gefluechtete-2016.pdf?__blob=publicationFile\">Forschungsbericht 30<\/a>]<\/li>\n<li>Rohrer, Julia M., Martin Bruemmer, <strong>J\u00fcrgen Schupp<\/strong>&nbsp; &amp; Gert G. Wagner (2017): Worries across time and age in Germany: Bringing together open- and close-ended questions. <em>SOEPpapers on Multidisciplinary Panel Data Research <a href=\"https:\/\/www.diw.de\/documents\/publikationen\/73\/diw_01.c.561412.de\/diw_sp0918.pdf\">No. 918<\/a><\/em>, Berlin. [zugleich: <a href=\"https:\/\/www.diw.de\/documents\/publikationen\/73\/diw_01.c.560847.de\/dp1671.pdf\">DIW Discussion Paper No. 1671, Berlin<\/a>][zugleich:&nbsp;<a href=\"https:\/\/legacy.iza.org\/de\/webcontent\/publications\/papers\/viewAbstract?dp_id=10861\">IZA Discussion Paper No. 10861<\/a>&nbsp;<a href=\"https:\/\/ftp.iza.org\/dp10521.pdf\">,<\/a> Bonn].<\/li>\n<li>Weinhardt, Michael, Alexia Meyermann, Stefan Liebig &amp; <strong>J\u00fcrgen Schupp<\/strong> (2017): The Linked Employer\u2013Employee Study of the Socio-Economic Panel (SOEP-LEE): Content, Design and Research Potential. <a href=\"https:\/\/www.degruyter.com\/view\/j\/jbnst.2017.237.issue-5\/jbnst-2015-1044\/jbnst-2015-1044.xml\">Journal of Economics and Statistics<\/a><a href=\"https:\/\/scholar.google.de\/scholar_url?url=https:\/\/www.degruyter.com\/downloadpdf\/j\/jbnst.ahead-of-print\/jbnst-2015-1044\/jbnst-2015-1044.xml&amp;hl=de&amp;sa=X&amp;scisig=AAGBfm0-cEYeoKNTX1MQKXh8_qO4VRzwQA&amp;nossl=1&amp;oi=scholaralrt\">, <\/a>237(5), 357-467.<\/li>\n<li style=\"text-align: left\">Dragano, Nico; Siegrist, Johannes; Nyberg, Solja T.; Lunau, Thorsten; Fransson, Eleonor I.; Alfredsson, Lars; Bjorner, Jakob B; Borritz, Marianne; Burr, Hermann; Erbel, Raimund; Fahl\u00e9n, G\u00f6ran; Goldberg, Marcel; Hamer, Mark; Heikkil\u00e4, Katriina; J\u00f6ckel, Karl-Heinz; Knutsson, Anders; Madsen, Ida E. H.; Nielsen, Martin L.; Nordin, Maria; Oksanen, Tuula; Pejtersen, Jan H; Pentti, Jaana; Rugulies, Reiner; Salo, Paula; <strong>Schupp, J\u00fcrgen<\/strong>; Singh-Manoux, Archana; Steptoe, Andrew; Theorell, T\u00f6res; Vahtera, Jussi; Westerholm, Peter J. M.; Westerlund, Hugo; Virtanen, Marianna; Zins, Marie; Batty, G. David; Kivim\u00e4ki, Mika; for the IPD-Work consortium (2017): Effort-reward imbalance at work and incident coronary heart disease: a multi-cohort study of 90,164 indivduals. <a href=\"https:\/\/journals.lww.com\/epidem\/Abstract\/publishahead\/Effort_reward_imbalance_at_work_and_incident.98864.aspx\">Epidemiology<\/a>, 28(4), 619-626.<span id=\"ej-journal-date-volume-issue-pg\"><\/span><\/li>\n<li style=\"text-align: left\">Sander, Julia, <strong>J\u00fcrgen Schupp<\/strong> &amp; David Richter (2017): Getting Together: Social Contact Frequency across the Life Span.&#8220; <a href=\"https:\/\/psycnet.apa.org\/doiLanding?doi=10.1037%2Fdev0000349\">Developmental Psychology,<\/a> 53(8), 1571-1588.<\/li>\n<li>Grabka, Markus M &amp; <strong>J\u00fcrgen Schupp<\/strong> (2017): Geht&#8217;s uns wirklich so gut? Lebensqualit\u00e4t ist mehr als nur subjektive oder objektive Lebenslage.<a href=\"https:\/\/archiv.wirtschaftsdienst.eu\/downloads\/getfile.php?id=3780\"> <em>Wirtschaftsdienst<\/em><\/a>, 97(6), 448-450.<\/li>\n<li style=\"text-align: left\">Jacobsen, Jannes, Eisnecker, Philipp &amp;<strong>&nbsp;J\u00fcrgen Schupp<\/strong>&nbsp;(2017) Rund ein Drittel der Menschen in Deutschland spendete 2016 f\u00fcr Gefl\u00fcchtete, zehn Prozent halfen vor Ort &#8211; Immer mehr \u00e4u\u00dfern aber auch Sorgen? &nbsp;<em><a href=\"https:\/\/www.diw.de\/documents\/publikationen\/73\/diw_01.c.556677.de\/17-17.pdf\">Wochenbericht des DIW Berlin<\/a>,<\/em> 84(17), 347-358.&nbsp;[In 2016, around one-third of people in Germany donated for refugees and ten percent helped out on site\u2014yet concerns&nbsp;are mounting.&nbsp;<a href=\"https:\/\/www.diw.de\/documents\/publikationen\/73\/diw_01.c.557129.de\/diw_econ_bull_2017-16-1.pdf\"><em>DIW Economic Bulletin<\/em>, 7(17-18), 165-176<\/a>].<\/li>\n<li style=\"text-align: left\"><strong>Schupp, J\u00fcrgen<\/strong> (2017) Gibt es auch eine &#8222;Rendite&#8220; kultureller Bildung? (Kommentar) <em><a href=\"https:\/\/www.diw.de\/documents\/publikationen\/73\/diw_01.c.555134.de\/17-13-3.pdf\">Wochenbericht des DIW Berlin<\/a>,<\/em> 84(13), 260-260.<\/li>\n<li>Britzke, Janina &amp;&nbsp;<strong>J\u00fcrgen Schupp<\/strong>&nbsp;(Hrsg.) (2017):&nbsp;<a href=\"https:\/\/www.diw.de\/documents\/publikationen\/73\/diw_01.c.560446.de\/wave_report_2016.pdf\">SOEP Wave Report 2016<\/a>. Berlin. DIW Berlin<\/li>\n<li>Richter, David, Julia Rohrer, Maria Metzing, Wiebke Nestler, Michael Weinhardt &amp; <strong>J\u00fcrgen Schupp<\/strong> (2017):<strong>&nbsp;<\/strong>SOEP Scales Manual (updated for SOEP-Core v32.1). <em><a href=\"https:\/\/scholar.google.de\/scholar_url?url=https:\/\/www.econstor.eu\/bitstream\/10419\/156115\/1\/882143492.pdf&amp;hl=de&amp;sa=X&amp;scisig=AAGBfm1HO5NmCWnyWl4-ujnjDfYzkAqq6w&amp;nossl=1&amp;oi=scholaralrt\">SOEP Survey Papers 423<\/a>: Series C.<\/em> Berlin: DIW\/SOEP.<\/li>\n<li><strong>Schupp, J\u00fcrgen<\/strong> (2017): Wissenschaftliche Qualit\u00e4tskriterien und die Relevanz des &#8222;Postfaktischen&#8220; (Kommentar) <em>Wochenbericht des DIW Berlin<\/em>, 84(8),&nbsp;<a href=\"https:\/\/www.diw.de\/documents\/publikationen\/73\/diw_01.c.553139.de\/17-8-3.pdf\">136-136<\/a>.<\/li>\n<li>Wagner, Gert G. , Bruemmer, Martin, Glemser, Axel, Rohrer, Julia, <strong>J\u00fcrgen Schupp<\/strong> (2017) Dimensions of Quality of Life in Germany: Measured by Plain Text Responses in a Representative Survey (SOEP). <a href=\"https:\/\/www.diw.de\/documents\/publikationen\/73\/diw_01.c.552497.de\/diw_sp0893.pdf\"><em>SOEPpapers on Multidisciplinary Panel Data Research No. 893<\/em><\/a>, Berlin. [zugleich:&nbsp;<a href=\"https:\/\/ftp.iza.org\/dp10521.pdf\">IZA Discussion Paper No. 10521,<\/a> Bonn]<\/li>\n<li>Rammstedt, Beatrice, Silke Martin, Anouk Zabal, Claus Carstensen &amp; <strong>J\u00fcrgen Schupp<\/strong> (2017):&nbsp;The PIAAC longitudinal study in Germany \u2013 Rational and Design. <a href=\"https:\/\/www.springeropen.com\/track\/pdf\/10.1186\/s40536-017-0040-z?site=largescaleassessmentsineducation.springeropen.com\">Large-scale Assessments in Educati<\/a><a href=\"https:\/\/download.springer.com\/static\/pdf\/758\/art%253A10.1186%252Fs40536-017-0040-z.pdf?originUrl=http%3A%2F%2Flargescaleassessmentsineducation.springeropen.com%2Farticle%2F10.1186%2Fs40536-017-0040-z&amp;token2=exp=1486055507~acl=%2Fstatic%2Fpdf%2F758%2Fart%25253A10.1186%25252Fs40536-017-0040-z.pdf*~hmac=226dcb51eafb27538e141c4f7c768aeffb8894a650221cb57c5b5ddb0acc7883\">on<\/a>, 5, 4.<\/li>\n<li>Scheve, Christian von, Frederike Esche &amp; <strong>J\u00fcrgen Schupp<\/strong> (2017): The Emotional Timeline of Unemployment: Anticipation, Reaction, and Adaptation. <a href=\"https:\/\/link.springer.com\/content\/pdf\/10.1007%2Fs10902-016-9773-6.pdf\"><em>Journal of Happiness Studies<\/em><\/a>, 18(4), 1231-1254.<\/li>\n<li>Infurna, Frank J., Maja Wiest, Denis Gerstorf, Nilam Ram, <strong>J\u00fcrgen&nbsp; Schupp<\/strong>, Gert G. Wagner &amp; Jutta Heckhausen (2017): Changes in Life Satisfaction When Losing One\u2019s Spouse: Individual Differences in Anticipation, Reaction, Adaptation, and Longevity in the German Socio-Economic Panel Study (SOEP). <em><a href=\"https:\/\/journals.cambridge.org\/action\/displayAbstract?fromPage=online&amp;aid=10275203&amp;fileId=S0144686X15001543\" target=\"_blank\" rel=\"noopener\">Aging and Society, 37(5), 899-934.<\/a><\/em><\/li>\n<\/ul>\n","protected":false},"excerpt":{"rendered":"<p>Burauel, Patrick, Marco Caliendo, Alexandra Fedorets, Markus G. Grabka, Carsten Schr\u00f6der, J\u00fcrgen Schupp &amp;&nbsp;Linda Wittbrodt (2017) Mindestlohn noch l\u00e4ngst nicht f\u00fcr alle &#8211; Zur Entlohnung anspruchsberechtigter Erwerbst\u00e4tiger vor und nach der Mindestlohnreform aus der Perspektive Besch\u00e4ftigter. DIW Wochenbericht 84(49): 1109-1123 &hellip; <a href=\"https:\/\/userblogs.fu-berlin.de\/jschupp\/veroeffentlichungen\/2017-2\/\">Weiterlesen <span class=\"meta-nav\">&rarr;<\/span><\/a><\/p>\n","protected":false},"author":2039,"featured_media":0,"parent":8,"menu_order":11,"comment_status":"closed","ping_status":"closed","template":"","meta":{"footnotes":""},"class_list":["post-403","page","type-page","status-publish","hentry"],"_links":{"self":[{"href":"https:\/\/userblogs.fu-berlin.de\/jschupp\/wp-json\/wp\/v2\/pages\/403","targetHints":{"allow":["GET"]}}],"collection":[{"href":"https:\/\/userblogs.fu-berlin.de\/jschupp\/wp-json\/wp\/v2\/pages"}],"about":[{"href":"https:\/\/userblogs.fu-berlin.de\/jschupp\/wp-json\/wp\/v2\/types\/page"}],"author":[{"embeddable":true,"href":"https:\/\/userblogs.fu-berlin.de\/jschupp\/wp-json\/wp\/v2\/users\/2039"}],"replies":[{"embeddable":true,"href":"https:\/\/userblogs.fu-berlin.de\/jschupp\/wp-json\/wp\/v2\/comments?post=403"}],"version-history":[{"count":65,"href":"https:\/\/userblogs.fu-berlin.de\/jschupp\/wp-json\/wp\/v2\/pages\/403\/revisions"}],"predecessor-version":[{"id":1732,"href":"https:\/\/userblogs.fu-berlin.de\/jschupp\/wp-json\/wp\/v2\/pages\/403\/revisions\/1732"}],"up":[{"embeddable":true,"href":"https:\/\/userblogs.fu-berlin.de\/jschupp\/wp-json\/wp\/v2\/pages\/8"}],"wp:attachment":[{"href":"https:\/\/userblogs.fu-berlin.de\/jschupp\/wp-json\/wp\/v2\/media?parent=403"}],"curies":[{"name":"wp","href":"https:\/\/api.w.org\/{rel}","templated":true}]}}