{"id":56,"date":"2015-04-11T16:10:45","date_gmt":"2015-04-11T16:10:45","guid":{"rendered":"https:\/\/userblogs.fu-berlin.de\/jschupp\/?page_id=56"},"modified":"2025-06-09T09:37:25","modified_gmt":"2025-06-09T09:37:25","slug":"vortraege","status":"publish","type":"page","link":"https:\/\/userblogs.fu-berlin.de\/jschupp\/vortraege\/","title":{"rendered":"Vortr\u00e4ge"},"content":{"rendered":"<h2><strong>2025<\/strong><\/h2>\n<p><strong>J\u00fcrgen Schupp<\/strong>: Empirische Ergebnisse des dreij\u00e4hrigen Feldexperiments &#8222;Pilotprojekt Grundeinkommen.\u00a0<a href=\"https:\/\/www.diw.de\/de\/diw_01.c.941062.de\/veranstaltungen\/lange_nacht_der_wissenschaften_2025.html#c_diw_01.c.941061.de\"><em>Vortrag im Rahmen der Langen Nacht der Wissenschaft 2025<\/em><\/a>, Berlin, am 28. Juni 2025.<\/p>\n<p><strong>J\u00fcrgen Schupp (<\/strong>2025): \u201ePro und Contra Bedingungsloses Grundeinkommen (BGE) \u2013 Reine Utopie oder m\u00f6gliche Reform der Zukunft\u201c, Fortbildungsveranstaltung f\u00fcr FSJ-Teilnehmende der DRK-Schwesternschaft Berlin, Jugendherberge Wandlitz, 13.5.2025.<\/p>\n<h2><strong>2024<\/strong><\/h2>\n<p>Heinze, Rolf G. &amp; <strong>J\u00fcrgen Schupp<\/strong> (2024): Stellungnahme zum DIFIS-Brown-Bag &#8222;Strukturreform der Grundsicherungssysteme&#8220;. DIFIS-Brown-Bag Runde &#8222;Strukturreform der Grundsicherung&#8220; in Zusam6m6enarbeit mit Bundestagsabgeordneten der Gr\u00fcnen. Berlin,\u00a0 11.11.2024,\u00a0<\/p>\n<p>Bohmann, Sandra, Lars Felder, Peter Haan, Merve K\u00fcc\u00fck, Laura Schmitz &amp; <strong>J\u00fcrgen Schupp<\/strong> (2024): Public support for climate dividends and for carbon pricing. The relevance of information and perceived fairness. Presentation at DIFIS Social Policy Biennale Berlin, November 7th, 2024,.<\/p>\n<p>Bohmann, Sandra; Susann Fiedler; Maximilian Kasy; <strong>J\u00fcrgen Schupp<\/strong> &amp; Frederik Schwerter (2024): Unconditional Cash Transfers and Well-Being: Evidence from an RCT in Germany. Presentation at Applied Micro Seminar, University of Bonn, October 29th 2024.<\/p>\n<p><strong>J\u00fcrgen Schupp<\/strong>: Die B\u00fcrgergeld-Reform im Urteil von Jobcenter-Besch\u00e4ftigten. <a href=\"https:\/\/www.deutscher-verein.de\/events\/detail\/aktuelle-herausforderungen-im-jobcenter-gesundheit-und-gesundheitsfoerderung-im-sgb-ii-eine-fachveranstaltung-fuer-leitungskraefte\/\">Fachtagung f\u00fcr Leitungskr\u00e4fte &#8222;<\/a>Aktuelle Herausforderungen im Jobcenter&#8220; Deutscher Verein f\u00fcr \u00f6ffentliche und private F\u00fcrsorge e.V. Bildungszentrum Erkner bei Berlin, 12.9.2024.\u00a0<\/p>\n<p>Fabian Beckmann und <strong>J\u00fcrgen Schupp<\/strong>: Neuer Name, ungel\u00f6ste Probleme? Die B\u00fcrgergeldreform im Urteil von Jobcenter-Belegschaften. <a href=\"https:\/\/iab.de\/iab-veranstaltungen\/neuer-name-ungeloeste-probleme-die-buergergeld-reform-im-urteil-von-jobcenter-beschaeftigten\/\">IAB-Colloquium,<\/a> N\u00fcrnberg, am 18. Juli 2024.<\/p>\n<p><strong>J\u00fcrgen Schupp<\/strong>: 40 Jahre SOEP und DIW Berlin &#8211; Ein Blick zur\u00fcck. <a href=\"https:\/\/www.diw.de\/documents\/dokumentenarchiv\/17\/diw_01.c.907746.de\/soep40jahre_jschupp-pr%C3%A4sentationr%C3%BCckblick.pdf\">Jubil\u00e4umsansprache<\/a> anl\u00e4sslich&#8220; 40 Jahre Sozio-oekonomisches Panel&#8220; in der Berlin-Brandenburgischen Akademie der Wissenschaften in Berlin, am 3. Juli 2024 (<a href=\"https:\/\/www.diw.de\/documents\/publikationen\/73\/diw_01.c.908186.de\/diw_ssp1320.pdf\">schriftliche Version mit Quellenangaben<\/a>).<\/p>\n<h2><strong>2023<\/strong><\/h2>\n<p><strong>J\u00fcrgen Schupp:\u00a0 <\/strong>Das BGE und die verschlungenen Pfade einer schleichenden sozialstaatlichen Transformation in Deutschland. Vortrag beim Workshop <a href=\"https:\/\/www.fribis.uni-freiburg.de\/event\/fribis-workshop-vom-20-bis-22-september-2023-das-bedingungslose-grundeinkommen-als-oekonomisches-narrativ\/\">&#8222;BGE als \u00f6konomisches Narrativ&#8220;<\/a> des Freiburg Institute for Basic Income Studies, Universit\u00e4t Freiburg, Freiburg, vom 20.9.-22. September 2023.<\/p>\n<p>Rolf G. Heinze &amp;\u00a0<strong>J\u00fcrgen Schupp<\/strong>: Institutionelle Ersch\u00f6pfungen als Hindernisse f\u00fcr eine nachhaltige Sozial- und Klimapolitik. Vortrag beim Kongress der <a href=\"https:\/\/oegs.ac.at\/kritische-zeiten-oegs-kongress-2023\/\">\u00d6sterreichischen Gesellschaft f\u00fcr Soziologie (\u00d6GS) 2023 &#8222;Kritische Zeiten&#8220;<\/a> in der Veranstaltung \u00a0der Sektion Soziale Ungleichheit unter dem Motto: <a href=\"https:\/\/www.conftool.pro\/oegs-kongress2023\/index.php?page=browseSessions&amp;print=embed&amp;form_session=24&amp;mode=list\">Klimakrise und soziale Ungleichheit: Herausforderungen f\u00fcr eine nachhaltige Sozialpolitik<\/a>. an der Wirtschaftsuniversit\u00e4t Wien vom 3.-5. Juli 2023<\/p>\n<p>Rolf G. Heinze &amp;\u00a0<strong>J\u00fcrgen Schupp<\/strong>: Klimageld als Transformationshebel &#8211; Gestaltungspotenziale und Umsetzungsblockaden. Vortrag der Tagung\u00a0 <a href=\"https:\/\/www.tu.berlin\/os\/forschung\/aktivitaeten\/tagung-sozial-und-verbraucherpolitik\">&#8222;Wie steht es um die Zusammenarbeit zwischen Sozial- und Verbraucherpolitik?<\/a>&#8220; der AG Konsumsoziologie in der Deutschen Gesellschaft f\u00fcr Soziologie (DGS) im Rahmen des Netzwerks Verbraucherforschung, 12. September 2023<\/p>\n<p><strong>J\u00fcrgen Schupp: <\/strong>\u00a0Reform- und Transformationsschritte zu einer nachhaltigen Sozial- und Klimapolitik (<a href=\"https:\/\/www.youtube.com\/watch?v=iUn0O28fPZo\">YouTube<\/a>), <a href=\"https:\/\/www.fribis.uni-freiburg.de\/event\/abendvortrag-von-prof-dr-juergen-schupp-reform-und-transformationsschritte-zu-einer-nachhaltigen-sozial-und-klimapolitik\/\">Vortrag im Rahmen der FRIBIS Lecture Series<\/a>, Freiburg Institute for Basic Income Studies, Universit\u00e4t Freiburg, Freiburg, am 26. Januar 2023<strong>.<\/strong><\/p>\n<h2><strong>2022<\/strong><\/h2>\n<p><strong>J\u00fcrgen Schupp: <\/strong>Deutschlands best\u00e4ndiger Wandel zum Grundsicherungsstaat? <a href=\"https:\/\/www.ifo.de\/veranstaltung\/2022-12-14\/deutschlands-bestaendiger-wandel-zum-grundsicherungsstaat\">Dresdner Vortr\u00e4ge zur Wirtschaftspolitik, ifo Dresden<\/a>, Dresden, am 14. Dezember 2022<strong>.<\/strong><\/p>\n<p><strong>J\u00fcrgen Schupp:<\/strong> Basic Income Pilot Project in Germany &#8211; RCT on Unconditional Cash Transfer:\u00a0 <i>Vortrag im Rahmen der Konferenz: <a href=\"http:\/\/seoulsafetyincome.seoul.kr\/eng\/contents\/engSafeBizGuide.lp\">Seoul International Forum on Safety Income 2022<\/a><\/i><i>\u00a0 by Seoul Metropolitan Government, <a href=\"https:\/\/www.youtube.com\/watch?v=W2_aaQrmQjE&amp;t=3124s\">Hybrid-O<\/a><\/i><i>nline -Conference, December, 6th, 2022<\/i><\/p>\n<p>Fabian Beckmann und <strong>J\u00fcrgen Schupp<\/strong>: Von Hartz IV zum B\u00fcrgergeld: Beurteilungen und Pr\u00e4ferenzen der &#8222;Neuen&#8220; Grundsicherung aus der Perspektive von Langzeitarbeitslosen. IAB-Colloquium, N\u00fcrnberg, am 20. Oktober 2022.<\/p>\n\n\n<p>Rolf G. Heinze &amp;&nbsp;<strong>J\u00fcrgen Schupp<\/strong>: Energie- und B\u00fcrgergeld als Transformationsschritte zu einer generationengerechteren Sozial- und Klimapolitik. Vortrag im Rahmen einer gemeinsamen Veranstaltung der Sektionen Sozialpolitik sowie Umwelt- und Nachhaltigkeitssoziologie &#8222;<a href=\"https:\/\/www.conftool.pro\/dgs-kongress2022\/index.php?page=browseSessions&amp;form_session=516#paperID385\">Ungleichheitseffekte klimapolitischer Ma\u00dfnahmen und die Rolle der Sozialpolitik&#8220;<\/a> auf dem 41. Kongress der Deutschen Gesellschaft f\u00fcr Soziologie (DGS), 27. September  2022<\/p>\n\n\n\n<p><strong>J\u00fcrgen Schupp:<\/strong> &#8222;60 Minuten: Bedingungsloses Grundeinkommen&#8220; Teilnahme an <a href=\"https:\/\/www.ifo.de\/veranstaltung\/2022-07-12\/online-diskussionsreihe-60-minuten-bedingungsloses-grundeinkommen\">Online Paneldiskussion des Ifo Dresden<\/a> unter Leitung von Marcel Thum mit Ronnie Sch\u00f6b, und J\u00fcrgen Wegge, 12. Juli 2022.<\/p>\n\n\n<p><strong>J\u00fcrgen Schupp:<\/strong> Grundeinkommen &#8211; Von der Vision zur schleichenden Transformation des Sozialstaats. <em>Vortrag beim 3. Online-Kongress der LAG Grundeinkommen, (Online),<\/em> 8. Juli 2022.<\/p>\n<p><strong>J\u00fcrgen Schupp<\/strong>: Die soziale Sicherung in Deutschland und das Pilotprojekt Grundeinkommen.<a href=\"https:\/\/www.youtube.com\/watch?v=OHgRCwqWlc4\"> <em>Vortrag im Rahmen der Langen Nacht der Wissenschaft 2022<\/em><\/a>, Berlin, am 2. Juli 2022.<\/p>\n<p><strong>J\u00fcrgen Schupp<\/strong>: <a href=\"https:\/\/userblogs.fu-berlin.de\/jschupp\/files\/2022\/04\/Schupp_Pilotprojekt-Germany_2022_04_08.pdf\">Das Pilotprojekt Grundeinkommen in Deutschland<\/a>. <i>Sachverst\u00e4ndigen-Anh\u00f6rung zum Modellversuch \u201cBedingungsloses Grundeinkommen\u201c in Z\u00fcrich durch die Kommission f\u00fcr Staat und Gemeinden des Kantonsparlaments Z\u00fcrich, <\/i>(Online), 8. April, 2022.<\/p>\n<p><strong>J\u00fcrgen Schupp:<\/strong> The Basic Income Pilot Project in Germany launched in 2021: On the Importance of Social Science Field Experiments.&nbsp;<i>Vortrag im Rahmen der Konferenz: Freedom, Justice and Esteem: Perspectives from an Unconditional Basic Income <\/i><i>International Conference&nbsp; by <\/i><i>Technische<\/i><i> Universit\u00e4t Braunschweig &amp; Centre for Ethics and Poverty Research, University Salzburg,, Online -Conference, March 3 and 4, 2022<\/i><\/p>\n<h2><strong>2021<\/strong><\/h2>\n<p><strong>J\u00fcrgen Schupp<\/strong>:&nbsp; &nbsp;RCT Basic Income Pilot Study in Germany. <a href=\"https:\/\/acciosocial.org\/jornada-internacional-renda-basica-universal-un-full-de-ruta-realista\/\">International Symposium<\/a> organized by<a href=\"https:\/\/acciosocial.org\/wp-content\/uploads\/2022\/04\/Relatoria-de-la-Jornada-de-Renda-Basica-Universal.pdf\"> Entitas Catlalanes d&#8217;Accio Social (ECAS<\/a>), CaixaForum Barcelona, <a href=\"https:\/\/acciosocial.org\/wp-content\/uploads\/2021\/12\/20211220_RBU-symposium_ECAS-BCN_ENG.pdf\">Monday , 20th December 2021<\/a>.<\/p>\n<p>Stefan Liebig &amp; <strong>J\u00fcrgen Schupp<\/strong>:&nbsp; Ehrenamt in Deutschland \u2013 \u201eSystemrelevant\u201c oder nur ein \u201eSahneh\u00e4ubchen\u201c f\u00fcr die Demokratie? Vortrag im Rahmen des <a href=\"https:\/\/www.b-b-e.de\/fileadmin\/Redaktion\/06_Service\/01_Veranstaltungen\/2021\/2021-11-fachkongress-programm.pdf\">BBE-Fachkongress \u201eMenschen st\u00e4rken Menschen\u201c<\/a> am 9. und 10. November 2021, Berlin (Hybrid-Onlineveranstaltung), 09. November 2021.<\/p>\n<p><strong>J\u00fcrgen Schupp<\/strong>:&nbsp; &nbsp;Basic Income Experiment in Germany. Basic Income Pilots and Experiments around the world: What can be learned for European Welfare States? <a href=\"https:\/\/youtu.be\/yhZ_ZJXaCK8\">Online conference<\/a> organized as part of the <a href=\"https:\/\/babel-project.be\/\">Basic Income in Belgium (BABEL)<\/a>, Thursday, 23rd September 2021.<\/p>\n<p>Fabian Beckmann, Rolf G. Heinze &amp; <strong>J\u00fcrgen Schupp<\/strong>: Am Scheideweg: Neuakzentuierung der sozialen Sicherung in der Post-Corona-Gesellschaft. Vortrag im Rahmen einer Ad-Hoc-Gruppe \u201ePolarisierungspotentiale segmentierter Solidarit\u00e4t: Arbeitsmarkt und soziale Sicherung in der Post-Corona-Gesellschaft\u201c beim DGS-\u00d6GS-Kongress \u201eDie Post-Corona-Gesellschaft? Pandemie, Krise und ihre Folgen\u201c (Onlineveranstaltung), 23. August 2021<\/p>\n<p><strong>J\u00fcrgen Schupp<\/strong>: <a href=\"https:\/\/userblogs.fu-berlin.de\/jschupp\/files\/2021\/06\/Kommentierung-der-Pr\u00e4sentationen_2021_06_09.pdf\" target=\"_blank\" rel=\"noopener noreferrer\">Kommentierung zweier Pr\u00e4sentationen<\/a> bei der Fachtagung zum Deutschen Freiwilligensurvey 2019, am 9. Juni 2021 (Onlineveranstaltung).<\/p>\n<p><strong>J\u00fcrgen Schupp<\/strong>: Do unconditional cash transfer allow for a richer life? Evidence from an RCT in Germany. InGRID2-expert workshop &#8222;Experimental designs in social policy research: Strenghts, Weaknesses, Opportunities, and Threats, SOFI &#8211; Stockholm University (Online), May, 20-21 2021.<\/p>\n<p>Fabian Beckmann und <strong>J\u00fcrgen Schupp<\/strong>: Bedingungsarme Grundsicherung in Zeiten der Corona-Pandemie. Empirische Erfahrungen des Job-Centers Kreis Recklinghausen und Perspektiven f\u00fcr die Weiterentwicklung des SGB II. IAB-Colloquim (Online) am 20. Mai. 2021.<\/p>\n<p><strong>J\u00fcrgen Schupp:<\/strong> Ein Pilotprojekt zum&nbsp; Grundeinkommen &#8211;&nbsp; Gelingens-Bedingungen f\u00fcr eine Langzeitstudie in Berlin. Onlinegespr\u00e4ch: Modellprojekt f\u00fcr ein Bedingungsloses Grundeinkommen Berlin des Netzwerk Gr\u00fcnes-Grundeinkommen,&nbsp; am 12. 5.2021.<\/p>\n<p><strong>J\u00fcrgen Schupp: <\/strong>Reality-Check: Das Pilotprojekt Grundeinkommen als Langzeitstudie in Deutschland Vortrag im Rahmen der Online-Diskussion <a href=\"https:\/\/www.ev-akademie-tutzing.de\/veranstaltung\/bedingungsloses-grundeinkommen\/\">&#8222;Bedingungsloses Grundeinkommen. Utopie oder bald Realit\u00e4t?&#8220;<\/a> der Evangelischen Akademie Tutzing in Kooperation mit dem Evangelischen Bildungswerk Regensburg, &nbsp;am 24. M\u00e4rz 2021.<\/p>\n<h2><strong>2020<\/strong><\/h2>\n<p><strong>J\u00fcrgen Schupp: <a href=\"https:\/\/userblogs.fu-berlin.de\/jschupp\/files\/2020\/12\/2020_12_03-Gr\u00fcne-Niedersachsen_Experimente_JSchupp.pdf\">Ein Modellprojekt zum Grundeinkommen in Niedersachsen?<\/a><\/strong> Online-Video-Konferenz der LAG Grundeinkommen in Niedersachsen der GR\u00dcNEN Niedersachsen, &nbsp;am 4. Dezember 2020.<\/p>\n<p><strong>J\u00fcrgen Schupp:&nbsp; <\/strong>Pilotprojekt zum bedingungslosen Grundeinkommen (BGE) Wie lassen sich die Effekte des BGE messen? Und was macht es mit den Menschen ?&nbsp; <a href=\"https:\/\/userblogs.fu-berlin.de\/jschupp\/files\/2020\/11\/K\u00f6lner_Journalistenschule_Schupp_2020.pdf\">Pr\u00e4sentation beim (WebEx-)Seminar <\/a>&nbsp;\u201eWirtschaft, Politik, Wissenschaft\u201c der K\u00f6lner Journalistenschule am DIW Berlin , Berlin, 4. November 2020.<\/p>\n<p>Heinze, Rolf G. und <strong>J\u00fcrgen Schupp: <a href=\"https:\/\/www.sociohub-fid.de\/s\/dgs-kongress-2020\/calendar\/entry\/view?id=443\">Vom Wandel des Sozialversicherungs- zum Sozialinvestionsstaat: zur Wiederentdeckung der Debatte ums Grundeinkommen<\/a>, <\/strong>40. Kongress der DGS &#8222;Gesellschaft in Spannung&#8220;, Ad-Hoc-Gruppe &#8222;Garantieeinkommen und sozialer Arbeitsmarkt: der &#8222;stille&#8220; Wandel zum Transferstaat, am 15. September 2020.<\/p>\n<p><strong>J\u00fcrgen Schupp: <a href=\"https:\/\/userblogs.fu-berlin.de\/jschupp\/files\/2020\/12\/2020_07_29-Gr\u00fcne-Experimente_JSchupp.pdf\">Modellprojekt Grundeinkommen <\/a><\/strong>&nbsp;&#8211; Stochern im Nebel oder Lichtblick am Horizont? <a href=\"https:\/\/gruenes-grundeinkommen.de\/2020-07-29-juergen-schupp-modellprojekt\/\">Online-Video-Konferenz des Gr\u00fcnen Netzwerks Grundeinkommen<\/a> zusammen mit Wolfgang Strengmann-Kuhn, am 29. Juli 2020<\/p>\n<p><strong>J\u00fcrgen Schupp<\/strong>: <a href=\"https:\/\/userblogs.fu-berlin.de\/jschupp\/files\/2020\/03\/Loccum_Finanzierungperspektiven.pdf\">Eingangsstatement&nbsp;<\/a>der AG&nbsp;&#8222;Finanzierungsperspektiven des Sozialen Arbeitsmarktes und Passiv \u2013 Aktiv Transfer&#8220;der <a href=\"https:\/\/www.loccum.de\/tagungen\/2012\/\">Tagung \u201eDer Soziale Arbeitsmarkt in der Praxis \u2013 Erfahrungen, Handlungsoptionen, Zukunftsperspektiven<\/a>&#8220; am 5.\/6. M\u00e4rz 2020 in Loccum<\/p>\n<p><strong>J\u00fcrgen Schupp:&nbsp;<\/strong><a href=\"https:\/\/www.diw.de\/documents\/dokumentenarchiv\/17\/diw_01.c.704029.de\/20200128_basicincomeoecd_schupp_bi_typology.pdf\">Kurzstatement<\/a> beim DIW Berlin Lunchtime Meeting zum Thema &#8222;<a href=\"https:\/\/www.diw.de\/de\/diw_01.c.702969.de\/veranstaltungen\/making_a_nation-wide_randomized_field_experiment___lessons_from_the_finnish_basic_income_trial.html\">Making a nation-wide randomized field experiment: Lessons from the Finnish basic income trial<\/a>&#8222;, Berlin, 28. Januar&nbsp; 2020<\/p>\n<h2><strong>2019<\/strong><\/h2>\n<p>Metzing Maria &amp; J\u00fcrgen&nbsp;<strong>Schupp<\/strong>: Welcome, presentation round and introduction of the InGRID infrastructure at &#8218;<a href=\"https:\/\/www.diw.de\/sixcms\/media.php\/17\/InGRID_WS2019_Program.pdf\">Comparative Analysis of Longitudinal Data on Educational Outcomes<\/a>\u2019&nbsp;InGRID2 Expert Workshop, Berlin, 27.\/28. November 2019.<\/p>\n<p><strong>J\u00fcrgen Schupp:&nbsp; <\/strong><a href=\"https:\/\/userblogs.fu-berlin.de\/jschupp\/files\/2020\/03\/HartzIV_Arbeitsmarkt-Sozialpolitik.pdf\">Was kann Arbeitspolitik leisen und was sollte\/kann Sozialpolitik dar\u00fcber hinaus tun?&nbsp;<\/a>Vortrag bei der Tagung \u201eHartz4.0? Die Grundsicherung f\u00fcr Arbeitssuchende zwischen Fortentwicklung und Generalrevision&#8220; am 18. bis 19. November 2019 in Loccum<\/p>\n<p><strong>J\u00fcrgen Schupp:&nbsp; <\/strong><a href=\"https:\/\/userblogs.fu-berlin.de\/jschupp\/files\/2020\/03\/DIW-Berlin-Lunchtime-Meeting_2019_11_05_Schupp.pdf\">Kurzstatement &#8222;Mut zu Experimenten<\/a>&#8220;&nbsp; beim DIW Berlin Lunchtime Meeting zum Thema &#8222;Bedarfsgerechtigkeit oder bedingungsloses Grundeinkommen&#8220;, Berlin, 6. November 2019<\/p>\n<p><strong>J\u00fcrgen Schupp:&nbsp; <\/strong>Solidarisches und bedingungsloses Grundeinkommen &#8211; Sinnvolle Alternativen zu HartzIV?&nbsp; Pr\u00e4sentation beim Seminar &#8222;Wirtschaft, Politik, Wissenschaft&#8220; der K\u00f6lner Journalistenschule am DIW Berlin , Berlin, 6. November 2019.<\/p>\n<p><strong>J\u00fcrgen Schupp:&nbsp;&nbsp;<\/strong><a href=\"https:\/\/userblogs.fu-berlin.de\/jschupp\/files\/2019\/09\/HartzIV_Reform_Grundsicherung.pdf\">Weiterentwicklung der Grundsicherung<\/a>. Pr\u00e4sentation beim Arbeitskreis &#8222;Arbeitsmarkt- und Sozialpolitik&#8220; der Wirtschaftsministerkonferenz,Th\u00fcringer Landesvertretung, Berlin, 25. September 2019.<\/p>\n<p><b>J\u00fcrgen Schupp:&nbsp;<\/b>The German Socio-economic Panel (SOEP): Scope, Evolution and Methodology with a Focus on Refugee Research.&nbsp;Presentation GIZ visit of the project \u201edeutsch-t\u00fcrkischer Austausch zur Integration von Gefl\u00fcchteten\u201c funded by BMZ, DIW, Berlin, 21. Juni 2019.<\/p>\n<p><strong>J\u00fcrgen Schupp:<\/strong> Need of Transparency in Algorithms. \u201cThe Digital Challenge in Germany and Japen in Comparison: Opportunites, Risks and Digital Cooperation\u201c. Symposium of the German-Japanese Society for Social Sciences (GJSSS), University of Hamburg and GIGA Hamburg,&nbsp;June 18-19, 2019.<\/p>\n<p><b>J\u00fcrgen&nbsp;<strong>Schupp<\/strong><\/b>: Von der Idee zur Realisierung eines solidarischen Grundeinkommens in Berlin. Erfahrungsaustausch zur neuen Option der \u00f6ffentlich gef\u00f6rderten Besch\u00e4ftigung, Gemeinsamer Workshop des Jobcenter Recklinghausen, IAT-Gelsenkirchen sowie Ruhr Universit\u00e4t Bochum, Gelsenkirchen, 24. April 2019<\/p>\n<h2><strong>2018<\/strong><\/h2>\n<p><b>J\u00fcrgen&nbsp;<strong>Schupp<\/strong><\/b>: Der Beitrag von Haushaltspaneldaten zur Analyse gesellschaftlichen Wandels &#8211;&nbsp; M\u00f6glichkeiten und Grenzen<b>. <\/b>Vortrag bei Ad-Hoc-Gruppe: \u201cAnalyse komplexer gesellschaftlicher Dynamiken:<br>Methodologische Ans\u00e4tze der empirischen Sozialforschung&#8220; beim<br>Kongress f\u00fcr Soziologie , G\u00f6ttingen, 26. September 2018<\/p>\n<p>L\u00f6bel, Lea&nbsp;<b> &amp; J\u00fcrgen&nbsp;<strong>Schupp<\/strong><\/b>: Hilfsbereitsschaft und Sorgen um die Zukunft. Befunde zur Entwicklung unterschiedlicher Einstellungen zur Fl\u00fcchtlingsfrage aus dem Sozio-oekonomischen Panel (SOEP)<b>. <\/b><a href=\"https:\/\/userblogs.fu-berlin.de\/jschupp\/files\/2015\/04\/7.-Sitzung-der-AG-Zivilgesellschaft-des-BBE_draft_14.06.pdf\">Vortrag bei der 7. Sitzung der AG Zivilgesellschaft<\/a> des Bundesnetzwerk f\u00fcr B\u00fcrgerschaftliches Engagement (BBE), Berlin, 15. Juni 2018<\/p>\n<p>J\u00fcrgen&nbsp;<strong>Schupp<\/strong>: IAB-BAMF-SOEP Befragung Gefl\u00fcchteter: Konzept, surveymethodische Herausforderungen sowie erste Befunde zur Bildung und Qualifikation Gefl\u00fcchteter in Deutschland. Forschungskolloquium &#8222;Empirishe Bildungsforschung&#8220; der FU Berlin. Berlin, 24. Mai 2018.<\/p>\n<p>Metzing Maria &amp; J\u00fcrgen&nbsp;<strong>Schupp<\/strong>: Integration of Migrants and Refugees&nbsp;&nbsp;in Household Panel Surveys. Methodological Challenges and first results of the IAB-BAMF-SOEP Sample of Refugees in Germany,&nbsp;InGRID2 Expert Workshop, Budapest, 25. April 2018.<\/p>\n<h2><strong>2017<\/strong><\/h2>\n<p>J\u00fcrgen&nbsp;<strong>Schupp<\/strong>: <a href=\"https:\/\/userblogs.fu-berlin.de\/jschupp\/files\/2015\/04\/Schupp_Vortrag_2017_06_29_ZiviZ-Survey-2017.pdf\">Kommenatar aus wissenschaftlicher Perspektive<\/a>. &nbsp;Tagung des Stifterverbands &#8222;Vielfalt Verstehen &#8211; Zusammenhalt st\u00e4rken. Erste Ergebnisse des ZiviZ Surveys 2017. FAZ Atrium, Berlin, 29. Juni 2017.<\/p>\n<p>J\u00fcrgen&nbsp;<strong>Schupp<\/strong>: Soziale Aspekte sowie kollektive Ph\u00e4nomene von Scham. &nbsp;Pr\u00e4sentation der Tagung &#8222;Scham &#8211; ein notwendiges Gef\u00fchl&#8220; bei der <a href=\"https:\/\/www.franz-hitze-haus.de\/fileadmin\/redakteure\/pdf\/17-416.pdf\">Tagung der EOS Klinik M\u00fcnster sowie der katholisch sozialen Akademie M\u00fcnster<\/a> , 24. Juni 2017.<\/p>\n<p>J\u00fcrgen&nbsp;<strong>Schupp<\/strong>: Gefl\u00fcchtete in Deutschland: Design, Realisierung und erste Ergebnisse der IAB\/BAMF\/SOEP Erhebung. Pr\u00e4sentation beim BMFSFJ, Berlin, 8. Juni 2017.<\/p>\n<p>J\u00fcrgen <strong>Schupp<\/strong>: Gefl\u00fcchtete in Deutschland: Was wissen wir? Erste Ergebnisse der IAB\/BAMF\/SOEP Erhebung. Pr\u00e4sentation bei der Berliner Regionalgruppe des Berufsverbandes Deutscher Markt- und Sozialforscher e.V. (BVM), Berlin, 24. Mai 2017.<\/p>\n<p>J\u00fcrgen <strong>Schupp<\/strong>: Bedingungsloses Grundeinkommen (BGE) in Deutschland: Sinnvolle Reformoption oder unfinanzierbare Utopie?<br>Pr\u00e4sentation beim Pr\u00e4sidium des Bundesverbandes Informationswirtschaft, Telekommunikation und Neue Medien e.V. (Bitkom), CEBIT, Hannover, 23. M\u00e4rz 2017<\/p>\n<p>J\u00fcrgen <strong>Schupp<\/strong>: Welche Daten\/Erkenntnisse gibt es in \u00f6ffentlichen Datens\u00e4tzen \u2010 Am Beispiel von Surveydaten des SOEP. <a href=\"https:\/\/userblogs.fu-berlin.de\/jschupp\/files\/2015\/04\/2017_03_16_Nutzen_wiss_Weiterbildung-Schupp.pdf\" target=\"_blank\" rel=\"noopener noreferrer\">Pr\u00e4sentation <\/a>beim ExperInnen\u2010Workshop \u201cNutzen von wissenschaftlicher Weiterbildung (WWB)&#8220;, BMBF, Berlin, 16. M\u00e4rz 2017<\/p>\n<p>J\u00fcrgen <strong>Schupp<\/strong>: Analysepotenziale zur Gesundheit mit dem Sozio-oekonomischen Panel (SOEP). Vortrag im soziologischen Institutskolloquium des Instituts f\u00fcr Soziologie der Martin Luther-Universit\u00e4t Halle-Wittenberg, 25. Januar 2017.<\/p>\n<h4><a href=\"https:\/\/userblogs.fu-berlin.de\/jschupp\/vortraege\/vortraege-juergen-schupp-von-2012-bis-2016\/\">2012-2016<\/a><\/h4>\n<p><!--more--><\/p>\n<h4><a href=\"https:\/\/userblogs.fu-berlin.de\/jschupp\/veroeffentlichungen\/1985-bis-2010\/\">1998 &#8211; 2011<\/a><\/h4>","protected":false},"excerpt":{"rendered":"<p>2025 J\u00fcrgen Schupp: Empirische Ergebnisse des dreij\u00e4hrigen Feldexperiments &#8222;Pilotprojekt Grundeinkommen.\u00a0Vortrag im Rahmen der Langen Nacht der Wissenschaft 2025, Berlin, am 28. Juni 2025. J\u00fcrgen Schupp (2025): \u201ePro und Contra Bedingungsloses Grundeinkommen (BGE) \u2013 Reine Utopie oder m\u00f6gliche Reform der Zukunft\u201c, &hellip; <a href=\"https:\/\/userblogs.fu-berlin.de\/jschupp\/vortraege\/\">Weiterlesen <span class=\"meta-nav\">&rarr;<\/span><\/a><\/p>\n","protected":false},"author":2039,"featured_media":0,"parent":0,"menu_order":5,"comment_status":"open","ping_status":"open","template":"","meta":{"footnotes":""},"class_list":["post-56","page","type-page","status-publish","hentry"],"_links":{"self":[{"href":"https:\/\/userblogs.fu-berlin.de\/jschupp\/wp-json\/wp\/v2\/pages\/56","targetHints":{"allow":["GET"]}}],"collection":[{"href":"https:\/\/userblogs.fu-berlin.de\/jschupp\/wp-json\/wp\/v2\/pages"}],"about":[{"href":"https:\/\/userblogs.fu-berlin.de\/jschupp\/wp-json\/wp\/v2\/types\/page"}],"author":[{"embeddable":true,"href":"https:\/\/userblogs.fu-berlin.de\/jschupp\/wp-json\/wp\/v2\/users\/2039"}],"replies":[{"embeddable":true,"href":"https:\/\/userblogs.fu-berlin.de\/jschupp\/wp-json\/wp\/v2\/comments?post=56"}],"version-history":[{"count":166,"href":"https:\/\/userblogs.fu-berlin.de\/jschupp\/wp-json\/wp\/v2\/pages\/56\/revisions"}],"predecessor-version":[{"id":1920,"href":"https:\/\/userblogs.fu-berlin.de\/jschupp\/wp-json\/wp\/v2\/pages\/56\/revisions\/1920"}],"wp:attachment":[{"href":"https:\/\/userblogs.fu-berlin.de\/jschupp\/wp-json\/wp\/v2\/media?parent=56"}],"curies":[{"name":"wp","href":"https:\/\/api.w.org\/{rel}","templated":true}]}}