{"id":89,"date":"2015-04-12T14:22:29","date_gmt":"2015-04-12T14:22:29","guid":{"rendered":"https:\/\/userblogs.fu-berlin.de\/jschupp\/?page_id=89"},"modified":"2018-07-25T08:49:12","modified_gmt":"2018-07-25T08:49:12","slug":"links-zu-publikationsportalen","status":"publish","type":"page","link":"https:\/\/userblogs.fu-berlin.de\/jschupp\/veroeffentlichungen\/links-zu-publikationsportalen\/","title":{"rendered":"Links zu Publikationsportalen"},"content":{"rendered":"<p><span style=\"font-family: Arial;font-size: small\">Ver\u00f6ffentlichung komplett\u00a0<\/span><span style=\"font-family: Arial;font-size: small\"> (<a href=\"https:\/\/www.jschupp.privat.t-online.de\/Veroeffentlichung_jps.pdf\" target=\"_blank\" rel=\"noopener\">als PDF<\/a>)<br \/>\n<a href=\"https:\/\/www.scopus.com\/authid\/detail.url?authorId=24069339300\" target=\"_blank\" rel=\"noopener\">Scopus-Profile (SSCI)<\/a><br \/>\n<a href=\"https:\/\/orcid.org\/0000-0001-5273-643X\" target=\"_blank\" rel=\"noopener\">Orcid-ID<\/a><br \/>\n<a href=\"https:\/\/www.researcherid.com\/rid\/D-2721-2011\" target=\"_blank\" rel=\"noopener\">Researcher-ID ISI Web of Science (Thomson) <\/a><br \/>\n<a href=\"https:\/\/ideas.repec.org\/e\/psc174.html\" target=\"_blank\" rel=\"noopener\">downloadbare Research-papers (repec)<\/a><br \/>\n<\/span><span style=\"font-family: Arial;font-size: small\"><a href=\"https:\/\/ssrn.com\/author=102306\" target=\"_blank\" rel=\"noopener\">downloadbare Research-papers (SSRN)<\/a><br \/>\n<\/span><span style=\"font-family: Arial;font-size: small\"> <a href=\"https:\/\/scholar.google.de\/citations?user=0Xl_7oUAAAAJ&amp;hl=de\" target=\"_blank\" rel=\"noopener\">J\u00fcrgen Schupp bei Google Scholar<\/a><br \/>\n<a href=\"https:\/\/academic.research.microsoft.com\/Author\/13302601\/jurgen-schupp?query=J%u00fcrgen%20Schupp\" target=\"_blank\" rel=\"noopener\">J\u00fcrgen Schupp bei Microsoft Academics<\/a><br \/>\n<a href=\"https:\/\/www.researchgate.net\/profile\/Juergen_Schupp\/\" target=\"_blank\" rel=\"noopener\">J\u00fcrgen Schupp bei ResearchGate<br \/>\n<\/a><a href=\"https:\/\/www.econbiz.eu\/index.php?id=results&amp;q=person%3A%28j%C3%BCrgen+schupp%29&amp;limit=10&amp;keepFilters=1&amp;search=a_all&amp;advancedSearch=1&amp;sortBy=date_sort&amp;sortDirection=desc&amp;page=3&amp;L=0\" target=\"_blank\" rel=\"noopener\">J\u00fcrgen Schupp bei EconBiz<\/a><br \/>\n<a href=\"https:\/\/portal.d-nb.de\/opac.htm?query=atr%3D111343453++&amp;method=simpleSearch\" target=\"_blank\" rel=\"noopener\">Deutsche Nationalbibliothek (DNB)<\/a><\/span><\/p>\n<p>&nbsp;<\/p>\n","protected":false},"excerpt":{"rendered":"<p>Ver\u00f6ffentlichung komplett\u00a0 (als PDF) Scopus-Profile (SSCI) Orcid-ID Researcher-ID ISI Web of Science (Thomson) downloadbare Research-papers (repec) downloadbare Research-papers (SSRN) J\u00fcrgen Schupp bei Google Scholar J\u00fcrgen Schupp bei Microsoft Academics J\u00fcrgen Schupp bei ResearchGate J\u00fcrgen Schupp bei EconBiz Deutsche Nationalbibliothek (DNB) &hellip; <a href=\"https:\/\/userblogs.fu-berlin.de\/jschupp\/veroeffentlichungen\/links-zu-publikationsportalen\/\">Weiterlesen <span class=\"meta-nav\">&rarr;<\/span><\/a><\/p>\n","protected":false},"author":2039,"featured_media":0,"parent":8,"menu_order":20,"comment_status":"open","ping_status":"open","template":"","meta":{"footnotes":""},"class_list":["post-89","page","type-page","status-publish","hentry"],"_links":{"self":[{"href":"https:\/\/userblogs.fu-berlin.de\/jschupp\/wp-json\/wp\/v2\/pages\/89","targetHints":{"allow":["GET"]}}],"collection":[{"href":"https:\/\/userblogs.fu-berlin.de\/jschupp\/wp-json\/wp\/v2\/pages"}],"about":[{"href":"https:\/\/userblogs.fu-berlin.de\/jschupp\/wp-json\/wp\/v2\/types\/page"}],"author":[{"embeddable":true,"href":"https:\/\/userblogs.fu-berlin.de\/jschupp\/wp-json\/wp\/v2\/users\/2039"}],"replies":[{"embeddable":true,"href":"https:\/\/userblogs.fu-berlin.de\/jschupp\/wp-json\/wp\/v2\/comments?post=89"}],"version-history":[{"count":3,"href":"https:\/\/userblogs.fu-berlin.de\/jschupp\/wp-json\/wp\/v2\/pages\/89\/revisions"}],"predecessor-version":[{"id":757,"href":"https:\/\/userblogs.fu-berlin.de\/jschupp\/wp-json\/wp\/v2\/pages\/89\/revisions\/757"}],"up":[{"embeddable":true,"href":"https:\/\/userblogs.fu-berlin.de\/jschupp\/wp-json\/wp\/v2\/pages\/8"}],"wp:attachment":[{"href":"https:\/\/userblogs.fu-berlin.de\/jschupp\/wp-json\/wp\/v2\/media?parent=89"}],"curies":[{"name":"wp","href":"https:\/\/api.w.org\/{rel}","templated":true}]}}