{"id":17,"date":"2013-04-27T13:12:07","date_gmt":"2013-04-27T13:12:07","guid":{"rendered":"https:\/\/userblogs.fu-berlin.de\/langeweile\/?page_id=17"},"modified":"2013-05-03T13:18:44","modified_gmt":"2013-05-03T13:18:44","slug":"tablets","status":"publish","type":"page","link":"https:\/\/userblogs.fu-berlin.de\/langeweile\/tablets\/","title":{"rendered":"Tablets"},"content":{"rendered":"<p>Tablets sind heutzutage aus so manchen Bereichen gar nicht mehr weg zu denken. Man sieht fast \u00fcberall. Egal ob im B\u00fcro, an der Uni, in einem Park oder zu hause. Doch was genau ist ein Tablet? Ein Tablet dient als ein Zwischenst\u00fcck zwischen Smartphone und Laptop. Sie sind ausgelegt auf Musik h\u00f6ren, Filme\/Fotos gucken, im Internet surfen sowie Videospiele zu spielen. Ihre Technik basiert meistens auf der von Smartphones, sind aber teilweise mit mehr Arbeitsspeicher oder Festplattenkapazit\u00e4t ausgestattet. Tablets sind genau wie Smartphones auf eine Fingertouch-senitive Bedienung ausgerichtet. Allgemein l\u00e4sst sich sagen, dass ein Tablet nur ein Smartphone im XXL-Format ist. Einziger Unterschied zwischen Tablet und Smartphone ist der, dass ein Tablet nicht zum Telefonieren geeignet ist.<\/p>\n","protected":false},"excerpt":{"rendered":"<p>Tablets sind heutzutage aus so manchen Bereichen gar nicht mehr weg zu denken. Man sieht fast \u00fcberall. Egal ob im B\u00fcro, an der Uni, in einem Park oder zu hause. Doch was genau ist ein Tablet? Ein Tablet dient als ein Zwischenst\u00fcck zwischen Smartphone und Laptop. Sie sind ausgelegt auf Musik h\u00f6ren, Filme\/Fotos gucken, im &hellip; <a href=\"https:\/\/userblogs.fu-berlin.de\/langeweile\/tablets\/\" class=\"more-link\"><span class=\"screen-reader-text\">\u201eTablets\u201c<\/span> weiterlesen<\/a><\/p>\n","protected":false},"author":1540,"featured_media":0,"parent":0,"menu_order":0,"comment_status":"open","ping_status":"closed","template":"","meta":{"footnotes":""},"class_list":["post-17","page","type-page","status-publish","hentry"],"_links":{"self":[{"href":"https:\/\/userblogs.fu-berlin.de\/langeweile\/wp-json\/wp\/v2\/pages\/17","targetHints":{"allow":["GET"]}}],"collection":[{"href":"https:\/\/userblogs.fu-berlin.de\/langeweile\/wp-json\/wp\/v2\/pages"}],"about":[{"href":"https:\/\/userblogs.fu-berlin.de\/langeweile\/wp-json\/wp\/v2\/types\/page"}],"author":[{"embeddable":true,"href":"https:\/\/userblogs.fu-berlin.de\/langeweile\/wp-json\/wp\/v2\/users\/1540"}],"replies":[{"embeddable":true,"href":"https:\/\/userblogs.fu-berlin.de\/langeweile\/wp-json\/wp\/v2\/comments?post=17"}],"version-history":[{"count":6,"href":"https:\/\/userblogs.fu-berlin.de\/langeweile\/wp-json\/wp\/v2\/pages\/17\/revisions"}],"predecessor-version":[{"id":30,"href":"https:\/\/userblogs.fu-berlin.de\/langeweile\/wp-json\/wp\/v2\/pages\/17\/revisions\/30"}],"wp:attachment":[{"href":"https:\/\/userblogs.fu-berlin.de\/langeweile\/wp-json\/wp\/v2\/media?parent=17"}],"curies":[{"name":"wp","href":"https:\/\/api.w.org\/{rel}","templated":true}]}}