{"id":39,"date":"2013-04-27T13:30:28","date_gmt":"2013-04-27T13:30:28","guid":{"rendered":"https:\/\/userblogs.fu-berlin.de\/langeweile\/?page_id=39"},"modified":"2013-05-05T12:42:14","modified_gmt":"2013-05-05T12:42:14","slug":"tablet-apps","status":"publish","type":"page","link":"https:\/\/userblogs.fu-berlin.de\/langeweile\/tablet-apps\/","title":{"rendered":"Tablet-Apps"},"content":{"rendered":"<p>F\u00fcr Tablets gibt\u2019s dieselben Apps wie auch f\u00fcr Smartphones, da sie mit derselben Software sowie meistens auch mit derselben Hardware ausgestattet sind. Das Angebot an Apps ist riesen gro\u00df und jeder sollte eigentlich f\u00fcr sich n\u00fctzliche Programme finden, da st\u00e4ndig Apps auf den Markt kommen, auch von Hobbyprogrammierern. Es gibt Apps in Form von Virenschutzsoftware, zum Nachrichten verschicken, Office-Tools, zum Musik h\u00f6ren &amp; Filme gucken sowie viele weitere n\u00fctzliche Programme f\u00fcr den All-Tag. Selbstverst\u00e4ndlich gibt es auch jede Menge an Spiele-Apps wie z.B. R\u00e4tsel-&amp; Denkspiele, Sportspiele, Actionspiele und Kartenspiele.<\/p>\n","protected":false},"excerpt":{"rendered":"<p>F\u00fcr Tablets gibt\u2019s dieselben Apps wie auch f\u00fcr Smartphones, da sie mit derselben Software sowie meistens auch mit derselben Hardware ausgestattet sind. Das Angebot an Apps ist riesen gro\u00df und jeder sollte eigentlich f\u00fcr sich n\u00fctzliche Programme finden, da st\u00e4ndig Apps auf den Markt kommen, auch von Hobbyprogrammierern. Es gibt Apps in Form von Virenschutzsoftware, &hellip; <a href=\"https:\/\/userblogs.fu-berlin.de\/langeweile\/tablet-apps\/\" class=\"more-link\"><span class=\"screen-reader-text\">\u201eTablet-Apps\u201c<\/span> weiterlesen<\/a><\/p>\n","protected":false},"author":1540,"featured_media":0,"parent":0,"menu_order":0,"comment_status":"open","ping_status":"closed","template":"","meta":{"footnotes":""},"class_list":["post-39","page","type-page","status-publish","hentry"],"_links":{"self":[{"href":"https:\/\/userblogs.fu-berlin.de\/langeweile\/wp-json\/wp\/v2\/pages\/39","targetHints":{"allow":["GET"]}}],"collection":[{"href":"https:\/\/userblogs.fu-berlin.de\/langeweile\/wp-json\/wp\/v2\/pages"}],"about":[{"href":"https:\/\/userblogs.fu-berlin.de\/langeweile\/wp-json\/wp\/v2\/types\/page"}],"author":[{"embeddable":true,"href":"https:\/\/userblogs.fu-berlin.de\/langeweile\/wp-json\/wp\/v2\/users\/1540"}],"replies":[{"embeddable":true,"href":"https:\/\/userblogs.fu-berlin.de\/langeweile\/wp-json\/wp\/v2\/comments?post=39"}],"version-history":[{"count":4,"href":"https:\/\/userblogs.fu-berlin.de\/langeweile\/wp-json\/wp\/v2\/pages\/39\/revisions"}],"predecessor-version":[{"id":47,"href":"https:\/\/userblogs.fu-berlin.de\/langeweile\/wp-json\/wp\/v2\/pages\/39\/revisions\/47"}],"wp:attachment":[{"href":"https:\/\/userblogs.fu-berlin.de\/langeweile\/wp-json\/wp\/v2\/media?parent=39"}],"curies":[{"name":"wp","href":"https:\/\/api.w.org\/{rel}","templated":true}]}}