{"id":2,"date":"2014-08-29T08:31:14","date_gmt":"2014-08-29T06:31:14","guid":{"rendered":""},"modified":"2014-10-01T10:24:16","modified_gmt":"2014-10-01T08:24:16","slug":"impressum","status":"publish","type":"page","link":"https:\/\/userblogs.fu-berlin.de\/langsci-press\/impressum\/","title":{"rendered":"Impressum"},"content":{"rendered":"<h2>Dienstanbieter:<\/h2>\n<p>Freie Universit\u00e4t Berlin, vertreten durch den <a href=\"https:\/\/www.fu-berlin.de\/einrichtungen\/organe\/praesidium\/praesident\/index.html\" target=\"_self\">Pr\u00e4sidenten<\/a>.<\/p>\n<h2>Anschrift:<\/h2>\n<p>Freie Universit\u00e4t Berlin<br \/>\nPr\u00e4sidium<br \/>\nKaiserswerther Str. 16\/18<br \/>\n14195 Berlin<\/p>\n<h2>Inhaltliche Verantwortung nach \u00a7 55 RfStV:<\/h2>\n<p>Sebastian Nordhoff<br \/>\nLanguage Science Press<br \/>\nHa\u00adbel\u00adschwerd\u00adter Allee 45<br \/>\n14195 Ber\u00adlin<br \/>\nPhone: (+49) (30) 838 72193<br \/>\nFax: (+49) (30) 838 4 52973<br \/>\nE-Mail: <a href=\"mailto:%73%65%62%61%73%74%69%61%6e.%6e%6f%72%64%68%6f%66%66@%6c%61%6e%67%73%63%69-%70%72%65%73%73.%6f%72%67\">sebastian.nordhoff@langsci-press.org<\/a><\/p>\n<h2>Rechtsform:<\/h2>\n<p>Die Freie Universit\u00e4t Berlin ist eine K\u00f6rperschaft des \u00f6ffentlichen Rechts gem. \u00a7\u00a7 1 und 2 Berliner Hochschulgesetz (BerlHG). Das Webangebot der Freien Universit\u00e4t Berlin unterliegt dem geltenden <a title=\"Freie Universit\u00e4t Berlin: Urheberrecht\/Copyright\" href=\"https:\/\/www.fu-berlin.de\/redaktion\/copyright\/index.html\">Urheberrecht<\/a>. Beachten Sie bitte auch unseren <a title=\"Haftungsausschluss - Disclaimer, FU Berlin\" href=\"https:\/\/www.fu-berlin.de\/redaktion\/disclaimer\/index.html\">Haftungsausschluss\/Disclaimer.<\/a><\/p>\n<h2>Aufsichtsbeh\u00f6rde<\/h2>\n<p>Aufsichtsbeh\u00f6rde ist die nach \u00a7 89 BerlHG zust\u00e4ndige Berliner Senatsverwaltung f\u00fcr Bildung, Wissenschaft und Forschung.<\/p>\n","protected":false},"excerpt":{"rendered":"<p>Dienstanbieter: Freie Universit\u00e4t Berlin, vertreten durch den Pr\u00e4sidenten. Anschrift: Freie Universit\u00e4t Berlin Pr\u00e4sidium Kaiserswerther Str. 16\/18 14195 Berlin Inhaltliche Verantwortung nach \u00a7 55 RfStV: Sebastian Nordhoff Language Science Press Ha\u00adbel\u00adschwerd\u00adter Allee 45 14195 Ber\u00adlin Phone: (+49) (30) 838 72193 Fax: &hellip; <a href=\"https:\/\/userblogs.fu-berlin.de\/langsci-press\/impressum\/\">Continue reading <span class=\"meta-nav\">&rarr;<\/span><\/a><\/p>\n","protected":false},"author":2049,"featured_media":0,"parent":0,"menu_order":0,"comment_status":"closed","ping_status":"closed","template":"","meta":{"footnotes":""},"class_list":["post-2","page","type-page","status-publish","hentry"],"_links":{"self":[{"href":"https:\/\/userblogs.fu-berlin.de\/langsci-press\/wp-json\/wp\/v2\/pages\/2","targetHints":{"allow":["GET"]}}],"collection":[{"href":"https:\/\/userblogs.fu-berlin.de\/langsci-press\/wp-json\/wp\/v2\/pages"}],"about":[{"href":"https:\/\/userblogs.fu-berlin.de\/langsci-press\/wp-json\/wp\/v2\/types\/page"}],"author":[{"embeddable":true,"href":"https:\/\/userblogs.fu-berlin.de\/langsci-press\/wp-json\/wp\/v2\/users\/2049"}],"replies":[{"embeddable":true,"href":"https:\/\/userblogs.fu-berlin.de\/langsci-press\/wp-json\/wp\/v2\/comments?post=2"}],"version-history":[{"count":3,"href":"https:\/\/userblogs.fu-berlin.de\/langsci-press\/wp-json\/wp\/v2\/pages\/2\/revisions"}],"predecessor-version":[{"id":169,"href":"https:\/\/userblogs.fu-berlin.de\/langsci-press\/wp-json\/wp\/v2\/pages\/2\/revisions\/169"}],"wp:attachment":[{"href":"https:\/\/userblogs.fu-berlin.de\/langsci-press\/wp-json\/wp\/v2\/media?parent=2"}],"curies":[{"name":"wp","href":"https:\/\/api.w.org\/{rel}","templated":true}]}}