{"id":146,"date":"2020-09-25T06:40:31","date_gmt":"2020-09-25T04:40:31","guid":{"rendered":"https:\/\/userblogs.fu-berlin.de\/laxonchammes\/?page_id=146"},"modified":"2020-10-30T06:30:29","modified_gmt":"2020-10-30T05:30:29","slug":"11397-elicitation","status":"publish","type":"page","link":"https:\/\/userblogs.fu-berlin.de\/laxonchammes\/11397-elicitation\/","title":{"rendered":"11397.elicitation"},"content":{"rendered":"<pre>wintermantel \/ wolfgang hille\r\n..ahhh\u2026.\u00a0 die nacht der Mond das wasser wasser wasser\u00a0 still \u00a0huhuhuhu \u00a0 sitze im wintermantel irgendwo zu schreiben schreiben ahhh\u2026\u00a0 ein vater droht\u00a0 seinen kindern\u00a0 sie im keller einzumauern wenn sie ihm nicht gehorchen sollten\u00a0 ja...es\u00a0 zu sp\u00fcren die Verzweiflung \u00e4ngste Pein\u00a0 totungl\u00fccklich die Nachtigallen mondscheintrunken\u00a0 mag diese jacke schuhe\u00a0 nicht \u00fcberall \u00a0 zw\u00e4nge\u00a0 was wozu\u00a0 alptr\u00e4ume\u00a0 von einer ware namens Gott\u00a0 von Handelsketten Kirchen mit ihnen als betreibern eines schwungvollen devotionalienhandels\r\nblaues\u00a0 Pferd wirft blauen reiter\u00a0 ab stille stille\u00a0 stimmen stimmen\u00a0 das w\u00fcste Gestr\u00fcpp der b\u00e4ume\u00a0 wahnwitzige geschl\u00e4ngel von \u00e4sten\u00a0 Hintertreppen\u00a0 h\u00e4userecken\u00a0 gepolstert damit sich niemand an ihnen st\u00f6\u00dft alles flie\u00dft\u00a0 alles steht still\u00a0 geschrei ich f\u00fcr geisteskrank erkl\u00e4rt\u00a0 f\u00fcr minderwertig arbeitsscheu .. sssssssssssssssssssssssss\u2026 jaaaaaaaaaaaaaaaaa.. zu rauchen zu trinken zu k\u00fcssen fl\u00fcchten \u00a0 still schatten schatten .. gefl\u00fcster.. tr\u00e4nen grenzenlos\u00a0 als m\u00fcsste die welt mir gefallen \u00a0 der Tod ist mein geliebter .. ich schie\u00df mir eine kugel durch den kopf\u00a0 ich grabe mir ein sch\u00f6nes grab\u00a0 zu leben\u00a0 versuchs doch mal sprachlos verloren alles kalt zerqu\u00e4lt von Sauberkeit von Ordnung von millionenfachem mord\u00a0 .. ich\u00a0 weine sp\u00fcre meine kalten nackten f\u00fc\u00dfe \u00a0 sch\u00fcler meister all dies an\u00a0 absurden Hierarchien\u00a0 die tage n\u00e4chte wirres\u00a0 durcheinander\u00a0 befehl gehorsam\u00a0 ich\u00a0 das Mondgesicht mein\u00a0 sogenanntes leben\u00a0 zu vertr\u00f6deln ja ja ja ..still still still\u00a0 ich streife nachts umher suche vergeblich ja wonach denn \u00fcberhaupt dies alberne drecknest alles\u00a0 kiez\u00a0 zu schlafen ..\u00a0 auf\u00a0 treppen \u00a0 fluren fu\u00dfb\u00f6den\u00a0 in\u00a0 f\u00fchrerbunkern was wie wo \u00fcberall verschlossne T\u00fcren Wartes\u00e4le\u00a0 klaviere verstimmt ahh\u00a0 sch\u00f6n darauf zu spielen statt eines unaufh\u00f6rlichen gefasels von Leistung Leistung\u00a0 Hierarchien\u00a0 ich schlafe gern\u00a0 Kapitalismus lauter\u00a0 Spie\u00dfigkeit\u00a0 nichts wie weg damit stattdessen irgendwo herumzulungern herumzuliegen zu rauchen zu trinken t\u00fcren Toiletten\u00a0 ssssssssssssssssss schaue zur decke \u00a0 sssss\u00a0 sitze auf einer treppe irgendwo \u00a0 so traurig\u00a0 traurig \u00a0 \u00a0 huhhh\u00a0 Geld Geld Geld\u00a0 Hungersn\u00f6te weltverschlechterer schon wieder \u00fcbers wasser zu laufen nein\u00a0 wozu\u00a0 \u00c4mter \u00c4mter g\u00e4nge g\u00e4nge b\u00e4nke b\u00e4nke warten warten\u00a0 die dielen knarren alles fehlt\u00a0 die schatten schatten b\u00e4ume b\u00e4ume schwarzen zweige die wirren \u00e4ste schwarz so schwarz Wahnsinn ist Sch\u00f6nheit schwarze Sch\u00f6nheit \u00fcberall\u00a0 normalit\u00e4tsgetue\u00a0 abstrusestes an wahn\u00a0 Glied einer asozialen plastik nein \u00a0 Kunst kultur\u00a0 alles\u00a0 kalter Kaffee wozu bahnh\u00f6fe\u00a0tote Geleise kalt auf zehenspitzen dunkelheit \u00a0 die schwarzen kr\u00e4hen \u00a0 kr\u00e4chzen h\u00fcpfen\u00a0 die \u00a0 stimmen stimmen \u00a0 leise leise \u00a0 Toiletten filz fetteckenfrei\u00a0 Madelaines\u00a0 lavendel\u00a0 auf\u00a0 knien herumzurutschen zu weinen zu trinken zu schlafen haltlos grenzenlos leer tot\u00a0 wuff wuffwuff\u00a0 ich sp\u00fcre sp\u00fcre ja\u00a0 ich sch\u00e4me mich uhh uhhh uhhh \u00a0 alles falsch\u00a0 alles verlust nacht traum\u00a0 wasser traurig \u00a0 wasser wasser wasser scheu alles vertan\u00a0 .\u00a0 die milch der schlimmen Denkungsart zu trinken hoffnungslos\u00a0 so viel an\u00a0 Unverstand \u00a0 Akademismus huhhh\u00a0\u00a0 die waldv\u00f6glein vor schrecken bleich\u00a0 w\u00e4ssrige\u00a0 k\u00fcsse lippen\u00a0 es graust mich er mein \u00a0\u00a0vater ( ist ein \u00a0 Regenwurm) seine\u00a0 nassen \u00a0lippen nassen \u00a0k\u00fcsse\u00a0auf\u00a0 Toiletten Unbegabt verr\u00fcckt\u00a0 zu sein\u00a0 das ist doch was die gr\u00e4ser zittern die toten\u00a0 st\u00fcrzen in die\u00a0 nacht hinab \u00fcberall\u00a0 und nirgendwo\u00a0 zuhaus\u00a0 verloren verloren \u00a0 uhh ohh huhh shshshshsh\u00a0 ahh \u00a0\u00a0 chchchchc schschsch \u00a0 der mond\u00a0 verliert vor trauer sein gesicht alles ist tot\u00a0 ertrunken in\u00a0einer \u00a0 grenzenlosen flut von schmerz \u00a0 Toiletten wasser wasser\u00a0 regen regen regen regen t\u00e4nen tr\u00e4nen tr\u00e4nen tr\u00e4nen\u00a0 auschwitz du \u00a0\u00a0 untertanentum\u00a0 schulzeugnise ger\u00fcmpel weg damit\u00a0 mit ordentlich gezogenem scheitel sauber geputzen Fingern\u00e4geln hast du morgen fr\u00fch um sieben Uhr an meinem Schreibtisch zu erscheinen\u00a0 sie nennt ihre mutter\u00a0 eine Schmei\u00dffliege dazu in kleinen H\u00e4ppchen\u00a0 ahh der Tod ich\u00a0 liege einsam verlassen leer\u00a0irgendwo ja wo\r\ndas all\u00a0 so kuschelig so voller schrecken f\u00fcr Exzentriker ein mu\u00df das nichts ein blo\u00dfes wort so\u00a0 k\u00fcsse\u00a0 ich dich nachts auf den \u00a0Toiletten\u00a0 kalt und leer Verlockungen \u00a0 k\u00fcsse den boden\u00a0\u00a0 friere\u00a0friere\u00a0\u00a0 schatten schatten Volk was ist denn das ungleichmacherei wozu zu kaufen kaufen kaufen die seele\u00a0ist\u00a0 verlust sie lacht mich aus\u00a0 die augen geschlossen\u00a0 ich das Aktmodell\u00a0\u00a0der Pflastermaler bettelnd aus Abenteuerlust\u00a0 auschwitz der kapitalismus pur\u00a0 asoziale Marktwirtschaft asozialer Wohnungsbau asozialamt\u00a0 ich f\u00fchle mich so leer\u00a0 lauter schrecken\u00a0 kalt eng verzaubert\u00a0 taumel still \u00a0 eine m\u00fccke zu t\u00f6ten Schneegl\u00f6ckchen\u00a0 zu pfl\u00fccken es tut\u00a0 weh\u00a0 der f\u00fchrerbunker ja\u00a0 ich grab ihn aus all diese\u00a0 normalen leute\u00a0\u00a0 kz w\u00e4chter massenm\u00f6rder\u00a0 ja((und) der f\u00fchrer\u00a0 weshalb st\u00fcrmte\u00a0 er beim\u00a0 volkssturm\u00a0 nicht in vorderster front voran statt sich in einen bunker verkrochen selbst\u00a0 zu erschie\u00dfen ach\u00a0 die sogenannte\u00a0 b\u00fcrgerliche Demokratie nichts weiter als die\u00a0 geschickteste form die leute an der nase herumzuf\u00fchren je feiner abgestuft die Hierarchien je versteckter desto unangreifbarer gehe ins Kino lauter Leerstellen\u00a0 tr\u00e4nen ungeweint \u00a0 ein unaufh\u00f6rliches m\u00fcssen m\u00fcssen\u00a0m\u00fcssen \u00a0sollen sollen\u00a0 sollen d\u00fcrfen\u00a0 d\u00fcrfen d\u00fcrfen\u00a0 k\u00f6nnen k\u00f6nnen k\u00f6nnen \u00a0ahhhh\r\ndie waldv\u00f6glein in schrecken bleich die schwarzen v\u00f6gel\u00a0 kalt und leer sie ziehen w\u00fctend \u00fcbers land\u00a0 die\u00a0 tr\u00e4nenfelder\u00a0 Mond der Mond still still still die rehe trinken wasser wasser\u00a0 alles\u00a0 unter den tisch gekehrt\u00a0 Wolfskind \u00a0\u00a0 ich\u00a0das Gespenst spuke umher schrecken des fr\u00fchlings\u00a0 schw\u00e4rmerei\u00a0sch\u00f6ne \u00a0Verlassenheit\u00a0 der wahn\r\nyours<\/pre>\n<hr \/>\n<p>guten morgen\u2026,<br \/>\nlesung waren wir nur zu zweit kurz, habe dann noch eine weile musik gemacht und ein instrument ausprobiert, auch gut. die lesungen des ILB werden im stream \u00fcbertragen, solltest du dir ankucken, sch\u00f6ne sachen dabei.<br \/>\nwintermantel: ich finde den letzten absatz mit \u2026f\u00fchrer\u2026. volkssturm usw., b\u00fcrgerliche demokratie&#8230; problematisch (aus meiner pol. perspektive), solltest du nochmal dr\u00fcber nachdenken. aber.., wenn du das ganze in eine form bringst, also vielleicht ein paar abs\u00e4tze einf\u00fcgst (die ich nicht willk\u00fcrlich setzen will), nochmal nach leerzeichen, schreibfehlern usw., die nicht intendiert sind, kuckst, mach ich noch ein heft daraus. m\u00fcszte man ein biszchen strecken (durch die abs\u00e4tze zb.), damit das vielleicht 8-10 seiten werden in dem heft. noch: ein kommentar dazu, der auch ins heft kann, w\u00e4re dazu gut\u2026, also zb. was du mit den (o.a. kritischen stellen) bezweckst. die denkart ist eher woanders angesiedelt, da, wo die edition eigentlich nicht steht. :sediment: jedoch, was ich als den pool der leute betrachte, die ich verlegen m\u00f6chte, kommt da durchaus zum tragen\u2026, merkt man ja bei dir auch\u2026, also unzufriedenheit usw. \/ nur warum das den tenor der (falschen politischen richtung) dann bedient, m\u00fcszte beleuchtet werden, zb. in einem kommentar, von dir oder auch von mir\u2026, der dieses ph\u00e4nomen thematisiert. warum, sobald man tief genug sinkt, scheinbar das gef\u00fchl verloren geht f\u00fcr das politische. kannst du alles anders sehen\u2026, was ich meine nochmal: diese denkart wird von den polulisten vielfach vertreten und benutzt, ich w\u00fcrde das ungern unreflektiert einfach \u00fcbernehmen, sondern nur mit einer auseinandersetzung\u2026 (die ja auch lyrisch whatever) stattfinden kann, jdfs. in dem heft dann erscheint.<br \/>\nbin dabei, die hefte neu zu bauen also nachzubauen in einem andern programm, damit sie schneller anzupassen sind an wechselndes papier udgl., kostet mich einige m\u00fche da durchzusteigen. also ich hab spasz\u2026, bisdann, st.<\/p>\n<p>ps: noch zu dem kritischen absatz: ich meine nicht die wortwahl\u2026; nat\u00fcrlich sind das erstmal triggerworte\u2026, aber dadurch ist ja noch keine pol. richtung ausgemacht. was ich problematisch finde ist dann aber zb. die aussage, frage, warum (der depp sich in dem bunker verkrochen hat) zb. \/ das geht mir eigentlich am arsch vorbei, und jemand der diese frage stellt, musz sich fragen, warum er sie stellt. fehlt ihm das heldenhafte (an dem deppen?) (kotz!)\u2026, das ungef\u00e4hr meine ich mit der falschen richtung, aus der das kommt\u2026 \/ ich hab das schon genau gelesen, und da, wo ich die hefte verteile, lesen die leute auch sehr genau. deshalb wird das jdfs. nicht unreflektiert einfach so \u00fcbernommen\u2026<\/p>\n<hr \/>\n<p>guten morgen w.,<\/p>\n<p>ich habe mich noch nicht weiter damit besch\u00e4ftigt und viel um die ohren\u2026, antworten tue ich prinzipiell nach lust und laune, wenns paszt und selten zeitnah\u2026 \/ an dn text habe ich dennoch fragen, denen du ja ausgewichen bist; das demokratie thema war eher das unwichtigere, weniger komplizierte\u2026, wichtiger zu kl\u00e4ren war der satz mit hit., der sich im bunker versteckt. da scheint f\u00fcr mich eine haltung auf bzw. eine besch\u00e4ftigung, ein :issue:, die ich problematisch fand, finde. an dieser tatsache :feigheit: ausmachen zu wollen (dem sich verstecken) spricht aus einer attitude, die mir jdfs fremd ist und die du erkl\u00e4ren m\u00fcsstest (wenn dir daran liegt, das aufzukl\u00e4ren). wenn du das nicht siehst, was ich meine, werd ich nochmal versuchen, das zu erl\u00e4utern. ich finde eben, man musz aufpassen, nicht die rede derjenigen aufzugreifen, die hier im land eine grosze stimme f\u00fchren gegen die emokratie, womit das thema doch wieder da w\u00e4re. :b\u00fcrgerliche demokratie: szsg. als schimpfwort zu benutzen sehe ich immer noch kritisch\u2026; man kann sich mit ihren inhalten kritisch besch\u00e4ftigen und den raum, den sie bietet, nutzen, partizipieren. aber das konzept anzugreifen :mit: diesem (von jener stimmung machenden gruppe menschen) als kritik verwendeten begriff sehe ich zumindest dort wof\u00fcr ich mich verantwortlich finde, also die hefte zuerst, nicht einfach passieren\u2026 okay\u2026, alles gute bisdann, st. (ich bin samstag wahrscheinlich in der lettretage, wenn du auch da bist, k\u00f6nn wir ja reden. muszt daf\u00fcr eine karte reservieren, eintritt aber frei\u2026)<\/p>\n<hr \/>\n<p>w.<br \/>\nbitte keine weiteren emails zu diesem thema. du kannst gerne\u00a0hier\u00a0die kommentarfunktion nutzen. ich stehe nicht auf abruf f\u00fcr politische auseinandersetzungen zur verf\u00fcgung und verfolge, wenn du dort was schreibst, gerne und werde, wie ich sagte und das meine ich auch so bei zeit und bock antworten. st.<\/p>\n<hr \/>\n<p>guten morgen avatare&#8230;,<\/p>\n<p>in dieser post standen f\u00fcr genau einen tag die repliken des autors, ein ungefragt ver\u00f6ffentlicher email disput; es scheint aber so, dasz die rechtfertigungen nur f\u00fcr den herausgeber bestimmt waren und keinerlei \u00f6ffentlich wirksame relevanz beanspruchten. wir haben die eine seite der korrespondenz deshalb wieder entfernt, obwohl mir die ver\u00f6ffentlichung und freigabe der diskussion als eine sinnvolle und meinen kapazit\u00e4ten entsprechende m\u00f6glichkeit erschien, den emailverkehr zu vermeiden, der mich an allen orten und zu jeder zeit erreichte, wo ich gerade war. true, ich hatte die diskussion angestoszen und diesen also herausgefordert, mein hinweis auf &#8222;antworten nach lust und laune&#8220; wurde jedoch als wenig zielf\u00fchrend erachtet, deshalb die er\u00f6ffnung der kommentierungsm\u00f6glichkeit in dieser post.<\/p>\n<p>bislang sieht es so aus, als z\u00f6ge sich der autor auf :satire: zur\u00fcck. die demokratische m\u00f6glichkeit, zu partizipieren und die kritisierten stellen zu verteidigen, wird nicht genutzt. soviel zum sediment und dem f\u00fchren des repertoires, das von den populisten bereitwillig und (solange nicht gerechtfertigt) naiv \u00fcbernommen wird. es beschr\u00e4nkt sich distanzlos aufs private und bleibt damit sehr b\u00fcrgerlich.<\/p>\n<hr \/>\n<p>11402.guten morgen w.,<\/p>\n<p>ich habe auf deinen wunsch hin deine seite der korrespondenz wieder entfernt und hoffe, du willst dich in den kommentaren vielleicht weiter bzw. nocheinmal zur kritik \u00e4uszern. ich finde das thema, das wir angerissen haben durchaus (lesenswert) und wichtig, mochte aber nicht permanent emails dazu erhalten, ich hoffe das hattest du verstanden. ich gehe einer arbeit nach und m\u00f6chte nicht, wenn ich morgens in die post kucke schon mit politischen auseinandersetzungen hadern, die ich dann durch den tag in mir rum trage. die diskussion finde ich spannend, aber den austragungsort h\u00e4tte ich gern selbst bestimmt. du kannst weiterhin unten dazu beitragen, dasz dein text verstanden wird \u2013 was mir ein anliegen ist. er spricht f\u00fcr das sediment, das wir vertreten; die edition, die autoren und innen. st.<\/p>\n","protected":false},"excerpt":{"rendered":"<p>wintermantel \/ wolfgang hille ..ahhh\u2026.\u00a0 die nacht der Mond das wasser wasser wasser\u00a0 still \u00a0huhuhuhu \u00a0 sitze im wintermantel irgendwo zu schreiben schreiben ahhh\u2026\u00a0 ein vater droht\u00a0 seinen kindern\u00a0 sie im keller einzumauern wenn sie ihm nicht gehorchen sollten\u00a0 ja&#8230;es\u00a0 zu sp\u00fcren die Verzweiflung \u00e4ngste Pein\u00a0 totungl\u00fccklich die Nachtigallen mondscheintrunken\u00a0 mag diese jacke schuhe\u00a0 nicht &hellip; <a href=\"https:\/\/userblogs.fu-berlin.de\/laxonchammes\/11397-elicitation\/\" class=\"more-link\"><span class=\"screen-reader-text\">\u201e11397.elicitation\u201c<\/span> weiterlesen<\/a><\/p>\n","protected":false},"author":4711,"featured_media":0,"parent":0,"menu_order":0,"comment_status":"open","ping_status":"closed","template":"","meta":{"footnotes":""},"class_list":["post-146","page","type-page","status-publish","hentry"],"_links":{"self":[{"href":"https:\/\/userblogs.fu-berlin.de\/laxonchammes\/wp-json\/wp\/v2\/pages\/146","targetHints":{"allow":["GET"]}}],"collection":[{"href":"https:\/\/userblogs.fu-berlin.de\/laxonchammes\/wp-json\/wp\/v2\/pages"}],"about":[{"href":"https:\/\/userblogs.fu-berlin.de\/laxonchammes\/wp-json\/wp\/v2\/types\/page"}],"author":[{"embeddable":true,"href":"https:\/\/userblogs.fu-berlin.de\/laxonchammes\/wp-json\/wp\/v2\/users\/4711"}],"replies":[{"embeddable":true,"href":"https:\/\/userblogs.fu-berlin.de\/laxonchammes\/wp-json\/wp\/v2\/comments?post=146"}],"version-history":[{"count":11,"href":"https:\/\/userblogs.fu-berlin.de\/laxonchammes\/wp-json\/wp\/v2\/pages\/146\/revisions"}],"predecessor-version":[{"id":185,"href":"https:\/\/userblogs.fu-berlin.de\/laxonchammes\/wp-json\/wp\/v2\/pages\/146\/revisions\/185"}],"wp:attachment":[{"href":"https:\/\/userblogs.fu-berlin.de\/laxonchammes\/wp-json\/wp\/v2\/media?parent=146"}],"curies":[{"name":"wp","href":"https:\/\/api.w.org\/{rel}","templated":true}]}}