{"id":11,"date":"2021-08-04T12:14:51","date_gmt":"2021-08-04T10:14:51","guid":{"rendered":"https:\/\/userblogs.fu-berlin.de\/master_biwi\/?page_id=11"},"modified":"2023-11-22T16:01:25","modified_gmt":"2023-11-22T15:01:25","slug":"berufsperspektiven","status":"publish","type":"page","link":"https:\/\/userblogs.fu-berlin.de\/master_biwi\/berufsperspektiven\/","title":{"rendered":"Berufsperspektiven"},"content":{"rendered":"\n<div class=\"wp-block-columns is-layout-flex wp-container-core-columns-is-layout-9d6595d7 wp-block-columns-is-layout-flex\">\n<div class=\"wp-block-column is-layout-flow wp-block-column-is-layout-flow\">\n<p>\u201eUnd was wirst du damit mal?\u201c<\/p>\n\n\n\n<p>Die wohl unangenehmste Frage, die bei fast jedem Familientreffen von Gro\u00dfeltern, Onkel oder Tante gefragt wird.<\/p>\n\n\n\n<p>Nicht, dass man seiner Familie eine Erkl\u00e4rung schuldig w\u00e4re, aber wer trotzdem eine Idee bekommen m\u00f6chte, was man mit dem Studium \u00fcberhaupt sp\u00e4ter mal f\u00fcr Wege einschlagen kann und wie man neue Trampelwege f\u00fcr sich entdeckt, findest du in den Blogbeitr\u00e4gen ehemaliger Studierender.<\/p>\n\n\n\n<p>Du findest au\u00dferdem auf <a href=\"https:\/\/www.ewi-psy.fu-berlin.de\/verwaltung-service\/studienangelegenheiten\/pruefungsbuero\/bachelor_ewi_zukunft\/2-Master\/2_3-Berufsperspektive\/index.html\" target=\"_blank\" rel=\"noreferrer noopener\">dieser Seite<\/a> des Studien- und Pr\u00fcfungsb\u00fcros viele Infos zu Berufsperspektiven.<br><br>Wenn du dich f\u00fcr das Alumni-Netzwerk der FU interessierst, klicke <a rel=\"noreferrer noopener\" href=\"https:\/\/www.fu-berlin.de\/sites\/alumni\/index.html\" target=\"_blank\">hier<\/a>.<\/p>\n<\/div>\n\n\n\n<div class=\"wp-block-column is-layout-flow wp-block-column-is-layout-flow\">\n<figure class=\"wp-block-image size-large\"><img loading=\"lazy\" decoding=\"async\" width=\"1024\" height=\"683\" src=\"https:\/\/userblogs.fu-berlin.de\/master_biwi\/files\/2021\/08\/pexels-andrea-piacquadio-3760069-1024x683.jpg\" alt=\"\" class=\"wp-image-118\" srcset=\"https:\/\/userblogs.fu-berlin.de\/master_biwi\/files\/2021\/08\/pexels-andrea-piacquadio-3760069-1024x683.jpg 1024w, https:\/\/userblogs.fu-berlin.de\/master_biwi\/files\/2021\/08\/pexels-andrea-piacquadio-3760069-300x200.jpg 300w, https:\/\/userblogs.fu-berlin.de\/master_biwi\/files\/2021\/08\/pexels-andrea-piacquadio-3760069-768x512.jpg 768w, https:\/\/userblogs.fu-berlin.de\/master_biwi\/files\/2021\/08\/pexels-andrea-piacquadio-3760069-1536x1024.jpg 1536w, https:\/\/userblogs.fu-berlin.de\/master_biwi\/files\/2021\/08\/pexels-andrea-piacquadio-3760069-2048x1365.jpg 2048w, https:\/\/userblogs.fu-berlin.de\/master_biwi\/files\/2021\/08\/pexels-andrea-piacquadio-3760069-1200x800.jpg 1200w\" sizes=\"auto, (max-width: 1024px) 100vw, 1024px\" \/><\/figure>\n<\/div>\n<\/div>\n\n\n\n<figure class=\"wp-block-embed is-type-wp-embed is-provider-master-biwi-der-blog wp-block-embed-master-biwi-der-blog is-provider-studium-master-bildungswissenschaft\"><div class=\"wp-block-embed__wrapper\">\n<blockquote class=\"wp-embedded-content\" data-secret=\"qqSfqcil89\"><a href=\"https:\/\/userblogs.fu-berlin.de\/master_biwi\/2021\/09\/15\/jobs-nach-dem-studium\/\">Jobs nach dem Studium<\/a><\/blockquote><iframe loading=\"lazy\" class=\"wp-embedded-content\" sandbox=\"allow-scripts\" security=\"restricted\" style=\"position: absolute; visibility: hidden;\" title=\"&#8222;Jobs nach dem Studium&#8220; &#8211; Master Biwi: Der Blog\" src=\"https:\/\/userblogs.fu-berlin.de\/master_biwi\/2021\/09\/15\/jobs-nach-dem-studium\/embed\/#?secret=cFPhwB4U5a#?secret=qqSfqcil89\" data-secret=\"qqSfqcil89\" width=\"600\" height=\"338\" frameborder=\"0\" marginwidth=\"0\" marginheight=\"0\" scrolling=\"no\"><\/iframe>\n<\/div><\/figure>\n","protected":false},"excerpt":{"rendered":"<p>\u201eUnd was wirst du damit mal?\u201c Die wohl unangenehmste Frage, die bei fast jedem Familientreffen von Gro\u00dfeltern, Onkel oder Tante gefragt wird. Nicht, dass man seiner Familie eine Erkl\u00e4rung schuldig w\u00e4re, aber wer trotzdem eine Idee bekommen m\u00f6chte, was man mit dem Studium \u00fcberhaupt sp\u00e4ter mal f\u00fcr Wege einschlagen kann und wie man neue Trampelwege &hellip; <a href=\"https:\/\/userblogs.fu-berlin.de\/master_biwi\/berufsperspektiven\/\" class=\"more-link\"><span class=\"screen-reader-text\">Berufsperspektiven<\/span> weiterlesen<\/a><\/p>\n","protected":false},"author":6168,"featured_media":0,"parent":0,"menu_order":0,"comment_status":"closed","ping_status":"closed","template":"","meta":{"footnotes":""},"class_list":["post-11","page","type-page","status-publish","hentry"],"_links":{"self":[{"href":"https:\/\/userblogs.fu-berlin.de\/master_biwi\/wp-json\/wp\/v2\/pages\/11","targetHints":{"allow":["GET"]}}],"collection":[{"href":"https:\/\/userblogs.fu-berlin.de\/master_biwi\/wp-json\/wp\/v2\/pages"}],"about":[{"href":"https:\/\/userblogs.fu-berlin.de\/master_biwi\/wp-json\/wp\/v2\/types\/page"}],"author":[{"embeddable":true,"href":"https:\/\/userblogs.fu-berlin.de\/master_biwi\/wp-json\/wp\/v2\/users\/6168"}],"replies":[{"embeddable":true,"href":"https:\/\/userblogs.fu-berlin.de\/master_biwi\/wp-json\/wp\/v2\/comments?post=11"}],"version-history":[{"count":5,"href":"https:\/\/userblogs.fu-berlin.de\/master_biwi\/wp-json\/wp\/v2\/pages\/11\/revisions"}],"predecessor-version":[{"id":410,"href":"https:\/\/userblogs.fu-berlin.de\/master_biwi\/wp-json\/wp\/v2\/pages\/11\/revisions\/410"}],"wp:attachment":[{"href":"https:\/\/userblogs.fu-berlin.de\/master_biwi\/wp-json\/wp\/v2\/media?parent=11"}],"curies":[{"name":"wp","href":"https:\/\/api.w.org\/{rel}","templated":true}]}}