{"id":343,"date":"2022-11-16T14:35:03","date_gmt":"2022-11-16T13:35:03","guid":{"rendered":"https:\/\/userblogs.fu-berlin.de\/master_biwi\/?page_id=343"},"modified":"2024-04-08T15:27:28","modified_gmt":"2024-04-08T13:27:28","slug":"nebenjobs","status":"publish","type":"page","link":"https:\/\/userblogs.fu-berlin.de\/master_biwi\/nebenjobs\/","title":{"rendered":"Nebenjobs"},"content":{"rendered":"\n<div class=\"wp-block-columns is-layout-flex wp-container-core-columns-is-layout-9d6595d7 wp-block-columns-is-layout-flex\">\n<div class=\"wp-block-column is-layout-flow wp-block-column-is-layout-flow\">\n<figure class=\"wp-block-image size-large\"><img loading=\"lazy\" decoding=\"async\" width=\"1024\" height=\"683\" src=\"https:\/\/userblogs.fu-berlin.de\/master_biwi\/files\/2022\/11\/pexels-vojtech-okenka-392018-1024x683.jpg\" alt=\"\" class=\"wp-image-362\" srcset=\"https:\/\/userblogs.fu-berlin.de\/master_biwi\/files\/2022\/11\/pexels-vojtech-okenka-392018-1024x683.jpg 1024w, https:\/\/userblogs.fu-berlin.de\/master_biwi\/files\/2022\/11\/pexels-vojtech-okenka-392018-300x200.jpg 300w, https:\/\/userblogs.fu-berlin.de\/master_biwi\/files\/2022\/11\/pexels-vojtech-okenka-392018-768x512.jpg 768w, https:\/\/userblogs.fu-berlin.de\/master_biwi\/files\/2022\/11\/pexels-vojtech-okenka-392018-1536x1024.jpg 1536w, https:\/\/userblogs.fu-berlin.de\/master_biwi\/files\/2022\/11\/pexels-vojtech-okenka-392018-2048x1365.jpg 2048w\" sizes=\"auto, (max-width: 1024px) 100vw, 1024px\" \/><\/figure>\n<\/div>\n\n\n\n<div class=\"wp-block-column is-layout-flow wp-block-column-is-layout-flow\">\n<p>So ein Studium will nat\u00fcrlich auch finanziert werden. Wer sich (ggf. trotz Baf\u00f6g) das Leben als Studierende:r nicht leisten kann, kann nebenbei einen Job annehmen. Da gibt es zum Beispiel direkt am Campus auch M\u00f6glichkeiten.<\/p>\n<\/div>\n<\/div>\n\n\n\n<p>Hier findet ihr Infos zu drei verschiedenen M\u00f6glichkeiten als Studentische Hilfskraft an der Freien Universit\u00e4t Berlin zu arbeiten.<\/p>\n\n\n\n<figure class=\"wp-block-embed is-type-wp-embed is-provider-master-biwi-der-blog wp-block-embed-master-biwi-der-blog\"><div class=\"wp-block-embed__wrapper\">\n<blockquote class=\"wp-embedded-content\" data-secret=\"WQl8AUDhAN\"><a href=\"https:\/\/userblogs.fu-berlin.de\/master_biwi\/2024\/04\/08\/mein-letztes-semester-als-studhk-im-studienbuero\/\">Mein letztes Semester als StudHK im Studienb\u00fcro<\/a><\/blockquote><iframe loading=\"lazy\" class=\"wp-embedded-content\" sandbox=\"allow-scripts\" security=\"restricted\" style=\"position: absolute; visibility: hidden;\" title=\"&#8222;Mein letztes Semester als StudHK im Studienb\u00fcro&#8220; &#8211; Master Biwi: Der Blog\" src=\"https:\/\/userblogs.fu-berlin.de\/master_biwi\/2024\/04\/08\/mein-letztes-semester-als-studhk-im-studienbuero\/embed\/#?secret=T3CjaCVsBg#?secret=WQl8AUDhAN\" data-secret=\"WQl8AUDhAN\" width=\"600\" height=\"338\" frameborder=\"0\" marginwidth=\"0\" marginheight=\"0\" scrolling=\"no\"><\/iframe>\n<\/div><\/figure>\n\n\n\n<figure class=\"wp-block-embed is-type-wp-embed is-provider-bachelor-ewi-der-blog wp-block-embed-bachelor-ewi-der-blog\"><div class=\"wp-block-embed__wrapper\">\n<blockquote class=\"wp-embedded-content\" data-secret=\"imb4Xbh0Y1\"><a href=\"https:\/\/userblogs.fu-berlin.de\/bachelor_ewi\/2022\/11\/16\/studhk-in-der-verwaltung\/\">StudHK in der Verwaltung<\/a><\/blockquote><iframe loading=\"lazy\" class=\"wp-embedded-content\" sandbox=\"allow-scripts\" security=\"restricted\" style=\"position: absolute; visibility: hidden;\" title=\"&#8222;StudHK in der Verwaltung&#8220; &#8211; Bachelor Ewi: Der Blog\" src=\"https:\/\/userblogs.fu-berlin.de\/bachelor_ewi\/2022\/11\/16\/studhk-in-der-verwaltung\/embed\/#?secret=cO9GnAZZzw#?secret=imb4Xbh0Y1\" data-secret=\"imb4Xbh0Y1\" width=\"600\" height=\"338\" frameborder=\"0\" marginwidth=\"0\" marginheight=\"0\" scrolling=\"no\"><\/iframe>\n<\/div><\/figure>\n\n\n\n<figure class=\"wp-block-embed is-type-wp-embed is-provider-bachelor-ewi-der-blog wp-block-embed-bachelor-ewi-der-blog\"><div class=\"wp-block-embed__wrapper\">\n<blockquote class=\"wp-embedded-content\" data-secret=\"qoNaIdtGvq\"><a href=\"https:\/\/userblogs.fu-berlin.de\/bachelor_ewi\/2022\/11\/16\/studhk-in-der-forschung\/\">StudHK in der Forschung<\/a><\/blockquote><iframe loading=\"lazy\" class=\"wp-embedded-content\" sandbox=\"allow-scripts\" security=\"restricted\" style=\"position: absolute; visibility: hidden;\" title=\"&#8222;StudHK in der Forschung&#8220; &#8211; Bachelor Ewi: Der Blog\" src=\"https:\/\/userblogs.fu-berlin.de\/bachelor_ewi\/2022\/11\/16\/studhk-in-der-forschung\/embed\/#?secret=vCOt65L3ap#?secret=qoNaIdtGvq\" data-secret=\"qoNaIdtGvq\" width=\"600\" height=\"338\" frameborder=\"0\" marginwidth=\"0\" marginheight=\"0\" scrolling=\"no\"><\/iframe>\n<\/div><\/figure>\n\n\n\n<figure class=\"wp-block-embed is-type-wp-embed is-provider-bachelor-ewi-der-blog wp-block-embed-bachelor-ewi-der-blog\"><div class=\"wp-block-embed__wrapper\">\n<blockquote class=\"wp-embedded-content\" data-secret=\"4vWrfLomA3\"><a href=\"https:\/\/userblogs.fu-berlin.de\/bachelor_ewi\/2022\/11\/16\/studhk-in-der-lehre\/\">StudHK in der Lehre<\/a><\/blockquote><iframe loading=\"lazy\" class=\"wp-embedded-content\" sandbox=\"allow-scripts\" security=\"restricted\" style=\"position: absolute; visibility: hidden;\" title=\"&#8222;StudHK in der Lehre&#8220; &#8211; Bachelor Ewi: Der Blog\" src=\"https:\/\/userblogs.fu-berlin.de\/bachelor_ewi\/2022\/11\/16\/studhk-in-der-lehre\/embed\/#?secret=pJyOVgHBPA#?secret=4vWrfLomA3\" data-secret=\"4vWrfLomA3\" width=\"600\" height=\"338\" frameborder=\"0\" marginwidth=\"0\" marginheight=\"0\" scrolling=\"no\"><\/iframe>\n<\/div><\/figure>\n","protected":false},"excerpt":{"rendered":"<p>So ein Studium will nat\u00fcrlich auch finanziert werden. Wer sich (ggf. trotz Baf\u00f6g) das Leben als Studierende:r nicht leisten kann, kann nebenbei einen Job annehmen. Da gibt es zum Beispiel direkt am Campus auch M\u00f6glichkeiten. Hier findet ihr Infos zu drei verschiedenen M\u00f6glichkeiten als Studentische Hilfskraft an der Freien Universit\u00e4t Berlin zu arbeiten.<\/p>\n","protected":false},"author":6168,"featured_media":0,"parent":0,"menu_order":0,"comment_status":"closed","ping_status":"closed","template":"","meta":{"footnotes":""},"class_list":["post-343","page","type-page","status-publish","hentry"],"_links":{"self":[{"href":"https:\/\/userblogs.fu-berlin.de\/master_biwi\/wp-json\/wp\/v2\/pages\/343","targetHints":{"allow":["GET"]}}],"collection":[{"href":"https:\/\/userblogs.fu-berlin.de\/master_biwi\/wp-json\/wp\/v2\/pages"}],"about":[{"href":"https:\/\/userblogs.fu-berlin.de\/master_biwi\/wp-json\/wp\/v2\/types\/page"}],"author":[{"embeddable":true,"href":"https:\/\/userblogs.fu-berlin.de\/master_biwi\/wp-json\/wp\/v2\/users\/6168"}],"replies":[{"embeddable":true,"href":"https:\/\/userblogs.fu-berlin.de\/master_biwi\/wp-json\/wp\/v2\/comments?post=343"}],"version-history":[{"count":5,"href":"https:\/\/userblogs.fu-berlin.de\/master_biwi\/wp-json\/wp\/v2\/pages\/343\/revisions"}],"predecessor-version":[{"id":429,"href":"https:\/\/userblogs.fu-berlin.de\/master_biwi\/wp-json\/wp\/v2\/pages\/343\/revisions\/429"}],"wp:attachment":[{"href":"https:\/\/userblogs.fu-berlin.de\/master_biwi\/wp-json\/wp\/v2\/media?parent=343"}],"curies":[{"name":"wp","href":"https:\/\/api.w.org\/{rel}","templated":true}]}}