{"id":344,"date":"2022-11-16T14:35:03","date_gmt":"2022-11-16T13:35:03","guid":{"rendered":"https:\/\/userblogs.fu-berlin.de\/master_biwi\/?page_id=344"},"modified":"2022-11-16T15:17:35","modified_gmt":"2022-11-16T14:17:35","slug":"campus-angebote","status":"publish","type":"page","link":"https:\/\/userblogs.fu-berlin.de\/master_biwi\/campus-angebote\/","title":{"rendered":"Campus-Angebote"},"content":{"rendered":"\n<div class=\"wp-block-columns is-layout-flex wp-container-core-columns-is-layout-9d6595d7 wp-block-columns-is-layout-flex\">\n<div class=\"wp-block-column is-layout-flow wp-block-column-is-layout-flow\">\n<p>Zu einem Studium geh\u00f6rt noch so viel mehr als nur die Vorlesungen und Seminare. Es gibt tolle M\u00f6glichkeiten sich kulturell, sportlich, politisch oder auch \u00f6kologisch am Campusleben zu beteiligen.<\/p>\n\n\n\n<p>Lest hier direkt einen Blogbeitrag zu einigen der vielf\u00e4ltigen Angebote:<\/p>\n<\/div>\n\n\n\n<div class=\"wp-block-column is-layout-flow wp-block-column-is-layout-flow\">\n<figure class=\"wp-block-image size-large\"><img loading=\"lazy\" decoding=\"async\" width=\"1024\" height=\"683\" src=\"https:\/\/userblogs.fu-berlin.de\/master_biwi\/files\/2022\/11\/20220518_160451dfghjkloe-1024x683.jpg\" alt=\"\" class=\"wp-image-361\" srcset=\"https:\/\/userblogs.fu-berlin.de\/master_biwi\/files\/2022\/11\/20220518_160451dfghjkloe-1024x683.jpg 1024w, https:\/\/userblogs.fu-berlin.de\/master_biwi\/files\/2022\/11\/20220518_160451dfghjkloe-300x200.jpg 300w, https:\/\/userblogs.fu-berlin.de\/master_biwi\/files\/2022\/11\/20220518_160451dfghjkloe-768x512.jpg 768w, https:\/\/userblogs.fu-berlin.de\/master_biwi\/files\/2022\/11\/20220518_160451dfghjkloe-1536x1024.jpg 1536w, https:\/\/userblogs.fu-berlin.de\/master_biwi\/files\/2022\/11\/20220518_160451dfghjkloe-2048x1365.jpg 2048w\" sizes=\"auto, (max-width: 1024px) 100vw, 1024px\" \/><\/figure>\n<\/div>\n<\/div>\n\n\n\n<figure class=\"wp-block-embed is-type-wp-embed is-provider-bachelor-ewi-der-blog wp-block-embed-bachelor-ewi-der-blog\"><div class=\"wp-block-embed__wrapper\">\n<blockquote class=\"wp-embedded-content\" data-secret=\"Eq1JrLG53D\"><a href=\"https:\/\/userblogs.fu-berlin.de\/bachelor_ewi\/2022\/06\/15\/angebote-am-campus\/\">Angebote am Campus<\/a><\/blockquote><iframe loading=\"lazy\" class=\"wp-embedded-content\" sandbox=\"allow-scripts\" security=\"restricted\" style=\"position: absolute; visibility: hidden;\" title=\"&#8222;Angebote am Campus&#8220; &#8211; Bachelor Ewi: Der Blog\" src=\"https:\/\/userblogs.fu-berlin.de\/bachelor_ewi\/2022\/06\/15\/angebote-am-campus\/embed\/#?secret=PDp7x84BoA#?secret=Eq1JrLG53D\" data-secret=\"Eq1JrLG53D\" width=\"600\" height=\"338\" frameborder=\"0\" marginwidth=\"0\" marginheight=\"0\" scrolling=\"no\"><\/iframe>\n<\/div><\/figure>\n\n\n\n<p>Und lest hier einen kleinen Beitrag zu einem speziellen Angebot:<\/p>\n\n\n\n<figure class=\"wp-block-embed is-type-wp-embed is-provider-bachelor-ewi-der-blog wp-block-embed-bachelor-ewi-der-blog\"><div class=\"wp-block-embed__wrapper\">\n<blockquote class=\"wp-embedded-content\" data-secret=\"ZV3mhkeAm9\"><a href=\"https:\/\/userblogs.fu-berlin.de\/bachelor_ewi\/2022\/05\/20\/die-kommissionsarbeit-an-der-fu\/\">Die Kommissionsarbeit an der FU<\/a><\/blockquote><iframe loading=\"lazy\" class=\"wp-embedded-content\" sandbox=\"allow-scripts\" security=\"restricted\" style=\"position: absolute; visibility: hidden;\" title=\"&#8222;Die Kommissionsarbeit an der FU&#8220; &#8211; Bachelor Ewi: Der Blog\" src=\"https:\/\/userblogs.fu-berlin.de\/bachelor_ewi\/2022\/05\/20\/die-kommissionsarbeit-an-der-fu\/embed\/#?secret=Fs5TmPnken#?secret=ZV3mhkeAm9\" data-secret=\"ZV3mhkeAm9\" width=\"600\" height=\"338\" frameborder=\"0\" marginwidth=\"0\" marginheight=\"0\" scrolling=\"no\"><\/iframe>\n<\/div><\/figure>\n","protected":false},"excerpt":{"rendered":"<p>Zu einem Studium geh\u00f6rt noch so viel mehr als nur die Vorlesungen und Seminare. Es gibt tolle M\u00f6glichkeiten sich kulturell, sportlich, politisch oder auch \u00f6kologisch am Campusleben zu beteiligen. Lest hier direkt einen Blogbeitrag zu einigen der vielf\u00e4ltigen Angebote: Und lest hier einen kleinen Beitrag zu einem speziellen Angebot:<\/p>\n","protected":false},"author":6168,"featured_media":0,"parent":0,"menu_order":0,"comment_status":"closed","ping_status":"closed","template":"","meta":{"footnotes":""},"class_list":["post-344","page","type-page","status-publish","hentry"],"_links":{"self":[{"href":"https:\/\/userblogs.fu-berlin.de\/master_biwi\/wp-json\/wp\/v2\/pages\/344","targetHints":{"allow":["GET"]}}],"collection":[{"href":"https:\/\/userblogs.fu-berlin.de\/master_biwi\/wp-json\/wp\/v2\/pages"}],"about":[{"href":"https:\/\/userblogs.fu-berlin.de\/master_biwi\/wp-json\/wp\/v2\/types\/page"}],"author":[{"embeddable":true,"href":"https:\/\/userblogs.fu-berlin.de\/master_biwi\/wp-json\/wp\/v2\/users\/6168"}],"replies":[{"embeddable":true,"href":"https:\/\/userblogs.fu-berlin.de\/master_biwi\/wp-json\/wp\/v2\/comments?post=344"}],"version-history":[{"count":3,"href":"https:\/\/userblogs.fu-berlin.de\/master_biwi\/wp-json\/wp\/v2\/pages\/344\/revisions"}],"predecessor-version":[{"id":388,"href":"https:\/\/userblogs.fu-berlin.de\/master_biwi\/wp-json\/wp\/v2\/pages\/344\/revisions\/388"}],"wp:attachment":[{"href":"https:\/\/userblogs.fu-berlin.de\/master_biwi\/wp-json\/wp\/v2\/media?parent=344"}],"curies":[{"name":"wp","href":"https:\/\/api.w.org\/{rel}","templated":true}]}}