{"id":5,"date":"2021-08-04T12:14:51","date_gmt":"2021-08-04T10:14:51","guid":{"rendered":"https:\/\/userblogs.fu-berlin.de\/master_biwi\/?page_id=5"},"modified":"2022-11-30T10:01:08","modified_gmt":"2022-11-30T09:01:08","slug":"studium","status":"publish","type":"page","link":"https:\/\/userblogs.fu-berlin.de\/master_biwi\/studium\/","title":{"rendered":"Studium"},"content":{"rendered":"\n<div class=\"wp-block-columns is-layout-flex wp-container-core-columns-is-layout-9d6595d7 wp-block-columns-is-layout-flex\">\n<div class=\"wp-block-column is-vertically-aligned-top is-layout-flow wp-block-column-is-layout-flow\">\n<figure class=\"wp-block-image size-large\"><img loading=\"lazy\" decoding=\"async\" width=\"1024\" height=\"683\" src=\"https:\/\/userblogs.fu-berlin.de\/master_biwi\/files\/2022\/11\/pexels-pixabay-415078-1024x683.jpg\" alt=\"\" class=\"wp-image-372\" srcset=\"https:\/\/userblogs.fu-berlin.de\/master_biwi\/files\/2022\/11\/pexels-pixabay-415078-1024x683.jpg 1024w, https:\/\/userblogs.fu-berlin.de\/master_biwi\/files\/2022\/11\/pexels-pixabay-415078-300x200.jpg 300w, https:\/\/userblogs.fu-berlin.de\/master_biwi\/files\/2022\/11\/pexels-pixabay-415078-768x512.jpg 768w, https:\/\/userblogs.fu-berlin.de\/master_biwi\/files\/2022\/11\/pexels-pixabay-415078-1536x1024.jpg 1536w, https:\/\/userblogs.fu-berlin.de\/master_biwi\/files\/2022\/11\/pexels-pixabay-415078-2048x1365.jpg 2048w\" sizes=\"auto, (max-width: 1024px) 100vw, 1024px\" \/><\/figure>\n\n\n\n<h2 class=\"wp-block-heading\"><a href=\"https:\/\/userblogs.fu-berlin.de\/master_biwi\/allgemeines\/\">Allgemeines<\/a><\/h2>\n\n\n\n<p>Wie ist es \u00fcberhaupt an der FU den Master in Bildungswissenschaft zu studieren? Wie war eure Erfahrung? Wie war die Anderer? Und was ist \u00fcberhaupt diese neue Zugangssatzung? Lies hier mehr.<\/p>\n<\/div>\n\n\n\n<div class=\"wp-block-column is-layout-flow wp-block-column-is-layout-flow\">\n<figure class=\"wp-block-image size-large\"><img loading=\"lazy\" decoding=\"async\" width=\"1024\" height=\"683\" src=\"https:\/\/userblogs.fu-berlin.de\/master_biwi\/files\/2022\/11\/pexels-canva-studio-3194521-1024x683.jpg\" alt=\"\" class=\"wp-image-373\" srcset=\"https:\/\/userblogs.fu-berlin.de\/master_biwi\/files\/2022\/11\/pexels-canva-studio-3194521-1024x683.jpg 1024w, https:\/\/userblogs.fu-berlin.de\/master_biwi\/files\/2022\/11\/pexels-canva-studio-3194521-300x200.jpg 300w, https:\/\/userblogs.fu-berlin.de\/master_biwi\/files\/2022\/11\/pexels-canva-studio-3194521-768x512.jpg 768w, https:\/\/userblogs.fu-berlin.de\/master_biwi\/files\/2022\/11\/pexels-canva-studio-3194521-1536x1024.jpg 1536w, https:\/\/userblogs.fu-berlin.de\/master_biwi\/files\/2022\/11\/pexels-canva-studio-3194521-2048x1365.jpg 2048w\" sizes=\"auto, (max-width: 1024px) 100vw, 1024px\" \/><\/figure>\n\n\n\n<h2 class=\"wp-block-heading\"><a href=\"https:\/\/userblogs.fu-berlin.de\/master_biwi\/arbeitsbereiche\/\">Arbeitsbereiche<\/a><\/h2>\n\n\n\n<p>Es gibt im Fach Erziehungswissenschaft insgesamt 19 verschiedene Arbeitsbereiche \u2013 das Fach ist also unglaublich vielseitig. Hier kannst du die Arbeitsbereiche besser kennenlernen.<\/p>\n<\/div>\n<\/div>\n\n\n\n<div class=\"wp-block-columns is-layout-flex wp-container-core-columns-is-layout-9d6595d7 wp-block-columns-is-layout-flex\">\n<div class=\"wp-block-column is-layout-flow wp-block-column-is-layout-flow\">\n<figure class=\"wp-block-image size-large\"><img loading=\"lazy\" decoding=\"async\" width=\"1024\" height=\"683\" src=\"https:\/\/userblogs.fu-berlin.de\/master_biwi\/files\/2021\/08\/pexels-nastyasensei-335393-2-1024x683.jpg\" alt=\"\" class=\"wp-image-125\" srcset=\"https:\/\/userblogs.fu-berlin.de\/master_biwi\/files\/2021\/08\/pexels-nastyasensei-335393-2-1024x683.jpg 1024w, https:\/\/userblogs.fu-berlin.de\/master_biwi\/files\/2021\/08\/pexels-nastyasensei-335393-2-300x200.jpg 300w, https:\/\/userblogs.fu-berlin.de\/master_biwi\/files\/2021\/08\/pexels-nastyasensei-335393-2-768x512.jpg 768w, https:\/\/userblogs.fu-berlin.de\/master_biwi\/files\/2021\/08\/pexels-nastyasensei-335393-2-1536x1024.jpg 1536w, https:\/\/userblogs.fu-berlin.de\/master_biwi\/files\/2021\/08\/pexels-nastyasensei-335393-2-2048x1365.jpg 2048w, https:\/\/userblogs.fu-berlin.de\/master_biwi\/files\/2021\/08\/pexels-nastyasensei-335393-2-1200x800.jpg 1200w\" sizes=\"auto, (max-width: 1024px) 100vw, 1024px\" \/><\/figure>\n\n\n\n<h2 class=\"wp-block-heading\"><a href=\"https:\/\/userblogs.fu-berlin.de\/master_biwi\/auslandsaufenthalt\/\">Auslands-aufenthalt<\/a><\/h2>\n\n\n\n<p>In 80 Tagen um die Welt? Oder vielleicht sogar ein Semester?<br>Die Erfahrungsberichte und Erz\u00e4hlungen von Auslandssemestern und -praktika findest du hier.<\/p>\n<\/div>\n\n\n\n<div class=\"wp-block-column is-layout-flow wp-block-column-is-layout-flow\">\n<figure class=\"wp-block-image size-large\"><img loading=\"lazy\" decoding=\"async\" width=\"1024\" height=\"683\" src=\"https:\/\/userblogs.fu-berlin.de\/master_biwi\/files\/2021\/08\/pexels-mikael-blomkvist-6476254-1024x683.jpg\" alt=\"\" class=\"wp-image-116\" srcset=\"https:\/\/userblogs.fu-berlin.de\/master_biwi\/files\/2021\/08\/pexels-mikael-blomkvist-6476254-1024x683.jpg 1024w, https:\/\/userblogs.fu-berlin.de\/master_biwi\/files\/2021\/08\/pexels-mikael-blomkvist-6476254-300x200.jpg 300w, https:\/\/userblogs.fu-berlin.de\/master_biwi\/files\/2021\/08\/pexels-mikael-blomkvist-6476254-768x512.jpg 768w, https:\/\/userblogs.fu-berlin.de\/master_biwi\/files\/2021\/08\/pexels-mikael-blomkvist-6476254-1536x1025.jpg 1536w, https:\/\/userblogs.fu-berlin.de\/master_biwi\/files\/2021\/08\/pexels-mikael-blomkvist-6476254-2048x1367.jpg 2048w, https:\/\/userblogs.fu-berlin.de\/master_biwi\/files\/2021\/08\/pexels-mikael-blomkvist-6476254-1200x801.jpg 1200w\" sizes=\"auto, (max-width: 1024px) 100vw, 1024px\" \/><\/figure>\n\n\n\n<h2 class=\"wp-block-heading\"><a href=\"https:\/\/userblogs.fu-berlin.de\/master_biwi\/forschungsprojekt\/\">Forschungs-projekt<\/a><\/h2>\n\n\n\n<p>Wie bewerbe ich mich f\u00fcr ein angebotenes Forschungsprojekt? Welches ist \u00fcberhaupt das richtige f\u00fcr mich? Oder kann ich vielleicht sogar ein eigenes Forschungsprojekt starten? Finde es hier raus.<\/p>\n<\/div>\n<\/div>\n\n\n\n<div class=\"wp-block-columns is-layout-flex wp-container-core-columns-is-layout-9d6595d7 wp-block-columns-is-layout-flex\">\n<div class=\"wp-block-column is-layout-flow wp-block-column-is-layout-flow\">\n<figure class=\"wp-block-image size-large\"><img loading=\"lazy\" decoding=\"async\" width=\"1024\" height=\"678\" src=\"https:\/\/userblogs.fu-berlin.de\/master_biwi\/files\/2021\/08\/pexels-ekrulila-2292837-1024x678.jpg\" alt=\"\" class=\"wp-image-117\" srcset=\"https:\/\/userblogs.fu-berlin.de\/master_biwi\/files\/2021\/08\/pexels-ekrulila-2292837-1024x678.jpg 1024w, https:\/\/userblogs.fu-berlin.de\/master_biwi\/files\/2021\/08\/pexels-ekrulila-2292837-300x199.jpg 300w, https:\/\/userblogs.fu-berlin.de\/master_biwi\/files\/2021\/08\/pexels-ekrulila-2292837-768x509.jpg 768w, https:\/\/userblogs.fu-berlin.de\/master_biwi\/files\/2021\/08\/pexels-ekrulila-2292837-1536x1017.jpg 1536w, https:\/\/userblogs.fu-berlin.de\/master_biwi\/files\/2021\/08\/pexels-ekrulila-2292837-2048x1356.jpg 2048w, https:\/\/userblogs.fu-berlin.de\/master_biwi\/files\/2021\/08\/pexels-ekrulila-2292837-1200x795.jpg 1200w\" sizes=\"auto, (max-width: 1024px) 100vw, 1024px\" \/><\/figure>\n\n\n\n<h2 class=\"wp-block-heading\"><a href=\"https:\/\/userblogs.fu-berlin.de\/master_biwi\/studienabschluss\/\">Studienabschluss<\/a><\/h2>\n\n\n\n<p>Das Studium zu Ende bringen kann manchmal wie eine Mammutaufgaben wirken. Aber andere Studierende vor dir haben es auch schon geschafft. Mehr dar\u00fcber kannst du hier lesen.<\/p>\n<\/div>\n\n\n\n<div class=\"wp-block-column is-layout-flow wp-block-column-is-layout-flow\">\n<figure class=\"wp-block-image size-large\"><img loading=\"lazy\" decoding=\"async\" width=\"1024\" height=\"683\" src=\"https:\/\/userblogs.fu-berlin.de\/master_biwi\/files\/2021\/08\/pexels-andrea-piacquadio-3760069-1024x683.jpg\" alt=\"\" class=\"wp-image-118\" srcset=\"https:\/\/userblogs.fu-berlin.de\/master_biwi\/files\/2021\/08\/pexels-andrea-piacquadio-3760069-1024x683.jpg 1024w, https:\/\/userblogs.fu-berlin.de\/master_biwi\/files\/2021\/08\/pexels-andrea-piacquadio-3760069-300x200.jpg 300w, https:\/\/userblogs.fu-berlin.de\/master_biwi\/files\/2021\/08\/pexels-andrea-piacquadio-3760069-768x512.jpg 768w, https:\/\/userblogs.fu-berlin.de\/master_biwi\/files\/2021\/08\/pexels-andrea-piacquadio-3760069-1536x1024.jpg 1536w, https:\/\/userblogs.fu-berlin.de\/master_biwi\/files\/2021\/08\/pexels-andrea-piacquadio-3760069-2048x1365.jpg 2048w, https:\/\/userblogs.fu-berlin.de\/master_biwi\/files\/2021\/08\/pexels-andrea-piacquadio-3760069-1200x800.jpg 1200w\" sizes=\"auto, (max-width: 1024px) 100vw, 1024px\" \/><\/figure>\n\n\n\n<h2 class=\"wp-block-heading\"><a href=\"https:\/\/userblogs.fu-berlin.de\/master_biwi\/berufsperspektiven\/\">Berufs-perspektiven<\/a><\/h2>\n\n\n\n<p>Omi fragt schon zum 3. Mal &#8222;Und was wirst du damit mal?&#8220; <br>Um beim n\u00e4chsten Mal eine bessere Antwort als ein Schulterzucken zu haben: Klicke hier.<\/p>\n<\/div>\n<\/div>\n\n\n\n<div class=\"wp-block-columns is-layout-flex wp-container-core-columns-is-layout-9d6595d7 wp-block-columns-is-layout-flex\">\n<div class=\"wp-block-column is-layout-flow wp-block-column-is-layout-flow\"><\/div>\n\n\n\n<div class=\"wp-block-column is-layout-flow wp-block-column-is-layout-flow\"><\/div>\n<\/div>\n","protected":false},"excerpt":{"rendered":"<p>Allgemeines Wie ist es \u00fcberhaupt an der FU den Master in Bildungswissenschaft zu studieren? Wie war eure Erfahrung? Wie war die Anderer? Und was ist \u00fcberhaupt diese neue Zugangssatzung? Lies hier mehr. Arbeitsbereiche Es gibt im Fach Erziehungswissenschaft insgesamt 19 verschiedene Arbeitsbereiche \u2013 das Fach ist also unglaublich vielseitig. Hier kannst du die Arbeitsbereiche besser &hellip; <a href=\"https:\/\/userblogs.fu-berlin.de\/master_biwi\/studium\/\" class=\"more-link\"><span class=\"screen-reader-text\">Studium<\/span> weiterlesen<\/a><\/p>\n","protected":false},"author":6168,"featured_media":0,"parent":0,"menu_order":0,"comment_status":"closed","ping_status":"closed","template":"","meta":{"footnotes":""},"class_list":["post-5","page","type-page","status-publish","hentry"],"_links":{"self":[{"href":"https:\/\/userblogs.fu-berlin.de\/master_biwi\/wp-json\/wp\/v2\/pages\/5","targetHints":{"allow":["GET"]}}],"collection":[{"href":"https:\/\/userblogs.fu-berlin.de\/master_biwi\/wp-json\/wp\/v2\/pages"}],"about":[{"href":"https:\/\/userblogs.fu-berlin.de\/master_biwi\/wp-json\/wp\/v2\/types\/page"}],"author":[{"embeddable":true,"href":"https:\/\/userblogs.fu-berlin.de\/master_biwi\/wp-json\/wp\/v2\/users\/6168"}],"replies":[{"embeddable":true,"href":"https:\/\/userblogs.fu-berlin.de\/master_biwi\/wp-json\/wp\/v2\/comments?post=5"}],"version-history":[{"count":6,"href":"https:\/\/userblogs.fu-berlin.de\/master_biwi\/wp-json\/wp\/v2\/pages\/5\/revisions"}],"predecessor-version":[{"id":397,"href":"https:\/\/userblogs.fu-berlin.de\/master_biwi\/wp-json\/wp\/v2\/pages\/5\/revisions\/397"}],"wp:attachment":[{"href":"https:\/\/userblogs.fu-berlin.de\/master_biwi\/wp-json\/wp\/v2\/media?parent=5"}],"curies":[{"name":"wp","href":"https:\/\/api.w.org\/{rel}","templated":true}]}}