{"id":3,"date":"2024-07-17T10:42:58","date_gmt":"2024-07-17T08:42:58","guid":{"rendered":"https:\/\/userblogs.fu-berlin.de\/math4earth\/?page_id=2"},"modified":"2025-06-23T11:37:02","modified_gmt":"2025-06-23T09:37:02","slug":"beispiel-seite","status":"publish","type":"page","link":"https:\/\/userblogs.fu-berlin.de\/math4earth\/","title":{"rendered":"Wilkommen bei Math4Earth!"},"content":{"rendered":"\n<blockquote class=\"wp-block-quote is-layout-flow wp-block-quote-is-layout-flow\"><p><strong>Math4Earth = Mathematik f\u00fcr die Erde<\/strong><\/p><\/blockquote>\n\n\n\n<p>Nachhaltigkeit ist mehr als nur ein Trend. Nachhaltigkeit ist eine Notwendigkeit. Angesichts der globalen Herausforderungen wie Klimawandel, Ressourcenknappheit und sozialer Ungleichheit wird deutlich: Unser Handeln muss auf langfristige Verantwortung ausgerichtet sein. Doch wie lassen sich nachhaltige L\u00f6sungen konkret entwickeln und bewerten? Genau hier kommt die Mathematik ins Spiel!<\/p>\n\n\n\n<p>Auf dieser Website k\u00f6nnt ihr erste nachhaltige Themen mit mathematischen Aufgaben verkn\u00fcpfen, L\u00f6sungswege entdecken und so erfahren, wie Mathematik dabei hilft, unsere Welt besser zu verstehen \u2013 und mitzugestalten.<\/p>\n\n\n\n<p>Wir w\u00fcnschen viel Spa\u00df beim St\u00f6bern und L\u00f6sen! \ud83d\ude0a<\/p>\n\n\n\n<hr class=\"wp-block-separator has-alpha-channel-opacity\" \/>\n\n\n\n<div class=\"wp-block-buttons alignwide is-content-justification-center is-layout-flex wp-container-core-buttons-is-layout-16018d1d wp-block-buttons-is-layout-flex\">\n<div class=\"wp-block-button\"><a class=\"wp-block-button__link\" href=\"https:\/\/userblogs.fu-berlin.de\/math4earth\/aufgaben\/\">Zu den Aufgaben<\/a><\/div>\n\n\n\n<div class=\"wp-block-button\"><a class=\"wp-block-button__link\" href=\"https:\/\/userblogs.fu-berlin.de\/math4earth\/about-us\/\">About Us<\/a><\/div>\n<\/div>\n\n\n\n<hr class=\"wp-block-separator has-alpha-channel-opacity\" \/>\n","protected":false},"excerpt":{"rendered":"<p>Math4Earth = Mathematik f\u00fcr die Erde Nachhaltigkeit ist mehr als nur ein Trend. Nachhaltigkeit ist eine Notwendigkeit. Angesichts der globalen Herausforderungen wie Klimawandel, Ressourcenknappheit und sozialer Ungleichheit wird deutlich: Unser Handeln muss auf langfristige Verantwortung ausgerichtet sein. Doch wie lassen sich nachhaltige L\u00f6sungen konkret entwickeln und bewerten? Genau hier kommt die Mathematik ins Spiel! Auf &#8230; <a title=\"Wilkommen bei Math4Earth!\" class=\"read-more\" href=\"https:\/\/userblogs.fu-berlin.de\/math4earth\/\" aria-label=\"Mehr Informationen \u00fcber Wilkommen bei Math4Earth!\">Weiterlesen<\/a><\/p>\n","protected":false},"author":6729,"featured_media":0,"parent":0,"menu_order":0,"comment_status":"closed","ping_status":"open","template":"","meta":{"footnotes":""},"class_list":["post-3","page","type-page","status-publish"],"_links":{"self":[{"href":"https:\/\/userblogs.fu-berlin.de\/math4earth\/wp-json\/wp\/v2\/pages\/3","targetHints":{"allow":["GET"]}}],"collection":[{"href":"https:\/\/userblogs.fu-berlin.de\/math4earth\/wp-json\/wp\/v2\/pages"}],"about":[{"href":"https:\/\/userblogs.fu-berlin.de\/math4earth\/wp-json\/wp\/v2\/types\/page"}],"author":[{"embeddable":true,"href":"https:\/\/userblogs.fu-berlin.de\/math4earth\/wp-json\/wp\/v2\/users\/6729"}],"replies":[{"embeddable":true,"href":"https:\/\/userblogs.fu-berlin.de\/math4earth\/wp-json\/wp\/v2\/comments?post=3"}],"version-history":[{"count":10,"href":"https:\/\/userblogs.fu-berlin.de\/math4earth\/wp-json\/wp\/v2\/pages\/3\/revisions"}],"predecessor-version":[{"id":205,"href":"https:\/\/userblogs.fu-berlin.de\/math4earth\/wp-json\/wp\/v2\/pages\/3\/revisions\/205"}],"wp:attachment":[{"href":"https:\/\/userblogs.fu-berlin.de\/math4earth\/wp-json\/wp\/v2\/media?parent=3"}],"curies":[{"name":"wp","href":"https:\/\/api.w.org\/{rel}","templated":true}]}}