{"id":781,"date":"2010-08-23T13:22:49","date_gmt":"2010-08-23T12:22:49","guid":{"rendered":"https:\/\/userblogs.fu-berlin.de\/migrationen\/?page_id=781"},"modified":"2010-08-23T13:22:49","modified_gmt":"2010-08-23T12:22:49","slug":"imagining-a-life-abroad","status":"publish","type":"page","link":"https:\/\/userblogs.fu-berlin.de\/migrationen\/?page_id=781","title":{"rendered":"Imagining A Life Abroad"},"content":{"rendered":"<h2 style=\"text-align: justify\">Erfahrungen von drei Austauschstudenten<\/h2>\n<p style=\"text-align: justify\">von <strong>Rory Raabe<\/strong><\/p>\n<p style=\"text-align: justify\"><a href=\"https:\/\/userblogs.fu-berlin.de\/migrationen\/files\/2010\/08\/Thomas.-rory-raabe.jpg\"><img loading=\"lazy\" decoding=\"async\" class=\"alignleft size-full wp-image-785\" title=\"Thomas. rory raabe\" src=\"https:\/\/userblogs.fu-berlin.de\/migrationen\/files\/2010\/08\/Thomas.-rory-raabe.jpg\" alt=\"\" width=\"163\" height=\"244\" srcset=\"https:\/\/userblogs.fu-berlin.de\/migrationen\/files\/2010\/08\/Thomas.-rory-raabe.jpg 300w, https:\/\/userblogs.fu-berlin.de\/migrationen\/files\/2010\/08\/Thomas.-rory-raabe-200x300.jpg 200w\" sizes=\"auto, (max-width: 163px) 85vw, 163px\" \/><\/a>\u201eBevor ich nach Berlin gekommen bin, konnte ich mir nicht vorstellen, im Ausland zu leben.\u201c Das erz\u00e4hlt Nazareth Fernandez. Sie stammt aus dem s\u00fcdspanischen Grenada und studiert seit einem Jahr an der Freien Universit\u00e4t Berlin Rechtswissenschaften. Mittlerweile f\u00fchlt sie sich so wohl in Berlin, dass sie sich gut vorstellen kann, hier zu leben. Auch ihr Kommilitone Thomas Crane war vor seinem Studium im Ausland skeptisch, in einem fremden Land dauerhaft zu wohnen. Das Rechtswissenschaftsprogramm an der Freien Universit\u00e4t war ein einflussreicher Faktor f\u00fcr ihn, nach Berlin zu kommen. \u201eIch genie\u00dfe das Leben in der Stadt so sehr, dass ich l\u00e4nger in Berlin bleiben m\u00f6chte\u201c, erz\u00e4hlt der 24-J\u00e4hrige. Er ist vor einem Jahr aus dem schottischen Glasgow in die deutsche Hauptstadt gekommen. Seine Familie wohnt in England, aber er verbrachte seine fr\u00fche Kindheit in Deutschland. Obwohl es sich um Thomas erstes Auslandsstudium handelt, spricht er flie\u00dfend Deutsch. Seine Familie hat oft zu Hause Deutsch gesprochen, seine Mutter ist eine Deutsche. Nazareth und Thomas teilen die Erfahrung der internationalen Studierenden in einem fremden Land. In diesem Sinne \u00e4hneln sich ihre Erfahrungen im Ausland mit denen von jemandem, der ohne Familie noch nie au\u00dferhalb seines Heimatlandes gewesen ist.<\/p>\n<p style=\"text-align: justify\"><a href=\"https:\/\/userblogs.fu-berlin.de\/migrationen\/files\/2010\/08\/Nazareth.-rory-raabe.jpg\"><img loading=\"lazy\" decoding=\"async\" class=\"alignright size-full wp-image-783\" title=\"Nazareth. rory raabe\" src=\"https:\/\/userblogs.fu-berlin.de\/migrationen\/files\/2010\/08\/Nazareth.-rory-raabe.jpg\" alt=\"\" width=\"216\" height=\"327\" \/><\/a>Ganz anders ist Laura Wilding. Die 23-j\u00e4hrige US-Amerikanerin ist in Frankfurt am Main geboren, in New York war sie auf der deutschen High School, ihr College hat sie in Pennsylvania gemacht, ging als Lehrerin nach Nizza. Von der franz\u00f6sischen Mittelmeerk\u00fcste kam sie zum Studium der Politikwissenschaft nach Berlin. Das Diplomatenkind ist das Reisen gew\u00f6hnt. \u201eF\u00fcr mich war es nie ein Problem, mir vorzustellen, dauerhaft im Ausland zu leben\u201c, ist sie \u00fcberzeugt. Auch sie spricht flie\u00dfend Deutsch. Ihr Hauptgrund nach Berlin zu kommen war, die kulturellen Attraktionen kennenzulernen und die Chancen, in Berlin zu leben, zu nutzen. \u201eHier sind die Mieten, das Essen und die Universit\u00e4ten billig. In Amerika h\u00e4tte ich keine Chance auf einen guten Job\u201c, sagt sie.<\/p>\n<p style=\"text-align: justify\"><a href=\"https:\/\/userblogs.fu-berlin.de\/migrationen\/files\/2010\/08\/Laura.rory-raabe.jpg\"><img loading=\"lazy\" decoding=\"async\" class=\"alignleft size-full wp-image-782\" title=\"Laura.rory raabe\" src=\"https:\/\/userblogs.fu-berlin.de\/migrationen\/files\/2010\/08\/Laura.rory-raabe.jpg\" alt=\"\" width=\"164\" height=\"247\" srcset=\"https:\/\/userblogs.fu-berlin.de\/migrationen\/files\/2010\/08\/Laura.rory-raabe.jpg 300w, https:\/\/userblogs.fu-berlin.de\/migrationen\/files\/2010\/08\/Laura.rory-raabe-200x300.jpg 200w\" sizes=\"auto, (max-width: 164px) 85vw, 164px\" \/><\/a>Nazareth, Thomas und Laura gehen zu den gleichen Partys, spielen gerne Fu\u00dfball und besuchen Museen. Sie genie\u00dfen das andere Leben. Laura hat mehr freie Zeit: \u201eEs ist hier weniger intensiv als bei uns am College\u201c, erz\u00e4hlt sie. Nazareth liebt den Enthusiasmus der Deutschen f\u00fcr Fu\u00dfball. \u201eHier habe ich die meisten Freunde kennengelernt\u201c, sagt sie. Thomas spielt mit Nazareth in einer Fu\u00dfballmannschaft. \u201eIch genie\u00dfe das Wetter, hier regnet es nicht so viel wie in Schottland.\u201c<\/p>\n<p style=\"text-align: justify\">Thomas und Nazareth sind sich einig, dass sie Berlin genie\u00dfen, weil es eine Metropole mit einer lebendigen, jungen Kunstszene ist. Als sie an einem hei\u00dfen Julitag durch Neuk\u00f6lln schlendern kommentiert Nazareth: \u201eIch liebe es, hier Leute zu beobachten. Es gibt so viel Leben in den Stra\u00dfen Berlins!&#8220;<\/p>\n<p style=\"text-align: justify\">Alle drei sind sich nun sicher: Sie w\u00fcrden dauerhaft im Ausland leben, wenn sie befriedigende Jobs h\u00e4tten und sie den Standort m\u00f6gen w\u00fcrden.<\/p>\n<h2><\/h2>\n<h2 style=\"text-align: justify\">\n<p>Die Autorin<\/p>\n<\/h2>\n<address><a href=\"https:\/\/userblogs.fu-berlin.de\/migrationen\/files\/2010\/08\/rraabe_port.jpg\"><img loading=\"lazy\" decoding=\"async\" class=\"alignleft size-full wp-image-784\" title=\"rraabe_port\" src=\"https:\/\/userblogs.fu-berlin.de\/migrationen\/files\/2010\/08\/rraabe_port.jpg\" alt=\"\" width=\"119\" height=\"209\" \/><\/a>Rory Raabe wurde 1990 in Washington geboren. Sie studiert Kommunikation und Deutsche Kultur an der University of Washington in Seattle. Sie arbeitet f\u00fcr das Campus-Radio und macht Programme f\u00fcr Rainy Dawg Radio und Hollow Earth Radio.<\/address>\n","protected":false},"excerpt":{"rendered":"<p>Erfahrungen von drei Austauschstudenten von Rory Raabe \u201eBevor ich nach Berlin gekommen bin, konnte ich mir nicht vorstellen, im Ausland zu leben.\u201c Das erz\u00e4hlt Nazareth Fernandez. Sie stammt aus dem s\u00fcdspanischen Grenada und studiert seit einem Jahr an der Freien Universit\u00e4t Berlin Rechtswissenschaften. Mittlerweile f\u00fchlt sie sich so wohl in Berlin, dass sie sich gut &hellip; <a href=\"https:\/\/userblogs.fu-berlin.de\/migrationen\/?page_id=781\" class=\"more-link\"><span class=\"screen-reader-text\">\u201eImagining A Life Abroad\u201c<\/span> weiterlesen<\/a><\/p>\n","protected":false},"author":755,"featured_media":0,"parent":0,"menu_order":0,"comment_status":"open","ping_status":"open","template":"","meta":{"footnotes":""},"class_list":["post-781","page","type-page","status-publish","hentry"],"_links":{"self":[{"href":"https:\/\/userblogs.fu-berlin.de\/migrationen\/index.php?rest_route=\/wp\/v2\/pages\/781","targetHints":{"allow":["GET"]}}],"collection":[{"href":"https:\/\/userblogs.fu-berlin.de\/migrationen\/index.php?rest_route=\/wp\/v2\/pages"}],"about":[{"href":"https:\/\/userblogs.fu-berlin.de\/migrationen\/index.php?rest_route=\/wp\/v2\/types\/page"}],"author":[{"embeddable":true,"href":"https:\/\/userblogs.fu-berlin.de\/migrationen\/index.php?rest_route=\/wp\/v2\/users\/755"}],"replies":[{"embeddable":true,"href":"https:\/\/userblogs.fu-berlin.de\/migrationen\/index.php?rest_route=%2Fwp%2Fv2%2Fcomments&post=781"}],"version-history":[{"count":3,"href":"https:\/\/userblogs.fu-berlin.de\/migrationen\/index.php?rest_route=\/wp\/v2\/pages\/781\/revisions"}],"predecessor-version":[{"id":788,"href":"https:\/\/userblogs.fu-berlin.de\/migrationen\/index.php?rest_route=\/wp\/v2\/pages\/781\/revisions\/788"}],"wp:attachment":[{"href":"https:\/\/userblogs.fu-berlin.de\/migrationen\/index.php?rest_route=%2Fwp%2Fv2%2Fmedia&parent=781"}],"curies":[{"name":"wp","href":"https:\/\/api.w.org\/{rel}","templated":true}]}}