{"id":2,"date":"2016-01-25T15:12:16","date_gmt":"2016-01-25T14:12:16","guid":{"rendered":""},"modified":"2016-08-20T20:07:24","modified_gmt":"2016-08-20T18:07:24","slug":"impressum","status":"publish","type":"page","link":"https:\/\/userblogs.fu-berlin.de\/oralhistory\/impressum\/","title":{"rendered":"Impressum"},"content":{"rendered":"<h2>Dienstanbieter:<\/h2>\n<p>Freie Universit\u00e4t Berlin, vertreten durch den <a href=\"https:\/\/www.fu-berlin.de\/einrichtungen\/organe\/praesidium\/praesident\/index.html\" target=\"_self\">Pr\u00e4sidenten<\/a>.<\/p>\n<h2>Anschrift:<\/h2>\n<p>Freie Universit\u00e4t Berlin<br \/>\nPr\u00e4sidium<br \/>\nKaiserswerther Str. 16\/18<br \/>\n14195 Berlin<\/p>\n<h2><strong>Umsatzsteueridentifikationsnummer:<\/strong><\/h2>\n<p>DE 811304768<\/p>\n<h2>Inhaltliche Verantwortung nach \u00a7 55 RfStV:<\/h2>\n<p>Etta Grotrian (Leitung des Seminars)<br \/>\nOranienstr. 13<br \/>\n10999 Berlin<br \/>\nE-Mail: e.grotrian[at]fu-berlin.de<\/p>\n<p>Die Inhalte auf dieser Seite wurden erarbeitet im Seminar <a href=\"https:\/\/www.fu-berlin.de\/vv\/de\/lv\/263690?m=150171&amp;pc=52959&amp;sm=181709\">Geschichtsvermittlung im Internet<\/a> im Wintersemester 2015\/16.<\/p>\n<h2>Rechtsform:<\/h2>\n<p>Die Freie Universit\u00e4t Berlin ist eine K\u00f6rperschaft des \u00f6ffentlichen Rechts gem. \u00a7\u00a7 1 und 2 Berliner Hochschulgesetz (BerlHG). Das Webangebot der Freien Universit\u00e4t Berlin unterliegt dem geltenden <a title=\"Freie Universit\u00e4t Berlin: Urheberrecht\/Copyright\" href=\"https:\/\/www.fu-berlin.de\/redaktion\/copyright\/index.html\">Urheberrecht<\/a>. Beachten Sie bitte auch unseren <a title=\"Haftungsausschluss - Disclaimer, FU Berlin\" href=\"https:\/\/www.fu-berlin.de\/redaktion\/disclaimer\/index.html\">Haftungsausschluss\/Disclaimer.<\/a><\/p>\n<h2>Aufsichtsbeh\u00f6rde<\/h2>\n<p>Aufsichtsbeh\u00f6rde ist die nach \u00a7 89 BerlHG zust\u00e4ndige Berliner Senatsverwaltung f\u00fcr Bildung, Wissenschaft und Forschung.<\/p>\n<h2>Dank<\/h2>\n<p>Wir danken Lutz Niethammer f\u00fcr seinen erkenntnisreichen Vortrag im Seminar am 2. Februar 2016.<br \/>\nWir danken Veronika Settele, die das Seminar Seminar <a>Lebensgeschichte als Zeitgeschichte<\/a> im Wintersemester 2015\/16 betreut hat, aus dem unsere Erfahrungen beim F\u00fchren von Interviews stammen.<\/p>\n","protected":false},"excerpt":{"rendered":"<p>Dienstanbieter: Freie Universit\u00e4t Berlin, vertreten durch den Pr\u00e4sidenten. Anschrift: Freie Universit\u00e4t Berlin Pr\u00e4sidium Kaiserswerther Str. 16\/18 14195 Berlin Umsatzsteueridentifikationsnummer: DE 811304768 Inhaltliche Verantwortung nach \u00a7 55 RfStV: Etta Grotrian (Leitung des Seminars) Oranienstr. 13 10999 Berlin E-Mail: e.grotrian[at]fu-berlin.de Die Inhalte &hellip; <a href=\"https:\/\/userblogs.fu-berlin.de\/oralhistory\/impressum\/\">Weiterlesen <span class=\"meta-nav\">&rarr;<\/span><\/a><\/p>\n","protected":false},"author":2906,"featured_media":0,"parent":0,"menu_order":0,"comment_status":"open","ping_status":"open","template":"","meta":{"footnotes":""},"class_list":["post-2","page","type-page","status-publish","hentry"],"_links":{"self":[{"href":"https:\/\/userblogs.fu-berlin.de\/oralhistory\/wp-json\/wp\/v2\/pages\/2","targetHints":{"allow":["GET"]}}],"collection":[{"href":"https:\/\/userblogs.fu-berlin.de\/oralhistory\/wp-json\/wp\/v2\/pages"}],"about":[{"href":"https:\/\/userblogs.fu-berlin.de\/oralhistory\/wp-json\/wp\/v2\/types\/page"}],"author":[{"embeddable":true,"href":"https:\/\/userblogs.fu-berlin.de\/oralhistory\/wp-json\/wp\/v2\/users\/2906"}],"replies":[{"embeddable":true,"href":"https:\/\/userblogs.fu-berlin.de\/oralhistory\/wp-json\/wp\/v2\/comments?post=2"}],"version-history":[{"count":4,"href":"https:\/\/userblogs.fu-berlin.de\/oralhistory\/wp-json\/wp\/v2\/pages\/2\/revisions"}],"predecessor-version":[{"id":840,"href":"https:\/\/userblogs.fu-berlin.de\/oralhistory\/wp-json\/wp\/v2\/pages\/2\/revisions\/840"}],"wp:attachment":[{"href":"https:\/\/userblogs.fu-berlin.de\/oralhistory\/wp-json\/wp\/v2\/media?parent=2"}],"curies":[{"name":"wp","href":"https:\/\/api.w.org\/{rel}","templated":true}]}}