{"id":1438,"date":"2019-09-02T17:07:55","date_gmt":"2019-09-02T15:07:55","guid":{"rendered":"https:\/\/userblogs.fu-berlin.de\/pharmako-rausch\/?page_id=1438"},"modified":"2020-05-18T12:36:55","modified_gmt":"2020-05-18T10:36:55","slug":"tumorbedingtes-thromboserisiko","status":"publish","type":"page","link":"https:\/\/userblogs.fu-berlin.de\/pharmako-rausch\/start\/uebersicht\/arzneimittelgruppen\/zytostatika\/tumorbedingtes-thromboserisiko\/","title":{"rendered":"Tumorbedingtes Thromboserisiko"},"content":{"rendered":"<p>Das erh\u00f6hte Thromboserisiko bei Krebspatienten ist wie folgt zu erkl\u00e4ren:<br \/>\nTumore k\u00f6nnen aufgrund ihres ungehemmten Wachstums auf<br \/>\n(v.a. ven\u00f6se) Blutgef\u00e4\u00dfe dr\u00fccken, wodurch der Blutfluss gest\u00f6rt und die Thrombenbildung erleichtert wird.<\/p>\n<p>Au\u00dferdem exprimieren Tumore gerinnungsf\u00f6rdernde Substanzen wie den Tissue factor.<br \/>\nDurch die Aktivierungs-Kaskade<br \/>\n<em>Tissue factor &rarr; Faktor Xa &rarr; Thrombin &rarr; Thrombozytenaktivierung &amp; Fibrinbildung<\/em> werden Thrombin &amp; Thrombozyten aktiviert, die das Wachstum und die Ausbreitung des Tumors zum Teil unterst\u00fctzen.<br \/>\n<em>(CAVE: Die Stoffe werden nicht ineinander umgesetzt, sondern f\u00fchren jeweils zur Bildung\/Aktivierung des n\u00e4chsten.)<\/em><br \/>\nGleichzeitig steigt so jedoch auch das Thromboserisiko.<\/p>\n<p>Desweiteren k\u00f6nnen einige Chemotherapeutika die Blutgerinnung f\u00f6rdern.<\/p>\n<hr>\n<p><a href=\"https:\/\/userblogs.fu-berlin.de\/pharmako-rausch\/quellenverzeichnis\/\">Quellen<\/a>: [1] [106] [107]<br \/>\n<\/p>\n<p><a href=\"https:\/\/userblogs.fu-berlin.de\/pharmako-rausch\/start\/uebersicht\/arzneimittelgruppen\/zytostatika\/\">zur\u00fcck<\/a><\/p>\n","protected":false},"excerpt":{"rendered":"<p>Das erh\u00f6hte Thromboserisiko bei Krebspatienten ist wie folgt zu erkl\u00e4ren: Tumore k\u00f6nnen aufgrund ihres ungehemmten Wachstums auf (v.a. ven\u00f6se) Blutgef\u00e4\u00dfe dr\u00fccken, wodurch der Blutfluss gest\u00f6rt und die Thrombenbildung erleichtert wird. Au\u00dferdem exprimieren Tumore gerinnungsf\u00f6rdernde Substanzen wie den Tissue factor. Durch die Aktivierungs-Kaskade Tissue factor &rarr; Faktor Xa &rarr; Thrombin &rarr; Thrombozytenaktivierung &amp; Fibrinbildung werden Thrombin &hellip; <a href=\"https:\/\/userblogs.fu-berlin.de\/pharmako-rausch\/start\/uebersicht\/arzneimittelgruppen\/zytostatika\/tumorbedingtes-thromboserisiko\/\" class=\"more-link\"><span class=\"screen-reader-text\">\u201eTumorbedingtes Thromboserisiko\u201c<\/span> weiterlesen<\/a><\/p>\n","protected":false},"author":4348,"featured_media":0,"parent":147,"menu_order":0,"comment_status":"closed","ping_status":"closed","template":"","meta":{"footnotes":""},"class_list":["post-1438","page","type-page","status-publish","hentry"],"_links":{"self":[{"href":"https:\/\/userblogs.fu-berlin.de\/pharmako-rausch\/wp-json\/wp\/v2\/pages\/1438","targetHints":{"allow":["GET"]}}],"collection":[{"href":"https:\/\/userblogs.fu-berlin.de\/pharmako-rausch\/wp-json\/wp\/v2\/pages"}],"about":[{"href":"https:\/\/userblogs.fu-berlin.de\/pharmako-rausch\/wp-json\/wp\/v2\/types\/page"}],"author":[{"embeddable":true,"href":"https:\/\/userblogs.fu-berlin.de\/pharmako-rausch\/wp-json\/wp\/v2\/users\/4348"}],"replies":[{"embeddable":true,"href":"https:\/\/userblogs.fu-berlin.de\/pharmako-rausch\/wp-json\/wp\/v2\/comments?post=1438"}],"version-history":[{"count":9,"href":"https:\/\/userblogs.fu-berlin.de\/pharmako-rausch\/wp-json\/wp\/v2\/pages\/1438\/revisions"}],"predecessor-version":[{"id":3104,"href":"https:\/\/userblogs.fu-berlin.de\/pharmako-rausch\/wp-json\/wp\/v2\/pages\/1438\/revisions\/3104"}],"up":[{"embeddable":true,"href":"https:\/\/userblogs.fu-berlin.de\/pharmako-rausch\/wp-json\/wp\/v2\/pages\/147"}],"wp:attachment":[{"href":"https:\/\/userblogs.fu-berlin.de\/pharmako-rausch\/wp-json\/wp\/v2\/media?parent=1438"}],"curies":[{"name":"wp","href":"https:\/\/api.w.org\/{rel}","templated":true}]}}