{"id":1540,"date":"2019-09-04T15:06:11","date_gmt":"2019-09-04T13:06:11","guid":{"rendered":"https:\/\/userblogs.fu-berlin.de\/pharmako-rausch\/?page_id=1540"},"modified":"2020-05-04T15:55:50","modified_gmt":"2020-05-04T13:55:50","slug":"tachykardie","status":"publish","type":"page","link":"https:\/\/userblogs.fu-berlin.de\/pharmako-rausch\/start\/uebersicht\/physiologie-pathophysiologie\/tachykardie\/","title":{"rendered":"Tachykardie"},"content":{"rendered":"<p>Tachykardie ist eine Herzrhythmusst\u00f6rung, bei der das Herz schneller schl\u00e4gt als f\u00fcr das Alter normal ist.<br \/>\nAls Richtwert dienen &gt;100 Schl\u00e4ge pro Minute.<\/p>\n<hr>\n<p><a href=\"https:\/\/userblogs.fu-berlin.de\/pharmako-rausch\/quellenverzeichnis\/\">Quellen<\/a>: [101]<br \/>\n<\/p>\n<p><a href=\"https:\/\/flexikon.doccheck.com\/de\/Tachykardie\" rel=\"noopener\" target=\"_blank\">link<\/a> zu DocCheck<\/p>\n","protected":false},"excerpt":{"rendered":"<p>Tachykardie ist eine Herzrhythmusst\u00f6rung, bei der das Herz schneller schl\u00e4gt als f\u00fcr das Alter normal ist. Als Richtwert dienen &gt;100 Schl\u00e4ge pro Minute. Quellen: [101] link zu DocCheck<\/p>\n","protected":false},"author":4348,"featured_media":0,"parent":299,"menu_order":0,"comment_status":"closed","ping_status":"closed","template":"","meta":{"footnotes":""},"class_list":["post-1540","page","type-page","status-publish","hentry"],"_links":{"self":[{"href":"https:\/\/userblogs.fu-berlin.de\/pharmako-rausch\/wp-json\/wp\/v2\/pages\/1540","targetHints":{"allow":["GET"]}}],"collection":[{"href":"https:\/\/userblogs.fu-berlin.de\/pharmako-rausch\/wp-json\/wp\/v2\/pages"}],"about":[{"href":"https:\/\/userblogs.fu-berlin.de\/pharmako-rausch\/wp-json\/wp\/v2\/types\/page"}],"author":[{"embeddable":true,"href":"https:\/\/userblogs.fu-berlin.de\/pharmako-rausch\/wp-json\/wp\/v2\/users\/4348"}],"replies":[{"embeddable":true,"href":"https:\/\/userblogs.fu-berlin.de\/pharmako-rausch\/wp-json\/wp\/v2\/comments?post=1540"}],"version-history":[{"count":5,"href":"https:\/\/userblogs.fu-berlin.de\/pharmako-rausch\/wp-json\/wp\/v2\/pages\/1540\/revisions"}],"predecessor-version":[{"id":3089,"href":"https:\/\/userblogs.fu-berlin.de\/pharmako-rausch\/wp-json\/wp\/v2\/pages\/1540\/revisions\/3089"}],"up":[{"embeddable":true,"href":"https:\/\/userblogs.fu-berlin.de\/pharmako-rausch\/wp-json\/wp\/v2\/pages\/299"}],"wp:attachment":[{"href":"https:\/\/userblogs.fu-berlin.de\/pharmako-rausch\/wp-json\/wp\/v2\/media?parent=1540"}],"curies":[{"name":"wp","href":"https:\/\/api.w.org\/{rel}","templated":true}]}}