{"id":1594,"date":"2019-09-05T09:57:12","date_gmt":"2019-09-05T07:57:12","guid":{"rendered":"https:\/\/userblogs.fu-berlin.de\/pharmako-rausch\/?page_id=1594"},"modified":"2020-04-30T16:52:14","modified_gmt":"2020-04-30T14:52:14","slug":"glaukom","status":"publish","type":"page","link":"https:\/\/userblogs.fu-berlin.de\/pharmako-rausch\/start\/uebersicht\/physiologie-pathophysiologie\/glaukom\/","title":{"rendered":"Glaukom"},"content":{"rendered":"<p>&#8230; auch &#8222;gr\u00fcner Star&#8220; genannt, ist eine Sammelbezeichnung f\u00fcr verschiedene Erkrankungen des Auges.<br \/>\nIn der Regel gehen sie einher mit einem erh\u00f6hten Augeninnendruck. Sie geh\u00f6ren zu den h\u00e4ufigsten Ursachen f\u00fcr Gesichtsfeldausf\u00e4lle und Erblindungen.<\/p>\n<hr>\n<p>Quellen: [61] [71]<br \/>\n<\/p>\n<p><a href=\"https:\/\/flexikon.doccheck.com\/de\/Glaukom?utm_source=www.doccheck.flexikon&amp;utm_medium=web&amp;utm_campaign=DC%2BSearch\" rel=\"noopener\" target=\"_blank\">link<\/a> zu DocCheck<\/p>\n","protected":false},"excerpt":{"rendered":"<p>&#8230; auch &#8222;gr\u00fcner Star&#8220; genannt, ist eine Sammelbezeichnung f\u00fcr verschiedene Erkrankungen des Auges. In der Regel gehen sie einher mit einem erh\u00f6hten Augeninnendruck. Sie geh\u00f6ren zu den h\u00e4ufigsten Ursachen f\u00fcr Gesichtsfeldausf\u00e4lle und Erblindungen. Quellen: [61] [71] link zu DocCheck<\/p>\n","protected":false},"author":4348,"featured_media":0,"parent":299,"menu_order":0,"comment_status":"closed","ping_status":"closed","template":"","meta":{"footnotes":""},"class_list":["post-1594","page","type-page","status-publish","hentry"],"_links":{"self":[{"href":"https:\/\/userblogs.fu-berlin.de\/pharmako-rausch\/wp-json\/wp\/v2\/pages\/1594","targetHints":{"allow":["GET"]}}],"collection":[{"href":"https:\/\/userblogs.fu-berlin.de\/pharmako-rausch\/wp-json\/wp\/v2\/pages"}],"about":[{"href":"https:\/\/userblogs.fu-berlin.de\/pharmako-rausch\/wp-json\/wp\/v2\/types\/page"}],"author":[{"embeddable":true,"href":"https:\/\/userblogs.fu-berlin.de\/pharmako-rausch\/wp-json\/wp\/v2\/users\/4348"}],"replies":[{"embeddable":true,"href":"https:\/\/userblogs.fu-berlin.de\/pharmako-rausch\/wp-json\/wp\/v2\/comments?post=1594"}],"version-history":[{"count":6,"href":"https:\/\/userblogs.fu-berlin.de\/pharmako-rausch\/wp-json\/wp\/v2\/pages\/1594\/revisions"}],"predecessor-version":[{"id":2971,"href":"https:\/\/userblogs.fu-berlin.de\/pharmako-rausch\/wp-json\/wp\/v2\/pages\/1594\/revisions\/2971"}],"up":[{"embeddable":true,"href":"https:\/\/userblogs.fu-berlin.de\/pharmako-rausch\/wp-json\/wp\/v2\/pages\/299"}],"wp:attachment":[{"href":"https:\/\/userblogs.fu-berlin.de\/pharmako-rausch\/wp-json\/wp\/v2\/media?parent=1594"}],"curies":[{"name":"wp","href":"https:\/\/api.w.org\/{rel}","templated":true}]}}