{"id":1663,"date":"2019-09-05T14:14:22","date_gmt":"2019-09-05T12:14:22","guid":{"rendered":"https:\/\/userblogs.fu-berlin.de\/pharmako-rausch\/?page_id=1663"},"modified":"2020-04-30T17:54:48","modified_gmt":"2020-04-30T15:54:48","slug":"hyperurikaemie","status":"publish","type":"page","link":"https:\/\/userblogs.fu-berlin.de\/pharmako-rausch\/start\/uebersicht\/physiologie-pathophysiologie\/hyperurikaemie\/","title":{"rendered":"Hyperurik\u00e4mie"},"content":{"rendered":"<p>Harns\u00e4ure\u00fcberschuss im Blut.<\/p>\n<hr>\n<p><a href=\"https:\/\/userblogs.fu-berlin.de\/pharmako-rausch\/quellenverzeichnis\/\">Quellen<\/a>: [61]<br \/>\n<\/p>\n<p><a href=\"https:\/\/flexikon.doccheck.com\/de\/Hyperurik%C3%A4mie\" rel=\"noopener\" target=\"_blank\">link<\/a> zu DocCheck<\/p>\n","protected":false},"excerpt":{"rendered":"<p>Harns\u00e4ure\u00fcberschuss im Blut. Quellen: [61] link zu DocCheck<\/p>\n","protected":false},"author":4348,"featured_media":0,"parent":299,"menu_order":0,"comment_status":"closed","ping_status":"closed","template":"","meta":{"footnotes":""},"class_list":["post-1663","page","type-page","status-publish","hentry"],"_links":{"self":[{"href":"https:\/\/userblogs.fu-berlin.de\/pharmako-rausch\/wp-json\/wp\/v2\/pages\/1663","targetHints":{"allow":["GET"]}}],"collection":[{"href":"https:\/\/userblogs.fu-berlin.de\/pharmako-rausch\/wp-json\/wp\/v2\/pages"}],"about":[{"href":"https:\/\/userblogs.fu-berlin.de\/pharmako-rausch\/wp-json\/wp\/v2\/types\/page"}],"author":[{"embeddable":true,"href":"https:\/\/userblogs.fu-berlin.de\/pharmako-rausch\/wp-json\/wp\/v2\/users\/4348"}],"replies":[{"embeddable":true,"href":"https:\/\/userblogs.fu-berlin.de\/pharmako-rausch\/wp-json\/wp\/v2\/comments?post=1663"}],"version-history":[{"count":5,"href":"https:\/\/userblogs.fu-berlin.de\/pharmako-rausch\/wp-json\/wp\/v2\/pages\/1663\/revisions"}],"predecessor-version":[{"id":2994,"href":"https:\/\/userblogs.fu-berlin.de\/pharmako-rausch\/wp-json\/wp\/v2\/pages\/1663\/revisions\/2994"}],"up":[{"embeddable":true,"href":"https:\/\/userblogs.fu-berlin.de\/pharmako-rausch\/wp-json\/wp\/v2\/pages\/299"}],"wp:attachment":[{"href":"https:\/\/userblogs.fu-berlin.de\/pharmako-rausch\/wp-json\/wp\/v2\/media?parent=1663"}],"curies":[{"name":"wp","href":"https:\/\/api.w.org\/{rel}","templated":true}]}}