{"id":1720,"date":"2019-09-05T16:52:29","date_gmt":"2019-09-05T14:52:29","guid":{"rendered":"https:\/\/userblogs.fu-berlin.de\/pharmako-rausch\/?page_id=1720"},"modified":"2020-04-30T18:29:53","modified_gmt":"2020-04-30T16:29:53","slug":"nephrotisches-syndrom","status":"publish","type":"page","link":"https:\/\/userblogs.fu-berlin.de\/pharmako-rausch\/start\/uebersicht\/physiologie-pathophysiologie\/nephrotisches-syndrom\/","title":{"rendered":"Nephrotisches Syndrom"},"content":{"rendered":"<p>Wenn die Glumeruli-Gef\u00e4\u00dfe pathologisch durchl\u00e4ssiger werden und es zu den unten genannten Symptomen kommt, spricht man vom Nephrotischen Syndrom.<\/p>\n<summary>Symptome:<\/summary>\n<ul>\n<li>Proteinurie<\/li>\n<li>Hypoprotein\u00e4mie<\/li>\n<li>Hypercholesterol\u00e4mie<\/li>\n<li>\u00d6deme<\/li>\n<\/ul>\n<hr>\n<p>Quellen: [61]<br \/>\n<\/p>\n<p><a href=\"https:\/\/flexikon.doccheck.com\/de\/Nephrotisches_Syndrom\" rel=\"noopener\" target=\"_blank\">link<\/a> zu DocCheck<\/p>\n","protected":false},"excerpt":{"rendered":"<p>Wenn die Glumeruli-Gef\u00e4\u00dfe pathologisch durchl\u00e4ssiger werden und es zu den unten genannten Symptomen kommt, spricht man vom Nephrotischen Syndrom. Symptome: Proteinurie Hypoprotein\u00e4mie Hypercholesterol\u00e4mie \u00d6deme Quellen: [61] link zu DocCheck<\/p>\n","protected":false},"author":4348,"featured_media":0,"parent":299,"menu_order":0,"comment_status":"closed","ping_status":"closed","template":"","meta":{"footnotes":""},"class_list":["post-1720","page","type-page","status-publish","hentry"],"_links":{"self":[{"href":"https:\/\/userblogs.fu-berlin.de\/pharmako-rausch\/wp-json\/wp\/v2\/pages\/1720","targetHints":{"allow":["GET"]}}],"collection":[{"href":"https:\/\/userblogs.fu-berlin.de\/pharmako-rausch\/wp-json\/wp\/v2\/pages"}],"about":[{"href":"https:\/\/userblogs.fu-berlin.de\/pharmako-rausch\/wp-json\/wp\/v2\/types\/page"}],"author":[{"embeddable":true,"href":"https:\/\/userblogs.fu-berlin.de\/pharmako-rausch\/wp-json\/wp\/v2\/users\/4348"}],"replies":[{"embeddable":true,"href":"https:\/\/userblogs.fu-berlin.de\/pharmako-rausch\/wp-json\/wp\/v2\/comments?post=1720"}],"version-history":[{"count":5,"href":"https:\/\/userblogs.fu-berlin.de\/pharmako-rausch\/wp-json\/wp\/v2\/pages\/1720\/revisions"}],"predecessor-version":[{"id":3004,"href":"https:\/\/userblogs.fu-berlin.de\/pharmako-rausch\/wp-json\/wp\/v2\/pages\/1720\/revisions\/3004"}],"up":[{"embeddable":true,"href":"https:\/\/userblogs.fu-berlin.de\/pharmako-rausch\/wp-json\/wp\/v2\/pages\/299"}],"wp:attachment":[{"href":"https:\/\/userblogs.fu-berlin.de\/pharmako-rausch\/wp-json\/wp\/v2\/media?parent=1720"}],"curies":[{"name":"wp","href":"https:\/\/api.w.org\/{rel}","templated":true}]}}