{"id":1742,"date":"2019-09-06T10:40:18","date_gmt":"2019-09-06T08:40:18","guid":{"rendered":"https:\/\/userblogs.fu-berlin.de\/pharmako-rausch\/?page_id=1742"},"modified":"2020-05-01T18:33:40","modified_gmt":"2020-05-01T16:33:40","slug":"photosensibilisierung","status":"publish","type":"page","link":"https:\/\/userblogs.fu-berlin.de\/pharmako-rausch\/start\/uebersicht\/physiologie-pathophysiologie\/photosensibilisierung\/","title":{"rendered":"Photosensibilisierung"},"content":{"rendered":"<p>Die auch als &#8222;Lichttoxizit\u00e4t&#8220; bekannte Photosensibilisierung erh\u00f6ht die Empfindlichkeit gegen\u00fcber Licht.<br \/>\nU.a. wird die sehr schnelle und starke Ausbildung eines Sonnenbrandes beg\u00fcnstigt.<br \/>\nEine Prophylaxe mit Sonnenschutz ist erforderlich! <\/p>\n<hr>\n<p><a href=\"https:\/\/userblogs.fu-berlin.de\/pharmako-rausch\/quellenverzeichnis\/\">Quellen<\/a>: [1] [82]<br \/>\n<\/p>\n<p><a href=\"https:\/\/flexikon.doccheck.com\/de\/Photosensibilisierung\" rel=\"noopener\" target=\"_blank\">link<\/a> zu DocCheck<\/p>\n","protected":false},"excerpt":{"rendered":"<p>Die auch als &#8222;Lichttoxizit\u00e4t&#8220; bekannte Photosensibilisierung erh\u00f6ht die Empfindlichkeit gegen\u00fcber Licht. U.a. wird die sehr schnelle und starke Ausbildung eines Sonnenbrandes beg\u00fcnstigt. Eine Prophylaxe mit Sonnenschutz ist erforderlich! Quellen: [1] [82] link zu DocCheck<\/p>\n","protected":false},"author":4348,"featured_media":0,"parent":299,"menu_order":0,"comment_status":"closed","ping_status":"closed","template":"","meta":{"footnotes":""},"class_list":["post-1742","page","type-page","status-publish","hentry"],"_links":{"self":[{"href":"https:\/\/userblogs.fu-berlin.de\/pharmako-rausch\/wp-json\/wp\/v2\/pages\/1742","targetHints":{"allow":["GET"]}}],"collection":[{"href":"https:\/\/userblogs.fu-berlin.de\/pharmako-rausch\/wp-json\/wp\/v2\/pages"}],"about":[{"href":"https:\/\/userblogs.fu-berlin.de\/pharmako-rausch\/wp-json\/wp\/v2\/types\/page"}],"author":[{"embeddable":true,"href":"https:\/\/userblogs.fu-berlin.de\/pharmako-rausch\/wp-json\/wp\/v2\/users\/4348"}],"replies":[{"embeddable":true,"href":"https:\/\/userblogs.fu-berlin.de\/pharmako-rausch\/wp-json\/wp\/v2\/comments?post=1742"}],"version-history":[{"count":7,"href":"https:\/\/userblogs.fu-berlin.de\/pharmako-rausch\/wp-json\/wp\/v2\/pages\/1742\/revisions"}],"predecessor-version":[{"id":3016,"href":"https:\/\/userblogs.fu-berlin.de\/pharmako-rausch\/wp-json\/wp\/v2\/pages\/1742\/revisions\/3016"}],"up":[{"embeddable":true,"href":"https:\/\/userblogs.fu-berlin.de\/pharmako-rausch\/wp-json\/wp\/v2\/pages\/299"}],"wp:attachment":[{"href":"https:\/\/userblogs.fu-berlin.de\/pharmako-rausch\/wp-json\/wp\/v2\/media?parent=1742"}],"curies":[{"name":"wp","href":"https:\/\/api.w.org\/{rel}","templated":true}]}}