{"id":1755,"date":"2019-09-06T10:55:55","date_gmt":"2019-09-06T08:55:55","guid":{"rendered":"https:\/\/userblogs.fu-berlin.de\/pharmako-rausch\/?page_id=1755"},"modified":"2020-05-01T18:43:41","modified_gmt":"2020-05-01T16:43:41","slug":"hypovolaemie","status":"publish","type":"page","link":"https:\/\/userblogs.fu-berlin.de\/pharmako-rausch\/start\/uebersicht\/physiologie-pathophysiologie\/hypovolaemie\/","title":{"rendered":"Hypovol\u00e4mie"},"content":{"rendered":"<p>Fl\u00fcssigkeitsmangel, der das im K\u00f6rper zirkulierende Blutvolumen vermindert.<\/p>\n<hr>\n<p>Quellen: [61]<br \/>\n<\/p>\n<p><a href=\"https:\/\/flexikon.doccheck.com\/de\/Hypovol%C3%A4mie\" rel=\"noopener\" target=\"_blank\">link<\/a> zu DocCheck<\/p>\n","protected":false},"excerpt":{"rendered":"<p>Fl\u00fcssigkeitsmangel, der das im K\u00f6rper zirkulierende Blutvolumen vermindert. Quellen: [61] link zu DocCheck<\/p>\n","protected":false},"author":4348,"featured_media":0,"parent":299,"menu_order":0,"comment_status":"closed","ping_status":"closed","template":"","meta":{"footnotes":""},"class_list":["post-1755","page","type-page","status-publish","hentry"],"_links":{"self":[{"href":"https:\/\/userblogs.fu-berlin.de\/pharmako-rausch\/wp-json\/wp\/v2\/pages\/1755","targetHints":{"allow":["GET"]}}],"collection":[{"href":"https:\/\/userblogs.fu-berlin.de\/pharmako-rausch\/wp-json\/wp\/v2\/pages"}],"about":[{"href":"https:\/\/userblogs.fu-berlin.de\/pharmako-rausch\/wp-json\/wp\/v2\/types\/page"}],"author":[{"embeddable":true,"href":"https:\/\/userblogs.fu-berlin.de\/pharmako-rausch\/wp-json\/wp\/v2\/users\/4348"}],"replies":[{"embeddable":true,"href":"https:\/\/userblogs.fu-berlin.de\/pharmako-rausch\/wp-json\/wp\/v2\/comments?post=1755"}],"version-history":[{"count":4,"href":"https:\/\/userblogs.fu-berlin.de\/pharmako-rausch\/wp-json\/wp\/v2\/pages\/1755\/revisions"}],"predecessor-version":[{"id":3022,"href":"https:\/\/userblogs.fu-berlin.de\/pharmako-rausch\/wp-json\/wp\/v2\/pages\/1755\/revisions\/3022"}],"up":[{"embeddable":true,"href":"https:\/\/userblogs.fu-berlin.de\/pharmako-rausch\/wp-json\/wp\/v2\/pages\/299"}],"wp:attachment":[{"href":"https:\/\/userblogs.fu-berlin.de\/pharmako-rausch\/wp-json\/wp\/v2\/media?parent=1755"}],"curies":[{"name":"wp","href":"https:\/\/api.w.org\/{rel}","templated":true}]}}