{"id":1792,"date":"2019-09-06T13:41:25","date_gmt":"2019-09-06T11:41:25","guid":{"rendered":"https:\/\/userblogs.fu-berlin.de\/pharmako-rausch\/?page_id=1792"},"modified":"2020-05-07T09:54:55","modified_gmt":"2020-05-07T07:54:55","slug":"tumorlysesyndrom","status":"publish","type":"page","link":"https:\/\/userblogs.fu-berlin.de\/pharmako-rausch\/start\/uebersicht\/arzneimittelgruppen\/zytostatika\/tumorlysesyndrom\/","title":{"rendered":"Tumorlysesyndrom"},"content":{"rendered":"<p>Im Zuge einer Zytostatika-Behandlung kommt es (besonders bei schnell wachsenden, Zytostatika-empfindlichen Tumoren) zu einer massiven Zellvernichtung, bei der eine gro\u00dfe Masse von Zellinhaltsstoffen frei in den Organismus entlassen wird.<\/p>\n<p>Besonders problematisch ist die gro\u00dfe Konzentration an Harns\u00e4ure, die durch die Metabolisierung der Purinbasen der DNA entsteht.<br \/>\nSobald die entstandene Menge nicht mehr vollst\u00e4ndig \u00fcber die Niere ausgeschieden werden kann, bilden sich Harns\u00e4urekristalle im Nierenparenchym, die einen Funktionsverlust der Niere bis zum Nierenversagen zur Folge haben k\u00f6nnen.<\/p>\n<p>Zudem steigen im Blutplasma der K<sup>+<\/sup>-Spiegel, der Calcium-Spiegel und das anorganische Phosphat. Die Lactatdehydrogenase (LDH) wird als Biomarker herangezogen.<br \/>\nDie Stoffwechselentgleisung kann schwerwiegende Folgen f\u00fcr den Organismus haben.<\/p>\n<p>Besonders schnell wachsende Tumore:<\/p>\n<ul>\n<li>Burkitt-Lymphom und andere Lymphome<\/li>\n<li>akute myeloische\/lymphatische Leuk\u00e4mie<\/li>\n<\/ul>\n<p><\/p>\n<hr>\n<p>Quellen: [104] [105]<br \/>\n<\/p>\n<p><a href=\"https:\/\/userblogs.fu-berlin.de\/pharmako-rausch\/start\/uebersicht\/arzneimittelgruppen\/zytostatika\/\">zur\u00fcck<\/a><\/p>\n","protected":false},"excerpt":{"rendered":"<p>Im Zuge einer Zytostatika-Behandlung kommt es (besonders bei schnell wachsenden, Zytostatika-empfindlichen Tumoren) zu einer massiven Zellvernichtung, bei der eine gro\u00dfe Masse von Zellinhaltsstoffen frei in den Organismus entlassen wird. Besonders problematisch ist die gro\u00dfe Konzentration an Harns\u00e4ure, die durch die Metabolisierung der Purinbasen der DNA entsteht. Sobald die entstandene Menge nicht mehr vollst\u00e4ndig \u00fcber die &hellip; <a href=\"https:\/\/userblogs.fu-berlin.de\/pharmako-rausch\/start\/uebersicht\/arzneimittelgruppen\/zytostatika\/tumorlysesyndrom\/\" class=\"more-link\"><span class=\"screen-reader-text\">\u201eTumorlysesyndrom\u201c<\/span> weiterlesen<\/a><\/p>\n","protected":false},"author":4406,"featured_media":0,"parent":147,"menu_order":0,"comment_status":"closed","ping_status":"closed","template":"","meta":{"footnotes":""},"class_list":["post-1792","page","type-page","status-publish","hentry"],"_links":{"self":[{"href":"https:\/\/userblogs.fu-berlin.de\/pharmako-rausch\/wp-json\/wp\/v2\/pages\/1792","targetHints":{"allow":["GET"]}}],"collection":[{"href":"https:\/\/userblogs.fu-berlin.de\/pharmako-rausch\/wp-json\/wp\/v2\/pages"}],"about":[{"href":"https:\/\/userblogs.fu-berlin.de\/pharmako-rausch\/wp-json\/wp\/v2\/types\/page"}],"author":[{"embeddable":true,"href":"https:\/\/userblogs.fu-berlin.de\/pharmako-rausch\/wp-json\/wp\/v2\/users\/4406"}],"replies":[{"embeddable":true,"href":"https:\/\/userblogs.fu-berlin.de\/pharmako-rausch\/wp-json\/wp\/v2\/comments?post=1792"}],"version-history":[{"count":7,"href":"https:\/\/userblogs.fu-berlin.de\/pharmako-rausch\/wp-json\/wp\/v2\/pages\/1792\/revisions"}],"predecessor-version":[{"id":3099,"href":"https:\/\/userblogs.fu-berlin.de\/pharmako-rausch\/wp-json\/wp\/v2\/pages\/1792\/revisions\/3099"}],"up":[{"embeddable":true,"href":"https:\/\/userblogs.fu-berlin.de\/pharmako-rausch\/wp-json\/wp\/v2\/pages\/147"}],"wp:attachment":[{"href":"https:\/\/userblogs.fu-berlin.de\/pharmako-rausch\/wp-json\/wp\/v2\/media?parent=1792"}],"curies":[{"name":"wp","href":"https:\/\/api.w.org\/{rel}","templated":true}]}}