{"id":1824,"date":"2019-09-06T14:39:22","date_gmt":"2019-09-06T12:39:22","guid":{"rendered":"https:\/\/userblogs.fu-berlin.de\/pharmako-rausch\/?page_id=1824"},"modified":"2020-04-29T13:55:33","modified_gmt":"2020-04-29T11:55:33","slug":"adenosindesaminase","status":"publish","type":"page","link":"https:\/\/userblogs.fu-berlin.de\/pharmako-rausch\/start\/uebersicht\/physiologie-pathophysiologie\/adenosindesaminase\/","title":{"rendered":"Adenosindesaminase"},"content":{"rendered":"<p>Die Adenosindesaminase (ADA) ist Katalysator bei der Umsetzung von Adenosin zu Inosin und somit wichtig<br \/>\nf\u00fcr die Wiederverwertung von Purinnukleotiden.<br \/>\nDie ADA hat besonders im lymphatischen Gewebe (am st\u00e4rksten in den T-Zellen) eine sehr hohe Aktivit\u00e4t.<\/p>\n<p>Ist die ADA gehemmt, reichert sich Desoxyadenosin an, das zu Desoxyadenosintriphosphat (dATP) umgesetzt wird. In hoher Konzentration hemmt dATP wiederum die <a href=\"https:\/\/userblogs.fu-berlin.de\/pharmako-rausch\/start\/uebersicht\/physiologie-pathophysiologie\/ribonukleotidreduktase\/\">Ribonukleotidreduktase<\/a> und somit auch die DNA-Synthese. <\/p>\n<hr>\n<p>Quellen: [1] [42] [58]<br \/>\n<\/p>\n<p><a href=\"https:\/\/userblogs.fu-berlin.de\/pharmako-rausch\/start\/uebersicht\/arzneimittelgruppen\/zytostatika\/purinanaloga\/\">zur\u00fcck<\/a><\/p>\n","protected":false},"excerpt":{"rendered":"<p>Die Adenosindesaminase (ADA) ist Katalysator bei der Umsetzung von Adenosin zu Inosin und somit wichtig f\u00fcr die Wiederverwertung von Purinnukleotiden. Die ADA hat besonders im lymphatischen Gewebe (am st\u00e4rksten in den T-Zellen) eine sehr hohe Aktivit\u00e4t. Ist die ADA gehemmt, reichert sich Desoxyadenosin an, das zu Desoxyadenosintriphosphat (dATP) umgesetzt wird. In hoher Konzentration hemmt dATP &hellip; <a href=\"https:\/\/userblogs.fu-berlin.de\/pharmako-rausch\/start\/uebersicht\/physiologie-pathophysiologie\/adenosindesaminase\/\" class=\"more-link\"><span class=\"screen-reader-text\">\u201eAdenosindesaminase\u201c<\/span> weiterlesen<\/a><\/p>\n","protected":false},"author":4406,"featured_media":0,"parent":299,"menu_order":0,"comment_status":"closed","ping_status":"closed","template":"","meta":{"footnotes":""},"class_list":["post-1824","page","type-page","status-publish","hentry"],"_links":{"self":[{"href":"https:\/\/userblogs.fu-berlin.de\/pharmako-rausch\/wp-json\/wp\/v2\/pages\/1824","targetHints":{"allow":["GET"]}}],"collection":[{"href":"https:\/\/userblogs.fu-berlin.de\/pharmako-rausch\/wp-json\/wp\/v2\/pages"}],"about":[{"href":"https:\/\/userblogs.fu-berlin.de\/pharmako-rausch\/wp-json\/wp\/v2\/types\/page"}],"author":[{"embeddable":true,"href":"https:\/\/userblogs.fu-berlin.de\/pharmako-rausch\/wp-json\/wp\/v2\/users\/4406"}],"replies":[{"embeddable":true,"href":"https:\/\/userblogs.fu-berlin.de\/pharmako-rausch\/wp-json\/wp\/v2\/comments?post=1824"}],"version-history":[{"count":7,"href":"https:\/\/userblogs.fu-berlin.de\/pharmako-rausch\/wp-json\/wp\/v2\/pages\/1824\/revisions"}],"predecessor-version":[{"id":2922,"href":"https:\/\/userblogs.fu-berlin.de\/pharmako-rausch\/wp-json\/wp\/v2\/pages\/1824\/revisions\/2922"}],"up":[{"embeddable":true,"href":"https:\/\/userblogs.fu-berlin.de\/pharmako-rausch\/wp-json\/wp\/v2\/pages\/299"}],"wp:attachment":[{"href":"https:\/\/userblogs.fu-berlin.de\/pharmako-rausch\/wp-json\/wp\/v2\/media?parent=1824"}],"curies":[{"name":"wp","href":"https:\/\/api.w.org\/{rel}","templated":true}]}}