{"id":219,"date":"2019-08-14T14:03:37","date_gmt":"2019-08-14T12:03:37","guid":{"rendered":"https:\/\/userblogs.fu-berlin.de\/pharmako-rausch\/?page_id=219"},"modified":"2020-04-23T18:10:34","modified_gmt":"2020-04-23T16:10:34","slug":"amsacrin","status":"publish","type":"page","link":"https:\/\/userblogs.fu-berlin.de\/pharmako-rausch\/start\/uebersicht\/arzneimittelgruppen\/zytostatika\/amsacrin\/","title":{"rendered":"Amsacrin"},"content":{"rendered":"<p><font color=\"#6A0888\"><\/p>\n<details>\n<summary>Allgemeines<\/summary>\n<p>Amsacrin geh\u00f6rt zu den antibiotisch wirksamen Zytostatika.<\/details>\n<p><\/font><\/p>\n<details>\n<summary>Pr\u00e4paratbeispiele<\/summary>\n<ul>\n<li>Amsidyl&reg;<\/li>\n<\/ul>\n<\/details>\n<details>\n<summary>Wirkort\/Zielstruktur<\/summary>\n<ul>\n<li>DNA und damit besonders stark proliferierendes Gewebe<br \/>\n(Tumore, Knochenmark, Schleimh\u00e4ute, Haarfollikel&#8230;)<\/li>\n<\/ul>\n<\/details>\n<details>\n<summary>Wirkmechanismus<\/summary>\n<ul>\n<li>Interkalation in die DNA<br \/>\n        + Hemmung der Topoisomerase II<br \/>\n        &rarr; Transkription &amp; Replikation werden behindert, Doppelstrangbr\u00fcche<br \/>\n        &rarr; Apoptose<\/li>\n<li>zellzyklusphasen-spezifisch<br \/>\n        &rarr; prolierierende Zellen st\u00e4rker adressiert als ruhende<\/li>\n<\/ul>\n<\/details>\n<details>\n<summary>Indikation<\/summary>\n<ul>\n<li>v.a. Leuk\u00e4mien<\/li>\n<\/ul>\n<\/details>\n<details>\n<summary>Unerw\u00fcnschte Arzneimittelwirkungen<\/summary>\n<ul>\n<li>Myelosuppression<\/li>\n<li>weniger kardiotoxisch als Anthracycline<\/li>\n<li>bei Paravasaten schwere Gewebsnekrosen<\/li>\n<\/ul>\n<\/details>\n<details>\n<summary>Kontraindikationen<\/summary>\n<ul>\n<li>Knochenmarksdepression<\/li>\n<li>Schwangerschaft, Stillzeit<\/li>\n<\/ul>\n<\/details>\n<details>\n<summary>Wechselwirkungen<\/summary>\n<ul>\n<li>Stoffe mit hoher Proteinbindung<br \/>\n        &rarr; Amsacrin-Konzentration &uarr; durch Verdr\u00e4ngung aus Albuminbindung<\/li>\n<li>keine NaCl-L\u00f6sung zur Verd\u00fcnnung,<br \/>\n        sonst F\u00e4llung von Amsacrin-HCl<\/li>\n<\/ul>\n<\/details>\n<\/li>\n<details>\n<summary>Pharmakokinetik<\/summary>\n<ul>\n<li>hohe Plasmaproteinbindung!<\/li>\n<li>v.a. in Leber metabolisiert (Glutathiontransferasen) und bili\u00e4r eliminiert<\/li>\n<\/ul>\n<\/details>\n<details>\n<summary>Applikation<\/summary>\n<ul>\n<li>i.v.<\/li>\n<\/ul>\n<\/details>\n<p><\/p>\n<details>\n<summary><font color=\"#9ac84e\">Take Home Message<\/summary>\n<ul>\n<li>fr\u00fcheres Antibiotikum, wirkt \u00fcber Interkalation<\/li>\n<li>weniger kardiotoxisch als Anthracycline<\/li>\n<li>jedoch CAVE: Gewebsnekrosen bei paravasaler Gabe<\/li>\n<li>hohe Plasmaproteinbindung<\/li>\n<\/ul>\n<p><\/font><\/details>\n<p><\/p>\n<hr>\n<p><a href=\"https:\/\/userblogs.fu-berlin.de\/pharmako-rausch\/quellenverzeichnis\/\">verwendete Quellen<\/a>: [1] [3] [26]<br \/>\n<\/p>\n<p><a href=\"https:\/\/userblogs.fu-berlin.de\/pharmako-rausch\/start\/uebersicht\/arzneimittelgruppen\/zytostatika\/\">zur\u00fcck<\/a><\/p>\n","protected":false},"excerpt":{"rendered":"<p>Allgemeines Amsacrin geh\u00f6rt zu den antibiotisch wirksamen Zytostatika. Pr\u00e4paratbeispiele Amsidyl&reg; Wirkort\/Zielstruktur DNA und damit besonders stark proliferierendes Gewebe (Tumore, Knochenmark, Schleimh\u00e4ute, Haarfollikel&#8230;) Wirkmechanismus Interkalation in die DNA + Hemmung der Topoisomerase II &rarr; Transkription &amp; Replikation werden behindert, Doppelstrangbr\u00fcche &rarr; Apoptose zellzyklusphasen-spezifisch &rarr; prolierierende Zellen st\u00e4rker adressiert als ruhende Indikation v.a. Leuk\u00e4mien Unerw\u00fcnschte Arzneimittelwirkungen Myelosuppression &hellip; <a href=\"https:\/\/userblogs.fu-berlin.de\/pharmako-rausch\/start\/uebersicht\/arzneimittelgruppen\/zytostatika\/amsacrin\/\" class=\"more-link\"><span class=\"screen-reader-text\">\u201eAmsacrin\u201c<\/span> weiterlesen<\/a><\/p>\n","protected":false},"author":4406,"featured_media":0,"parent":147,"menu_order":0,"comment_status":"closed","ping_status":"closed","template":"","meta":{"footnotes":""},"class_list":["post-219","page","type-page","status-publish","hentry"],"_links":{"self":[{"href":"https:\/\/userblogs.fu-berlin.de\/pharmako-rausch\/wp-json\/wp\/v2\/pages\/219","targetHints":{"allow":["GET"]}}],"collection":[{"href":"https:\/\/userblogs.fu-berlin.de\/pharmako-rausch\/wp-json\/wp\/v2\/pages"}],"about":[{"href":"https:\/\/userblogs.fu-berlin.de\/pharmako-rausch\/wp-json\/wp\/v2\/types\/page"}],"author":[{"embeddable":true,"href":"https:\/\/userblogs.fu-berlin.de\/pharmako-rausch\/wp-json\/wp\/v2\/users\/4406"}],"replies":[{"embeddable":true,"href":"https:\/\/userblogs.fu-berlin.de\/pharmako-rausch\/wp-json\/wp\/v2\/comments?post=219"}],"version-history":[{"count":15,"href":"https:\/\/userblogs.fu-berlin.de\/pharmako-rausch\/wp-json\/wp\/v2\/pages\/219\/revisions"}],"predecessor-version":[{"id":2860,"href":"https:\/\/userblogs.fu-berlin.de\/pharmako-rausch\/wp-json\/wp\/v2\/pages\/219\/revisions\/2860"}],"up":[{"embeddable":true,"href":"https:\/\/userblogs.fu-berlin.de\/pharmako-rausch\/wp-json\/wp\/v2\/pages\/147"}],"wp:attachment":[{"href":"https:\/\/userblogs.fu-berlin.de\/pharmako-rausch\/wp-json\/wp\/v2\/media?parent=219"}],"curies":[{"name":"wp","href":"https:\/\/api.w.org\/{rel}","templated":true}]}}