{"id":2235,"date":"2019-12-12T12:57:54","date_gmt":"2019-12-12T11:57:54","guid":{"rendered":"https:\/\/userblogs.fu-berlin.de\/pharmako-rausch\/?page_id=2235"},"modified":"2020-04-05T12:02:14","modified_gmt":"2020-04-05T10:02:14","slug":"hypnotika","status":"publish","type":"page","link":"https:\/\/userblogs.fu-berlin.de\/pharmako-rausch\/start\/uebersicht\/arzneimittelgruppen\/hypnotika\/","title":{"rendered":"Hypnotika (Schlafmittel)"},"content":{"rendered":"<details>\n<summary>Allgemeines<\/summary>\n<p>Die meisten Schlafmittel (Hypnotika) geh\u00f6ren heute der Gruppe der Benzodiazepine oder \u00e4hnlich wirkender Substanzen an. Die meisten fr\u00fcher verwendeten Schlafmittel, z.B. Barbiturate sind heute obsolet.<\/p>\n<details>\n<summary>typische Indikationen<\/summary>\n<ul>\n<li>Dyssomnien<\/li>\n<li>pharmakotherapeutisch besonders relevant: Insomnien<\/li>\n<\/ul>\n<\/li>\n<\/ul>\n<\/details>\n<details>\n<summary>typische UAWs<\/summary>\n<ul>\n<li>Schwindel<\/li>\n<li>Benommenheit<\/li>\n<li>Koordinationsst\u00f6rungen<\/li>\n<li>Ver\u00e4nderung des physiologischen Schlafprofils<\/li>\n<li>M\u00fcdigkeit dauert auch am n\u00e4chsten Morgen an (sog. hangover)<\/li>\n<li>CAVE: Suchtgefahr!<\/li>\n<\/ul>\n<\/li>\n<\/ul>\n<\/details>\n<details>\n<summary>allgemeine Hinweise<\/summary>\n<ul>\n<li>meist Nachlassen der Wirksamkeit nach einigen Wochen<\/li>\n<li>Wirkungen zentral d\u00e4mpfender Substanzen werden verst\u00e4rkt (Alkohol, Antihistaminika, Antihypertensiva)<\/li>\n<li>schwere Interaktionen auch mit Psychopharmaka m\u00f6glich<\/li>\n<\/ul>\n<\/li>\n<\/ul>\n<\/details>\n<\/details>\n<p><a href=\"https:\/\/userblogs.fu-berlin.de\/pharmako-rausch\/start\/uebersicht\/arzneimittelgruppen\/den-schlaf-beeinflussende-substanzen\/benzodiazepine\/\">Benzodiazepine<\/a><br \/>\n<a href=\"https:\/\/userblogs.fu-berlin.de\/pharmako-rausch\/start\/uebersicht\/arzneimittelgruppen\/hypnotika\/z-substanzen\/\">Z-Substanzen<\/a><br \/>\n<a href=\"https:\/\/userblogs.fu-berlin.de\/pharmako-rausch\/start\/uebersicht\/arzneimittelgruppen\/hypnotika\/h1-antihistaminika\/\">H<sub>1<\/sub>-Antihistaminika<\/a><\/p>\n<hr \/>\n<h4><a href=\"https:\/\/userblogs.fu-berlin.de\/pharmako-rausch\/start\/uebersicht\/arzneimittelgruppen\/hypnotika\/hypnotika-mc-quiz\/\">MC-Quiz<\/a><\/h4>\n<hr \/>\n<p><a href=\"https:\/\/userblogs.fu-berlin.de\/pharmako-rausch\/start\/uebersicht\/arzneimittelgruppen\/\">zur\u00fcck<\/a><\/p>\n","protected":false},"excerpt":{"rendered":"<p>Allgemeines Die meisten Schlafmittel (Hypnotika) geh\u00f6ren heute der Gruppe der Benzodiazepine oder \u00e4hnlich wirkender Substanzen an. Die meisten fr\u00fcher verwendeten Schlafmittel, z.B. Barbiturate sind heute obsolet. typische Indikationen Dyssomnien pharmakotherapeutisch besonders relevant: Insomnien typische UAWs Schwindel Benommenheit Koordinationsst\u00f6rungen Ver\u00e4nderung des physiologischen Schlafprofils M\u00fcdigkeit dauert auch am n\u00e4chsten Morgen an (sog. hangover) CAVE: Suchtgefahr! allgemeine Hinweise &hellip; <a href=\"https:\/\/userblogs.fu-berlin.de\/pharmako-rausch\/start\/uebersicht\/arzneimittelgruppen\/hypnotika\/\" class=\"more-link\"><span class=\"screen-reader-text\">\u201eHypnotika (Schlafmittel)\u201c<\/span> weiterlesen<\/a><\/p>\n","protected":false},"author":4472,"featured_media":0,"parent":12,"menu_order":0,"comment_status":"closed","ping_status":"closed","template":"","meta":{"footnotes":""},"class_list":["post-2235","page","type-page","status-publish","hentry"],"_links":{"self":[{"href":"https:\/\/userblogs.fu-berlin.de\/pharmako-rausch\/wp-json\/wp\/v2\/pages\/2235","targetHints":{"allow":["GET"]}}],"collection":[{"href":"https:\/\/userblogs.fu-berlin.de\/pharmako-rausch\/wp-json\/wp\/v2\/pages"}],"about":[{"href":"https:\/\/userblogs.fu-berlin.de\/pharmako-rausch\/wp-json\/wp\/v2\/types\/page"}],"author":[{"embeddable":true,"href":"https:\/\/userblogs.fu-berlin.de\/pharmako-rausch\/wp-json\/wp\/v2\/users\/4472"}],"replies":[{"embeddable":true,"href":"https:\/\/userblogs.fu-berlin.de\/pharmako-rausch\/wp-json\/wp\/v2\/comments?post=2235"}],"version-history":[{"count":25,"href":"https:\/\/userblogs.fu-berlin.de\/pharmako-rausch\/wp-json\/wp\/v2\/pages\/2235\/revisions"}],"predecessor-version":[{"id":2823,"href":"https:\/\/userblogs.fu-berlin.de\/pharmako-rausch\/wp-json\/wp\/v2\/pages\/2235\/revisions\/2823"}],"up":[{"embeddable":true,"href":"https:\/\/userblogs.fu-berlin.de\/pharmako-rausch\/wp-json\/wp\/v2\/pages\/12"}],"wp:attachment":[{"href":"https:\/\/userblogs.fu-berlin.de\/pharmako-rausch\/wp-json\/wp\/v2\/media?parent=2235"}],"curies":[{"name":"wp","href":"https:\/\/api.w.org\/{rel}","templated":true}]}}