{"id":2382,"date":"2020-01-28T12:37:54","date_gmt":"2020-01-28T11:37:54","guid":{"rendered":"https:\/\/userblogs.fu-berlin.de\/pharmako-rausch\/?page_id=2382"},"modified":"2020-03-19T19:02:25","modified_gmt":"2020-03-19T18:02:25","slug":"uebelkeit-und-erbrechen-in-der-ss","status":"publish","type":"page","link":"https:\/\/userblogs.fu-berlin.de\/pharmako-rausch\/start\/uebersicht\/arzneimittelgruppen\/arzneimittel-in-der-schwangerschaft\/uebelkeit-und-erbrechen-in-der-ss\/","title":{"rendered":"\u00dcbelkeit und Erbrechen in der SS"},"content":{"rendered":"<details>\n<summary>Allgemeines<\/summary>\n<p>\u00dcbelkeit und Erbrechen treten bei der H\u00e4lfte der Schwangeren auf, vor allem zu Beginn der Schwangerschaft. Alternative Therapiem\u00f6glichkeiten mit Ingwer, Vitamin B6 und Einhalten bestimmter Ern\u00e4hrungsweisen sind zu bevorzugen. Eine medikament\u00f6se Behandlung erfolgt vor allem mit H<sub>1<\/sub>-Antihistaminika.<\/p>\n<\/details>\n<details>\n<summary>Medikamente<\/summary>\n<ul>\n<li>Doxylamin\n<ul>\n<li>H<sub>1<\/sub>-Antihistaminikum<\/li>\n<li>Cave Pkw: wirkt sedierend<\/li>\n<li>h\u00e4ufig in Kombination mit Vitamin B6<\/li>\n<\/ul>\n<\/li>\n<li>Dimenhydrinat\n<ul>\n<li>H<sub>1<\/sub>-Antihistaminikum<\/li>\n<li>Cave Pkw: sedierend<\/li>\n<li>nicht bei vorzeitiger Wehent\u00e4tigkeit<\/li>\n<\/ul>\n<\/li>\n<li>nur bei sehr schwerwiegenden Symptomen Metoclopramid und Ondansetron (nur bei Versagen der zuvor genannten Alternativen)<\/li>\n<\/ul>\n<\/li>\n<\/ul>\n<\/details>\n<p>siehe <a href=\"https:\/\/www.embryotox.de\/erkrankungen\/details\/hyperemesis-gravidarumemesis-gravidarum\/\">https:\/\/www.embryotox.de\/erkrankungen\/details\/hyperemesis-gravidarumemesis-gravidarum\/<\/a><\/p>\n<p><a href=\"https:\/\/userblogs.fu-berlin.de\/pharmako-rausch\/start\/uebersicht\/arzneimittelgruppen\/arzneimittel-in-der-schwangerschaft\/\">zur\u00fcck<\/a><\/p>\n","protected":false},"excerpt":{"rendered":"<p>Allgemeines \u00dcbelkeit und Erbrechen treten bei der H\u00e4lfte der Schwangeren auf, vor allem zu Beginn der Schwangerschaft. Alternative Therapiem\u00f6glichkeiten mit Ingwer, Vitamin B6 und Einhalten bestimmter Ern\u00e4hrungsweisen sind zu bevorzugen. Eine medikament\u00f6se Behandlung erfolgt vor allem mit H1-Antihistaminika. Medikamente Doxylamin H1-Antihistaminikum Cave Pkw: wirkt sedierend h\u00e4ufig in Kombination mit Vitamin B6 Dimenhydrinat H1-Antihistaminikum Cave Pkw: &hellip; <a href=\"https:\/\/userblogs.fu-berlin.de\/pharmako-rausch\/start\/uebersicht\/arzneimittelgruppen\/arzneimittel-in-der-schwangerschaft\/uebelkeit-und-erbrechen-in-der-ss\/\" class=\"more-link\"><span class=\"screen-reader-text\">\u201e\u00dcbelkeit und Erbrechen in der SS\u201c<\/span> weiterlesen<\/a><\/p>\n","protected":false},"author":4472,"featured_media":0,"parent":2244,"menu_order":0,"comment_status":"closed","ping_status":"closed","template":"","meta":{"footnotes":""},"class_list":["post-2382","page","type-page","status-publish","hentry"],"_links":{"self":[{"href":"https:\/\/userblogs.fu-berlin.de\/pharmako-rausch\/wp-json\/wp\/v2\/pages\/2382","targetHints":{"allow":["GET"]}}],"collection":[{"href":"https:\/\/userblogs.fu-berlin.de\/pharmako-rausch\/wp-json\/wp\/v2\/pages"}],"about":[{"href":"https:\/\/userblogs.fu-berlin.de\/pharmako-rausch\/wp-json\/wp\/v2\/types\/page"}],"author":[{"embeddable":true,"href":"https:\/\/userblogs.fu-berlin.de\/pharmako-rausch\/wp-json\/wp\/v2\/users\/4472"}],"replies":[{"embeddable":true,"href":"https:\/\/userblogs.fu-berlin.de\/pharmako-rausch\/wp-json\/wp\/v2\/comments?post=2382"}],"version-history":[{"count":7,"href":"https:\/\/userblogs.fu-berlin.de\/pharmako-rausch\/wp-json\/wp\/v2\/pages\/2382\/revisions"}],"predecessor-version":[{"id":2461,"href":"https:\/\/userblogs.fu-berlin.de\/pharmako-rausch\/wp-json\/wp\/v2\/pages\/2382\/revisions\/2461"}],"up":[{"embeddable":true,"href":"https:\/\/userblogs.fu-berlin.de\/pharmako-rausch\/wp-json\/wp\/v2\/pages\/2244"}],"wp:attachment":[{"href":"https:\/\/userblogs.fu-berlin.de\/pharmako-rausch\/wp-json\/wp\/v2\/media?parent=2382"}],"curies":[{"name":"wp","href":"https:\/\/api.w.org\/{rel}","templated":true}]}}