{"id":2396,"date":"2020-01-30T13:41:54","date_gmt":"2020-01-30T12:41:54","guid":{"rendered":"https:\/\/userblogs.fu-berlin.de\/pharmako-rausch\/?page_id=2396"},"modified":"2020-03-19T19:13:17","modified_gmt":"2020-03-19T18:13:17","slug":"diabetes-mellitus-in-der-ss","status":"publish","type":"page","link":"https:\/\/userblogs.fu-berlin.de\/pharmako-rausch\/start\/uebersicht\/arzneimittelgruppen\/arzneimittel-in-der-schwangerschaft\/diabetes-mellitus-in-der-ss\/","title":{"rendered":"Diabetes mellitus in der SS"},"content":{"rendered":"<details>\n<summary>Allgemeines<\/summary>\n<p>Das Risiko f\u00fcr Spontanaborte und Fehlbildungen beim Kind ist bei Schwangeren mit Diabetes erh\u00f6ht (abh\u00e4ngig von der Stoffwechseleinstellung). Eine enge \u00dcberwachung des HbA1c-Wertes und der Entwicklung des Kindes ist sinnvoll.<\/p>\n<\/details>\n<details>\n<summary>Typ-1- und Typ-2-Diabetiker<\/summary>\n<ul>\n<li style=\"list-style-type: none\">\n<ul>\n<li>optimale medikament\u00f6se Therapie mit Humaninsulin<\/li>\n<li>Insulinbedarf ver\u00e4ndert sich w\u00e4hrend der Schwangerschaft<\/li>\n<li>bereits bei Kinderwunsch eine gute Stoffwechseleinstellung sinnvoll<\/li>\n<\/ul>\n<\/li>\n<\/ul>\n<\/details>\n<details>\n<summary>Gestationsdiabetes<\/summary>\n<ul>\n<li style=\"list-style-type: none\">\n<ul>\n<li>betrifft bis zu 10% der Schwangeren<\/li>\n<li>bevorzugte Behandlung zun\u00e4chst mit bestimmter Di\u00e4t und Sport<\/li>\n<li>nur wenn Alternativtherapie nicht ausreicht: Humaninsulin Mittel der Wahl<\/li>\n<\/ul>\n<\/li>\n<\/ul>\n<\/details>\n<p>siehe <a href=\"https:\/\/www.embryotox.de\/erkrankungen\/details\/diabetes-mellitus\/\">https:\/\/www.embryotox.de\/erkrankungen\/details\/diabetes-mellitus\/<\/a><\/p>\n<p><a href=\"https:\/\/userblogs.fu-berlin.de\/pharmako-rausch\/start\/uebersicht\/arzneimittelgruppen\/arzneimittel-in-der-schwangerschaft\/\">zur\u00fcck<\/a><\/p>\n","protected":false},"excerpt":{"rendered":"<p>Allgemeines Das Risiko f\u00fcr Spontanaborte und Fehlbildungen beim Kind ist bei Schwangeren mit Diabetes erh\u00f6ht (abh\u00e4ngig von der Stoffwechseleinstellung). Eine enge \u00dcberwachung des HbA1c-Wertes und der Entwicklung des Kindes ist sinnvoll. Typ-1- und Typ-2-Diabetiker optimale medikament\u00f6se Therapie mit Humaninsulin Insulinbedarf ver\u00e4ndert sich w\u00e4hrend der Schwangerschaft bereits bei Kinderwunsch eine gute Stoffwechseleinstellung sinnvoll Gestationsdiabetes betrifft bis &hellip; <a href=\"https:\/\/userblogs.fu-berlin.de\/pharmako-rausch\/start\/uebersicht\/arzneimittelgruppen\/arzneimittel-in-der-schwangerschaft\/diabetes-mellitus-in-der-ss\/\" class=\"more-link\"><span class=\"screen-reader-text\">\u201eDiabetes mellitus in der SS\u201c<\/span> weiterlesen<\/a><\/p>\n","protected":false},"author":4472,"featured_media":0,"parent":2244,"menu_order":0,"comment_status":"closed","ping_status":"closed","template":"","meta":{"footnotes":""},"class_list":["post-2396","page","type-page","status-publish","hentry"],"_links":{"self":[{"href":"https:\/\/userblogs.fu-berlin.de\/pharmako-rausch\/wp-json\/wp\/v2\/pages\/2396","targetHints":{"allow":["GET"]}}],"collection":[{"href":"https:\/\/userblogs.fu-berlin.de\/pharmako-rausch\/wp-json\/wp\/v2\/pages"}],"about":[{"href":"https:\/\/userblogs.fu-berlin.de\/pharmako-rausch\/wp-json\/wp\/v2\/types\/page"}],"author":[{"embeddable":true,"href":"https:\/\/userblogs.fu-berlin.de\/pharmako-rausch\/wp-json\/wp\/v2\/users\/4472"}],"replies":[{"embeddable":true,"href":"https:\/\/userblogs.fu-berlin.de\/pharmako-rausch\/wp-json\/wp\/v2\/comments?post=2396"}],"version-history":[{"count":8,"href":"https:\/\/userblogs.fu-berlin.de\/pharmako-rausch\/wp-json\/wp\/v2\/pages\/2396\/revisions"}],"predecessor-version":[{"id":2671,"href":"https:\/\/userblogs.fu-berlin.de\/pharmako-rausch\/wp-json\/wp\/v2\/pages\/2396\/revisions\/2671"}],"up":[{"embeddable":true,"href":"https:\/\/userblogs.fu-berlin.de\/pharmako-rausch\/wp-json\/wp\/v2\/pages\/2244"}],"wp:attachment":[{"href":"https:\/\/userblogs.fu-berlin.de\/pharmako-rausch\/wp-json\/wp\/v2\/media?parent=2396"}],"curies":[{"name":"wp","href":"https:\/\/api.w.org\/{rel}","templated":true}]}}